{"id":84604,"date":"2025-07-07T14:05:49","date_gmt":"2025-07-07T14:05:49","guid":{"rendered":"https:\/\/dessinemoiunsoulier.com\/?page_id=84604"},"modified":"2025-07-22T11:42:03","modified_gmt":"2025-07-22T11:42:03","slug":"bow-ties","status":"publish","type":"page","link":"https:\/\/dessinemoiunsoulier.com\/en\/nos-guides-pour-la-personnalisation\/guide-des-modeles\/noeuds-papillons\/","title":{"rendered":"Bow ties"},"content":{"rendered":"<div class=\"wpb-content-wrapper\"><div class=\"vc_row wpb_row vc_row-fluid dt-default\" style=\"margin-top: 0px;margin-bottom: 0px\"><div class=\"wpb_column vc_column_container vc_col-sm-12\"><div class=\"vc_column-inner\"><div class=\"wpb_wrapper\"><div id=\"ultimate-heading-799769dab09605ac3\" class=\"uvc-heading ult-adjust-bottom-margin ultimate-heading-799769dab09605ac3 uvc-4306  uvc-heading-default-font-sizes\" data-hspacer=\"no_spacer\"  data-halign=\"center\" style=\"text-align:center\"><div class=\"uvc-heading-spacer no_spacer\" style=\"top\"><\/div><div class=\"uvc-main-heading ult-responsive\"  data-ultimate-target='.uvc-heading.ultimate-heading-799769dab09605ac3 h2'  data-responsive-json-new='{\"font-size\":\"\",\"line-height\":\"\"}' ><h2 style=\"--font-weight:theme;\">Create your own personalized bow ties<\/h2><\/div><\/div><div class=\"vc_empty_space\"   style=\"height: 32px\"><span class=\"vc_empty_space_inner\"><\/span><\/div>\n\t<div class=\"wpb_text_column wpb_content_element\" >\n\t\t<div class=\"wpb_wrapper\">\n\t\t\t<h2 class=\"text-align-center &gt; Les pochettes personnalis\u00e9es &lt;\/h2&gt; &lt;p class=\" style=\"text-align: center;\">Create your own bow ties<\/h2>\n<p style=\"text-align: center;\" data-start=\"1758\" data-end=\"2056\">Create a <strong data-start=\"1767\" data-end=\"1808\">personalized bow tie for men<\/strong> : material, shape, color, finish...<\/p>\n<p style=\"text-align: center;\" data-start=\"1758\" data-end=\"2056\">A unique, elegant accessory to match your lady's shoes!<\/p>\n<p style=\"text-align: center;\" data-start=\"1758\" data-end=\"2056\">Ideal for weddings, ceremonies or personalized gifts.<\/p>\n\n\t\t<\/div>\n\t<\/div>\n<\/div><\/div><\/div><\/div><div class=\"vc_row wpb_row vc_row-fluid dt-default\" style=\"margin-top: 0px;margin-bottom: 0px\"><div class=\"wpb_column vc_column_container vc_col-sm-12\"><div class=\"vc_column-inner\"><div class=\"wpb_wrapper\"><div class=\"vc_empty_space\"   style=\"height: 32px\"><span class=\"vc_empty_space_inner\"><\/span><\/div>\n\t<div  class=\"wpb_single_image wpb_content_element vc_align_center\">\n\t\t\n\t\t<figure class=\"wpb_wrapper vc_figure\">\n\t\t\t<div class=\"vc_single_image-wrapper   vc_box_border_grey\"><img loading=\"lazy\" decoding=\"async\" width=\"1024\" height=\"683\" src=\"https:\/\/dessinemoiunsoulier.com\/wp-content\/uploads\/2025\/07\/DMUS_oct_24-048-1024x683.jpg\" class=\"vc_single_image-img attachment-large\" alt=\"Personalized bow tie\" title=\"Personalized bow tie\" srcset=\"https:\/\/dessinemoiunsoulier.com\/wp-content\/uploads\/2025\/07\/DMUS_oct_24-048-1024x683.jpg 1024w, https:\/\/dessinemoiunsoulier.com\/wp-content\/uploads\/2025\/07\/DMUS_oct_24-048-819x546.jpg 819w, https:\/\/dessinemoiunsoulier.com\/wp-content\/uploads\/2025\/07\/DMUS_oct_24-048-300x200.jpg 300w, https:\/\/dessinemoiunsoulier.com\/wp-content\/uploads\/2025\/07\/DMUS_oct_24-048-768x512.jpg 768w, https:\/\/dessinemoiunsoulier.com\/wp-content\/uploads\/2025\/07\/DMUS_oct_24-048-1536x1024.jpg 1536w, https:\/\/dessinemoiunsoulier.com\/wp-content\/uploads\/2025\/07\/DMUS_oct_24-048.jpg 2048w\" sizes=\"auto, (max-width: 1024px) 100vw, 1024px\"  data-dt-location=\"https:\/\/dessinemoiunsoulier.com\/en\/nos-guides-pour-la-personnalisation\/guide-des-modeles\/noeuds-papillons\/dmus_oct_24-048\/\" \/><\/div>\n\t\t<\/figure>\n\t<\/div>\n<div class=\"vc_empty_space\"   style=\"height: 32px\"><span class=\"vc_empty_space_inner\"><\/span><\/div>\n\t<div class=\"wpb_text_column wpb_content_element\" >\n\t\t<div class=\"wpb_wrapper\">\n\t\t\t<p style=\"text-align: center;\" data-start=\"312\" data-end=\"649\">Elegant, original and meaningful, the <strong data-start=\"353\" data-end=\"389\">personalized men's bow tie<\/strong> is the perfect accessory to finish off your ceremony outfit, while matching the theme, Mrs.'s shoes, or her witnesses.<\/p>\n<p style=\"text-align: center;\" data-start=\"312\" data-end=\"649\"><br data-start=\"518\" data-end=\"521\" \/>At <em data-start=\"526\" data-end=\"550\">Dessine-moi un soulier<\/em>each bow tie is <strong data-start=\"577\" data-end=\"603\">made to order<\/strong> and customizable down to the last detail.<\/p>\n<p style=\"text-align: center;\" data-start=\"651\" data-end=\"998\">Choose the material (leather, velvet, sequins, etc.), the main color, and it will be made in the same leathers as our shoes and leather goods accessories!<\/p>\n<p style=\"text-align: center;\" data-start=\"651\" data-end=\"998\"><br data-start=\"869\" data-end=\"872\" \/>You can create a <strong data-start=\"893\" data-end=\"947\">unique model to match your personalized shoes<\/strong>You can add it to a belt or an accessory for your outfit.<\/p>\n<p style=\"text-align: center;\" data-start=\"1000\" data-end=\"1336\">The personalized bow tie is an ideal choice for <strong data-start=\"1058\" data-end=\"1068\">married<\/strong>, <strong data-start=\"1070\" data-end=\"1081\">witnesses<\/strong>, <strong data-start=\"1083\" data-end=\"1103\">elegant guests<\/strong> or anyone who wants a made-to-measure piece, designed for a special occasion or to enhance a suit.<\/p>\n<p style=\"text-align: center;\" data-start=\"1000\" data-end=\"1336\">It adds a touch of character without extravagance, while being part of a responsible, artisanal approach.<\/p>\n<p style=\"text-align: center;\" data-start=\"1338\" data-end=\"1467\">Manufactured <strong data-start=\"1347\" data-end=\"1388\">handmade in our workshops in Portugal<\/strong>It combines quality materials, meticulous finishing and a comfortable fit.<\/p>\n<p style=\"text-align: center;\" data-start=\"1469\" data-end=\"1709\">Add a <strong data-start=\"1481\" data-end=\"1503\">discreet signature<\/strong> or offer a symbolic and lasting gift to a man who matters.<\/p>\n<p style=\"text-align: center;\" data-start=\"1469\" data-end=\"1709\"><strong data-start=\"1584\" data-end=\"1618\">Create your own bow tie<\/strong>means choosing to embody elegance with personality - right down to the smallest detail.<\/p>\n\n\t\t<\/div>\n\t<\/div>\n<div class=\"vc_empty_space\"   style=\"height: 32px\"><span class=\"vc_empty_space_inner\"><\/span><\/div><style type=\"text\/css\" data-type=\"the7_shortcodes-inline-css\">#default-btn-3e6d5e68f3af2910349a040a9a0178d9.ico-right-side > i {\n  margin-right: 0px;\n  margin-left: 8px;\n}\n#default-btn-3e6d5e68f3af2910349a040a9a0178d9 > i {\n  margin-right: 8px;\n}<\/style><div class=\"btn-align-center\"><a href=\"https:\/\/dessinemoiunsoulier.com\/en\/e-shop\/personalized-bow-tie\/\" class=\"default-btn-shortcode dt-btn dt-btn-m link-hover-off\" id=\"default-btn-3e6d5e68f3af2910349a040a9a0178d9\" title=\"Bow tie - Personnaliser\"><span>I design my bow tie<\/span><\/a><\/div><\/div><\/div><\/div><\/div><div class=\"vc_row wpb_row vc_row-fluid dt-default\" style=\"margin-top: 0px;margin-bottom: 0px\"><div class=\"wpb_column vc_column_container vc_col-sm-12\"><div class=\"vc_column-inner\"><div class=\"wpb_wrapper\"><div class=\"vc_empty_space\"   style=\"height: 32px\"><span class=\"vc_empty_space_inner\"><\/span><\/div><\/div><\/div><\/div><\/div>\n<\/div>","protected":false},"excerpt":{"rendered":"<p>Cr\u00e9ez vos noeuds papillons personnalis\u00e9s Cr\u00e9ez vos noeud pap&rsquo; Cr\u00e9ez un n\u0153ud papillon personnalis\u00e9 pour homme : mati\u00e8re, forme, couleur, finition\u2026 Un accessoire unique et \u00e9l\u00e9gant, \u00e0 assortir aux souliers de madame ! Id\u00e9al pour un mariage, une c\u00e9r\u00e9monie ou un cadeau personnalis\u00e9. \u00c9l\u00e9gant, original et porteur de sens, le n\u0153ud papillon homme personnalis\u00e9 est&hellip;<\/p>","protected":false},"author":2,"featured_media":0,"parent":61254,"menu_order":0,"comment_status":"open","ping_status":"closed","template":"","meta":{"inline_featured_image":false,"footnotes":""},"class_list":["post-84604","page","type-page","status-publish","hentry","description-off"],"yoast_head":"<!-- This site is optimized with the Yoast SEO Premium plugin v22.1 (Yoast SEO v27.2) - https:\/\/yoast.com\/product\/yoast-seo-premium-wordpress\/ -->\n<title>Les noeuds papillons | Dessine-moi un soulier<\/title>\n<meta name=\"description\" content=\"N\u0153ud papillon homme personnalis\u00e9 : cr\u00e9ez un accessoire \u00e9l\u00e9gant et unique, \u00e0 assortir \u00e0 vos souliers. Fabrication artisanale, sur commande.\" \/>\n<meta name=\"robots\" content=\"index, follow, max-snippet:-1, max-image-preview:large, max-video-preview:-1\" \/>\n<link rel=\"canonical\" href=\"https:\/\/dessinemoiunsoulier.com\/en\/our-guides-to-customization\/model-guide\/bow-ties\/\" \/>\n<meta property=\"og:locale\" content=\"en_US\" \/>\n<meta property=\"og:type\" content=\"article\" \/>\n<meta property=\"og:title\" content=\"Les noeuds papillons\" \/>\n<meta property=\"og:description\" content=\"N\u0153ud papillon homme personnalis\u00e9 : cr\u00e9ez un accessoire \u00e9l\u00e9gant et unique, \u00e0 assortir \u00e0 vos souliers. Fabrication artisanale, sur commande.\" \/>\n<meta property=\"og:url\" content=\"https:\/\/dessinemoiunsoulier.com\/en\/our-guides-to-customization\/model-guide\/bow-ties\/\" \/>\n<meta property=\"og:site_name\" content=\"Dessine-moi un soulier\" \/>\n<meta property=\"article:publisher\" content=\"https:\/\/www.facebook.com\/dessinemoiunsoulier\/\" \/>\n<meta property=\"article:modified_time\" content=\"2025-07-22T11:42:03+00:00\" \/>\n<meta name=\"twitter:card\" content=\"summary_large_image\" \/>\n<meta name=\"twitter:label1\" content=\"Est. reading time\" \/>\n\t<meta name=\"twitter:data1\" content=\"2 minutes\" \/>\n<script type=\"application\/ld+json\" class=\"yoast-schema-graph\">{\"@context\":\"https:\/\/schema.org\",\"@graph\":[{\"@type\":\"WebPage\",\"@id\":\"https:\/\/dessinemoiunsoulier.com\/nos-guides-pour-la-personnalisation\/guide-des-modeles\/noeuds-papillons\/\",\"url\":\"https:\/\/dessinemoiunsoulier.com\/nos-guides-pour-la-personnalisation\/guide-des-modeles\/noeuds-papillons\/\",\"name\":\"Les noeuds papillons | Dessine-moi un soulier\",\"isPartOf\":{\"@id\":\"https:\/\/dessinemoiunsoulier.com\/#website\"},\"datePublished\":\"2025-07-07T14:05:49+00:00\",\"dateModified\":\"2025-07-22T11:42:03+00:00\",\"description\":\"N\u0153ud papillon homme personnalis\u00e9 : cr\u00e9ez un accessoire \u00e9l\u00e9gant et unique, \u00e0 assortir \u00e0 vos souliers. Fabrication artisanale, sur commande.\",\"breadcrumb\":{\"@id\":\"https:\/\/dessinemoiunsoulier.com\/nos-guides-pour-la-personnalisation\/guide-des-modeles\/noeuds-papillons\/#breadcrumb\"},\"inLanguage\":\"en-US\",\"potentialAction\":[{\"@type\":\"ReadAction\",\"target\":[\"https:\/\/dessinemoiunsoulier.com\/nos-guides-pour-la-personnalisation\/guide-des-modeles\/noeuds-papillons\/\"]}]},{\"@type\":\"BreadcrumbList\",\"@id\":\"https:\/\/dessinemoiunsoulier.com\/nos-guides-pour-la-personnalisation\/guide-des-modeles\/noeuds-papillons\/#breadcrumb\",\"itemListElement\":[{\"@type\":\"ListItem\",\"position\":1,\"name\":\"Accueil\",\"item\":\"https:\/\/dessinemoiunsoulier.com\/\"},{\"@type\":\"ListItem\",\"position\":2,\"name\":\"Nos guides pour la personnalisation\",\"item\":\"https:\/\/dessinemoiunsoulier.com\/nos-guides-pour-la-personnalisation\/\"},{\"@type\":\"ListItem\",\"position\":3,\"name\":\"Guide des mod\u00e8les\",\"item\":\"https:\/\/dessinemoiunsoulier.com\/nos-guides-pour-la-personnalisation\/guide-des-modeles\/\"},{\"@type\":\"ListItem\",\"position\":4,\"name\":\"Les noeuds papillons\"}]},{\"@type\":\"WebSite\",\"@id\":\"https:\/\/dessinemoiunsoulier.com\/#website\",\"url\":\"https:\/\/dessinemoiunsoulier.com\/\",\"name\":\"Dessine-moi un soulier\",\"description\":\"Dessine-moi un soulier : chaussures personnalis\u00e9es\",\"publisher\":{\"@id\":\"https:\/\/dessinemoiunsoulier.com\/#organization\"},\"potentialAction\":[{\"@type\":\"SearchAction\",\"target\":{\"@type\":\"EntryPoint\",\"urlTemplate\":\"https:\/\/dessinemoiunsoulier.com\/?s={search_term_string}\"},\"query-input\":{\"@type\":\"PropertyValueSpecification\",\"valueRequired\":true,\"valueName\":\"search_term_string\"}}],\"inLanguage\":\"en-US\"},{\"@type\":\"Organization\",\"@id\":\"https:\/\/dessinemoiunsoulier.com\/#organization\",\"name\":\"Dessine-moi un soulier\",\"url\":\"https:\/\/dessinemoiunsoulier.com\/\",\"logo\":{\"@type\":\"ImageObject\",\"inLanguage\":\"en-US\",\"@id\":\"https:\/\/dessinemoiunsoulier.com\/#\/schema\/logo\/image\/\",\"url\":\"https:\/\/dessinemoiunsoulier.com\/wp-content\/uploads\/2025\/07\/Logo-Dessine-moi-un-soulier-GROS-CADRE.png\",\"contentUrl\":\"https:\/\/dessinemoiunsoulier.com\/wp-content\/uploads\/2025\/07\/Logo-Dessine-moi-un-soulier-GROS-CADRE.png\",\"width\":709,\"height\":142,\"caption\":\"Dessine-moi un soulier\"},\"image\":{\"@id\":\"https:\/\/dessinemoiunsoulier.com\/#\/schema\/logo\/image\/\"},\"sameAs\":[\"https:\/\/www.facebook.com\/dessinemoiunsoulier\/\",\"https:\/\/www.instagram.com\/dessinemoiunsoulier\/\",\"https:\/\/fr.pinterest.com\/dessinemoiunsoulier\/\"]}]}<\/script>\n<!-- \/ Yoast SEO Premium plugin. -->","yoast_head_json":{"title":"Bow ties | Draw me a shoe","description":"Personalized men's bow tie: create an elegant and unique accessory to match your shoes. Handcrafted to order.","robots":{"index":"index","follow":"follow","max-snippet":"max-snippet:-1","max-image-preview":"max-image-preview:large","max-video-preview":"max-video-preview:-1"},"canonical":"https:\/\/dessinemoiunsoulier.com\/en\/our-guides-to-customization\/model-guide\/bow-ties\/","og_locale":"en_US","og_type":"article","og_title":"Les noeuds papillons","og_description":"N\u0153ud papillon homme personnalis\u00e9 : cr\u00e9ez un accessoire \u00e9l\u00e9gant et unique, \u00e0 assortir \u00e0 vos souliers. Fabrication artisanale, sur commande.","og_url":"https:\/\/dessinemoiunsoulier.com\/en\/our-guides-to-customization\/model-guide\/bow-ties\/","og_site_name":"Dessine-moi un soulier","article_publisher":"https:\/\/www.facebook.com\/dessinemoiunsoulier\/","article_modified_time":"2025-07-22T11:42:03+00:00","twitter_card":"summary_large_image","twitter_misc":{"Est. reading time":"2 minutes"},"schema":{"@context":"https:\/\/schema.org","@graph":[{"@type":"WebPage","@id":"https:\/\/dessinemoiunsoulier.com\/nos-guides-pour-la-personnalisation\/guide-des-modeles\/noeuds-papillons\/","url":"https:\/\/dessinemoiunsoulier.com\/nos-guides-pour-la-personnalisation\/guide-des-modeles\/noeuds-papillons\/","name":"Bow ties | Draw me a shoe","isPartOf":{"@id":"https:\/\/dessinemoiunsoulier.com\/#website"},"datePublished":"2025-07-07T14:05:49+00:00","dateModified":"2025-07-22T11:42:03+00:00","description":"Personalized men's bow tie: create an elegant and unique accessory to match your shoes. Handcrafted to order.","breadcrumb":{"@id":"https:\/\/dessinemoiunsoulier.com\/nos-guides-pour-la-personnalisation\/guide-des-modeles\/noeuds-papillons\/#breadcrumb"},"inLanguage":"en-US","potentialAction":[{"@type":"ReadAction","target":["https:\/\/dessinemoiunsoulier.com\/nos-guides-pour-la-personnalisation\/guide-des-modeles\/noeuds-papillons\/"]}]},{"@type":"BreadcrumbList","@id":"https:\/\/dessinemoiunsoulier.com\/nos-guides-pour-la-personnalisation\/guide-des-modeles\/noeuds-papillons\/#breadcrumb","itemListElement":[{"@type":"ListItem","position":1,"name":"Accueil","item":"https:\/\/dessinemoiunsoulier.com\/"},{"@type":"ListItem","position":2,"name":"Nos guides pour la personnalisation","item":"https:\/\/dessinemoiunsoulier.com\/nos-guides-pour-la-personnalisation\/"},{"@type":"ListItem","position":3,"name":"Guide des mod\u00e8les","item":"https:\/\/dessinemoiunsoulier.com\/nos-guides-pour-la-personnalisation\/guide-des-modeles\/"},{"@type":"ListItem","position":4,"name":"Les noeuds papillons"}]},{"@type":"WebSite","@id":"https:\/\/dessinemoiunsoulier.com\/#website","url":"https:\/\/dessinemoiunsoulier.com\/","name":"Dessine-moi un soulier","description":"Draw me a shoe: personalized shoes","publisher":{"@id":"https:\/\/dessinemoiunsoulier.com\/#organization"},"potentialAction":[{"@type":"SearchAction","target":{"@type":"EntryPoint","urlTemplate":"https:\/\/dessinemoiunsoulier.com\/?s={search_term_string}"},"query-input":{"@type":"PropertyValueSpecification","valueRequired":true,"valueName":"search_term_string"}}],"inLanguage":"en-US"},{"@type":"Organization","@id":"https:\/\/dessinemoiunsoulier.com\/#organization","name":"Dessine-moi un soulier","url":"https:\/\/dessinemoiunsoulier.com\/","logo":{"@type":"ImageObject","inLanguage":"en-US","@id":"https:\/\/dessinemoiunsoulier.com\/#\/schema\/logo\/image\/","url":"https:\/\/dessinemoiunsoulier.com\/wp-content\/uploads\/2025\/07\/Logo-Dessine-moi-un-soulier-GROS-CADRE.png","contentUrl":"https:\/\/dessinemoiunsoulier.com\/wp-content\/uploads\/2025\/07\/Logo-Dessine-moi-un-soulier-GROS-CADRE.png","width":709,"height":142,"caption":"Dessine-moi un soulier"},"image":{"@id":"https:\/\/dessinemoiunsoulier.com\/#\/schema\/logo\/image\/"},"sameAs":["https:\/\/www.facebook.com\/dessinemoiunsoulier\/","https:\/\/www.instagram.com\/dessinemoiunsoulier\/","https:\/\/fr.pinterest.com\/dessinemoiunsoulier\/"]}]}},"_links":{"self":[{"href":"https:\/\/dessinemoiunsoulier.com\/en\/wp-json\/wp\/v2\/pages\/84604","targetHints":{"allow":["GET"]}}],"collection":[{"href":"https:\/\/dessinemoiunsoulier.com\/en\/wp-json\/wp\/v2\/pages"}],"about":[{"href":"https:\/\/dessinemoiunsoulier.com\/en\/wp-json\/wp\/v2\/types\/page"}],"author":[{"embeddable":true,"href":"https:\/\/dessinemoiunsoulier.com\/en\/wp-json\/wp\/v2\/users\/2"}],"replies":[{"embeddable":true,"href":"https:\/\/dessinemoiunsoulier.com\/en\/wp-json\/wp\/v2\/comments?post=84604"}],"version-history":[{"count":3,"href":"https:\/\/dessinemoiunsoulier.com\/en\/wp-json\/wp\/v2\/pages\/84604\/revisions"}],"predecessor-version":[{"id":90833,"href":"https:\/\/dessinemoiunsoulier.com\/en\/wp-json\/wp\/v2\/pages\/84604\/revisions\/90833"}],"up":[{"embeddable":true,"href":"https:\/\/dessinemoiunsoulier.com\/en\/wp-json\/wp\/v2\/pages\/61254"}],"wp:attachment":[{"href":"https:\/\/dessinemoiunsoulier.com\/en\/wp-json\/wp\/v2\/media?parent=84604"}],"curies":[{"name":"wp","href":"https:\/\/api.w.org\/{rel}","templated":true}]}}