{"id":62189,"date":"2025-05-23T11:00:36","date_gmt":"2025-05-23T11:00:36","guid":{"rendered":"https:\/\/dessinemoiunsoulier.com\/?page_id=62189"},"modified":"2025-09-08T10:02:15","modified_gmt":"2025-09-08T08:02:15","slug":"welcome-lyon","status":"publish","type":"page","link":"https:\/\/dessinemoiunsoulier.com\/en\/bienvenue-lyon\/","title":{"rendered":"Welcome to Lyon!"},"content":{"rendered":"<div class=\"wpb-content-wrapper\"><div class=\"vc_row wpb_row vc_row-fluid vc_row-o-equal-height vc_row-o-content-middle vc_row-flex\"><div class=\"wpb_column vc_column_container vc_col-sm-6\"><div class=\"vc_column-inner\"><div class=\"wpb_wrapper\">\n\t<div  class=\"wpb_single_image wpb_content_element vc_align_center\">\n\t\t\n\t\t<figure class=\"wpb_wrapper vc_figure\">\n\t\t\t<div class=\"vc_single_image-wrapper   vc_box_border_grey\"><img loading=\"lazy\" decoding=\"async\" width=\"500\" height=\"500\" src=\"https:\/\/dessinemoiunsoulier.com\/wp-content\/uploads\/2025\/05\/dmus_fev-035.jpg\" class=\"vc_single_image-img attachment-full\" alt=\"Heeled ankle boot in smooth black leather and glitter chrome\" title=\"Smooth black leather and glitter chrome ankle boot\" srcset=\"https:\/\/dessinemoiunsoulier.com\/wp-content\/uploads\/2025\/05\/dmus_fev-035.jpg 500w, https:\/\/dessinemoiunsoulier.com\/wp-content\/uploads\/2025\/05\/dmus_fev-035-200x200.jpg 200w, https:\/\/dessinemoiunsoulier.com\/wp-content\/uploads\/2025\/05\/dmus_fev-035-300x300.jpg 300w, https:\/\/dessinemoiunsoulier.com\/wp-content\/uploads\/2025\/05\/dmus_fev-035-150x150.jpg 150w\" sizes=\"auto, (max-width: 500px) 100vw, 500px\"  data-dt-location=\"https:\/\/dessinemoiunsoulier.com\/en\/bienvenue-lyon\/dmus_fev-035\/\" \/><\/div>\n\t\t<\/figure>\n\t<\/div>\n<\/div><\/div><\/div><div class=\"wpb_column vc_column_container vc_col-sm-6\"><div class=\"vc_column-inner\"><div class=\"wpb_wrapper\">\n\t<div class=\"wpb_text_column wpb_content_element\" >\n\t\t<div class=\"wpb_wrapper\">\n\t\t\t<div class=\"wrapper-block-intro para-id-2526 width-center left img text text-left\">\n<div class=\"body\">\n<h3 class=\"title\" style=\"text-align: center;\">Our showroom in Lyon<\/h3>\n<p style=\"text-align: center;\">You can visit us by appointment in our Lyon showroom. We'll take 45 minutes to try them on with you, let you test the cambers, show you the leather samples, and above all, advise you!<\/p>\n<p style=\"text-align: center;\"><strong>As an added bonus, we're offering 10% off your first order with the code LOVE10 \u2764\ufe0f<\/strong><\/p>\n<p style=\"text-align: center;\">See you soon!<\/p>\n<p style=\"text-align: center;\"><strong>Our address :<\/strong><\/p>\n<p style=\"text-align: center;\">34 rue Quivogne - 69002 Lyon - France\u00a0<em>Tramway T1 stop Sainte-Blandine.\u00a0<\/em><\/p>\n<p style=\"text-align: center;\"><strong>Timetable:<\/strong><\/p>\n<p style=\"text-align: center;\">Tuesday to Friday: 11 a.m. to 2 p.m. and 3 p.m. to 6 p.m. <a href=\"https:\/\/calendly.com\/dmus\/dmus-a-lyon\">by appointment only<\/a>.<\/p>\n<p style=\"text-align: center;\">Every other Saturday: from 11am to 2pm and from 3pm to 6pm - <a href=\"https:\/\/calendly.com\/dmus\/dmus-a-lyon\">by appointment only.<\/a><\/p>\n<p style=\"text-align: center;\"><strong>Contact us :<\/strong><\/p>\n<p style=\"text-align: center;\"><em>Phone :<\/em>\u00a0<a href=\"tel:06%2066%2054%2098%2069\">06 66 54 98 69<\/a><\/p>\n<p style=\"text-align: center;\"><em>Email :\u00a0<\/em><a href=\"mailto:contact@dmus.fr\">contact@dmus.fr<\/a><\/p>\n<h5 class=\"link\" style=\"text-align: center;\"><a href=\"https:\/\/calendly.com\/dmus\/dmus-a-lyon\">Make an appointment<\/a><\/h5>\n<\/div>\n<\/div>\n\n\t\t<\/div>\n\t<\/div>\n<\/div><\/div><\/div><\/div><div class=\"vc_row wpb_row vc_row-fluid dt-default\" style=\"margin-top: 0px;margin-bottom: 0px\"><div class=\"wpb_column vc_column_container vc_col-sm-12\"><div class=\"vc_column-inner\"><div class=\"wpb_wrapper\"><div class=\"vc_empty_space\"   style=\"height: 32px\"><span class=\"vc_empty_space_inner\"><\/span><\/div><\/div><\/div><\/div><\/div><div class=\"vc_row wpb_row vc_row-fluid vc_row-o-equal-height vc_row-o-content-middle vc_row-flex\"><div class=\"wpb_column vc_column_container vc_col-sm-6\"><div class=\"vc_column-inner\"><div class=\"wpb_wrapper\">\n\t<div class=\"wpb_text_column wpb_content_element\" >\n\t\t<div class=\"wpb_wrapper\">\n\t\t\t<p>You can visit us by appointment in our Lyon showroom. We'll take 45 minutes to try them on with you, let you test the cambers, show you the leather samples, and above all, advise you!<\/p>\n<p>&nbsp;<\/p>\n<p><strong>Our address :<\/strong><\/p>\n<p>&nbsp;<\/p>\n<p>34 rue Quivogne - 69002 Lyon - France\u00a0<em>Tramway T1 stop Sainte-Blandine.\u00a0<\/em><\/p>\n<p>&nbsp;<\/p>\n<p><strong>Timetable:<\/strong><\/p>\n<p>&nbsp;<\/p>\n<p>Tuesday to Friday: 11 a.m. to 2 p.m. and 3 p.m. to 6 p.m.\u00a0<a href=\"https:\/\/calendly.com\/dmus\/dmus-a-lyon\">by appointment only<\/a>.<\/p>\n<p>&nbsp;<\/p>\n<p>Every other Saturday: from 11am to 2pm and from 3pm to 6pm -\u00a0<a href=\"https:\/\/calendly.com\/dmus\/dmus-a-lyon\">by appointment only.<\/a><\/p>\n<p>&nbsp;<\/p>\n<p><strong>Contact us :<\/strong><\/p>\n<p>&nbsp;<\/p>\n<p><em>Phone :<\/em>\u00a0<a href=\"tel:06 66 54 98 69\">06 66 54 98 69<\/a><\/p>\n<p>&nbsp;<\/p>\n<p><em>Email :\u00a0<\/em><a href=\"mailto:contact@dmus.fr\">contact@dmus.fr<\/a><\/p>\n\n\t\t<\/div>\n\t<\/div>\n<\/div><\/div><\/div><div class=\"wpb_column vc_column_container vc_col-sm-6\"><div class=\"vc_column-inner\"><div class=\"wpb_wrapper\">\n\t<div  class=\"wpb_single_image wpb_content_element vc_align_center\">\n\t\t\n\t\t<figure class=\"wpb_wrapper vc_figure\">\n\t\t\t<div class=\"vc_single_image-wrapper   vc_box_border_grey\"><img loading=\"lazy\" decoding=\"async\" width=\"500\" height=\"500\" src=\"https:\/\/dessinemoiunsoulier.com\/wp-content\/uploads\/2025\/05\/dmus_fev-045.jpg\" class=\"vc_single_image-img attachment-full\" alt=\"Moccasin in smooth black and red leather with silver iridescence\" title=\"Moccasin in smooth black and red leather\" srcset=\"https:\/\/dessinemoiunsoulier.com\/wp-content\/uploads\/2025\/05\/dmus_fev-045.jpg 500w, https:\/\/dessinemoiunsoulier.com\/wp-content\/uploads\/2025\/05\/dmus_fev-045-200x200.jpg 200w, https:\/\/dessinemoiunsoulier.com\/wp-content\/uploads\/2025\/05\/dmus_fev-045-300x300.jpg 300w, https:\/\/dessinemoiunsoulier.com\/wp-content\/uploads\/2025\/05\/dmus_fev-045-150x150.jpg 150w\" sizes=\"auto, (max-width: 500px) 100vw, 500px\"  data-dt-location=\"https:\/\/dessinemoiunsoulier.com\/en\/bienvenue-lyon\/dmus_fev-045\/\" \/><\/div>\n\t\t<\/figure>\n\t<\/div>\n<\/div><\/div><\/div><\/div><div class=\"vc_row wpb_row vc_row-fluid dt-default\" style=\"margin-top: 0px;margin-bottom: 0px\"><div class=\"wpb_column vc_column_container vc_col-sm-12\"><div class=\"vc_column-inner\"><div class=\"wpb_wrapper\"><div class=\"vc_empty_space\"   style=\"height: 32px\"><span class=\"vc_empty_space_inner\"><\/span><\/div><\/div><\/div><\/div><\/div>\n<\/div>","protected":false},"excerpt":{"rendered":"<p>Notre showroom \u00e0 Lyon Vous pouvez venir nous rendre visite sur rendez-vous dans notre showroom lyonnais. Nous prendrons 45 minutes pour essayer avec vous, vous faire tester les cambrures, vous montrer les \u00e9chantillons de cuir, et surtout, vous conseiller ! Petit plus, nous vous offrons 10% de r\u00e9duction sur votre premi\u00e8re commande avec le code&hellip;<\/p>","protected":false},"author":1,"featured_media":0,"parent":0,"menu_order":0,"comment_status":"open","ping_status":"closed","template":"","meta":{"inline_featured_image":false,"footnotes":""},"class_list":["post-62189","page","type-page","status-publish","hentry","description-off"],"yoast_head":"<!-- This site is optimized with the Yoast SEO Premium plugin v22.1 (Yoast SEO v27.2) - https:\/\/yoast.com\/product\/yoast-seo-premium-wordpress\/ -->\n<title>Bienvenue \u00e0 Lyon ! | Dessine-moi un soulier<\/title>\n<meta name=\"robots\" content=\"index, follow, max-snippet:-1, max-image-preview:large, max-video-preview:-1\" \/>\n<link rel=\"canonical\" href=\"https:\/\/dessinemoiunsoulier.com\/en\/welcome-lyon\/\" \/>\n<meta property=\"og:locale\" content=\"en_US\" \/>\n<meta property=\"og:type\" content=\"article\" \/>\n<meta property=\"og:title\" content=\"Bienvenue \u00e0 Lyon !\" \/>\n<meta property=\"og:url\" content=\"https:\/\/dessinemoiunsoulier.com\/en\/welcome-lyon\/\" \/>\n<meta property=\"og:site_name\" content=\"Dessine-moi un soulier\" \/>\n<meta property=\"article:publisher\" content=\"https:\/\/www.facebook.com\/dessinemoiunsoulier\/\" \/>\n<meta property=\"article:modified_time\" content=\"2025-09-08T08:02:15+00:00\" \/>\n<meta name=\"twitter:card\" content=\"summary_large_image\" \/>\n<meta name=\"twitter:label1\" content=\"Est. reading time\" \/>\n\t<meta name=\"twitter:data1\" content=\"2 minutes\" \/>\n<script type=\"application\/ld+json\" class=\"yoast-schema-graph\">{\"@context\":\"https:\/\/schema.org\",\"@graph\":[{\"@type\":\"WebPage\",\"@id\":\"https:\/\/dessinemoiunsoulier.com\/bienvenue-lyon\/\",\"url\":\"https:\/\/dessinemoiunsoulier.com\/bienvenue-lyon\/\",\"name\":\"Bienvenue \u00e0 Lyon ! | Dessine-moi un soulier\",\"isPartOf\":{\"@id\":\"https:\/\/dessinemoiunsoulier.com\/#website\"},\"datePublished\":\"2025-05-23T11:00:36+00:00\",\"dateModified\":\"2025-09-08T08:02:15+00:00\",\"breadcrumb\":{\"@id\":\"https:\/\/dessinemoiunsoulier.com\/bienvenue-lyon\/#breadcrumb\"},\"inLanguage\":\"en-US\",\"potentialAction\":[{\"@type\":\"ReadAction\",\"target\":[\"https:\/\/dessinemoiunsoulier.com\/bienvenue-lyon\/\"]}]},{\"@type\":\"BreadcrumbList\",\"@id\":\"https:\/\/dessinemoiunsoulier.com\/bienvenue-lyon\/#breadcrumb\",\"itemListElement\":[{\"@type\":\"ListItem\",\"position\":1,\"name\":\"Accueil\",\"item\":\"https:\/\/dessinemoiunsoulier.com\/\"},{\"@type\":\"ListItem\",\"position\":2,\"name\":\"Bienvenue \u00e0 Lyon !\"}]},{\"@type\":\"WebSite\",\"@id\":\"https:\/\/dessinemoiunsoulier.com\/#website\",\"url\":\"https:\/\/dessinemoiunsoulier.com\/\",\"name\":\"Dessine-moi un soulier\",\"description\":\"Dessine-moi un soulier : chaussures personnalis\u00e9es\",\"publisher\":{\"@id\":\"https:\/\/dessinemoiunsoulier.com\/#organization\"},\"potentialAction\":[{\"@type\":\"SearchAction\",\"target\":{\"@type\":\"EntryPoint\",\"urlTemplate\":\"https:\/\/dessinemoiunsoulier.com\/?s={search_term_string}\"},\"query-input\":{\"@type\":\"PropertyValueSpecification\",\"valueRequired\":true,\"valueName\":\"search_term_string\"}}],\"inLanguage\":\"en-US\"},{\"@type\":\"Organization\",\"@id\":\"https:\/\/dessinemoiunsoulier.com\/#organization\",\"name\":\"Dessine-moi un soulier\",\"url\":\"https:\/\/dessinemoiunsoulier.com\/\",\"logo\":{\"@type\":\"ImageObject\",\"inLanguage\":\"en-US\",\"@id\":\"https:\/\/dessinemoiunsoulier.com\/#\/schema\/logo\/image\/\",\"url\":\"https:\/\/dessinemoiunsoulier.com\/wp-content\/uploads\/2025\/07\/Logo-Dessine-moi-un-soulier-GROS-CADRE.png\",\"contentUrl\":\"https:\/\/dessinemoiunsoulier.com\/wp-content\/uploads\/2025\/07\/Logo-Dessine-moi-un-soulier-GROS-CADRE.png\",\"width\":709,\"height\":142,\"caption\":\"Dessine-moi un soulier\"},\"image\":{\"@id\":\"https:\/\/dessinemoiunsoulier.com\/#\/schema\/logo\/image\/\"},\"sameAs\":[\"https:\/\/www.facebook.com\/dessinemoiunsoulier\/\",\"https:\/\/www.instagram.com\/dessinemoiunsoulier\/\",\"https:\/\/fr.pinterest.com\/dessinemoiunsoulier\/\"]}]}<\/script>\n<!-- \/ Yoast SEO Premium plugin. -->","yoast_head_json":{"title":"Welcome to Lyon! | Draw me a shoe","robots":{"index":"index","follow":"follow","max-snippet":"max-snippet:-1","max-image-preview":"max-image-preview:large","max-video-preview":"max-video-preview:-1"},"canonical":"https:\/\/dessinemoiunsoulier.com\/en\/welcome-lyon\/","og_locale":"en_US","og_type":"article","og_title":"Bienvenue \u00e0 Lyon !","og_url":"https:\/\/dessinemoiunsoulier.com\/en\/welcome-lyon\/","og_site_name":"Dessine-moi un soulier","article_publisher":"https:\/\/www.facebook.com\/dessinemoiunsoulier\/","article_modified_time":"2025-09-08T08:02:15+00:00","twitter_card":"summary_large_image","twitter_misc":{"Est. reading time":"2 minutes"},"schema":{"@context":"https:\/\/schema.org","@graph":[{"@type":"WebPage","@id":"https:\/\/dessinemoiunsoulier.com\/bienvenue-lyon\/","url":"https:\/\/dessinemoiunsoulier.com\/bienvenue-lyon\/","name":"Welcome to Lyon! | Draw me a shoe","isPartOf":{"@id":"https:\/\/dessinemoiunsoulier.com\/#website"},"datePublished":"2025-05-23T11:00:36+00:00","dateModified":"2025-09-08T08:02:15+00:00","breadcrumb":{"@id":"https:\/\/dessinemoiunsoulier.com\/bienvenue-lyon\/#breadcrumb"},"inLanguage":"en-US","potentialAction":[{"@type":"ReadAction","target":["https:\/\/dessinemoiunsoulier.com\/bienvenue-lyon\/"]}]},{"@type":"BreadcrumbList","@id":"https:\/\/dessinemoiunsoulier.com\/bienvenue-lyon\/#breadcrumb","itemListElement":[{"@type":"ListItem","position":1,"name":"Accueil","item":"https:\/\/dessinemoiunsoulier.com\/"},{"@type":"ListItem","position":2,"name":"Bienvenue \u00e0 Lyon !"}]},{"@type":"WebSite","@id":"https:\/\/dessinemoiunsoulier.com\/#website","url":"https:\/\/dessinemoiunsoulier.com\/","name":"Dessine-moi un soulier","description":"Draw me a shoe: personalized shoes","publisher":{"@id":"https:\/\/dessinemoiunsoulier.com\/#organization"},"potentialAction":[{"@type":"SearchAction","target":{"@type":"EntryPoint","urlTemplate":"https:\/\/dessinemoiunsoulier.com\/?s={search_term_string}"},"query-input":{"@type":"PropertyValueSpecification","valueRequired":true,"valueName":"search_term_string"}}],"inLanguage":"en-US"},{"@type":"Organization","@id":"https:\/\/dessinemoiunsoulier.com\/#organization","name":"Dessine-moi un soulier","url":"https:\/\/dessinemoiunsoulier.com\/","logo":{"@type":"ImageObject","inLanguage":"en-US","@id":"https:\/\/dessinemoiunsoulier.com\/#\/schema\/logo\/image\/","url":"https:\/\/dessinemoiunsoulier.com\/wp-content\/uploads\/2025\/07\/Logo-Dessine-moi-un-soulier-GROS-CADRE.png","contentUrl":"https:\/\/dessinemoiunsoulier.com\/wp-content\/uploads\/2025\/07\/Logo-Dessine-moi-un-soulier-GROS-CADRE.png","width":709,"height":142,"caption":"Dessine-moi un soulier"},"image":{"@id":"https:\/\/dessinemoiunsoulier.com\/#\/schema\/logo\/image\/"},"sameAs":["https:\/\/www.facebook.com\/dessinemoiunsoulier\/","https:\/\/www.instagram.com\/dessinemoiunsoulier\/","https:\/\/fr.pinterest.com\/dessinemoiunsoulier\/"]}]}},"_links":{"self":[{"href":"https:\/\/dessinemoiunsoulier.com\/en\/wp-json\/wp\/v2\/pages\/62189","targetHints":{"allow":["GET"]}}],"collection":[{"href":"https:\/\/dessinemoiunsoulier.com\/en\/wp-json\/wp\/v2\/pages"}],"about":[{"href":"https:\/\/dessinemoiunsoulier.com\/en\/wp-json\/wp\/v2\/types\/page"}],"author":[{"embeddable":true,"href":"https:\/\/dessinemoiunsoulier.com\/en\/wp-json\/wp\/v2\/users\/1"}],"replies":[{"embeddable":true,"href":"https:\/\/dessinemoiunsoulier.com\/en\/wp-json\/wp\/v2\/comments?post=62189"}],"version-history":[{"count":3,"href":"https:\/\/dessinemoiunsoulier.com\/en\/wp-json\/wp\/v2\/pages\/62189\/revisions"}],"predecessor-version":[{"id":67369,"href":"https:\/\/dessinemoiunsoulier.com\/en\/wp-json\/wp\/v2\/pages\/62189\/revisions\/67369"}],"wp:attachment":[{"href":"https:\/\/dessinemoiunsoulier.com\/en\/wp-json\/wp\/v2\/media?parent=62189"}],"curies":[{"name":"wp","href":"https:\/\/api.w.org\/{rel}","templated":true}]}}