{"id":62179,"date":"2025-05-23T11:03:40","date_gmt":"2025-05-23T11:03:40","guid":{"rendered":"https:\/\/dessinemoiunsoulier.com\/?page_id=62179"},"modified":"2025-06-11T12:57:26","modified_gmt":"2025-06-11T12:57:26","slug":"distribute-us","status":"publish","type":"page","link":"https:\/\/dessinemoiunsoulier.com\/en\/pour-les-pro\/nous-distribuer\/","title":{"rendered":"We distribute"},"content":{"rendered":"<div class=\"wpb-content-wrapper\"><div class=\"vc_row wpb_row vc_row-fluid vc_row-o-equal-height vc_row-o-content-middle vc_row-flex\"><div class=\"wpb_column vc_column_container vc_col-sm-6\"><div class=\"vc_column-inner\"><div class=\"wpb_wrapper\">\n\t<div  class=\"wpb_single_image wpb_content_element vc_align_center\">\n\t\t\n\t\t<figure class=\"wpb_wrapper vc_figure\">\n\t\t\t<div class=\"vc_single_image-wrapper   vc_box_border_grey\"><img decoding=\"async\" width=\"500\" height=\"500\" data-src=\"https:\/\/dessinemoiunsoulier.com\/wp-content\/uploads\/2025\/05\/dmus_fev-029.jpg\" class=\"vc_single_image-img attachment-full lazyload\" alt=\"Richelieu en cuirs vernis noir et fines paillettes or blond\" title=\"Richelieu en vernis noir et fines paillettes or bond\" data-srcset=\"https:\/\/dessinemoiunsoulier.com\/wp-content\/uploads\/2025\/05\/dmus_fev-029.jpg 500w, https:\/\/dessinemoiunsoulier.com\/wp-content\/uploads\/2025\/05\/dmus_fev-029-200x200.jpg 200w, https:\/\/dessinemoiunsoulier.com\/wp-content\/uploads\/2025\/05\/dmus_fev-029-300x300.jpg 300w, https:\/\/dessinemoiunsoulier.com\/wp-content\/uploads\/2025\/05\/dmus_fev-029-150x150.jpg 150w\" data-sizes=\"(max-width: 500px) 100vw, 500px\"  data-dt-location=\"https:\/\/dessinemoiunsoulier.com\/en\/pour-les-pro\/nous-distribuer\/dmus_fev-029\/\" src=\"data:image\/svg+xml;base64,PHN2ZyB3aWR0aD0iMSIgaGVpZ2h0PSIxIiB4bWxucz0iaHR0cDovL3d3dy53My5vcmcvMjAwMC9zdmciPjwvc3ZnPg==\" style=\"--smush-placeholder-width: 500px; --smush-placeholder-aspect-ratio: 500\/500;\" \/><\/div>\n\t\t<\/figure>\n\t<\/div>\n<\/div><\/div><\/div><div class=\"wpb_column vc_column_container vc_col-sm-6\"><div class=\"vc_column-inner\"><div class=\"wpb_wrapper\">\n\t<div class=\"wpb_text_column wpb_content_element \" >\n\t\t<div class=\"wpb_wrapper\">\n\t\t\t<div class=\"wrapper-block-intro para-id-632 width-center left img text text-left\">\n<div class=\"body\">\n<h3 class=\"title\" style=\"text-align: center;\">Vous voulez distribuer les chaussures Dessine-moi un soulier ?<\/h3>\n<p>&nbsp;<\/p>\n<p class=\"text-align-center\" style=\"text-align: center;\">Pour partager notre passion du soulier et diffuser les valeurs qui nous tiennent \u00e0 coeur, Dessine-moi un soulier recherche des <strong>distributeurs<\/strong> dynamiques proposant un univers qui fait \u00e9cho au n\u00f4tre.<\/p>\n<p class=\"text-align-center\" style=\"text-align: center;\">Int\u00e9grer Dessine-moi un soulier dans votre magasin vous permettra de b\u00e9n\u00e9ficier d\u2019une expertise compl\u00e8te de <strong>chausseur<\/strong> : de la cr\u00e9ation \u00e0 la r\u00e9ception. <strong>La distribution de chaussures<\/strong> n\u2019\u00e9tant pas \u00e9vidente, nous vous accompagnerons bien entendu dans ce processus.<\/p>\n<p class=\"text-align-center\" style=\"text-align: center;\"><strong>Distribuer Dessine-moi un soulier<\/strong>, c\u2019est vous assurer un partenariat personnalis\u00e9, adapt\u00e9 \u00e0 vos besoins\u2026<\/p>\n<p class=\"text-align-center\" style=\"text-align: center;\">Comme nos chaussures !<\/p>\n<p class=\"text-align-center\" style=\"text-align: center;\">Dessine-moi un soulier vous propose en effet la mise en place du partenariat le plus adapt\u00e9 \u00e0 votre situation et d\u2019int\u00e9grer de cette mani\u00e8re un r\u00e9seau de distribution actif.<\/p>\n<\/div>\n<\/div>\n\n\t\t<\/div>\n\t<\/div>\n<\/div><\/div><\/div><\/div><div class=\"vc_row wpb_row vc_row-fluid dt-default\" style=\"margin-top: 0px;margin-bottom: 0px\"><div class=\"wpb_column vc_column_container vc_col-sm-12\"><div class=\"vc_column-inner\"><div class=\"wpb_wrapper\"><div class=\"vc_empty_space\"   style=\"height: 32px\"><span class=\"vc_empty_space_inner\"><\/span><\/div><\/div><\/div><\/div><\/div><div data-vc-full-width=\"true\" data-vc-full-width-temp=\"true\" data-vc-full-width-init=\"false\" class=\"vc_row wpb_row vc_row-fluid vc_custom_1748270668118 vc_row-has-fill vc_row-o-full-height vc_row-o-columns-middle vc_row-o-equal-height vc_row-flex\"><div class=\"wpb_column vc_column_container vc_col-sm-6\"><div class=\"vc_column-inner\"><div class=\"wpb_wrapper\"><h3 style=\"color: #ffffff;text-align: left\" class=\"vc_custom_heading vc_do_custom_heading vc_custom_1748270354605\" >Contactez-nous !<\/h3>\n\t<div class=\"wpb_text_column wpb_content_element \" >\n\t\t<div class=\"wpb_wrapper\">\n\t\t\t<p>Pour <strong>distribuer Dessine-moi un soulier<\/strong>, il vous suffit de nous envoyer un dossier de candidature regroupant votre projet, votre site internet, vos inspirations showroom, ainsi que votre cible. Dites-nous aussi pourquoi vous avez envie de nous distribuer !<\/p>\n\n\t\t<\/div>\n\t<\/div>\n<div class=\"vc_btn3-container vc_btn3-inline vc_custom_1748270403968\" ><a class=\"vc_general vc_btn3 vc_btn3-size-md vc_btn3-shape-round vc_btn3-style-outline vc_btn3-color-white\" href=\"mailto:contact@dmus.fr\" title=\"\">J'envoie mon projet<\/a><\/div><\/div><\/div><\/div><div class=\"wpb_column vc_column_container vc_col-sm-6\"><div class=\"vc_column-inner\"><div class=\"wpb_wrapper\"><\/div><\/div><\/div><\/div><div class=\"vc_row-full-width vc_clearfix\"><\/div><div class=\"vc_row wpb_row vc_row-fluid dt-default\" style=\"margin-top: 0px;margin-bottom: 0px\"><div class=\"wpb_column vc_column_container vc_col-sm-12\"><div class=\"vc_column-inner\"><div class=\"wpb_wrapper\"><div class=\"vc_empty_space\"   style=\"height: 32px\"><span class=\"vc_empty_space_inner\"><\/span><\/div><\/div><\/div><\/div><\/div><div class=\"vc_row wpb_row vc_row-fluid vc_row-o-equal-height vc_row-o-content-middle vc_row-flex\"><div class=\"wpb_column vc_column_container vc_col-sm-6\"><div class=\"vc_column-inner\"><div class=\"wpb_wrapper\">\n\t<div class=\"wpb_text_column wpb_content_element \" >\n\t\t<div class=\"wpb_wrapper\">\n\t\t\t<h3 class=\"title\" style=\"text-align: center;\">Qui sommes-nous ?<\/h3>\n<p>&nbsp;<\/p>\n<p class=\"text-align-center\" style=\"text-align: center;\">Dessine-moi un soulier est une marque fran\u00e7aise de chaussures personnalisables, \u00e9l\u00e9gantes et color\u00e9es, cr\u00e9\u00e9e en 2012.<\/p>\n<p class=\"text-align-center\" style=\"text-align: center;\">L\u2019objectif de Dessine-moi un soulier est d\u2019offrir \u00e0 chaque femme la possibilit\u00e9 de personnaliser sa chaussure<strong>.<\/strong> Chez nous, vous choisissez le mod\u00e8le, le type et la hauteur de talon, ainsi que les couleurs et les mati\u00e8res.<\/p>\n<p class=\"text-align-center\" style=\"text-align: center;\">Cr\u00e9ativit\u00e9 et inventivit\u00e9 sont les ma\u00eetres-mots de Dessine-moi un soulier!<\/p>\n<p class=\"text-align-center\" style=\"text-align: center;\">Fabriqu\u00e9s \u00e0 la main au Portugal par des artisans aux doigts d\u2019or, nos souliers sont faits sur commande avec amour et expertise.<\/p>\n<div class=\"text-align-center blockbackgroundgrey\" style=\"text-align: center;\"><strong>Mod\u00e8les uniques cr\u00e9\u00e9s pour des femmes uniques au caract\u00e8re bien tremp\u00e9, tout plein\u00a0d\u2019audace et de fantaisie, ils sont aussi d\u2019une qualit\u00e9 exemplaire.\u00a0<\/strong><\/div>\n\n\t\t<\/div>\n\t<\/div>\n<\/div><\/div><\/div><div class=\"wpb_column vc_column_container vc_col-sm-6\"><div class=\"vc_column-inner\"><div class=\"wpb_wrapper\">\n\t<div  class=\"wpb_single_image wpb_content_element vc_align_center\">\n\t\t\n\t\t<figure class=\"wpb_wrapper vc_figure\">\n\t\t\t<div class=\"vc_single_image-wrapper   vc_box_border_grey\"><img decoding=\"async\" width=\"500\" height=\"500\" data-src=\"https:\/\/dessinemoiunsoulier.com\/wp-content\/uploads\/2025\/05\/dmus_fev-053.jpg\" class=\"vc_single_image-img attachment-full lazyload\" alt=\"Bottine \u00e0 talon en iris\u00e9s Fuschia\" title=\"Bottine en iris\u00e9s Fuschia\" data-srcset=\"https:\/\/dessinemoiunsoulier.com\/wp-content\/uploads\/2025\/05\/dmus_fev-053.jpg 500w, https:\/\/dessinemoiunsoulier.com\/wp-content\/uploads\/2025\/05\/dmus_fev-053-200x200.jpg 200w, https:\/\/dessinemoiunsoulier.com\/wp-content\/uploads\/2025\/05\/dmus_fev-053-300x300.jpg 300w, https:\/\/dessinemoiunsoulier.com\/wp-content\/uploads\/2025\/05\/dmus_fev-053-150x150.jpg 150w\" data-sizes=\"(max-width: 500px) 100vw, 500px\"  data-dt-location=\"https:\/\/dessinemoiunsoulier.com\/en\/pour-les-pro\/nous-distribuer\/dmus_fev-053\/\" src=\"data:image\/svg+xml;base64,PHN2ZyB3aWR0aD0iMSIgaGVpZ2h0PSIxIiB4bWxucz0iaHR0cDovL3d3dy53My5vcmcvMjAwMC9zdmciPjwvc3ZnPg==\" style=\"--smush-placeholder-width: 500px; --smush-placeholder-aspect-ratio: 500\/500;\" \/><\/div>\n\t\t<\/figure>\n\t<\/div>\n<\/div><\/div><\/div><\/div><div class=\"vc_row wpb_row vc_row-fluid dt-default\" style=\"margin-top: 0px;margin-bottom: 0px\"><div class=\"wpb_column vc_column_container vc_col-sm-12\"><div class=\"vc_column-inner\"><div class=\"wpb_wrapper\"><div class=\"vc_empty_space\"   style=\"height: 32px\"><span class=\"vc_empty_space_inner\"><\/span><\/div><\/div><\/div><\/div><\/div><div class=\"vc_row wpb_row vc_row-fluid vc_row-o-equal-height vc_row-o-content-middle vc_row-flex\"><div class=\"wpb_column vc_column_container vc_col-sm-6\"><div class=\"vc_column-inner\"><div class=\"wpb_wrapper\">\n\t<div  class=\"wpb_single_image wpb_content_element vc_align_center\">\n\t\t\n\t\t<figure class=\"wpb_wrapper vc_figure\">\n\t\t\t<div class=\"vc_single_image-wrapper   vc_box_border_grey\"><img decoding=\"async\" width=\"500\" height=\"500\" data-src=\"https:\/\/dessinemoiunsoulier.com\/wp-content\/uploads\/2025\/05\/dmus_fev-071.jpg\" class=\"vc_single_image-img attachment-full lazyload\" alt=\"Sandale \u00e0 talon en velours rose ballerine et fines paillettes or blond\" title=\"Velours rose ballerine et fines paillettes or blond\" data-srcset=\"https:\/\/dessinemoiunsoulier.com\/wp-content\/uploads\/2025\/05\/dmus_fev-071.jpg 500w, https:\/\/dessinemoiunsoulier.com\/wp-content\/uploads\/2025\/05\/dmus_fev-071-200x200.jpg 200w, https:\/\/dessinemoiunsoulier.com\/wp-content\/uploads\/2025\/05\/dmus_fev-071-300x300.jpg 300w, https:\/\/dessinemoiunsoulier.com\/wp-content\/uploads\/2025\/05\/dmus_fev-071-150x150.jpg 150w\" data-sizes=\"(max-width: 500px) 100vw, 500px\"  data-dt-location=\"https:\/\/dessinemoiunsoulier.com\/en\/pour-les-pro\/nous-distribuer\/dmus_fev-071\/\" src=\"data:image\/svg+xml;base64,PHN2ZyB3aWR0aD0iMSIgaGVpZ2h0PSIxIiB4bWxucz0iaHR0cDovL3d3dy53My5vcmcvMjAwMC9zdmciPjwvc3ZnPg==\" style=\"--smush-placeholder-width: 500px; --smush-placeholder-aspect-ratio: 500\/500;\" \/><\/div>\n\t\t<\/figure>\n\t<\/div>\n<\/div><\/div><\/div><div class=\"wpb_column vc_column_container vc_col-sm-6\"><div class=\"vc_column-inner\"><div class=\"wpb_wrapper\">\n\t<div class=\"wpb_text_column wpb_content_element \" >\n\t\t<div class=\"wpb_wrapper\">\n\t\t\t<h3 class=\"title\" style=\"text-align: center;\">Pourquoi distribuer Dessine-moi un soulier ?<\/h3>\n<p class=\"text-align-center\" style=\"text-align: center;\"><strong>Pour b\u00e9n\u00e9ficier d&rsquo;une offre produit riche et cr\u00e9ative<\/strong> s\u2019adressant aux mari\u00e9es, aux invit\u00e9s, \u00e0 toutes les shoes addicts, et puis \u00e0 toutes celles aussi qui peuvent avoir des probl\u00e8mes de pointure.<\/p>\n<p class=\"text-align-center\" style=\"text-align: center;\"><strong>Pour r\u00e9aliser le r\u00eave de toutes les mari\u00e9es <\/strong>! Celui de cr\u00e9er leur chaussures personnalis\u00e9es juste comme elles se les imaginent.<\/p>\n<p class=\"text-align-center\" style=\"text-align: center;\">Vous cr\u00e9erez une offre compl\u00e8te incluant robe, accessoires et chaussures. Vous toucherez \u00e9galement tous les invit\u00e9s : les mamans, les belles-mamans, les t\u00e9moins et les demoiselles d\u2019honneurs. En <strong>distribuant Dessine-moi un soulier<\/strong>, vous privil\u00e9giez le conseil et cr\u00e9ez donc la chaussure selon les go\u00fbts et les habitudes de votre client\u00e8le.<\/p>\n<p class=\"text-align-center\" style=\"text-align: center;\"><strong>Pour combler les shoes addicts et les clientes en mal de cr\u00e9ativit\u00e9<\/strong>. Trouver une chaussure \u00e0 la fois originale et confortable est souvent difficile dans la distribution de chaussures, et les produits Dessine-moi un soulier ont l\u2019avantage d&rsquo;offrir les deux!<\/p>\n<p class=\"text-align-center\" style=\"text-align: center;\">Distribuer Dessine-moi un soulier, c\u2019est proposer un produit unique, \u00e9l\u00e9gant et n\u00e9e d\u2019un r\u00eave, fruit d\u2019un v\u00e9ritable accompagnement et conseil aupr\u00e8s de votre client\u00e8le. En effet, vous vous occupez d\u2019elle de A \u00e0 Z, c\u2019est-\u00e0-dire de la cr\u00e9ation \u00e0 la r\u00e9ception de la chaussure.<\/p>\n\n\t\t<\/div>\n\t<\/div>\n<\/div><\/div><\/div><\/div><div class=\"vc_row wpb_row vc_row-fluid dt-default\" style=\"margin-top: 0px;margin-bottom: 0px\"><div class=\"wpb_column vc_column_container vc_col-sm-12\"><div class=\"vc_column-inner\"><div class=\"wpb_wrapper\"><div class=\"vc_empty_space\"   style=\"height: 32px\"><span class=\"vc_empty_space_inner\"><\/span><\/div><\/div><\/div><\/div><\/div><div class=\"vc_row wpb_row vc_row-fluid dt-default\" style=\"margin-top: 0px;margin-bottom: 0px\"><div class=\"wpb_column vc_column_container vc_col-sm-12 vc_col-has-fill\"><div class=\"vc_column-inner vc_custom_1748269067660\"><div class=\"wpb_wrapper\">\n\t<div class=\"wpb_text_column wpb_content_element \" >\n\t\t<div class=\"wpb_wrapper\">\n\t\t\t<h3 class=\"title\" style=\"text-align: center;\">Comment nous contacter<\/h3>\n<p class=\"text-align-center\" style=\"text-align: center;\">Pour cr\u00e9er votre stock de chaussures, il suffit de nous contacter par mail \u00e0 <a href=\"mailto:contact@dmus.fr\">contact@dmus.fr<\/a>.<\/p>\n<p class=\"text-align-center\" style=\"text-align: center;\">Notre \u00e9quipe programmera un rendez-vous avec avec vous afin de vous conseiller sur vos choix de distribution. Nous vous dirigerons vers les essentiels de la marque tout en nous adaptant aux codes de votre boutique et aux go\u00fbts de vos clientes.<\/p>\n<p class=\"text-align-center\" style=\"text-align: center;\"><strong>\u00catre distributeur Dessine-moi un soulier<\/strong>, c\u2019est cr\u00e9er votre stock de chaussures selon vos envies et celles de votre client\u00e8le.<\/p>\n<p class=\"text-align-center\" style=\"text-align: center;\">Vous aurez \u00e9galement acc\u00e8s \u00e0 la mallette du d\u00e9butant qui regroupe le guide de pointure, les inspirations et surtout les \u00e9chantillons.<\/p>\n<div class=\"text-align-center blockbackgroundgrey\" style=\"text-align: center;\"><strong>Vous \u00eates convaincus ? Envoyez-nous votre candidature directement par mail \u00e0 <\/strong><a href=\"mailto:contact@dmus.fr\"><strong>contact@dmus.fr<\/strong><\/a><strong>. Notre \u00e9quipe vous r\u00e9pondra dans les plus brefs d\u00e9lais.<\/strong><\/div>\n<p class=\"text-align-center\" style=\"text-align: center;\">Si vous avez des questions particuli\u00e8res, des doutes, des interrogation ou simplement besoin de conseils sur la cr\u00e9ation de chaussures de distribution, envoyez-nous un e-mail \u00e0 <a href=\"mailto:contact@dmus.fr\">contact@dmus.fr<\/a> et nous nous ferons un plaisir de vous aider dans votre recherche et de r\u00e9pondre \u00e0 toutes vos questions.<\/p>\n\n\t\t<\/div>\n\t<\/div>\n<\/div><\/div><\/div><\/div><div class=\"vc_row wpb_row vc_row-fluid dt-default\" style=\"margin-top: 0px;margin-bottom: 0px\"><div class=\"wpb_column vc_column_container vc_col-sm-12\"><div class=\"vc_column-inner\"><div class=\"wpb_wrapper\">[contact-form-7 id=\u00a0\u00bb55606&Prime;]<\/div><\/div><\/div><\/div>\n<\/div>","protected":false},"excerpt":{"rendered":"<p>Vous voulez distribuer les chaussures Dessine-moi un soulier ? &nbsp; Pour partager notre passion du soulier et diffuser les valeurs qui nous tiennent \u00e0 coeur, Dessine-moi un soulier recherche des distributeurs dynamiques proposant un univers qui fait \u00e9cho au n\u00f4tre. Int\u00e9grer Dessine-moi un soulier dans votre magasin vous permettra de b\u00e9n\u00e9ficier d\u2019une expertise compl\u00e8te de&hellip;<\/p>","protected":false},"author":1,"featured_media":0,"parent":67263,"menu_order":0,"comment_status":"open","ping_status":"closed","template":"","meta":{"footnotes":""},"class_list":["post-62179","page","type-page","status-publish","hentry","description-off"],"yoast_head":"<!-- This site is optimized with the Yoast SEO Premium plugin v22.1 (Yoast SEO v27.2) - https:\/\/yoast.com\/product\/yoast-seo-premium-wordpress\/ -->\n<title>Nous distribuer | Dessine-moi un soulier<\/title>\n<meta name=\"description\" content=\"\u00catre distributeur Dessine-moi un soulier, c\u2019est cr\u00e9er votre stock de chaussures selon vos envies et celles de votre client\u00e8le.\" \/>\n<meta name=\"robots\" content=\"index, follow, max-snippet:-1, max-image-preview:large, max-video-preview:-1\" \/>\n<link rel=\"canonical\" href=\"https:\/\/dessinemoiunsoulier.com\/en\/for-pro\/distribute-us\/\" \/>\n<meta property=\"og:locale\" content=\"en_US\" \/>\n<meta property=\"og:type\" content=\"article\" \/>\n<meta property=\"og:title\" content=\"Nous distribuer\" \/>\n<meta property=\"og:description\" content=\"\u00catre distributeur Dessine-moi un soulier, c\u2019est cr\u00e9er votre stock de chaussures selon vos envies et celles de votre client\u00e8le.\" \/>\n<meta property=\"og:url\" content=\"https:\/\/dessinemoiunsoulier.com\/en\/for-pro\/distribute-us\/\" \/>\n<meta property=\"og:site_name\" content=\"Dessine-moi un soulier\" \/>\n<meta property=\"article:publisher\" content=\"https:\/\/www.facebook.com\/dessinemoiunsoulier\/\" \/>\n<meta property=\"article:modified_time\" content=\"2025-06-11T12:57:26+00:00\" \/>\n<meta name=\"twitter:card\" content=\"summary_large_image\" \/>\n<meta name=\"twitter:label1\" content=\"Est. reading time\" \/>\n\t<meta name=\"twitter:data1\" content=\"5 minutes\" \/>\n<script type=\"application\/ld+json\" class=\"yoast-schema-graph\">{\"@context\":\"https:\/\/schema.org\",\"@graph\":[{\"@type\":\"WebPage\",\"@id\":\"https:\/\/dessinemoiunsoulier.com\/pour-les-pro\/nous-distribuer\/\",\"url\":\"https:\/\/dessinemoiunsoulier.com\/pour-les-pro\/nous-distribuer\/\",\"name\":\"Nous distribuer | Dessine-moi un soulier\",\"isPartOf\":{\"@id\":\"https:\/\/dessinemoiunsoulier.com\/#website\"},\"datePublished\":\"2025-05-23T11:03:40+00:00\",\"dateModified\":\"2025-06-11T12:57:26+00:00\",\"description\":\"\u00catre distributeur Dessine-moi un soulier, c\u2019est cr\u00e9er votre stock de chaussures selon vos envies et celles de votre client\u00e8le.\",\"breadcrumb\":{\"@id\":\"https:\/\/dessinemoiunsoulier.com\/pour-les-pro\/nous-distribuer\/#breadcrumb\"},\"inLanguage\":\"en-US\",\"potentialAction\":[{\"@type\":\"ReadAction\",\"target\":[\"https:\/\/dessinemoiunsoulier.com\/pour-les-pro\/nous-distribuer\/\"]}]},{\"@type\":\"BreadcrumbList\",\"@id\":\"https:\/\/dessinemoiunsoulier.com\/pour-les-pro\/nous-distribuer\/#breadcrumb\",\"itemListElement\":[{\"@type\":\"ListItem\",\"position\":1,\"name\":\"Accueil\",\"item\":\"https:\/\/dessinemoiunsoulier.com\/\"},{\"@type\":\"ListItem\",\"position\":2,\"name\":\"Pour les pro\",\"item\":\"https:\/\/dessinemoiunsoulier.com\/pour-les-pro\/\"},{\"@type\":\"ListItem\",\"position\":3,\"name\":\"Nous distribuer\"}]},{\"@type\":\"WebSite\",\"@id\":\"https:\/\/dessinemoiunsoulier.com\/#website\",\"url\":\"https:\/\/dessinemoiunsoulier.com\/\",\"name\":\"Dessine-moi un soulier\",\"description\":\"Dessine-moi un soulier : chaussures personnalis\u00e9es\",\"publisher\":{\"@id\":\"https:\/\/dessinemoiunsoulier.com\/#organization\"},\"potentialAction\":[{\"@type\":\"SearchAction\",\"target\":{\"@type\":\"EntryPoint\",\"urlTemplate\":\"https:\/\/dessinemoiunsoulier.com\/?s={search_term_string}\"},\"query-input\":{\"@type\":\"PropertyValueSpecification\",\"valueRequired\":true,\"valueName\":\"search_term_string\"}}],\"inLanguage\":\"en-US\"},{\"@type\":\"Organization\",\"@id\":\"https:\/\/dessinemoiunsoulier.com\/#organization\",\"name\":\"Dessine-moi un soulier\",\"url\":\"https:\/\/dessinemoiunsoulier.com\/\",\"logo\":{\"@type\":\"ImageObject\",\"inLanguage\":\"en-US\",\"@id\":\"https:\/\/dessinemoiunsoulier.com\/#\/schema\/logo\/image\/\",\"url\":\"https:\/\/dessinemoiunsoulier.com\/wp-content\/uploads\/2025\/07\/Logo-Dessine-moi-un-soulier-GROS-CADRE.png\",\"contentUrl\":\"https:\/\/dessinemoiunsoulier.com\/wp-content\/uploads\/2025\/07\/Logo-Dessine-moi-un-soulier-GROS-CADRE.png\",\"width\":709,\"height\":142,\"caption\":\"Dessine-moi un soulier\"},\"image\":{\"@id\":\"https:\/\/dessinemoiunsoulier.com\/#\/schema\/logo\/image\/\"},\"sameAs\":[\"https:\/\/www.facebook.com\/dessinemoiunsoulier\/\",\"https:\/\/www.instagram.com\/dessinemoiunsoulier\/\",\"https:\/\/fr.pinterest.com\/dessinemoiunsoulier\/\"]}]}<\/script>\n<!-- \/ Yoast SEO Premium plugin. -->","yoast_head_json":{"title":"Distribute us | Draw me a shoe","description":"Being a Dessine-moi un soulier distributor means creating your own stock of shoes according to your desires and those of your customers.","robots":{"index":"index","follow":"follow","max-snippet":"max-snippet:-1","max-image-preview":"max-image-preview:large","max-video-preview":"max-video-preview:-1"},"canonical":"https:\/\/dessinemoiunsoulier.com\/en\/for-pro\/distribute-us\/","og_locale":"en_US","og_type":"article","og_title":"Nous distribuer","og_description":"\u00catre distributeur Dessine-moi un soulier, c\u2019est cr\u00e9er votre stock de chaussures selon vos envies et celles de votre client\u00e8le.","og_url":"https:\/\/dessinemoiunsoulier.com\/en\/for-pro\/distribute-us\/","og_site_name":"Dessine-moi un soulier","article_publisher":"https:\/\/www.facebook.com\/dessinemoiunsoulier\/","article_modified_time":"2025-06-11T12:57:26+00:00","twitter_card":"summary_large_image","twitter_misc":{"Est. reading time":"5 minutes"},"schema":{"@context":"https:\/\/schema.org","@graph":[{"@type":"WebPage","@id":"https:\/\/dessinemoiunsoulier.com\/pour-les-pro\/nous-distribuer\/","url":"https:\/\/dessinemoiunsoulier.com\/pour-les-pro\/nous-distribuer\/","name":"Distribute us | Draw me a shoe","isPartOf":{"@id":"https:\/\/dessinemoiunsoulier.com\/#website"},"datePublished":"2025-05-23T11:03:40+00:00","dateModified":"2025-06-11T12:57:26+00:00","description":"Being a Dessine-moi un soulier distributor means creating your own stock of shoes according to your desires and those of your customers.","breadcrumb":{"@id":"https:\/\/dessinemoiunsoulier.com\/pour-les-pro\/nous-distribuer\/#breadcrumb"},"inLanguage":"en-US","potentialAction":[{"@type":"ReadAction","target":["https:\/\/dessinemoiunsoulier.com\/pour-les-pro\/nous-distribuer\/"]}]},{"@type":"BreadcrumbList","@id":"https:\/\/dessinemoiunsoulier.com\/pour-les-pro\/nous-distribuer\/#breadcrumb","itemListElement":[{"@type":"ListItem","position":1,"name":"Accueil","item":"https:\/\/dessinemoiunsoulier.com\/"},{"@type":"ListItem","position":2,"name":"Pour les pro","item":"https:\/\/dessinemoiunsoulier.com\/pour-les-pro\/"},{"@type":"ListItem","position":3,"name":"Nous distribuer"}]},{"@type":"WebSite","@id":"https:\/\/dessinemoiunsoulier.com\/#website","url":"https:\/\/dessinemoiunsoulier.com\/","name":"Dessine-moi un soulier","description":"Draw me a shoe: personalized shoes","publisher":{"@id":"https:\/\/dessinemoiunsoulier.com\/#organization"},"potentialAction":[{"@type":"SearchAction","target":{"@type":"EntryPoint","urlTemplate":"https:\/\/dessinemoiunsoulier.com\/?s={search_term_string}"},"query-input":{"@type":"PropertyValueSpecification","valueRequired":true,"valueName":"search_term_string"}}],"inLanguage":"en-US"},{"@type":"Organization","@id":"https:\/\/dessinemoiunsoulier.com\/#organization","name":"Dessine-moi un soulier","url":"https:\/\/dessinemoiunsoulier.com\/","logo":{"@type":"ImageObject","inLanguage":"en-US","@id":"https:\/\/dessinemoiunsoulier.com\/#\/schema\/logo\/image\/","url":"https:\/\/dessinemoiunsoulier.com\/wp-content\/uploads\/2025\/07\/Logo-Dessine-moi-un-soulier-GROS-CADRE.png","contentUrl":"https:\/\/dessinemoiunsoulier.com\/wp-content\/uploads\/2025\/07\/Logo-Dessine-moi-un-soulier-GROS-CADRE.png","width":709,"height":142,"caption":"Dessine-moi un soulier"},"image":{"@id":"https:\/\/dessinemoiunsoulier.com\/#\/schema\/logo\/image\/"},"sameAs":["https:\/\/www.facebook.com\/dessinemoiunsoulier\/","https:\/\/www.instagram.com\/dessinemoiunsoulier\/","https:\/\/fr.pinterest.com\/dessinemoiunsoulier\/"]}]}},"_links":{"self":[{"href":"https:\/\/dessinemoiunsoulier.com\/en\/wp-json\/wp\/v2\/pages\/62179","targetHints":{"allow":["GET"]}}],"collection":[{"href":"https:\/\/dessinemoiunsoulier.com\/en\/wp-json\/wp\/v2\/pages"}],"about":[{"href":"https:\/\/dessinemoiunsoulier.com\/en\/wp-json\/wp\/v2\/types\/page"}],"author":[{"embeddable":true,"href":"https:\/\/dessinemoiunsoulier.com\/en\/wp-json\/wp\/v2\/users\/1"}],"replies":[{"embeddable":true,"href":"https:\/\/dessinemoiunsoulier.com\/en\/wp-json\/wp\/v2\/comments?post=62179"}],"version-history":[{"count":9,"href":"https:\/\/dessinemoiunsoulier.com\/en\/wp-json\/wp\/v2\/pages\/62179\/revisions"}],"predecessor-version":[{"id":71213,"href":"https:\/\/dessinemoiunsoulier.com\/en\/wp-json\/wp\/v2\/pages\/62179\/revisions\/71213"}],"up":[{"embeddable":true,"href":"https:\/\/dessinemoiunsoulier.com\/en\/wp-json\/wp\/v2\/pages\/67263"}],"wp:attachment":[{"href":"https:\/\/dessinemoiunsoulier.com\/en\/wp-json\/wp\/v2\/media?parent=62179"}],"curies":[{"name":"wp","href":"https:\/\/api.w.org\/{rel}","templated":true}]}}