{"id":62169,"date":"2025-05-23T11:03:40","date_gmt":"2025-05-23T11:03:40","guid":{"rendered":"https:\/\/dessinemoiunsoulier.com\/?page_id=62169"},"modified":"2025-08-03T13:23:35","modified_gmt":"2025-08-03T13:23:35","slug":"wedding-shoes-heels","status":"publish","type":"page","link":"https:\/\/dessinemoiunsoulier.com\/en\/mariage\/talons-de-chaussures-de-mariee\/","title":{"rendered":"Bridal shoe heels"},"content":{"rendered":"<div class=\"wpb-content-wrapper\"><div class=\"vc_row wpb_row vc_row-fluid dt-default\" style=\"margin-top: 0px;margin-bottom: 0px\"><div class=\"wpb_column vc_column_container vc_col-sm-12\"><div class=\"vc_column-inner\"><div class=\"wpb_wrapper\"><div id=\"ultimate-heading-975169e91f3f6f526\" class=\"uvc-heading ult-adjust-bottom-margin ultimate-heading-975169e91f3f6f526 uvc-9548  uvc-heading-default-font-sizes\" data-hspacer=\"no_spacer\"  data-halign=\"center\" style=\"text-align:center\"><div class=\"uvc-heading-spacer no_spacer\" style=\"top\"><\/div><div class=\"uvc-main-heading ult-responsive\"  data-ultimate-target='.uvc-heading.ultimate-heading-975169e91f3f6f526 h2'  data-responsive-json-new='{\"font-size\":\"\",\"line-height\":\"\"}' ><h2 style=\"--font-weight:theme;\">Bridal shoe heels<\/h2><\/div><\/div><div class=\"vc_empty_space\"   style=\"height: 32px\"><span class=\"vc_empty_space_inner\"><\/span><\/div>\n\t<div class=\"wpb_text_column wpb_content_element\" >\n\t\t<div class=\"wpb_wrapper\">\n\t\t\t<p style=\"text-align: center;\">At Dessine-moi un soulier, we can design your own heeled shoes: flat models, small heels, medium heels, square heels, high heels, platforms...<\/p>\n<p style=\"text-align: center;\">You're bound to find wedding shoes that suit you!<\/p>\n\n\t\t<\/div>\n\t<\/div>\n<div class=\"vc_empty_space\"   style=\"height: 32px\"><span class=\"vc_empty_space_inner\"><\/span><\/div><\/div><\/div><\/div><\/div><div class=\"vc_row wpb_row vc_row-fluid vc_row-o-equal-height vc_row-o-content-middle vc_row-flex\"><div class=\"wpb_column vc_column_container vc_col-sm-6\"><div class=\"vc_column-inner\"><div class=\"wpb_wrapper\">\n\t<div  class=\"wpb_single_image wpb_content_element vc_align_center\">\n\t\t\n\t\t<figure class=\"wpb_wrapper vc_figure\">\n\t\t\t<div class=\"vc_single_image-wrapper   vc_box_border_grey\"><img decoding=\"async\" width=\"683\" height=\"1024\" data-src=\"https:\/\/dessinemoiunsoulier.com\/wp-content\/uploads\/2025\/05\/Dessine-moi-un-soulier-Tournieux-209.jpg\" class=\"vc_single_image-img attachment-full lazyload\" alt=\"Escarpin en full glisser argent\" title=\"Silver glitter pump\" data-srcset=\"https:\/\/dessinemoiunsoulier.com\/wp-content\/uploads\/2025\/05\/Dessine-moi-un-soulier-Tournieux-209.jpg 683w, https:\/\/dessinemoiunsoulier.com\/wp-content\/uploads\/2025\/05\/Dessine-moi-un-soulier-Tournieux-209-200x300.jpg 200w\" data-sizes=\"(max-width: 683px) 100vw, 683px\"  data-dt-location=\"https:\/\/dessinemoiunsoulier.com\/en\/mariage\/talons-de-chaussures-de-mariee\/dessine-moi-un-soulier-98\/\" src=\"data:image\/svg+xml;base64,PHN2ZyB3aWR0aD0iMSIgaGVpZ2h0PSIxIiB4bWxucz0iaHR0cDovL3d3dy53My5vcmcvMjAwMC9zdmciPjwvc3ZnPg==\" style=\"--smush-placeholder-width: 683px; --smush-placeholder-aspect-ratio: 683\/1024;\" \/><\/div>\n\t\t<\/figure>\n\t<\/div>\n<\/div><\/div><\/div><div class=\"wpb_column vc_column_container vc_col-sm-6\"><div class=\"vc_column-inner\"><div class=\"wpb_wrapper\">\n\t<div class=\"wpb_text_column wpb_content_element\" >\n\t\t<div class=\"wpb_wrapper\">\n\t\t\t<h3 class=\"title\" style=\"text-align: center;\">Bridal heels<\/h3>\n<p>&nbsp;<\/p>\n<p style=\"text-align: center;\">Quite often, we choose our heel heights by default, based on what traditional retailers have to offer. But for your special day, the Wedding, it's very important to pay special attention to the height and thickness of your heels.<\/p>\n<p style=\"text-align: center;\">Why? Because depending on the situation, you will have different needs, and it is essential that you look good, sexy and comfortable throughout the day of the ceremony, but also at night!<\/p>\n<p style=\"text-align: center;\">Our shoes are famous for dancing, whether ballroom, cabaret or just a wild night out, thanks to our leathers and soft soles, but it's important to follow a few tips when choosing them.<\/p>\n\n\t\t<\/div>\n\t<\/div>\n<\/div><\/div><\/div><\/div><div class=\"vc_row wpb_row vc_row-fluid dt-default\" style=\"margin-top: 0px;margin-bottom: 0px\"><div class=\"wpb_column vc_column_container vc_col-sm-12\"><div class=\"vc_column-inner\"><div class=\"wpb_wrapper\"><div class=\"vc_empty_space\"   style=\"height: 32px\"><span class=\"vc_empty_space_inner\"><\/span><\/div><\/div><\/div><\/div><\/div><div class=\"vc_row wpb_row vc_row-fluid vc_row-o-equal-height vc_row-o-content-middle vc_row-flex\"><div class=\"wpb_column vc_column_container vc_col-sm-6\"><div class=\"vc_column-inner\"><div class=\"wpb_wrapper\">\n\t<div class=\"wpb_text_column wpb_content_element\" >\n\t\t<div class=\"wpb_wrapper\">\n\t\t\t<h3 class=\"title\" style=\"text-align: center;\">Think about your well-being<\/h3>\n<p>&nbsp;<\/p>\n<p style=\"text-align: center;\">If you dream of yourself as a mermaid perched on <a href=\"https:\/\/dessinemoiunsoulier.com\/en\/wedding-shoes\/high-heel-wedding-shoes\/\">vertiginous heels<\/a>But if you wear flats or sneakers all year round, we don't recommend our high heels.<\/p>\n<p style=\"text-align: center;\">Unless you plan well in advance, and have spent a year training to walk in heels (because yes, we promise, it's just training), we recommend that you <a href=\"https:\/\/dessinemoiunsoulier.com\/en\/wedding-shoes\/wedding-shoes-flat-or-with-small-heels\/\">to stay on our heels<\/a>or our 8 cm heel.<\/p>\n<p style=\"text-align: center;\">You will find <a href=\"https:\/\/dessinemoiunsoulier.com\/en\/chaussure-mariage-femme\/ultimate-wedding-shoe-guide\/\">tips on how to create the shoes of your dreams.<\/a><\/p>\n<p class=\"link\" style=\"text-align: center;\"><a href=\"\/en\/node\/120\/\">I want advice for my bridal shoes<\/a><\/p>\n\n\t\t<\/div>\n\t<\/div>\n<\/div><\/div><\/div><div class=\"wpb_column vc_column_container vc_col-sm-6\"><div class=\"vc_column-inner\"><div class=\"wpb_wrapper\">\n\t<div  class=\"wpb_single_image wpb_content_element vc_align_center\">\n\t\t\n\t\t<figure class=\"wpb_wrapper vc_figure\">\n\t\t\t<div class=\"vc_single_image-wrapper   vc_box_border_grey\"><img decoding=\"async\" width=\"683\" height=\"1024\" data-src=\"https:\/\/dessinemoiunsoulier.com\/wp-content\/uploads\/2025\/05\/Dessine-moi-un-soulier-Tournieux-119.jpg\" class=\"vc_single_image-img attachment-full lazyload\" alt=\"Open Salom\u00e9 in iridescent rose gold and fine blond gold sequins\" title=\"Salom\u00e9 in iridescent rose gold and fine blond gold sequins\" data-srcset=\"https:\/\/dessinemoiunsoulier.com\/wp-content\/uploads\/2025\/05\/Dessine-moi-un-soulier-Tournieux-119.jpg 683w, https:\/\/dessinemoiunsoulier.com\/wp-content\/uploads\/2025\/05\/Dessine-moi-un-soulier-Tournieux-119-200x300.jpg 200w\" data-sizes=\"(max-width: 683px) 100vw, 683px\"  data-dt-location=\"https:\/\/dessinemoiunsoulier.com\/en\/mariage\/talons-de-chaussures-de-mariee\/dessine-moi-un-soulier-103\/\" src=\"data:image\/svg+xml;base64,PHN2ZyB3aWR0aD0iMSIgaGVpZ2h0PSIxIiB4bWxucz0iaHR0cDovL3d3dy53My5vcmcvMjAwMC9zdmciPjwvc3ZnPg==\" style=\"--smush-placeholder-width: 683px; --smush-placeholder-aspect-ratio: 683\/1024;\" \/><\/div>\n\t\t<\/figure>\n\t<\/div>\n<\/div><\/div><\/div><\/div><div class=\"vc_row wpb_row vc_row-fluid dt-default\" style=\"margin-top: 0px;margin-bottom: 0px\"><div class=\"wpb_column vc_column_container vc_col-sm-12\"><div class=\"vc_column-inner\"><div class=\"wpb_wrapper\"><div class=\"vc_empty_space\"   style=\"height: 32px\"><span class=\"vc_empty_space_inner\"><\/span><\/div><\/div><\/div><\/div><\/div><div class=\"vc_row wpb_row vc_row-fluid vc_row-o-equal-height vc_row-o-content-middle vc_row-flex\"><div class=\"wpb_column vc_column_container vc_col-sm-6\"><div class=\"vc_column-inner\"><div class=\"wpb_wrapper\">\n\t<div  class=\"wpb_single_image wpb_content_element vc_align_center\">\n\t\t\n\t\t<figure class=\"wpb_wrapper vc_figure\">\n\t\t\t<div class=\"vc_single_image-wrapper   vc_box_border_grey\"><img decoding=\"async\" width=\"683\" height=\"1024\" data-src=\"https:\/\/dessinemoiunsoulier.com\/wp-content\/uploads\/2025\/05\/Dessine-moi-un-soulier-Tournieux-150.jpg\" class=\"vc_single_image-img attachment-full lazyload\" alt=\"Pump in smooth white leather and fine blond gold sequins\" title=\"White smooth leather pump\" data-srcset=\"https:\/\/dessinemoiunsoulier.com\/wp-content\/uploads\/2025\/05\/Dessine-moi-un-soulier-Tournieux-150.jpg 683w, https:\/\/dessinemoiunsoulier.com\/wp-content\/uploads\/2025\/05\/Dessine-moi-un-soulier-Tournieux-150-200x300.jpg 200w\" data-sizes=\"(max-width: 683px) 100vw, 683px\"  data-dt-location=\"https:\/\/dessinemoiunsoulier.com\/en\/mariage\/talons-de-chaussures-de-mariee\/dessine-moi-un-soulier-100\/\" src=\"data:image\/svg+xml;base64,PHN2ZyB3aWR0aD0iMSIgaGVpZ2h0PSIxIiB4bWxucz0iaHR0cDovL3d3dy53My5vcmcvMjAwMC9zdmciPjwvc3ZnPg==\" style=\"--smush-placeholder-width: 683px; --smush-placeholder-aspect-ratio: 683\/1024;\" \/><\/div>\n\t\t<\/figure>\n\t<\/div>\n<\/div><\/div><\/div><div class=\"wpb_column vc_column_container vc_col-sm-6\"><div class=\"vc_column-inner\"><div class=\"wpb_wrapper\">\n\t<div class=\"wpb_text_column wpb_content_element\" >\n\t\t<div class=\"wpb_wrapper\">\n\t\t\t<h3 class=\"title\" style=\"text-align: center;\">Think about the ceremony location<\/h3>\n<p>&nbsp;<\/p>\n<p style=\"text-align: center;\">Whether you're getting married in a hall, on gravel, having a cocktail party on the grass or a ceremony in the sand, you won't have the same wedding shoe needs.<\/p>\n<p style=\"text-align: center;\">Indeed, for a wedding in a hall or in a ch\u00e2teau, you can afford any thickness of heel, including stilettos.<\/p>\n<p style=\"text-align: center;\">For a cocktail on the grass, opt for <a href=\"\/en\/wedding\/wedding-shoes-square-heel\/\">our square heels<\/a>. In fact, if you wear stilettos, you run the risk of sinking the whole ceremony!<\/p>\n<p style=\"text-align: center;\">For a ceremony in gravel or sand, we recommend <a href=\"\/en\/wedding\/wedding-shoes-square-heel\/\">our square heels<\/a>our wedge heels, or why not some pretty flat sandals or <a href=\"https:\/\/dessinemoiunsoulier.com\/en\/chaussure-mariage-femme\/personalized-wedding-sneakers\/\">personalized sneakers<\/a>\u00a0!<\/p>\n<p style=\"text-align: center;\">Looking for <a href=\"https:\/\/dessinemoiunsoulier.com\/en\/chaussure-mariage-femme\/elegant-and-original-bridal-shoes\/\">all our tips for bridal heels here<\/a>.<\/p>\n<p style=\"text-align: center;\">Want to <a href=\"https:\/\/dessinemoiunsoulier.com\/en\/design-your-own-shoes\/\">create your wedding shoes here.<\/a><\/p>\n<p style=\"text-align: center;\">Want to<a href=\"https:\/\/dessinemoiunsoulier.com\/en\/a-propos-la-marque-dessine-moi-un-soulier\/\">to find out more about our brand, click here.<\/a><\/p>\n\n\t\t<\/div>\n\t<\/div>\n<\/div><\/div><\/div><\/div><div class=\"vc_row wpb_row vc_row-fluid dt-default\" style=\"margin-top: 0px;margin-bottom: 0px\"><div class=\"wpb_column vc_column_container vc_col-sm-12\"><div class=\"vc_column-inner\"><div class=\"wpb_wrapper\"><div class=\"vc_empty_space\"   style=\"height: 32px\"><span class=\"vc_empty_space_inner\"><\/span><\/div><\/div><\/div><\/div><\/div><div class=\"vc_row wpb_row vc_row-fluid vc_row-o-equal-height vc_row-o-content-middle vc_row-flex\"><div class=\"wpb_column vc_column_container vc_col-sm-6\"><div class=\"vc_column-inner\"><div class=\"wpb_wrapper\">\n\t<div class=\"wpb_text_column wpb_content_element\" >\n\t\t<div class=\"wpb_wrapper\">\n\t\t\t<h3 class=\"title\" style=\"text-align: center;\">Think photos<\/h3>\n<p>&nbsp;<\/p>\n<p style=\"text-align: center;\">The wedding is a special day for you, and you'll want to keep a record of this very special day. That's why we recommend that you take particular care with your accessories, especially your bridal shoes.<\/p>\n<p style=\"text-align: center;\">Are you taller than your partner and find this difficult? Think about our flat or <a href=\"https:\/\/dessinemoiunsoulier.com\/en\/design-your-own-low-heeled-shoes\/\">our little heels<\/a>.<\/p>\n<p style=\"text-align: center;\">On the other hand, you're much shorter than your future husband and you'd like to get some height? <a href=\"https:\/\/dessinemoiunsoulier.com\/en\/wedding-shoes\/high-heel-wedding-shoes\/\">Consider our platform models<\/a>\u00a0!<\/p>\n<p style=\"text-align: center;\">They, too, have gone through these questions, <a href=\"https:\/\/dessinemoiunsoulier.com\/en\/carnet-de-mariees\/\">find here our bridal notebook<\/a>testimonials from our beautiful brides who have faced the same choices as you.<\/p>\n\n\t\t<\/div>\n\t<\/div>\n<\/div><\/div><\/div><div class=\"wpb_column vc_column_container vc_col-sm-6\"><div class=\"vc_column-inner\"><div class=\"wpb_wrapper\">\n\t<div  class=\"wpb_single_image wpb_content_element vc_align_center\">\n\t\t\n\t\t<figure class=\"wpb_wrapper vc_figure\">\n\t\t\t<div class=\"vc_single_image-wrapper   vc_box_border_grey\"><img decoding=\"async\" width=\"683\" height=\"1024\" data-src=\"https:\/\/dessinemoiunsoulier.com\/wp-content\/uploads\/2025\/05\/Dessine-moi-un-soulier-Tournieux-193.jpg\" class=\"vc_single_image-img attachment-full lazyload\" alt=\"Chlo\u00e9 platform in glitter and iridescent champagne\" title=\"Chlo\u00e9 in glitter and iridescent champagne\" data-srcset=\"https:\/\/dessinemoiunsoulier.com\/wp-content\/uploads\/2025\/05\/Dessine-moi-un-soulier-Tournieux-193.jpg 683w, https:\/\/dessinemoiunsoulier.com\/wp-content\/uploads\/2025\/05\/Dessine-moi-un-soulier-Tournieux-193-200x300.jpg 200w\" data-sizes=\"(max-width: 683px) 100vw, 683px\"  data-dt-location=\"https:\/\/dessinemoiunsoulier.com\/en\/mariage\/talons-de-chaussures-de-mariee\/dessine-moi-un-soulier-102\/\" src=\"data:image\/svg+xml;base64,PHN2ZyB3aWR0aD0iMSIgaGVpZ2h0PSIxIiB4bWxucz0iaHR0cDovL3d3dy53My5vcmcvMjAwMC9zdmciPjwvc3ZnPg==\" style=\"--smush-placeholder-width: 683px; --smush-placeholder-aspect-ratio: 683\/1024;\" \/><\/div>\n\t\t<\/figure>\n\t<\/div>\n<\/div><\/div><\/div><\/div><div class=\"vc_row wpb_row vc_row-fluid dt-default\" style=\"margin-top: 0px;margin-bottom: 0px\"><div class=\"wpb_column vc_column_container vc_col-sm-12\"><div class=\"vc_column-inner\"><div class=\"wpb_wrapper\"><div class=\"vc_empty_space\"   style=\"height: 32px\"><span class=\"vc_empty_space_inner\"><\/span><\/div><\/div><\/div><\/div><\/div>\n<\/div>","protected":false},"excerpt":{"rendered":"<p>Les talons de chaussures de mari\u00e9e Chez Dessine-moi un soulier, nous vous proposons de cr\u00e9er vos chaussures \u00e0 talons\u00a0: mod\u00e8les plats, petits talons, talons moyens, talons carr\u00e9s, talons hauts, plateformes\u2026 Vous trouverez forc\u00e9ment les chaussures de mariage qui vous ressemblent\u00a0! Les talons de mari\u00e9e &nbsp; Assez souvent, nous choisissons par d\u00e9faut nos hauteurs de talons,&hellip;<\/p>","protected":false},"author":1,"featured_media":0,"parent":57150,"menu_order":0,"comment_status":"open","ping_status":"closed","template":"","meta":{"footnotes":""},"class_list":["post-62169","page","type-page","status-publish","hentry","description-off"],"yoast_head":"<!-- This site is optimized with the Yoast SEO Premium plugin v22.1 (Yoast SEO v27.2) - https:\/\/yoast.com\/product\/yoast-seo-premium-wordpress\/ -->\n<title>Talons de chaussures de mari\u00e9e | Dessine-moi un soulier<\/title>\n<meta name=\"description\" content=\"Nous vous proposons de cr\u00e9er vos chaussures \u00e0 talons\u00a0: mod\u00e8les plats, petits talons, talons moyens, talons carr\u00e9s, talons hauts, plateformes\u2026\" \/>\n<meta name=\"robots\" content=\"index, follow, max-snippet:-1, max-image-preview:large, max-video-preview:-1\" \/>\n<link rel=\"canonical\" href=\"https:\/\/dessinemoiunsoulier.com\/en\/wedding\/wedding-shoes-heels\/\" \/>\n<meta property=\"og:locale\" content=\"en_US\" \/>\n<meta property=\"og:type\" content=\"article\" \/>\n<meta property=\"og:title\" content=\"Talons de chaussures de mari\u00e9e\" \/>\n<meta property=\"og:description\" content=\"Nous vous proposons de cr\u00e9er vos chaussures \u00e0 talons\u00a0: mod\u00e8les plats, petits talons, talons moyens, talons carr\u00e9s, talons hauts, plateformes\u2026\" \/>\n<meta property=\"og:url\" content=\"https:\/\/dessinemoiunsoulier.com\/en\/wedding\/wedding-shoes-heels\/\" \/>\n<meta property=\"og:site_name\" content=\"Dessine-moi un soulier\" \/>\n<meta property=\"article:publisher\" content=\"https:\/\/www.facebook.com\/dessinemoiunsoulier\/\" \/>\n<meta property=\"article:modified_time\" content=\"2025-08-03T13:23:35+00:00\" \/>\n<meta name=\"twitter:card\" content=\"summary_large_image\" \/>\n<meta name=\"twitter:label1\" content=\"Est. reading time\" \/>\n\t<meta name=\"twitter:data1\" content=\"4 minutes\" \/>\n<script type=\"application\/ld+json\" class=\"yoast-schema-graph\">{\"@context\":\"https:\/\/schema.org\",\"@graph\":[{\"@type\":\"WebPage\",\"@id\":\"https:\/\/dessinemoiunsoulier.com\/mariage\/talons-de-chaussures-de-mariee\/\",\"url\":\"https:\/\/dessinemoiunsoulier.com\/mariage\/talons-de-chaussures-de-mariee\/\",\"name\":\"Talons de chaussures de mari\u00e9e | Dessine-moi un soulier\",\"isPartOf\":{\"@id\":\"https:\/\/dessinemoiunsoulier.com\/#website\"},\"datePublished\":\"2025-05-23T11:03:40+00:00\",\"dateModified\":\"2025-08-03T13:23:35+00:00\",\"description\":\"Nous vous proposons de cr\u00e9er vos chaussures \u00e0 talons\u00a0: mod\u00e8les plats, petits talons, talons moyens, talons carr\u00e9s, talons hauts, plateformes\u2026\",\"breadcrumb\":{\"@id\":\"https:\/\/dessinemoiunsoulier.com\/mariage\/talons-de-chaussures-de-mariee\/#breadcrumb\"},\"inLanguage\":\"en-US\",\"potentialAction\":[{\"@type\":\"ReadAction\",\"target\":[\"https:\/\/dessinemoiunsoulier.com\/mariage\/talons-de-chaussures-de-mariee\/\"]}]},{\"@type\":\"BreadcrumbList\",\"@id\":\"https:\/\/dessinemoiunsoulier.com\/mariage\/talons-de-chaussures-de-mariee\/#breadcrumb\",\"itemListElement\":[{\"@type\":\"ListItem\",\"position\":1,\"name\":\"Accueil\",\"item\":\"https:\/\/dessinemoiunsoulier.com\/\"},{\"@type\":\"ListItem\",\"position\":2,\"name\":\"Choisir ses chaussures de mariage\",\"item\":\"https:\/\/dessinemoiunsoulier.com\/mariage\/\"},{\"@type\":\"ListItem\",\"position\":3,\"name\":\"Talons de chaussures de mari\u00e9e\"}]},{\"@type\":\"WebSite\",\"@id\":\"https:\/\/dessinemoiunsoulier.com\/#website\",\"url\":\"https:\/\/dessinemoiunsoulier.com\/\",\"name\":\"Dessine-moi un soulier\",\"description\":\"Dessine-moi un soulier : chaussures personnalis\u00e9es\",\"publisher\":{\"@id\":\"https:\/\/dessinemoiunsoulier.com\/#organization\"},\"potentialAction\":[{\"@type\":\"SearchAction\",\"target\":{\"@type\":\"EntryPoint\",\"urlTemplate\":\"https:\/\/dessinemoiunsoulier.com\/?s={search_term_string}\"},\"query-input\":{\"@type\":\"PropertyValueSpecification\",\"valueRequired\":true,\"valueName\":\"search_term_string\"}}],\"inLanguage\":\"en-US\"},{\"@type\":\"Organization\",\"@id\":\"https:\/\/dessinemoiunsoulier.com\/#organization\",\"name\":\"Dessine-moi un soulier\",\"url\":\"https:\/\/dessinemoiunsoulier.com\/\",\"logo\":{\"@type\":\"ImageObject\",\"inLanguage\":\"en-US\",\"@id\":\"https:\/\/dessinemoiunsoulier.com\/#\/schema\/logo\/image\/\",\"url\":\"https:\/\/dessinemoiunsoulier.com\/wp-content\/uploads\/2025\/07\/Logo-Dessine-moi-un-soulier-GROS-CADRE.png\",\"contentUrl\":\"https:\/\/dessinemoiunsoulier.com\/wp-content\/uploads\/2025\/07\/Logo-Dessine-moi-un-soulier-GROS-CADRE.png\",\"width\":709,\"height\":142,\"caption\":\"Dessine-moi un soulier\"},\"image\":{\"@id\":\"https:\/\/dessinemoiunsoulier.com\/#\/schema\/logo\/image\/\"},\"sameAs\":[\"https:\/\/www.facebook.com\/dessinemoiunsoulier\/\",\"https:\/\/www.instagram.com\/dessinemoiunsoulier\/\",\"https:\/\/fr.pinterest.com\/dessinemoiunsoulier\/\"]}]}<\/script>\n<!-- \/ Yoast SEO Premium plugin. -->","yoast_head_json":{"title":"Wedding shoes heels | Draw me a shoe","description":"We can design your heeled shoes: flat models, small heels, medium heels, square heels, high heels, platforms...","robots":{"index":"index","follow":"follow","max-snippet":"max-snippet:-1","max-image-preview":"max-image-preview:large","max-video-preview":"max-video-preview:-1"},"canonical":"https:\/\/dessinemoiunsoulier.com\/en\/wedding\/wedding-shoes-heels\/","og_locale":"en_US","og_type":"article","og_title":"Talons de chaussures de mari\u00e9e","og_description":"Nous vous proposons de cr\u00e9er vos chaussures \u00e0 talons\u00a0: mod\u00e8les plats, petits talons, talons moyens, talons carr\u00e9s, talons hauts, plateformes\u2026","og_url":"https:\/\/dessinemoiunsoulier.com\/en\/wedding\/wedding-shoes-heels\/","og_site_name":"Dessine-moi un soulier","article_publisher":"https:\/\/www.facebook.com\/dessinemoiunsoulier\/","article_modified_time":"2025-08-03T13:23:35+00:00","twitter_card":"summary_large_image","twitter_misc":{"Est. reading time":"4 minutes"},"schema":{"@context":"https:\/\/schema.org","@graph":[{"@type":"WebPage","@id":"https:\/\/dessinemoiunsoulier.com\/mariage\/talons-de-chaussures-de-mariee\/","url":"https:\/\/dessinemoiunsoulier.com\/mariage\/talons-de-chaussures-de-mariee\/","name":"Wedding shoes heels | Draw me a shoe","isPartOf":{"@id":"https:\/\/dessinemoiunsoulier.com\/#website"},"datePublished":"2025-05-23T11:03:40+00:00","dateModified":"2025-08-03T13:23:35+00:00","description":"We can design your heeled shoes: flat models, small heels, medium heels, square heels, high heels, platforms...","breadcrumb":{"@id":"https:\/\/dessinemoiunsoulier.com\/mariage\/talons-de-chaussures-de-mariee\/#breadcrumb"},"inLanguage":"en-US","potentialAction":[{"@type":"ReadAction","target":["https:\/\/dessinemoiunsoulier.com\/mariage\/talons-de-chaussures-de-mariee\/"]}]},{"@type":"BreadcrumbList","@id":"https:\/\/dessinemoiunsoulier.com\/mariage\/talons-de-chaussures-de-mariee\/#breadcrumb","itemListElement":[{"@type":"ListItem","position":1,"name":"Accueil","item":"https:\/\/dessinemoiunsoulier.com\/"},{"@type":"ListItem","position":2,"name":"Choisir ses chaussures de mariage","item":"https:\/\/dessinemoiunsoulier.com\/mariage\/"},{"@type":"ListItem","position":3,"name":"Talons de chaussures de mari\u00e9e"}]},{"@type":"WebSite","@id":"https:\/\/dessinemoiunsoulier.com\/#website","url":"https:\/\/dessinemoiunsoulier.com\/","name":"Dessine-moi un soulier","description":"Draw me a shoe: personalized shoes","publisher":{"@id":"https:\/\/dessinemoiunsoulier.com\/#organization"},"potentialAction":[{"@type":"SearchAction","target":{"@type":"EntryPoint","urlTemplate":"https:\/\/dessinemoiunsoulier.com\/?s={search_term_string}"},"query-input":{"@type":"PropertyValueSpecification","valueRequired":true,"valueName":"search_term_string"}}],"inLanguage":"en-US"},{"@type":"Organization","@id":"https:\/\/dessinemoiunsoulier.com\/#organization","name":"Dessine-moi un soulier","url":"https:\/\/dessinemoiunsoulier.com\/","logo":{"@type":"ImageObject","inLanguage":"en-US","@id":"https:\/\/dessinemoiunsoulier.com\/#\/schema\/logo\/image\/","url":"https:\/\/dessinemoiunsoulier.com\/wp-content\/uploads\/2025\/07\/Logo-Dessine-moi-un-soulier-GROS-CADRE.png","contentUrl":"https:\/\/dessinemoiunsoulier.com\/wp-content\/uploads\/2025\/07\/Logo-Dessine-moi-un-soulier-GROS-CADRE.png","width":709,"height":142,"caption":"Dessine-moi un soulier"},"image":{"@id":"https:\/\/dessinemoiunsoulier.com\/#\/schema\/logo\/image\/"},"sameAs":["https:\/\/www.facebook.com\/dessinemoiunsoulier\/","https:\/\/www.instagram.com\/dessinemoiunsoulier\/","https:\/\/fr.pinterest.com\/dessinemoiunsoulier\/"]}]}},"_links":{"self":[{"href":"https:\/\/dessinemoiunsoulier.com\/en\/wp-json\/wp\/v2\/pages\/62169","targetHints":{"allow":["GET"]}}],"collection":[{"href":"https:\/\/dessinemoiunsoulier.com\/en\/wp-json\/wp\/v2\/pages"}],"about":[{"href":"https:\/\/dessinemoiunsoulier.com\/en\/wp-json\/wp\/v2\/types\/page"}],"author":[{"embeddable":true,"href":"https:\/\/dessinemoiunsoulier.com\/en\/wp-json\/wp\/v2\/users\/1"}],"replies":[{"embeddable":true,"href":"https:\/\/dessinemoiunsoulier.com\/en\/wp-json\/wp\/v2\/comments?post=62169"}],"version-history":[{"count":8,"href":"https:\/\/dessinemoiunsoulier.com\/en\/wp-json\/wp\/v2\/pages\/62169\/revisions"}],"predecessor-version":[{"id":90634,"href":"https:\/\/dessinemoiunsoulier.com\/en\/wp-json\/wp\/v2\/pages\/62169\/revisions\/90634"}],"up":[{"embeddable":true,"href":"https:\/\/dessinemoiunsoulier.com\/en\/wp-json\/wp\/v2\/pages\/57150"}],"wp:attachment":[{"href":"https:\/\/dessinemoiunsoulier.com\/en\/wp-json\/wp\/v2\/media?parent=62169"}],"curies":[{"name":"wp","href":"https:\/\/api.w.org\/{rel}","templated":true}]}}