{"id":62165,"date":"2025-05-23T11:03:40","date_gmt":"2025-05-23T11:03:40","guid":{"rendered":"https:\/\/dessinemoiunsoulier.com\/?page_id=62165"},"modified":"2025-07-25T11:03:09","modified_gmt":"2025-07-25T11:03:09","slug":"dinvitees-shoes","status":"publish","type":"page","link":"https:\/\/dessinemoiunsoulier.com\/en\/mariage\/les-chaussures-dinvitees\/","title":{"rendered":"Guest shoes"},"content":{"rendered":"<div class=\"wpb-content-wrapper\"><div class=\"vc_row wpb_row vc_row-fluid dt-default\" style=\"margin-top: 0px;margin-bottom: 0px\"><div class=\"wpb_column vc_column_container vc_col-sm-12\"><div class=\"vc_column-inner\"><div class=\"wpb_wrapper\"><h2 style=\"text-align: center\" class=\"vc_custom_heading vc_do_custom_heading\" >The perfect guest shoes<\/h2><div class=\"vc_empty_space\"   style=\"height: 32px\"><span class=\"vc_empty_space_inner\"><\/span><\/div><\/div><\/div><\/div><\/div><div class=\"vc_row wpb_row vc_row-fluid dt-default\" style=\"margin-top: 0px;margin-bottom: 0px\"><div class=\"wpb_column vc_column_container vc_col-sm-12 vc_col-has-fill\"><div class=\"vc_column-inner vc_custom_1748354983438\"><div class=\"wpb_wrapper\">\n\t<div class=\"wpb_text_column wpb_content_element\" >\n\t\t<div class=\"wpb_wrapper\">\n\t\t\t<div class=\"wrapper-block-intro para-id-691 width-center left text text-alone text-left\">\n<div class=\"body\">\n<p class=\"text-align-center\" style=\"text-align: center;\">We explain everything to you, moms, moms-in-law, witnesses and wedding guests, on how to choose your shoes for your loved ones' wedding.<\/p>\n<p class=\"text-align-center\" style=\"text-align: center;\">It's hard to choose shoes when you're a guest, because you want a beautiful pair without overshadowing the bride, who remains the queen of the day.<\/p>\n<p class=\"text-align-center\" style=\"text-align: center;\">Here's our advice for choosing your wedding guest shoes!<\/p>\n<\/div>\n<\/div>\n\n\t\t<\/div>\n\t<\/div>\n<\/div><\/div><\/div><\/div><div class=\"vc_row wpb_row vc_row-fluid dt-default\" style=\"margin-top: 0px;margin-bottom: 0px\"><div class=\"wpb_column vc_column_container vc_col-sm-12\"><div class=\"vc_column-inner\"><div class=\"wpb_wrapper\"><div class=\"vc_empty_space\"   style=\"height: 32px\"><span class=\"vc_empty_space_inner\"><\/span><\/div><\/div><\/div><\/div><\/div><div class=\"vc_row wpb_row vc_row-fluid vc_row-o-equal-height vc_row-o-content-middle vc_row-flex\"><div class=\"wpb_column vc_column_container vc_col-sm-6\"><div class=\"vc_column-inner\"><div class=\"wpb_wrapper\">\n\t<div  class=\"wpb_single_image wpb_content_element vc_align_center\">\n\t\t\n\t\t<figure class=\"wpb_wrapper vc_figure\">\n\t\t\t<div class=\"vc_single_image-wrapper   vc_box_border_grey\"><img decoding=\"async\" width=\"500\" height=\"500\" data-src=\"https:\/\/dessinemoiunsoulier.com\/wp-content\/uploads\/2025\/05\/dmus_juin-126_0.jpg\" class=\"vc_single_image-img attachment-full lazyload\" alt=\"Charlotte in tea-pink suede leather\" title=\"Charlotte in tea-pink velvet\" data-srcset=\"https:\/\/dessinemoiunsoulier.com\/wp-content\/uploads\/2025\/05\/dmus_juin-126_0.jpg 500w, https:\/\/dessinemoiunsoulier.com\/wp-content\/uploads\/2025\/05\/dmus_juin-126_0-200x200.jpg 200w, https:\/\/dessinemoiunsoulier.com\/wp-content\/uploads\/2025\/05\/dmus_juin-126_0-300x300.jpg 300w, https:\/\/dessinemoiunsoulier.com\/wp-content\/uploads\/2025\/05\/dmus_juin-126_0-150x150.jpg 150w\" data-sizes=\"(max-width: 500px) 100vw, 500px\"  data-dt-location=\"https:\/\/dessinemoiunsoulier.com\/en\/mariage\/les-chaussures-dinvitees\/dmus_juin-126_0\/\" src=\"data:image\/svg+xml;base64,PHN2ZyB3aWR0aD0iMSIgaGVpZ2h0PSIxIiB4bWxucz0iaHR0cDovL3d3dy53My5vcmcvMjAwMC9zdmciPjwvc3ZnPg==\" style=\"--smush-placeholder-width: 500px; --smush-placeholder-aspect-ratio: 500\/500;\" \/><\/div>\n\t\t<\/figure>\n\t<\/div>\n<\/div><\/div><\/div><div class=\"wpb_column vc_column_container vc_col-sm-6\"><div class=\"vc_column-inner\"><div class=\"wpb_wrapper\">\n\t<div class=\"wpb_text_column wpb_content_element\" >\n\t\t<div class=\"wpb_wrapper\">\n\t\t\t<h3 class=\"title\" style=\"text-align: center;\">For mothers and mothers-in-law<\/h3>\n<p>&nbsp;<\/p>\n<p class=\"text-align-center\" style=\"text-align: center;\">On the big day, your child will be experiencing the most beautiful day of his or her life, and although the focus will be on the bride and groom, you'll be as close to them as possible.<\/p>\n<p class=\"text-align-center\" style=\"text-align: center;\">So you need a pair that stands out from the crowd!<\/p>\n<p class=\"text-align-center\" style=\"text-align: center;\">You've probably been at the forefront of wedding preparations, and will therefore be in great demand during the day. In addition to beautiful shoes, you'll need a pair that's comfortable to wear. Comfort means choosing the right heel height. That's why at Dessine moi un soulier, we offer 3 heel heights so you can have a pair that's comfortable to wear all day long. Your choice of height will depend on your heel-wearing habits.<\/p>\n<p class=\"text-align-center\" style=\"text-align: center;\">While our nude, white and powdery leathers are preferred by brides-to-be, our more colorful but sober leathers like coral or camel are chosen by moms.<\/p>\n<p class=\"text-align-center\" style=\"text-align: center;\">The shoes of the bride's mother are just as important as those of the bride. Many of our customers come to our boutique to try on shoes with their mothers, and each of them leaves with a pair!<\/p>\n\n\t\t<\/div>\n\t<\/div>\n<\/div><\/div><\/div><\/div><div class=\"vc_row wpb_row vc_row-fluid dt-default\" style=\"margin-top: 0px;margin-bottom: 0px\"><div class=\"wpb_column vc_column_container vc_col-sm-12\"><div class=\"vc_column-inner\"><div class=\"wpb_wrapper\"><div class=\"vc_empty_space\"   style=\"height: 32px\"><span class=\"vc_empty_space_inner\"><\/span><\/div><\/div><\/div><\/div><\/div><div class=\"vc_row wpb_row vc_row-fluid vc_row-o-equal-height vc_row-o-content-middle vc_row-flex\"><div class=\"wpb_column vc_column_container vc_col-sm-6\"><div class=\"vc_column-inner\"><div class=\"wpb_wrapper\">\n\t<div class=\"wpb_text_column wpb_content_element\" >\n\t\t<div class=\"wpb_wrapper\">\n\t\t\t<div class=\"body\">\n<h3 class=\"title\" style=\"text-align: center;\">For witnesses<\/h3>\n<p>&nbsp;<\/p>\n<p class=\"text-align-center\" style=\"text-align: center;\">If you're the best man at a wedding, your choice of shoes is also important.<\/p>\n<p class=\"text-align-center\" style=\"text-align: center;\">The couple may have chosen a color theme, the bride may have chosen the dress you'll wear.<\/p>\n<p class=\"text-align-center\" style=\"text-align: center;\">You can then ask her for advice, and think with her about what your shoes might look like. You can also consult with each other and with the other witnesses to come to an agreement.<\/p>\n<p class=\"text-align-center\" style=\"text-align: center;\">Our wide choice of leathers will allow you to stay in the same tones, while having different pairs.<\/p>\n<p class=\"link\" style=\"text-align: center;\"><a href=\"https:\/\/dessinemoiunsoulier.com\/en\/echantillons-matiere\/\">Discover our leathers<\/a><\/p>\n<\/div>\n<div class=\"wrapper-img\" style=\"text-align: center;\"><\/div>\n\n\t\t<\/div>\n\t<\/div>\n<\/div><\/div><\/div><div class=\"wpb_column vc_column_container vc_col-sm-6\"><div class=\"vc_column-inner\"><div class=\"wpb_wrapper\">\n\t<div  class=\"wpb_single_image wpb_content_element vc_align_center\">\n\t\t\n\t\t<figure class=\"wpb_wrapper vc_figure\">\n\t\t\t<div class=\"vc_single_image-wrapper   vc_box_border_grey\"><img decoding=\"async\" width=\"500\" height=\"500\" data-src=\"https:\/\/dessinemoiunsoulier.com\/wp-content\/uploads\/2025\/05\/dmus_avril-122.jpg\" class=\"vc_single_image-img attachment-full lazyload\" alt=\"Old pink velvet and caviar pumps\" title=\"Old pink velvet pump\" data-srcset=\"https:\/\/dessinemoiunsoulier.com\/wp-content\/uploads\/2025\/05\/dmus_avril-122.jpg 500w, https:\/\/dessinemoiunsoulier.com\/wp-content\/uploads\/2025\/05\/dmus_avril-122-200x200.jpg 200w, https:\/\/dessinemoiunsoulier.com\/wp-content\/uploads\/2025\/05\/dmus_avril-122-300x300.jpg 300w, https:\/\/dessinemoiunsoulier.com\/wp-content\/uploads\/2025\/05\/dmus_avril-122-150x150.jpg 150w\" data-sizes=\"(max-width: 500px) 100vw, 500px\"  data-dt-location=\"https:\/\/dessinemoiunsoulier.com\/en\/mariage\/les-chaussures-dinvitees\/dmus_avril-122-2\/\" src=\"data:image\/svg+xml;base64,PHN2ZyB3aWR0aD0iMSIgaGVpZ2h0PSIxIiB4bWxucz0iaHR0cDovL3d3dy53My5vcmcvMjAwMC9zdmciPjwvc3ZnPg==\" style=\"--smush-placeholder-width: 500px; --smush-placeholder-aspect-ratio: 500\/500;\" \/><\/div>\n\t\t<\/figure>\n\t<\/div>\n<\/div><\/div><\/div><\/div><div class=\"vc_row wpb_row vc_row-fluid dt-default\" style=\"margin-top: 0px;margin-bottom: 0px\"><div class=\"wpb_column vc_column_container vc_col-sm-12\"><div class=\"vc_column-inner\"><div class=\"wpb_wrapper\"><div class=\"vc_empty_space\"   style=\"height: 32px\"><span class=\"vc_empty_space_inner\"><\/span><\/div><\/div><\/div><\/div><\/div><div class=\"vc_row wpb_row vc_row-fluid vc_row-o-equal-height vc_row-o-content-middle vc_row-flex\"><div class=\"wpb_column vc_column_container vc_col-sm-6\"><div class=\"vc_column-inner\"><div class=\"wpb_wrapper\">\n\t<div  class=\"wpb_single_image wpb_content_element vc_align_center\">\n\t\t\n\t\t<figure class=\"wpb_wrapper vc_figure\">\n\t\t\t<div class=\"vc_single_image-wrapper   vc_box_border_grey\"><img decoding=\"async\" width=\"500\" height=\"500\" data-src=\"https:\/\/dessinemoiunsoulier.com\/wp-content\/uploads\/2025\/05\/dmus_oct_24-185_0.jpg\" class=\"vc_single_image-img attachment-full lazyload\" alt=\"Champagne iridescent leather bow\" title=\"Champagne iridescent bow\" data-srcset=\"https:\/\/dessinemoiunsoulier.com\/wp-content\/uploads\/2025\/05\/dmus_oct_24-185_0.jpg 500w, https:\/\/dessinemoiunsoulier.com\/wp-content\/uploads\/2025\/05\/dmus_oct_24-185_0-200x200.jpg 200w, https:\/\/dessinemoiunsoulier.com\/wp-content\/uploads\/2025\/05\/dmus_oct_24-185_0-300x300.jpg 300w, https:\/\/dessinemoiunsoulier.com\/wp-content\/uploads\/2025\/05\/dmus_oct_24-185_0-150x150.jpg 150w\" data-sizes=\"(max-width: 500px) 100vw, 500px\"  data-dt-location=\"https:\/\/dessinemoiunsoulier.com\/en\/mariage\/les-chaussures-dinvitees\/dmus_oct_24-185_0\/\" src=\"data:image\/svg+xml;base64,PHN2ZyB3aWR0aD0iMSIgaGVpZ2h0PSIxIiB4bWxucz0iaHR0cDovL3d3dy53My5vcmcvMjAwMC9zdmciPjwvc3ZnPg==\" style=\"--smush-placeholder-width: 500px; --smush-placeholder-aspect-ratio: 500\/500;\" \/><\/div>\n\t\t<\/figure>\n\t<\/div>\n<\/div><\/div><\/div><div class=\"wpb_column vc_column_container vc_col-sm-6\"><div class=\"vc_column-inner\"><div class=\"wpb_wrapper\">\n\t<div class=\"wpb_text_column wpb_content_element\" >\n\t\t<div class=\"wpb_wrapper\">\n\t\t\t<div class=\"body\">\n<h3 class=\"title\" style=\"text-align: center;\">For guests<\/h3>\n<p>&nbsp;<\/p>\n<p class=\"text-align-center\" style=\"text-align: center;\">Choosing shoes for your loved ones' wedding is simpler if you don't fall into any of the categories detailed above.<\/p>\n<p class=\"text-align-center\" style=\"text-align: center;\">In your case, the choice is endless! You can create the pair you want. From flat wedding shoes to heels, open or closed, white, black or colored, the choice is yours!<\/p>\n<p class=\"text-align-center\" style=\"text-align: center;\">There's a question that comes up a lot when you come to see us: what shoes to choose when wearing a black dress to a wedding. You don't have to choose black to go with it! We advise you to break the sobriety of the dress and opt for sequins or other colors.<\/p>\n<p class=\"text-align-center\" style=\"text-align: center;\">A great way to choose shoes for a wedding is to match them with accessories. There's nothing more elegant than having a clutch bag or hair clip to match your shoes. At Dessine moi un soulier, we offer you the chance to personalize your pouches to match your shoes. On our pouches, you can personalize the front, the flap and the back. The combinations are endless! The clutch bag is the ideal accessory for a wedding day. It allows you to carry your personal belongings in style. Our clutches can be carried by hand, but we can also add a chain so you can wear them on your shoulder.<\/p>\n<p class=\"text-align-center\" style=\"text-align: center;\">We don't just offer clutches as accessories. You can also buy a barrette or brooch to match your other accessories!<\/p>\n<p class=\"text-align-center\" style=\"text-align: center;\">Don't hesitate, when you order a pair of shoes, also order other accessories and we'll deliver both at the same time!<\/p>\n<p class=\"link\" style=\"text-align: center;\"><a href=\"https:\/\/dessinemoiunsoulier.com\/en\/creez-vos-accessoires\/\">Accessories<\/a><\/p>\n<\/div>\n<div class=\"wrapper-img\" style=\"text-align: center;\"><\/div>\n\n\t\t<\/div>\n\t<\/div>\n<\/div><\/div><\/div><\/div><div class=\"vc_row wpb_row vc_row-fluid dt-default\" style=\"margin-top: 0px;margin-bottom: 0px\"><div class=\"wpb_column vc_column_container vc_col-sm-12\"><div class=\"vc_column-inner\"><div class=\"wpb_wrapper\"><div class=\"vc_empty_space\"   style=\"height: 32px\"><span class=\"vc_empty_space_inner\"><\/span><\/div><\/div><\/div><\/div><\/div><div class=\"vc_row wpb_row vc_row-fluid dt-default\" style=\"margin-top: 0px;margin-bottom: 0px\"><div class=\"wpb_column vc_column_container vc_col-sm-12\"><div class=\"vc_column-inner\"><div class=\"wpb_wrapper\">\n\t<div class=\"wpb_text_column wpb_content_element\" >\n\t\t<div class=\"wpb_wrapper\">\n\t\t\t<p style=\"text-align: center;\">In a nutshell:<\/p>\n<p style=\"text-align: center;\">Here are all\u00a0<a href=\"https:\/\/dessinemoiunsoulier.com\/en\/chaussure-mariage-femme\/which-shoes-to-choose-with-which-wedding-dress-style\/\">our tips for choosing women's wedding shoes to match your wedding dress.<\/a><\/p>\n<p style=\"text-align: center;\"><a href=\"https:\/\/dessinemoiunsoulier.com\/en\/chaussure-mariage-femme\/ultimate-wedding-shoe-guide\/\">Discover our ULTIMATE GUIDE for the creation of your women's wedding shoes<\/a>.<\/p>\n<p style=\"text-align: center;\"><a href=\"https:\/\/dessinemoiunsoulier.com\/en\/chaussure-mariage-femme\/womens-formal-shoes\/\">Find all our tips here<\/a>\u00a0to create the perfect women's formal shoes.<\/p>\n<p style=\"text-align: center;\">The guests are not to be outdone:\u00a0<a href=\"https:\/\/dessinemoiunsoulier.com\/en\/chaussure-mariage-femme\/dinvitees-shoes\/\">discover our guest shoes<\/a>\u00a0(bridesmaids, witnesses...)<\/p>\n<p style=\"text-align: center;\">Dare to be comfortable\u00a0<a href=\"https:\/\/dessinemoiunsoulier.com\/en\/chaussure-mariage-femme\/personalized-wedding-sneakers\/\">discover our personalized women's wedding sneakers!<\/a><\/p>\n<p style=\"text-align: center;\">That is, if you don't want to create,\u00a0<a href=\"https:\/\/dessinemoiunsoulier.com\/en\/collection-mariee\/\">discover our Bridal Collection.<\/a><\/p>\n\n\t\t<\/div>\n\t<\/div>\n<\/div><\/div><\/div><\/div>\n<\/div>","protected":false},"excerpt":{"rendered":"<p>Les chaussures d&rsquo;invit\u00e9s parfaites On explique tout \u00e0 vous, mamans, belles-mamans, t\u00e9moins et invit\u00e9es de mariage, sur comment choisir vos chaussures pour le mariage de vos proches. Il est difficile de choisir ses chaussures lorsqu\u2019on est invit\u00e9e car on veut une belle paire sans faire de l\u2019ombre \u00e0 la mari\u00e9e qui reste la reine de&hellip;<\/p>","protected":false},"author":1,"featured_media":0,"parent":57150,"menu_order":0,"comment_status":"open","ping_status":"closed","template":"","meta":{"footnotes":""},"class_list":["post-62165","page","type-page","status-publish","hentry","description-off"],"yoast_head":"<!-- This site is optimized with the Yoast SEO Premium plugin v22.1 (Yoast SEO v27.2) - https:\/\/yoast.com\/product\/yoast-seo-premium-wordpress\/ -->\n<title>Les chaussures d&#039;invit\u00e9es | Dessine-moi un soulier<\/title>\n<meta name=\"description\" content=\"On explique tout \u00e0 vous, les invit\u00e9es de mariage, sur comment choisir vos chaussures pour le mariage de vos proches.\" \/>\n<meta name=\"robots\" content=\"index, follow, max-snippet:-1, max-image-preview:large, max-video-preview:-1\" \/>\n<link rel=\"canonical\" href=\"https:\/\/dessinemoiunsoulier.com\/en\/wedding\/dinvitees-shoes\/\" \/>\n<meta property=\"og:locale\" content=\"en_US\" \/>\n<meta property=\"og:type\" content=\"article\" \/>\n<meta property=\"og:title\" content=\"Les chaussures d&#039;invit\u00e9es\" \/>\n<meta property=\"og:description\" content=\"On explique tout \u00e0 vous, les invit\u00e9es de mariage, sur comment choisir vos chaussures pour le mariage de vos proches.\" \/>\n<meta property=\"og:url\" content=\"https:\/\/dessinemoiunsoulier.com\/en\/wedding\/dinvitees-shoes\/\" \/>\n<meta property=\"og:site_name\" content=\"Dessine-moi un soulier\" \/>\n<meta property=\"article:publisher\" content=\"https:\/\/www.facebook.com\/dessinemoiunsoulier\/\" \/>\n<meta property=\"article:modified_time\" content=\"2025-07-25T11:03:09+00:00\" \/>\n<meta name=\"twitter:card\" content=\"summary_large_image\" \/>\n<meta name=\"twitter:label1\" content=\"Est. reading time\" \/>\n\t<meta name=\"twitter:data1\" content=\"5 minutes\" \/>\n<script type=\"application\/ld+json\" class=\"yoast-schema-graph\">{\"@context\":\"https:\/\/schema.org\",\"@graph\":[{\"@type\":\"WebPage\",\"@id\":\"https:\/\/dessinemoiunsoulier.com\/mariage\/les-chaussures-dinvitees\/\",\"url\":\"https:\/\/dessinemoiunsoulier.com\/mariage\/les-chaussures-dinvitees\/\",\"name\":\"Les chaussures d'invit\u00e9es | Dessine-moi un soulier\",\"isPartOf\":{\"@id\":\"https:\/\/dessinemoiunsoulier.com\/#website\"},\"datePublished\":\"2025-05-23T11:03:40+00:00\",\"dateModified\":\"2025-07-25T11:03:09+00:00\",\"description\":\"On explique tout \u00e0 vous, les invit\u00e9es de mariage, sur comment choisir vos chaussures pour le mariage de vos proches.\",\"breadcrumb\":{\"@id\":\"https:\/\/dessinemoiunsoulier.com\/mariage\/les-chaussures-dinvitees\/#breadcrumb\"},\"inLanguage\":\"en-US\",\"potentialAction\":[{\"@type\":\"ReadAction\",\"target\":[\"https:\/\/dessinemoiunsoulier.com\/mariage\/les-chaussures-dinvitees\/\"]}]},{\"@type\":\"BreadcrumbList\",\"@id\":\"https:\/\/dessinemoiunsoulier.com\/mariage\/les-chaussures-dinvitees\/#breadcrumb\",\"itemListElement\":[{\"@type\":\"ListItem\",\"position\":1,\"name\":\"Accueil\",\"item\":\"https:\/\/dessinemoiunsoulier.com\/\"},{\"@type\":\"ListItem\",\"position\":2,\"name\":\"Choisir ses chaussures de mariage\",\"item\":\"https:\/\/dessinemoiunsoulier.com\/mariage\/\"},{\"@type\":\"ListItem\",\"position\":3,\"name\":\"Les chaussures d&rsquo;invit\u00e9es\"}]},{\"@type\":\"WebSite\",\"@id\":\"https:\/\/dessinemoiunsoulier.com\/#website\",\"url\":\"https:\/\/dessinemoiunsoulier.com\/\",\"name\":\"Dessine-moi un soulier\",\"description\":\"Dessine-moi un soulier : chaussures personnalis\u00e9es\",\"publisher\":{\"@id\":\"https:\/\/dessinemoiunsoulier.com\/#organization\"},\"potentialAction\":[{\"@type\":\"SearchAction\",\"target\":{\"@type\":\"EntryPoint\",\"urlTemplate\":\"https:\/\/dessinemoiunsoulier.com\/?s={search_term_string}\"},\"query-input\":{\"@type\":\"PropertyValueSpecification\",\"valueRequired\":true,\"valueName\":\"search_term_string\"}}],\"inLanguage\":\"en-US\"},{\"@type\":\"Organization\",\"@id\":\"https:\/\/dessinemoiunsoulier.com\/#organization\",\"name\":\"Dessine-moi un soulier\",\"url\":\"https:\/\/dessinemoiunsoulier.com\/\",\"logo\":{\"@type\":\"ImageObject\",\"inLanguage\":\"en-US\",\"@id\":\"https:\/\/dessinemoiunsoulier.com\/#\/schema\/logo\/image\/\",\"url\":\"https:\/\/dessinemoiunsoulier.com\/wp-content\/uploads\/2025\/07\/Logo-Dessine-moi-un-soulier-GROS-CADRE.png\",\"contentUrl\":\"https:\/\/dessinemoiunsoulier.com\/wp-content\/uploads\/2025\/07\/Logo-Dessine-moi-un-soulier-GROS-CADRE.png\",\"width\":709,\"height\":142,\"caption\":\"Dessine-moi un soulier\"},\"image\":{\"@id\":\"https:\/\/dessinemoiunsoulier.com\/#\/schema\/logo\/image\/\"},\"sameAs\":[\"https:\/\/www.facebook.com\/dessinemoiunsoulier\/\",\"https:\/\/www.instagram.com\/dessinemoiunsoulier\/\",\"https:\/\/fr.pinterest.com\/dessinemoiunsoulier\/\"]}]}<\/script>\n<!-- \/ Yoast SEO Premium plugin. -->","yoast_head_json":{"title":"Guest shoes | Draw me a shoe","description":"We explain everything to you, the wedding guests, about how to choose your shoes for your loved ones' wedding.","robots":{"index":"index","follow":"follow","max-snippet":"max-snippet:-1","max-image-preview":"max-image-preview:large","max-video-preview":"max-video-preview:-1"},"canonical":"https:\/\/dessinemoiunsoulier.com\/en\/wedding\/dinvitees-shoes\/","og_locale":"en_US","og_type":"article","og_title":"Les chaussures d'invit\u00e9es","og_description":"On explique tout \u00e0 vous, les invit\u00e9es de mariage, sur comment choisir vos chaussures pour le mariage de vos proches.","og_url":"https:\/\/dessinemoiunsoulier.com\/en\/wedding\/dinvitees-shoes\/","og_site_name":"Dessine-moi un soulier","article_publisher":"https:\/\/www.facebook.com\/dessinemoiunsoulier\/","article_modified_time":"2025-07-25T11:03:09+00:00","twitter_card":"summary_large_image","twitter_misc":{"Est. reading time":"5 minutes"},"schema":{"@context":"https:\/\/schema.org","@graph":[{"@type":"WebPage","@id":"https:\/\/dessinemoiunsoulier.com\/mariage\/les-chaussures-dinvitees\/","url":"https:\/\/dessinemoiunsoulier.com\/mariage\/les-chaussures-dinvitees\/","name":"Guest shoes | Draw me a shoe","isPartOf":{"@id":"https:\/\/dessinemoiunsoulier.com\/#website"},"datePublished":"2025-05-23T11:03:40+00:00","dateModified":"2025-07-25T11:03:09+00:00","description":"We explain everything to you, the wedding guests, about how to choose your shoes for your loved ones' wedding.","breadcrumb":{"@id":"https:\/\/dessinemoiunsoulier.com\/mariage\/les-chaussures-dinvitees\/#breadcrumb"},"inLanguage":"en-US","potentialAction":[{"@type":"ReadAction","target":["https:\/\/dessinemoiunsoulier.com\/mariage\/les-chaussures-dinvitees\/"]}]},{"@type":"BreadcrumbList","@id":"https:\/\/dessinemoiunsoulier.com\/mariage\/les-chaussures-dinvitees\/#breadcrumb","itemListElement":[{"@type":"ListItem","position":1,"name":"Accueil","item":"https:\/\/dessinemoiunsoulier.com\/"},{"@type":"ListItem","position":2,"name":"Choisir ses chaussures de mariage","item":"https:\/\/dessinemoiunsoulier.com\/mariage\/"},{"@type":"ListItem","position":3,"name":"Les chaussures d&rsquo;invit\u00e9es"}]},{"@type":"WebSite","@id":"https:\/\/dessinemoiunsoulier.com\/#website","url":"https:\/\/dessinemoiunsoulier.com\/","name":"Dessine-moi un soulier","description":"Draw me a shoe: personalized shoes","publisher":{"@id":"https:\/\/dessinemoiunsoulier.com\/#organization"},"potentialAction":[{"@type":"SearchAction","target":{"@type":"EntryPoint","urlTemplate":"https:\/\/dessinemoiunsoulier.com\/?s={search_term_string}"},"query-input":{"@type":"PropertyValueSpecification","valueRequired":true,"valueName":"search_term_string"}}],"inLanguage":"en-US"},{"@type":"Organization","@id":"https:\/\/dessinemoiunsoulier.com\/#organization","name":"Dessine-moi un soulier","url":"https:\/\/dessinemoiunsoulier.com\/","logo":{"@type":"ImageObject","inLanguage":"en-US","@id":"https:\/\/dessinemoiunsoulier.com\/#\/schema\/logo\/image\/","url":"https:\/\/dessinemoiunsoulier.com\/wp-content\/uploads\/2025\/07\/Logo-Dessine-moi-un-soulier-GROS-CADRE.png","contentUrl":"https:\/\/dessinemoiunsoulier.com\/wp-content\/uploads\/2025\/07\/Logo-Dessine-moi-un-soulier-GROS-CADRE.png","width":709,"height":142,"caption":"Dessine-moi un soulier"},"image":{"@id":"https:\/\/dessinemoiunsoulier.com\/#\/schema\/logo\/image\/"},"sameAs":["https:\/\/www.facebook.com\/dessinemoiunsoulier\/","https:\/\/www.instagram.com\/dessinemoiunsoulier\/","https:\/\/fr.pinterest.com\/dessinemoiunsoulier\/"]}]}},"_links":{"self":[{"href":"https:\/\/dessinemoiunsoulier.com\/en\/wp-json\/wp\/v2\/pages\/62165","targetHints":{"allow":["GET"]}}],"collection":[{"href":"https:\/\/dessinemoiunsoulier.com\/en\/wp-json\/wp\/v2\/pages"}],"about":[{"href":"https:\/\/dessinemoiunsoulier.com\/en\/wp-json\/wp\/v2\/types\/page"}],"author":[{"embeddable":true,"href":"https:\/\/dessinemoiunsoulier.com\/en\/wp-json\/wp\/v2\/users\/1"}],"replies":[{"embeddable":true,"href":"https:\/\/dessinemoiunsoulier.com\/en\/wp-json\/wp\/v2\/comments?post=62165"}],"version-history":[{"count":8,"href":"https:\/\/dessinemoiunsoulier.com\/en\/wp-json\/wp\/v2\/pages\/62165\/revisions"}],"predecessor-version":[{"id":91412,"href":"https:\/\/dessinemoiunsoulier.com\/en\/wp-json\/wp\/v2\/pages\/62165\/revisions\/91412"}],"up":[{"embeddable":true,"href":"https:\/\/dessinemoiunsoulier.com\/en\/wp-json\/wp\/v2\/pages\/57150"}],"wp:attachment":[{"href":"https:\/\/dessinemoiunsoulier.com\/en\/wp-json\/wp\/v2\/media?parent=62165"}],"curies":[{"name":"wp","href":"https:\/\/api.w.org\/{rel}","templated":true}]}}