{"id":62159,"date":"2025-05-23T11:03:34","date_gmt":"2025-05-23T11:03:34","guid":{"rendered":"https:\/\/dessinemoiunsoulier.com\/?page_id=62159"},"modified":"2025-08-03T13:21:08","modified_gmt":"2025-08-03T13:21:08","slug":"wedding-shoes-square-heel","status":"publish","type":"page","link":"https:\/\/dessinemoiunsoulier.com\/en\/mariage\/chaussure-mariee-talon-carre\/","title":{"rendered":"Square heel bridal shoe"},"content":{"rendered":"<div class=\"wpb-content-wrapper\"><div data-vc-full-width=\"true\" data-vc-full-width-temp=\"true\" data-vc-full-width-init=\"false\" class=\"vc_row wpb_row vc_row-fluid vc_custom_1749650879992 vc_row-has-fill\"><div class=\"wpb_column vc_column_container vc_col-sm-12\"><div class=\"vc_column-inner\"><div class=\"wpb_wrapper\">\n\t<div class=\"wpb_text_column wpb_content_element\" >\n\t\t<div class=\"wpb_wrapper\">\n\t\t\t<div class=\"wrapper-block-intro para-id-2180 width-center left text text-alone text-left\">\n<div class=\"body\">\n<p style=\"text-align: center;\">A real bestseller at Dessine-moi un soulier, square heels are our iconic shoes, for every day or for a wedding!<\/p>\n<p style=\"text-align: center;\">In fact, their resolutely modern curves combined with unrivalled comfort make them our favorites, from pumps to ankle boots.<\/p>\n<\/div>\n<\/div>\n\n\t\t<\/div>\n\t<\/div>\n<\/div><\/div><\/div><\/div><div class=\"vc_row-full-width vc_clearfix\"><\/div><div class=\"vc_row wpb_row vc_row-fluid dt-default\" style=\"margin-top: 0px;margin-bottom: 0px\"><div class=\"wpb_column vc_column_container vc_col-sm-12\"><div class=\"vc_column-inner\"><div class=\"wpb_wrapper\"><div class=\"vc_empty_space\"   style=\"height: 32px\"><span class=\"vc_empty_space_inner\"><\/span><\/div><\/div><\/div><\/div><\/div><div class=\"vc_row wpb_row vc_row-fluid vc_row-o-equal-height vc_row-o-content-middle vc_row-flex\"><div class=\"wpb_column vc_column_container vc_col-sm-6\"><div class=\"vc_column-inner\"><div class=\"wpb_wrapper\">\n\t<div  class=\"wpb_single_image wpb_content_element vc_align_center\">\n\t\t\n\t\t<figure class=\"wpb_wrapper vc_figure\">\n\t\t\t<div class=\"vc_single_image-wrapper   vc_box_border_grey\"><img decoding=\"async\" width=\"500\" height=\"500\" data-src=\"https:\/\/dessinemoiunsoulier.com\/wp-content\/uploads\/2025\/06\/dmus_fev-078.jpg\" class=\"vc_single_image-img attachment-full lazyload\" alt=\"Iridescent leather and champagne glitter pump\" title=\"Iridescent and glitter champagne pumps\" data-srcset=\"https:\/\/dessinemoiunsoulier.com\/wp-content\/uploads\/2025\/06\/dmus_fev-078.jpg 500w, https:\/\/dessinemoiunsoulier.com\/wp-content\/uploads\/2025\/06\/dmus_fev-078-200x200.jpg 200w, https:\/\/dessinemoiunsoulier.com\/wp-content\/uploads\/2025\/06\/dmus_fev-078-300x300.jpg 300w, https:\/\/dessinemoiunsoulier.com\/wp-content\/uploads\/2025\/06\/dmus_fev-078-150x150.jpg 150w\" data-sizes=\"(max-width: 500px) 100vw, 500px\"  data-dt-location=\"https:\/\/dessinemoiunsoulier.com\/en\/mariage\/chaussure-mariee-talon-carre\/dmus_fev-078\/\" src=\"data:image\/svg+xml;base64,PHN2ZyB3aWR0aD0iMSIgaGVpZ2h0PSIxIiB4bWxucz0iaHR0cDovL3d3dy53My5vcmcvMjAwMC9zdmciPjwvc3ZnPg==\" style=\"--smush-placeholder-width: 500px; --smush-placeholder-aspect-ratio: 500\/500;\" \/><\/div>\n\t\t<\/figure>\n\t<\/div>\n<\/div><\/div><\/div><div class=\"wpb_column vc_column_container vc_col-sm-6\"><div class=\"vc_column-inner\"><div class=\"wpb_wrapper\">\n\t<div class=\"wpb_text_column wpb_content_element\" >\n\t\t<div class=\"wpb_wrapper\">\n\t\t\t<h3 class=\"title\" style=\"text-align: center;\">Our different square heels<\/h3>\n<p style=\"text-align: center;\">Our square heels come in all heights, with or without platforms, for very different styles and comfort levels. Here's a quick guide to recognizing them:<\/p>\n<p style=\"text-align: center;\"><strong>Our 6 cm heel:<\/strong> A small, ultra-modern heel, it gives all your creations a slightly 70's \"baby\" effect that we love. And with its unrivalled comfort, it gives you the impression of lying flat in heels!<\/p>\n<p style=\"text-align: center;\"><strong>Our 8 cm heel:<\/strong> Our intermediary, straight, modern, slender. Thanks to its reasonable arch, it lifts your legs and lets you combine it with all dress styles, whether bohemian, chic princess or mermaid.<\/p>\n<p style=\"text-align: center;\"><strong>Our 8 cm platform heel:<\/strong> our illusionist. Thanks to its 1.5 cm front runner, it offers 6 cm of camber, while retaining its 8 cm height! Perfect for brides who want to gain height without suffering the consequences. If you're a bride not used to heels, this one's for you!<\/p>\n<p style=\"text-align: center;\"><strong>Our 10 cm heel:<\/strong> our ultra-modern, ultra-sexy heel. It gives you the leg of a goddess, and lets you wear split wedding dresses with a perfectly shapely leg!<\/p>\n<p style=\"text-align: center;\"><strong>Our 10 cm platform heel:<\/strong> our second illusionist, which requires a little more mastery than its 8 cm cousin. In fact, thanks to its front skate, it offers an 8 cm camber, so you'll still need to master the art of walking in heels!<\/p>\n<p style=\"text-align: center;\">Visit <a href=\"https:\/\/dessinemoiunsoulier.com\/en\/heel-guide\/\">photos of all our heels here.<\/a><\/p>\n<p class=\"link\" style=\"text-align: center;\"><a href=\"\/en\/heel-guide\/\">Heel guide<\/a><\/p>\n\n\t\t<\/div>\n\t<\/div>\n<\/div><\/div><\/div><\/div><div class=\"vc_row wpb_row vc_row-fluid dt-default\" style=\"margin-top: 0px;margin-bottom: 0px\"><div class=\"wpb_column vc_column_container vc_col-sm-12\"><div class=\"vc_column-inner\"><div class=\"wpb_wrapper\"><div class=\"vc_empty_space\"   style=\"height: 32px\"><span class=\"vc_empty_space_inner\"><\/span><\/div><\/div><\/div><\/div><\/div><div class=\"vc_row wpb_row vc_row-fluid vc_row-o-equal-height vc_row-o-content-middle vc_row-flex\"><div class=\"wpb_column vc_column_container vc_col-sm-6\"><div class=\"vc_column-inner\"><div class=\"wpb_wrapper\">\n\t<div class=\"wpb_text_column wpb_content_element\" >\n\t\t<div class=\"wpb_wrapper\">\n\t\t\t<h3 class=\"title\" style=\"text-align: center;\">The advantages of the square heel:<\/h3>\n<p style=\"text-align: center;\">As we explained in our page on different heels, it's very important to choose your heel thickness according to where you'll be holding your ceremony.<\/p>\n<p style=\"text-align: center;\">Indeed, for a wedding in a hall or in a ch\u00e2teau, you can afford any thickness of heel, including stilettos.<\/p>\n<p style=\"text-align: center;\">For a cocktail party on the grass, choose our square heels in all heights. In fact, if you wear stilettos, you run the risk of sinking for the whole ceremony! Thanks to their wide, stable toe, you'll have peace of mind for the whole evening.<\/p>\n<p style=\"text-align: center;\">For a ceremony in gravel or sand, we recommend our 6 or 8 cm square heels, so you can move around easily.<\/p>\n<p style=\"text-align: center;\">Get inspired: <a href=\"https:\/\/dessinemoiunsoulier.com\/en\/collection-mariee\/\">discover our wedding collection<\/a><\/p>\n<p style=\"text-align: center;\">Want to <a href=\"https:\/\/dessinemoiunsoulier.com\/en\/design-your-own-shoes\/\">create your wedding shoes here.<\/a><\/p>\n<p style=\"text-align: center;\">Find out more about <a href=\"https:\/\/dessinemoiunsoulier.com\/en\/our-expertise-customization\/\">our manufacturing secrets here.<\/a><\/p>\n<p class=\"link\" style=\"text-align: center;\"><a href=\"https:\/\/dessinemoiunsoulier.com\/en\/try-on-shoes-draw-me-a-shoe\/\">Get advice<\/a><\/p>\n\n\t\t<\/div>\n\t<\/div>\n<\/div><\/div><\/div><div class=\"wpb_column vc_column_container vc_col-sm-6\"><div class=\"vc_column-inner\"><div class=\"wpb_wrapper\">\n\t<div  class=\"wpb_single_image wpb_content_element vc_align_center\">\n\t\t\n\t\t<figure class=\"wpb_wrapper vc_figure\">\n\t\t\t<div class=\"vc_single_image-wrapper   vc_box_border_grey\"><img decoding=\"async\" width=\"500\" height=\"500\" data-src=\"https:\/\/dessinemoiunsoulier.com\/wp-content\/uploads\/2025\/06\/dmus_juin-139_0.jpg\" class=\"vc_single_image-img attachment-full lazyload\" alt=\"Salom\u00e9 in iridescent leather and fine champagne sequins\" title=\"Salom\u00e9 in iridescent and fine champagne sequins\" data-srcset=\"https:\/\/dessinemoiunsoulier.com\/wp-content\/uploads\/2025\/06\/dmus_juin-139_0.jpg 500w, https:\/\/dessinemoiunsoulier.com\/wp-content\/uploads\/2025\/06\/dmus_juin-139_0-200x200.jpg 200w, https:\/\/dessinemoiunsoulier.com\/wp-content\/uploads\/2025\/06\/dmus_juin-139_0-300x300.jpg 300w, https:\/\/dessinemoiunsoulier.com\/wp-content\/uploads\/2025\/06\/dmus_juin-139_0-150x150.jpg 150w\" data-sizes=\"(max-width: 500px) 100vw, 500px\"  data-dt-location=\"https:\/\/dessinemoiunsoulier.com\/en\/mariage\/chaussure-mariee-talon-carre\/dmus_juin-139_0\/\" src=\"data:image\/svg+xml;base64,PHN2ZyB3aWR0aD0iMSIgaGVpZ2h0PSIxIiB4bWxucz0iaHR0cDovL3d3dy53My5vcmcvMjAwMC9zdmciPjwvc3ZnPg==\" style=\"--smush-placeholder-width: 500px; --smush-placeholder-aspect-ratio: 500\/500;\" \/><\/div>\n\t\t<\/figure>\n\t<\/div>\n<\/div><\/div><\/div><\/div><div class=\"vc_row wpb_row vc_row-fluid dt-default\" style=\"margin-top: 0px;margin-bottom: 0px\"><div class=\"wpb_column vc_column_container vc_col-sm-12\"><div class=\"vc_column-inner\"><div class=\"wpb_wrapper\"><div class=\"vc_empty_space\"   style=\"height: 32px\"><span class=\"vc_empty_space_inner\"><\/span><\/div><\/div><\/div><\/div><\/div><div class=\"vc_row wpb_row vc_row-fluid dt-default\" style=\"margin-top: 0px;margin-bottom: 0px\"><div class=\"wpb_column vc_column_container vc_col-sm-12\"><div class=\"vc_column-inner\"><div class=\"wpb_wrapper\">\n\t<div class=\"wpb_text_column wpb_content_element\" >\n\t\t<div class=\"wpb_wrapper\">\n\t\t\t<p style=\"text-align: center;\">In a nutshell:<\/p>\n<p style=\"text-align: center;\">You can create bridal shoes with flats or low heels,<a href=\"\/en\/wedding-shoes\/wedding-shoes-flat-or-with-small-heels\/\"> find our tips here.<\/a><\/p>\n<p style=\"text-align: center;\">You can create high-heeled bridal shoes, <a href=\"\/en\/wedding-shoes\/high-heel-wedding-shoes\/\">find our tips here<\/a>.<\/p>\n<p style=\"text-align: center;\">You can create colorful bridal shoes, <a href=\"\/en\/wedding-shoes\/our-colorful-bridal-shoes\/\">find our tips here<\/a>.<\/p>\n<p style=\"text-align: center;\">Your comfort is our priority. Find out all about our tips for <a href=\"\/en\/wedding-shoes\/comfortable-wedding-shoes\/\">comfortable bridal shoes here.<\/a><\/p>\n<p style=\"text-align: center;\">You can create golden bridal shoes, <a href=\"\/en\/wedding-shoes\/gilded-bridal-shoes\/\">find our tips here.<\/a><\/p>\n<p style=\"text-align: center;\">You can create more traditional bridal shoes in white or ivory. <a href=\"\/en\/wedding-shoes\/our-white-and-ivory-bridal-shoes\/\">Read our tips here.<\/a><\/p>\n<p style=\"text-align: center;\">You can design your bridal shoes to match your wedding theme. <a href=\"https:\/\/dessinemoiunsoulier.com\/en\/wedding-shoes\/chaussures-mariees-boheme\/\">Find here our tips for the Bohemian theme.<\/a><\/p>\n<p style=\"text-align: center;\">Worried about stability? Design your own square-heeled bridal shoes! <a href=\"\/en\/wedding-shoes\/wedding-shoes-square-heel\/\">Read our tips here.<\/a><\/p>\n<p style=\"text-align: center;\">Not sure which heel to choose?<a href=\"\/en\/wedding-shoes\/wedding-shoes-heels\/\"> Find our bridal heels here.<\/a><\/p>\n<p style=\"text-align: center;\">Need high-heeled shoes, <a href=\"\/en\/wedding-shoes\/high-heel-wedding-shoes\/\">find our tips here.<\/a><\/p>\n<p style=\"text-align: center;\">No desire to personalize: <a href=\"https:\/\/dessinemoiunsoulier.com\/en\/collection-mariee\/\">discover our Bridal Collection here.<\/a><\/p>\n\n\t\t<\/div>\n\t<\/div>\n<\/div><\/div><\/div><\/div>\n<\/div>","protected":false},"excerpt":{"rendered":"<p>A real bestseller at Dessine-moi un soulier, square heels are our iconic shoes, whether for everyday wear or a wedding! Indeed, their resolutely modern curves combined with their unrivalled comfort make them our darlings, from pumps to ankle boots. Our different square heels Our square heels come in all heights, with or without...<\/p>","protected":false},"author":1,"featured_media":0,"parent":57150,"menu_order":0,"comment_status":"open","ping_status":"closed","template":"","meta":{"footnotes":""},"class_list":["post-62159","page","type-page","status-publish","hentry","description-off"],"yoast_head":"<!-- This site is optimized with the Yoast SEO Premium plugin v22.1 (Yoast SEO v27.2) - https:\/\/yoast.com\/product\/yoast-seo-premium-wordpress\/ -->\n<title>Chaussure mari\u00e9e talon carr\u00e9 | Dessine-moi un soulier<\/title>\n<meta name=\"description\" content=\"V\u00e9ritable best-seller chez Dessine-moi un soulier, les talons carr\u00e9s sont nos iconiques, pour tous les jours ou pour un mariage\u00a0!\" \/>\n<meta name=\"robots\" content=\"index, follow, max-snippet:-1, max-image-preview:large, max-video-preview:-1\" \/>\n<link rel=\"canonical\" href=\"https:\/\/dessinemoiunsoulier.com\/en\/wedding\/wedding-shoes-square-heel\/\" \/>\n<meta property=\"og:locale\" content=\"en_US\" \/>\n<meta property=\"og:type\" content=\"article\" \/>\n<meta property=\"og:title\" content=\"Chaussure mari\u00e9e talon carr\u00e9\" \/>\n<meta property=\"og:description\" content=\"V\u00e9ritable best-seller chez Dessine-moi un soulier, les talons carr\u00e9s sont nos iconiques, pour tous les jours ou pour un mariage\u00a0!\" \/>\n<meta property=\"og:url\" content=\"https:\/\/dessinemoiunsoulier.com\/en\/wedding\/wedding-shoes-square-heel\/\" \/>\n<meta property=\"og:site_name\" content=\"Dessine-moi un soulier\" \/>\n<meta property=\"article:publisher\" content=\"https:\/\/www.facebook.com\/dessinemoiunsoulier\/\" \/>\n<meta property=\"article:modified_time\" content=\"2025-08-03T13:21:08+00:00\" \/>\n<meta name=\"twitter:card\" content=\"summary_large_image\" \/>\n<meta name=\"twitter:label1\" content=\"Est. reading time\" \/>\n\t<meta name=\"twitter:data1\" content=\"4 minutes\" \/>\n<script type=\"application\/ld+json\" class=\"yoast-schema-graph\">{\"@context\":\"https:\/\/schema.org\",\"@graph\":[{\"@type\":\"WebPage\",\"@id\":\"https:\/\/dessinemoiunsoulier.com\/mariage\/chaussure-mariee-talon-carre\/\",\"url\":\"https:\/\/dessinemoiunsoulier.com\/mariage\/chaussure-mariee-talon-carre\/\",\"name\":\"Chaussure mari\u00e9e talon carr\u00e9 | Dessine-moi un soulier\",\"isPartOf\":{\"@id\":\"https:\/\/dessinemoiunsoulier.com\/#website\"},\"datePublished\":\"2025-05-23T11:03:34+00:00\",\"dateModified\":\"2025-08-03T13:21:08+00:00\",\"description\":\"V\u00e9ritable best-seller chez Dessine-moi un soulier, les talons carr\u00e9s sont nos iconiques, pour tous les jours ou pour un mariage\u00a0!\",\"breadcrumb\":{\"@id\":\"https:\/\/dessinemoiunsoulier.com\/mariage\/chaussure-mariee-talon-carre\/#breadcrumb\"},\"inLanguage\":\"en-US\",\"potentialAction\":[{\"@type\":\"ReadAction\",\"target\":[\"https:\/\/dessinemoiunsoulier.com\/mariage\/chaussure-mariee-talon-carre\/\"]}]},{\"@type\":\"BreadcrumbList\",\"@id\":\"https:\/\/dessinemoiunsoulier.com\/mariage\/chaussure-mariee-talon-carre\/#breadcrumb\",\"itemListElement\":[{\"@type\":\"ListItem\",\"position\":1,\"name\":\"Accueil\",\"item\":\"https:\/\/dessinemoiunsoulier.com\/\"},{\"@type\":\"ListItem\",\"position\":2,\"name\":\"Choisir ses chaussures de mariage\",\"item\":\"https:\/\/dessinemoiunsoulier.com\/mariage\/\"},{\"@type\":\"ListItem\",\"position\":3,\"name\":\"Chaussure mari\u00e9e talon carr\u00e9\"}]},{\"@type\":\"WebSite\",\"@id\":\"https:\/\/dessinemoiunsoulier.com\/#website\",\"url\":\"https:\/\/dessinemoiunsoulier.com\/\",\"name\":\"Dessine-moi un soulier\",\"description\":\"Dessine-moi un soulier : chaussures personnalis\u00e9es\",\"publisher\":{\"@id\":\"https:\/\/dessinemoiunsoulier.com\/#organization\"},\"potentialAction\":[{\"@type\":\"SearchAction\",\"target\":{\"@type\":\"EntryPoint\",\"urlTemplate\":\"https:\/\/dessinemoiunsoulier.com\/?s={search_term_string}\"},\"query-input\":{\"@type\":\"PropertyValueSpecification\",\"valueRequired\":true,\"valueName\":\"search_term_string\"}}],\"inLanguage\":\"en-US\"},{\"@type\":\"Organization\",\"@id\":\"https:\/\/dessinemoiunsoulier.com\/#organization\",\"name\":\"Dessine-moi un soulier\",\"url\":\"https:\/\/dessinemoiunsoulier.com\/\",\"logo\":{\"@type\":\"ImageObject\",\"inLanguage\":\"en-US\",\"@id\":\"https:\/\/dessinemoiunsoulier.com\/#\/schema\/logo\/image\/\",\"url\":\"https:\/\/dessinemoiunsoulier.com\/wp-content\/uploads\/2025\/07\/Logo-Dessine-moi-un-soulier-GROS-CADRE.png\",\"contentUrl\":\"https:\/\/dessinemoiunsoulier.com\/wp-content\/uploads\/2025\/07\/Logo-Dessine-moi-un-soulier-GROS-CADRE.png\",\"width\":709,\"height\":142,\"caption\":\"Dessine-moi un soulier\"},\"image\":{\"@id\":\"https:\/\/dessinemoiunsoulier.com\/#\/schema\/logo\/image\/\"},\"sameAs\":[\"https:\/\/www.facebook.com\/dessinemoiunsoulier\/\",\"https:\/\/www.instagram.com\/dessinemoiunsoulier\/\",\"https:\/\/fr.pinterest.com\/dessinemoiunsoulier\/\"]}]}<\/script>\n<!-- \/ Yoast SEO Premium plugin. -->","yoast_head_json":{"title":"Bridal shoes square heel | Draw me a shoe","description":"A real bestseller at Dessine-moi un soulier, square heels are our iconic shoes, for every day or for a wedding!","robots":{"index":"index","follow":"follow","max-snippet":"max-snippet:-1","max-image-preview":"max-image-preview:large","max-video-preview":"max-video-preview:-1"},"canonical":"https:\/\/dessinemoiunsoulier.com\/en\/wedding\/wedding-shoes-square-heel\/","og_locale":"en_US","og_type":"article","og_title":"Chaussure mari\u00e9e talon carr\u00e9","og_description":"V\u00e9ritable best-seller chez Dessine-moi un soulier, les talons carr\u00e9s sont nos iconiques, pour tous les jours ou pour un mariage\u00a0!","og_url":"https:\/\/dessinemoiunsoulier.com\/en\/wedding\/wedding-shoes-square-heel\/","og_site_name":"Dessine-moi un soulier","article_publisher":"https:\/\/www.facebook.com\/dessinemoiunsoulier\/","article_modified_time":"2025-08-03T13:21:08+00:00","twitter_card":"summary_large_image","twitter_misc":{"Est. reading time":"4 minutes"},"schema":{"@context":"https:\/\/schema.org","@graph":[{"@type":"WebPage","@id":"https:\/\/dessinemoiunsoulier.com\/mariage\/chaussure-mariee-talon-carre\/","url":"https:\/\/dessinemoiunsoulier.com\/mariage\/chaussure-mariee-talon-carre\/","name":"Bridal shoes square heel | Draw me a shoe","isPartOf":{"@id":"https:\/\/dessinemoiunsoulier.com\/#website"},"datePublished":"2025-05-23T11:03:34+00:00","dateModified":"2025-08-03T13:21:08+00:00","description":"A real bestseller at Dessine-moi un soulier, square heels are our iconic shoes, for every day or for a wedding!","breadcrumb":{"@id":"https:\/\/dessinemoiunsoulier.com\/mariage\/chaussure-mariee-talon-carre\/#breadcrumb"},"inLanguage":"en-US","potentialAction":[{"@type":"ReadAction","target":["https:\/\/dessinemoiunsoulier.com\/mariage\/chaussure-mariee-talon-carre\/"]}]},{"@type":"BreadcrumbList","@id":"https:\/\/dessinemoiunsoulier.com\/mariage\/chaussure-mariee-talon-carre\/#breadcrumb","itemListElement":[{"@type":"ListItem","position":1,"name":"Accueil","item":"https:\/\/dessinemoiunsoulier.com\/"},{"@type":"ListItem","position":2,"name":"Choisir ses chaussures de mariage","item":"https:\/\/dessinemoiunsoulier.com\/mariage\/"},{"@type":"ListItem","position":3,"name":"Chaussure mari\u00e9e talon carr\u00e9"}]},{"@type":"WebSite","@id":"https:\/\/dessinemoiunsoulier.com\/#website","url":"https:\/\/dessinemoiunsoulier.com\/","name":"Dessine-moi un soulier","description":"Draw me a shoe: personalized shoes","publisher":{"@id":"https:\/\/dessinemoiunsoulier.com\/#organization"},"potentialAction":[{"@type":"SearchAction","target":{"@type":"EntryPoint","urlTemplate":"https:\/\/dessinemoiunsoulier.com\/?s={search_term_string}"},"query-input":{"@type":"PropertyValueSpecification","valueRequired":true,"valueName":"search_term_string"}}],"inLanguage":"en-US"},{"@type":"Organization","@id":"https:\/\/dessinemoiunsoulier.com\/#organization","name":"Dessine-moi un soulier","url":"https:\/\/dessinemoiunsoulier.com\/","logo":{"@type":"ImageObject","inLanguage":"en-US","@id":"https:\/\/dessinemoiunsoulier.com\/#\/schema\/logo\/image\/","url":"https:\/\/dessinemoiunsoulier.com\/wp-content\/uploads\/2025\/07\/Logo-Dessine-moi-un-soulier-GROS-CADRE.png","contentUrl":"https:\/\/dessinemoiunsoulier.com\/wp-content\/uploads\/2025\/07\/Logo-Dessine-moi-un-soulier-GROS-CADRE.png","width":709,"height":142,"caption":"Dessine-moi un soulier"},"image":{"@id":"https:\/\/dessinemoiunsoulier.com\/#\/schema\/logo\/image\/"},"sameAs":["https:\/\/www.facebook.com\/dessinemoiunsoulier\/","https:\/\/www.instagram.com\/dessinemoiunsoulier\/","https:\/\/fr.pinterest.com\/dessinemoiunsoulier\/"]}]}},"_links":{"self":[{"href":"https:\/\/dessinemoiunsoulier.com\/en\/wp-json\/wp\/v2\/pages\/62159","targetHints":{"allow":["GET"]}}],"collection":[{"href":"https:\/\/dessinemoiunsoulier.com\/en\/wp-json\/wp\/v2\/pages"}],"about":[{"href":"https:\/\/dessinemoiunsoulier.com\/en\/wp-json\/wp\/v2\/types\/page"}],"author":[{"embeddable":true,"href":"https:\/\/dessinemoiunsoulier.com\/en\/wp-json\/wp\/v2\/users\/1"}],"replies":[{"embeddable":true,"href":"https:\/\/dessinemoiunsoulier.com\/en\/wp-json\/wp\/v2\/comments?post=62159"}],"version-history":[{"count":5,"href":"https:\/\/dessinemoiunsoulier.com\/en\/wp-json\/wp\/v2\/pages\/62159\/revisions"}],"predecessor-version":[{"id":91403,"href":"https:\/\/dessinemoiunsoulier.com\/en\/wp-json\/wp\/v2\/pages\/62159\/revisions\/91403"}],"up":[{"embeddable":true,"href":"https:\/\/dessinemoiunsoulier.com\/en\/wp-json\/wp\/v2\/pages\/57150"}],"wp:attachment":[{"href":"https:\/\/dessinemoiunsoulier.com\/en\/wp-json\/wp\/v2\/media?parent=62159"}],"curies":[{"name":"wp","href":"https:\/\/api.w.org\/{rel}","templated":true}]}}