{"id":62155,"date":"2025-05-23T11:03:34","date_gmt":"2025-05-23T11:03:34","guid":{"rendered":"https:\/\/dessinemoiunsoulier.com\/?page_id=62155"},"modified":"2025-11-18T13:26:17","modified_gmt":"2025-11-18T12:26:17","slug":"pockets","status":"publish","type":"page","link":"https:\/\/dessinemoiunsoulier.com\/en\/nos-guides-pour-la-personnalisation\/guide-des-modeles\/les-pochettes\/","title":{"rendered":"Pockets"},"content":{"rendered":"<div class=\"wpb-content-wrapper\"><div class=\"vc_row wpb_row vc_row-fluid dt-default\" style=\"margin-top: 0px;margin-bottom: 0px\"><div class=\"wpb_column vc_column_container vc_col-sm-12\"><div class=\"vc_column-inner\"><div class=\"wpb_wrapper\">\n\t<div class=\"wpb_text_column wpb_content_element\" >\n\t\t<div class=\"wpb_wrapper\">\n\t\t\t<h2 class=\"text-align-center &gt; Les pochettes personnalis\u00e9es &lt;\/h2&gt; &lt;p class=\" style=\"text-align: center;\">Customized pouches<\/h2>\n<p class=\"text-align-center &gt; Les pochettes personnalis\u00e9es &lt;\/h2&gt; &lt;p class=\" style=\"text-align: center;\">The clutch is the ultimate accessory to transform a sober outfit into a real evening dress!<\/p>\n<p class=\"text-align-center &gt; Les pochettes personnalis\u00e9es &lt;\/h2&gt; &lt;p class=\" style=\"text-align: center;\">It will be your best ally for events big and small.<\/p>\n\n\t\t<\/div>\n\t<\/div>\n<\/div><\/div><\/div><\/div><div class=\"vc_row wpb_row vc_row-fluid dt-default\" style=\"margin-top: 0px;margin-bottom: 0px\"><div class=\"wpb_column vc_column_container vc_col-sm-12\"><div class=\"vc_column-inner\"><div class=\"wpb_wrapper\"><div class=\"vc_empty_space\"   style=\"height: 32px\"><span class=\"vc_empty_space_inner\"><\/span><\/div><\/div><\/div><\/div><\/div><div class=\"vc_row wpb_row vc_row-fluid vc_row-o-equal-height vc_row-o-content-middle vc_row-flex\"><div class=\"wpb_column vc_column_container vc_col-sm-6\"><div class=\"vc_column-inner\"><div class=\"wpb_wrapper\">\n\t<div  class=\"wpb_single_image wpb_content_element vc_align_center\">\n\t\t\n\t\t<figure class=\"wpb_wrapper vc_figure\">\n\t\t\t<div class=\"vc_single_image-wrapper   vc_box_border_grey\"><img loading=\"lazy\" decoding=\"async\" width=\"500\" height=\"500\" src=\"https:\/\/dessinemoiunsoulier.com\/wp-content\/uploads\/2025\/06\/p1011080-copie-2.jpg\" class=\"vc_single_image-img attachment-full\" alt=\"Navy suede leather clutch bag with fine blond gold sequins\" title=\"Clutch bag in navy velvet and fine blond gold sequins\" srcset=\"https:\/\/dessinemoiunsoulier.com\/wp-content\/uploads\/2025\/06\/p1011080-copie-2.jpg 500w, https:\/\/dessinemoiunsoulier.com\/wp-content\/uploads\/2025\/06\/p1011080-copie-2-200x200.jpg 200w, https:\/\/dessinemoiunsoulier.com\/wp-content\/uploads\/2025\/06\/p1011080-copie-2-300x300.jpg 300w, https:\/\/dessinemoiunsoulier.com\/wp-content\/uploads\/2025\/06\/p1011080-copie-2-150x150.jpg 150w\" sizes=\"auto, (max-width: 500px) 100vw, 500px\"  data-dt-location=\"https:\/\/dessinemoiunsoulier.com\/en\/nos-guides-pour-la-personnalisation\/guide-des-modeles\/les-pochettes\/olympus-digital-camera-28\/\" \/><\/div>\n\t\t<\/figure>\n\t<\/div>\n<\/div><\/div><\/div><div class=\"wpb_column vc_column_container vc_col-sm-6\"><div class=\"vc_column-inner\"><div class=\"wpb_wrapper\">\n\t<div class=\"wpb_text_column wpb_content_element\" >\n\t\t<div class=\"wpb_wrapper\">\n\t\t\t<h3 class=\"title\" style=\"text-align: center;\">Discover our personalized pouches<\/h3>\n<p dir=\"ltr\" style=\"text-align: center;\">The perfect finishing touch to any formal wear, discover our range of customizable clutches for every occasion.<\/p>\n<p dir=\"ltr\" style=\"text-align: center;\">Whether as a clutch bag, hand-carried or shoulder bag, create a made-to-measure bag to suit your needs: a touch of originality to finish off your outfit, or a genuine ceremonial accessory to match your outfit, and why not, your shoes!<\/p>\n<p dir=\"ltr\" style=\"text-align: center;\">In its long clutch version, find it chic when carried by hand, and dare the wildest creations on this model, its elegance allowing you all kinds of materials and colors.<\/p>\n\n\t\t<\/div>\n\t<\/div>\n<\/div><\/div><\/div><\/div><div class=\"vc_row wpb_row vc_row-fluid dt-default\" style=\"margin-top: 0px;margin-bottom: 0px\"><div class=\"wpb_column vc_column_container vc_col-sm-12\"><div class=\"vc_column-inner\"><div class=\"wpb_wrapper\"><div class=\"vc_empty_space\"   style=\"height: 32px\"><span class=\"vc_empty_space_inner\"><\/span><\/div><\/div><\/div><\/div><\/div><div class=\"vc_row wpb_row vc_row-fluid vc_row-o-equal-height vc_row-o-content-middle vc_row-flex\"><div class=\"wpb_column vc_column_container vc_col-sm-6\"><div class=\"vc_column-inner\"><div class=\"wpb_wrapper\">\n\t<div class=\"wpb_text_column wpb_content_element\" >\n\t\t<div class=\"wpb_wrapper\">\n\t\t\t<div class=\"body\">\n<h3 class=\"title\" style=\"text-align: center;\">The envelope pocket<\/h3>\n<p style=\"text-align: center;\">Entirely hand-crafted, it measures 26 cm wide by 15.5 cm high, and can be worn on the wrist or shoulder with a gold chain.<\/p>\n<p style=\"text-align: center;\"><strong>The plus :<\/strong> you can dress it up with a gold or silver chain for a more comfortable shoulder wear!<\/p>\n<p class=\"link\" style=\"text-align: center;\"><a href=\"https:\/\/dessinemoiunsoulier.com\/en\/e-shop\/personalized-envelope-pocket\/\">I create my sleeve<\/a><\/p>\n<\/div>\n<div class=\"wrapper-img\" style=\"text-align: center;\"><\/div>\n\n\t\t<\/div>\n\t<\/div>\n<\/div><\/div><\/div><div class=\"wpb_column vc_column_container vc_col-sm-6\"><div class=\"vc_column-inner\"><div class=\"wpb_wrapper\">\n\t<div  class=\"wpb_single_image wpb_content_element vc_align_center\">\n\t\t\n\t\t<figure class=\"wpb_wrapper vc_figure\">\n\t\t\t<div class=\"vc_single_image-wrapper   vc_box_border_grey\"><img loading=\"lazy\" decoding=\"async\" width=\"500\" height=\"500\" src=\"https:\/\/dessinemoiunsoulier.com\/wp-content\/uploads\/2025\/06\/p1013689-recupere.jpg\" class=\"vc_single_image-img attachment-full\" alt=\"White smooth leather and silver glitter clutch bag\" title=\"White smooth leather and silver glitter clutch bag\" srcset=\"https:\/\/dessinemoiunsoulier.com\/wp-content\/uploads\/2025\/06\/p1013689-recupere.jpg 500w, https:\/\/dessinemoiunsoulier.com\/wp-content\/uploads\/2025\/06\/p1013689-recupere-200x200.jpg 200w, https:\/\/dessinemoiunsoulier.com\/wp-content\/uploads\/2025\/06\/p1013689-recupere-300x300.jpg 300w, https:\/\/dessinemoiunsoulier.com\/wp-content\/uploads\/2025\/06\/p1013689-recupere-150x150.jpg 150w\" sizes=\"auto, (max-width: 500px) 100vw, 500px\"  data-dt-location=\"https:\/\/dessinemoiunsoulier.com\/en\/nos-guides-pour-la-personnalisation\/guide-des-modeles\/les-pochettes\/olympus-digital-camera-29\/\" \/><\/div>\n\t\t<\/figure>\n\t<\/div>\n<\/div><\/div><\/div><\/div><div class=\"vc_row wpb_row vc_row-fluid dt-default\" style=\"margin-top: 0px;margin-bottom: 0px\"><div class=\"wpb_column vc_column_container vc_col-sm-12\"><div class=\"vc_column-inner\"><div class=\"wpb_wrapper\"><div class=\"vc_empty_space\"   style=\"height: 32px\"><span class=\"vc_empty_space_inner\"><\/span><\/div><\/div><\/div><\/div><\/div><div class=\"vc_row wpb_row vc_row-fluid vc_row-o-equal-height vc_row-o-content-middle vc_row-flex\"><div class=\"wpb_column vc_column_container vc_col-sm-6\"><div class=\"vc_column-inner\"><div class=\"wpb_wrapper\">\n\t<div  class=\"wpb_single_image wpb_content_element vc_align_center\">\n\t\t\n\t\t<figure class=\"wpb_wrapper vc_figure\">\n\t\t\t<div class=\"vc_single_image-wrapper   vc_box_border_grey\"><img loading=\"lazy\" decoding=\"async\" width=\"500\" height=\"500\" src=\"https:\/\/dessinemoiunsoulier.com\/wp-content\/uploads\/2025\/06\/dms_130723-157_0.jpg\" class=\"vc_single_image-img attachment-full\" alt=\"Iridescent rose gold leather clutch bag with fine blond gold sequins\" title=\"Iridescent rose gold clutch bag with fine blond gold sequins\" srcset=\"https:\/\/dessinemoiunsoulier.com\/wp-content\/uploads\/2025\/06\/dms_130723-157_0.jpg 500w, https:\/\/dessinemoiunsoulier.com\/wp-content\/uploads\/2025\/06\/dms_130723-157_0-200x200.jpg 200w, https:\/\/dessinemoiunsoulier.com\/wp-content\/uploads\/2025\/06\/dms_130723-157_0-300x300.jpg 300w, https:\/\/dessinemoiunsoulier.com\/wp-content\/uploads\/2025\/06\/dms_130723-157_0-150x150.jpg 150w\" sizes=\"auto, (max-width: 500px) 100vw, 500px\"  data-dt-location=\"https:\/\/dessinemoiunsoulier.com\/en\/nos-guides-pour-la-personnalisation\/guide-des-modeles\/les-pochettes\/dms_130723-157_0\/\" \/><\/div>\n\t\t<\/figure>\n\t<\/div>\n<\/div><\/div><\/div><div class=\"wpb_column vc_column_container vc_col-sm-6\"><div class=\"vc_column-inner\"><div class=\"wpb_wrapper\">\n\t<div class=\"wpb_text_column wpb_content_element\" >\n\t\t<div class=\"wpb_wrapper\">\n\t\t\t<h3 class=\"title\" style=\"text-align: center;\">Our long pouch<\/h3>\n<p style=\"text-align: center;\">Entirely handmade, it measures 30 cm wide by 12 cm high and is worn exclusively on the wrist.<\/p>\n<p style=\"text-align: center;\"><strong>The plus :<\/strong> With its large capacity, it lets you take all your essentials with you!<\/p>\n<p class=\"link\" style=\"text-align: center;\"><a href=\"https:\/\/dessinemoiunsoulier.com\/en\/personalized-leather-goods\/personalized-long-pouch\/\">I create my long pouch<\/a><\/p>\n\n\t\t<\/div>\n\t<\/div>\n<\/div><\/div><\/div><\/div><div class=\"vc_row wpb_row vc_row-fluid dt-default\" style=\"margin-top: 0px;margin-bottom: 0px\"><div class=\"wpb_column vc_column_container vc_col-sm-12\"><div class=\"vc_column-inner\"><div class=\"wpb_wrapper\"><div class=\"vc_empty_space\"   style=\"height: 32px\"><span class=\"vc_empty_space_inner\"><\/span><\/div><\/div><\/div><\/div><\/div>\n<\/div>","protected":false},"excerpt":{"rendered":"<p>Les pochettes personnalis\u00e9es La pochette est l&rsquo;accessoire ultime pour transformer une tenue sobre en vrai tenue de soir\u00e9e ! Elle sera votre meilleure alli\u00e9e pour vos petits comme vos grands \u00e9v\u00e8nements. D\u00e9couvrez nos pochettes personnalis\u00e9es V\u00e9ritable touche finale de toutes les tenues de c\u00e9r\u00e9monie, d\u00e9couvrez notre gamme de pochettes \u00e0 personnaliser, pour toutes les occasions.&hellip;<\/p>","protected":false},"author":1,"featured_media":0,"parent":61254,"menu_order":0,"comment_status":"closed","ping_status":"closed","template":"","meta":{"inline_featured_image":false,"footnotes":""},"class_list":["post-62155","page","type-page","status-publish","hentry","description-off"],"yoast_head":"<!-- This site is optimized with the Yoast SEO Premium plugin v22.1 (Yoast SEO v27.2) - https:\/\/yoast.com\/product\/yoast-seo-premium-wordpress\/ -->\n<title>Les pochettes | Dessine-moi un soulier<\/title>\n<meta name=\"description\" content=\"La pochette est l&#039;accessoire ultime pour transformer une tenue sobre en vrai tenue de soir\u00e9e ! Je cr\u00e9e ma pochette...\" \/>\n<meta name=\"robots\" content=\"index, follow, max-snippet:-1, max-image-preview:large, max-video-preview:-1\" \/>\n<link rel=\"canonical\" href=\"https:\/\/dessinemoiunsoulier.com\/en\/our-guides-to-customization\/model-guide\/pockets\/\" \/>\n<meta property=\"og:locale\" content=\"en_US\" \/>\n<meta property=\"og:type\" content=\"article\" \/>\n<meta property=\"og:title\" content=\"Les pochettes\" \/>\n<meta property=\"og:description\" content=\"La pochette est l&#039;accessoire ultime pour transformer une tenue sobre en vrai tenue de soir\u00e9e ! Je cr\u00e9e ma pochette...\" \/>\n<meta property=\"og:url\" content=\"https:\/\/dessinemoiunsoulier.com\/en\/our-guides-to-customization\/model-guide\/pockets\/\" \/>\n<meta property=\"og:site_name\" content=\"Dessine-moi un soulier\" \/>\n<meta property=\"article:publisher\" content=\"https:\/\/www.facebook.com\/dessinemoiunsoulier\/\" \/>\n<meta property=\"article:modified_time\" content=\"2025-11-18T12:26:17+00:00\" \/>\n<meta name=\"twitter:card\" content=\"summary_large_image\" \/>\n<meta name=\"twitter:label1\" content=\"Est. reading time\" \/>\n\t<meta name=\"twitter:data1\" content=\"2 minutes\" \/>\n<script type=\"application\/ld+json\" class=\"yoast-schema-graph\">{\"@context\":\"https:\/\/schema.org\",\"@graph\":[{\"@type\":\"WebPage\",\"@id\":\"https:\/\/dessinemoiunsoulier.com\/nos-guides-pour-la-personnalisation\/guide-des-modeles\/les-pochettes\/\",\"url\":\"https:\/\/dessinemoiunsoulier.com\/nos-guides-pour-la-personnalisation\/guide-des-modeles\/les-pochettes\/\",\"name\":\"Les pochettes | Dessine-moi un soulier\",\"isPartOf\":{\"@id\":\"https:\/\/dessinemoiunsoulier.com\/#website\"},\"datePublished\":\"2025-05-23T11:03:34+00:00\",\"dateModified\":\"2025-11-18T12:26:17+00:00\",\"description\":\"La pochette est l'accessoire ultime pour transformer une tenue sobre en vrai tenue de soir\u00e9e ! Je cr\u00e9e ma pochette...\",\"breadcrumb\":{\"@id\":\"https:\/\/dessinemoiunsoulier.com\/nos-guides-pour-la-personnalisation\/guide-des-modeles\/les-pochettes\/#breadcrumb\"},\"inLanguage\":\"en-US\",\"potentialAction\":[{\"@type\":\"ReadAction\",\"target\":[\"https:\/\/dessinemoiunsoulier.com\/nos-guides-pour-la-personnalisation\/guide-des-modeles\/les-pochettes\/\"]}]},{\"@type\":\"BreadcrumbList\",\"@id\":\"https:\/\/dessinemoiunsoulier.com\/nos-guides-pour-la-personnalisation\/guide-des-modeles\/les-pochettes\/#breadcrumb\",\"itemListElement\":[{\"@type\":\"ListItem\",\"position\":1,\"name\":\"Accueil\",\"item\":\"https:\/\/dessinemoiunsoulier.com\/\"},{\"@type\":\"ListItem\",\"position\":2,\"name\":\"Nos guides pour la personnalisation\",\"item\":\"https:\/\/dessinemoiunsoulier.com\/nos-guides-pour-la-personnalisation\/\"},{\"@type\":\"ListItem\",\"position\":3,\"name\":\"Guide des mod\u00e8les\",\"item\":\"https:\/\/dessinemoiunsoulier.com\/nos-guides-pour-la-personnalisation\/guide-des-modeles\/\"},{\"@type\":\"ListItem\",\"position\":4,\"name\":\"Les pochettes\"}]},{\"@type\":\"WebSite\",\"@id\":\"https:\/\/dessinemoiunsoulier.com\/#website\",\"url\":\"https:\/\/dessinemoiunsoulier.com\/\",\"name\":\"Dessine-moi un soulier\",\"description\":\"Dessine-moi un soulier : chaussures personnalis\u00e9es\",\"publisher\":{\"@id\":\"https:\/\/dessinemoiunsoulier.com\/#organization\"},\"potentialAction\":[{\"@type\":\"SearchAction\",\"target\":{\"@type\":\"EntryPoint\",\"urlTemplate\":\"https:\/\/dessinemoiunsoulier.com\/?s={search_term_string}\"},\"query-input\":{\"@type\":\"PropertyValueSpecification\",\"valueRequired\":true,\"valueName\":\"search_term_string\"}}],\"inLanguage\":\"en-US\"},{\"@type\":\"Organization\",\"@id\":\"https:\/\/dessinemoiunsoulier.com\/#organization\",\"name\":\"Dessine-moi un soulier\",\"url\":\"https:\/\/dessinemoiunsoulier.com\/\",\"logo\":{\"@type\":\"ImageObject\",\"inLanguage\":\"en-US\",\"@id\":\"https:\/\/dessinemoiunsoulier.com\/#\/schema\/logo\/image\/\",\"url\":\"https:\/\/dessinemoiunsoulier.com\/wp-content\/uploads\/2025\/07\/Logo-Dessine-moi-un-soulier-GROS-CADRE.png\",\"contentUrl\":\"https:\/\/dessinemoiunsoulier.com\/wp-content\/uploads\/2025\/07\/Logo-Dessine-moi-un-soulier-GROS-CADRE.png\",\"width\":709,\"height\":142,\"caption\":\"Dessine-moi un soulier\"},\"image\":{\"@id\":\"https:\/\/dessinemoiunsoulier.com\/#\/schema\/logo\/image\/\"},\"sameAs\":[\"https:\/\/www.facebook.com\/dessinemoiunsoulier\/\",\"https:\/\/www.instagram.com\/dessinemoiunsoulier\/\",\"https:\/\/fr.pinterest.com\/dessinemoiunsoulier\/\"]}]}<\/script>\n<!-- \/ Yoast SEO Premium plugin. -->","yoast_head_json":{"title":"Les pochettes | Draw me a shoe","description":"The clutch is the ultimate accessory for transforming a sober outfit into a real evening dress! I create my clutch...","robots":{"index":"index","follow":"follow","max-snippet":"max-snippet:-1","max-image-preview":"max-image-preview:large","max-video-preview":"max-video-preview:-1"},"canonical":"https:\/\/dessinemoiunsoulier.com\/en\/our-guides-to-customization\/model-guide\/pockets\/","og_locale":"en_US","og_type":"article","og_title":"Les pochettes","og_description":"La pochette est l'accessoire ultime pour transformer une tenue sobre en vrai tenue de soir\u00e9e ! Je cr\u00e9e ma pochette...","og_url":"https:\/\/dessinemoiunsoulier.com\/en\/our-guides-to-customization\/model-guide\/pockets\/","og_site_name":"Dessine-moi un soulier","article_publisher":"https:\/\/www.facebook.com\/dessinemoiunsoulier\/","article_modified_time":"2025-11-18T12:26:17+00:00","twitter_card":"summary_large_image","twitter_misc":{"Est. reading time":"2 minutes"},"schema":{"@context":"https:\/\/schema.org","@graph":[{"@type":"WebPage","@id":"https:\/\/dessinemoiunsoulier.com\/nos-guides-pour-la-personnalisation\/guide-des-modeles\/les-pochettes\/","url":"https:\/\/dessinemoiunsoulier.com\/nos-guides-pour-la-personnalisation\/guide-des-modeles\/les-pochettes\/","name":"Les pochettes | Draw me a shoe","isPartOf":{"@id":"https:\/\/dessinemoiunsoulier.com\/#website"},"datePublished":"2025-05-23T11:03:34+00:00","dateModified":"2025-11-18T12:26:17+00:00","description":"The clutch is the ultimate accessory for transforming a sober outfit into a real evening dress! I create my clutch...","breadcrumb":{"@id":"https:\/\/dessinemoiunsoulier.com\/nos-guides-pour-la-personnalisation\/guide-des-modeles\/les-pochettes\/#breadcrumb"},"inLanguage":"en-US","potentialAction":[{"@type":"ReadAction","target":["https:\/\/dessinemoiunsoulier.com\/nos-guides-pour-la-personnalisation\/guide-des-modeles\/les-pochettes\/"]}]},{"@type":"BreadcrumbList","@id":"https:\/\/dessinemoiunsoulier.com\/nos-guides-pour-la-personnalisation\/guide-des-modeles\/les-pochettes\/#breadcrumb","itemListElement":[{"@type":"ListItem","position":1,"name":"Accueil","item":"https:\/\/dessinemoiunsoulier.com\/"},{"@type":"ListItem","position":2,"name":"Nos guides pour la personnalisation","item":"https:\/\/dessinemoiunsoulier.com\/nos-guides-pour-la-personnalisation\/"},{"@type":"ListItem","position":3,"name":"Guide des mod\u00e8les","item":"https:\/\/dessinemoiunsoulier.com\/nos-guides-pour-la-personnalisation\/guide-des-modeles\/"},{"@type":"ListItem","position":4,"name":"Les pochettes"}]},{"@type":"WebSite","@id":"https:\/\/dessinemoiunsoulier.com\/#website","url":"https:\/\/dessinemoiunsoulier.com\/","name":"Dessine-moi un soulier","description":"Draw me a shoe: personalized shoes","publisher":{"@id":"https:\/\/dessinemoiunsoulier.com\/#organization"},"potentialAction":[{"@type":"SearchAction","target":{"@type":"EntryPoint","urlTemplate":"https:\/\/dessinemoiunsoulier.com\/?s={search_term_string}"},"query-input":{"@type":"PropertyValueSpecification","valueRequired":true,"valueName":"search_term_string"}}],"inLanguage":"en-US"},{"@type":"Organization","@id":"https:\/\/dessinemoiunsoulier.com\/#organization","name":"Dessine-moi un soulier","url":"https:\/\/dessinemoiunsoulier.com\/","logo":{"@type":"ImageObject","inLanguage":"en-US","@id":"https:\/\/dessinemoiunsoulier.com\/#\/schema\/logo\/image\/","url":"https:\/\/dessinemoiunsoulier.com\/wp-content\/uploads\/2025\/07\/Logo-Dessine-moi-un-soulier-GROS-CADRE.png","contentUrl":"https:\/\/dessinemoiunsoulier.com\/wp-content\/uploads\/2025\/07\/Logo-Dessine-moi-un-soulier-GROS-CADRE.png","width":709,"height":142,"caption":"Dessine-moi un soulier"},"image":{"@id":"https:\/\/dessinemoiunsoulier.com\/#\/schema\/logo\/image\/"},"sameAs":["https:\/\/www.facebook.com\/dessinemoiunsoulier\/","https:\/\/www.instagram.com\/dessinemoiunsoulier\/","https:\/\/fr.pinterest.com\/dessinemoiunsoulier\/"]}]}},"_links":{"self":[{"href":"https:\/\/dessinemoiunsoulier.com\/en\/wp-json\/wp\/v2\/pages\/62155","targetHints":{"allow":["GET"]}}],"collection":[{"href":"https:\/\/dessinemoiunsoulier.com\/en\/wp-json\/wp\/v2\/pages"}],"about":[{"href":"https:\/\/dessinemoiunsoulier.com\/en\/wp-json\/wp\/v2\/types\/page"}],"author":[{"embeddable":true,"href":"https:\/\/dessinemoiunsoulier.com\/en\/wp-json\/wp\/v2\/users\/1"}],"replies":[{"embeddable":true,"href":"https:\/\/dessinemoiunsoulier.com\/en\/wp-json\/wp\/v2\/comments?post=62155"}],"version-history":[{"count":4,"href":"https:\/\/dessinemoiunsoulier.com\/en\/wp-json\/wp\/v2\/pages\/62155\/revisions"}],"predecessor-version":[{"id":118522,"href":"https:\/\/dessinemoiunsoulier.com\/en\/wp-json\/wp\/v2\/pages\/62155\/revisions\/118522"}],"up":[{"embeddable":true,"href":"https:\/\/dessinemoiunsoulier.com\/en\/wp-json\/wp\/v2\/pages\/61254"}],"wp:attachment":[{"href":"https:\/\/dessinemoiunsoulier.com\/en\/wp-json\/wp\/v2\/media?parent=62155"}],"curies":[{"name":"wp","href":"https:\/\/api.w.org\/{rel}","templated":true}]}}