{"id":62117,"date":"2025-05-23T11:03:22","date_gmt":"2025-05-23T11:03:22","guid":{"rendered":"https:\/\/dessinemoiunsoulier.com\/?page_id=62117"},"modified":"2025-06-11T15:57:03","modified_gmt":"2025-06-11T15:57:03","slug":"personal-data","status":"publish","type":"page","link":"https:\/\/dessinemoiunsoulier.com\/en\/donnees-personnelles\/","title":{"rendered":"Personal data"},"content":{"rendered":"<div class=\"wrapper-content\">\n<p><!-- content --><\/p>\n<div>\n<div id=\"block-dmus-content\">\n<article class=\"node node--type-page node--view-mode-full clearfix\" role=\"article\" data-history-node-id=\"24\">\n<div class=\"header-article\">\n<p>&nbsp;<\/p>\n<\/div>\n<div class=\"node__content clearfix\"><\/div>\n<\/article>\n<\/div>\n<div id=\"block-views-block-node-node-paragraphe-new\" class=\"views-element-container\">\n<div>\n<div class=\"js-view-dom-id-07f97a5c80a182108c1a1860dc1ee088f5fc23ef1df82836c17db2e6c00f25f5\">\n<div class=\"views-row\">\n<div class=\"views-field views-field-view\">\n<p>&nbsp;<\/p>\n<div class=\"js-view-dom-id-84e369beeb21e2db329fdbcfb379edb1af7e6b727f65b8a82df9afe4b3240aab\">\n<div class=\"views-row\">\n<div class=\"views-field views-field-nothing\">\n<p>&nbsp;<\/p>\n<div class=\"wrapper-block-intro para-id-2640 width-center left text text-alone text-left\">\n<div class=\"body\">\n<p>In accordance with European Regulation #2016\/679 or the General Data Protection Regulation (RGPD), Dessine-moi un soulier is committed to respecting the private data of its customers and users, such as names, addresses, telephone numbers.<\/p>\n<p>The information collected by Dessine-moi un soulier on the site regarding personal data is confidential. Dessinemoiunsoulier.com undertakes not to communicate this information to third parties. They are only required for order management and commercial relations services. It may be transmitted to companies that contribute to these relations, such as those responsible for the execution of services and orders, for their management, execution, processing and payment. This information and data is also kept for security purposes, to comply with legal and regulatory obligations and to enable dessinemoiunsoulier.com to improve and personalize the services and information sent by letter or e-mail.<\/p>\n<p><strong>Use of collected data :<\/strong><\/p>\n<p><em>Personal data :\u00a0<\/em>Dessine-moi un soulier uses personal data for the production and delivery of its customers' orders. Surnames, first names, addresses and telephone numbers are passed on to subcontractors who manufacture and ship the products. These subcontractors are committed to strict confidentiality.<\/p>\n<p><em>Account creation :\u00a0<\/em>The Dessine-moi un soulier marketing team may use the email address used to create your account to offer assistance in the creation process. You can delete your account and all your personal data at any time by sending an email to contact@dmus.fr.<\/p>\n<p><em>Payments :<\/em>\u00a0All online payment information on www.dessinemoiunsoulier.com is encrypted in accordance with the Payment Card Industry Data Security Standard (PCI-DSS). Purchase transaction information is retained only until the order is finalized, at which time it is automatically deleted.<\/p>\n<p><em>Newsletters :<\/em>\u00a0we send our subscribers regular emails with brand news and updates. To unsubscribe, simply click on the unsubscribe link at the bottom of the newsletter, or send us an email at contact@dmus.fr.<\/p>\n<p><em>Data collected in stores :<\/em>\u00a0with your authorization, we collect your first name and e-mail address when you visit our stores, to ensure optimal follow-up and to send you a summary of your creations. You can ask to be removed from our database at any time by sending us an e-mail to contact@dmus.fr.<\/p>\n<p>Dessine-moi un soulier does not sell, market or rent customer information to third parties.<\/p>\n<p>dessinemoiunsoulier.com undertakes to inform the customer in advance of any transfer of files or business to a third party.<\/p>\n<p>The collection of the CLIENT's personal data is necessary to process the order. This information is strictly confidential and is intended solely for the use of Dessine-moi un soulier. In accordance with the French Data Protection Act of January 6, 1978, the CLIENT has the right to access, modify, rectify and delete personal data concerning him or her. If the CLIENT wishes to exercise this right, he\/she simply needs to write to Dessine-moi un soulier, indicating his\/her surname, first name and address.<\/p>\n<p>Dessine-moi un soulier reserves the right to collect data on the CLIENT through the use of cookies in order to improve the personalized service intended for the Internet user.<\/p>\n<p>In order to facilitate your browsing on the Site, Dessine-moi un soulier uses Cookies or similar systems. These cookies provide a better quality of service by recording information about your browsing.<\/p>\n<p>These cookies do not allow us to identify you individually, and their duration is strictly limited to the duration of your browsing session.<\/p>\n<p>You can refuse to accept cookies by adjusting your browser settings. However, in certain cases, this operation may lead to the deletion of all Cookies used by the browser, including those used by other websites, which may result in the alteration or loss of certain settings or information. The deletion of Cookies may alter the quality of browsing on the Site, or even make it less fluid.<\/p>\n<p>You can prevent cookies from being saved by configuring your browser as follows:<\/p>\n<p>For Microsoft Internet Explorer 6.0 and higher :<\/p>\n<p>1. Select the \"Tools\" menu, then \"Internet Options\".<\/p>\n<p>2. Click on the \"Confidentiality\" tab.<\/p>\n<p>3. Use the cursor to select the desired level.<\/p>\n<p>For Firefox:<\/p>\n<p>1. Select the \"Tools\"&gt;\"Options\" menu.<\/p>\n<p>2. Click on the \"Privacy\" option.<\/p>\n<p>For Safari 3.x for Mac OS X :<\/p>\n<p>1. Open Safari.<\/p>\n<p>2. Click on \"Preferences\".<\/p>\n<p>3. Click on the \"Privacy\" option.<\/p>\n<p>4. Select \"Block cookies\".<\/p>\n<\/div>\n<\/div>\n<p>&nbsp;<\/p>\n<\/div>\n<\/div>\n<\/div>\n<p>&nbsp;<\/p>\n<\/div>\n<\/div>\n<\/div>\n<\/div>\n<\/div>\n<\/div>\n<\/div>","protected":false},"excerpt":{"rendered":"<p>&nbsp; &nbsp; &nbsp; Conform\u00e9ment au r\u00e8glement europ\u00e9en #2016\/679 ou au r\u00e8glement g\u00e9n\u00e9ral sur la protection des donn\u00e9es (RGPD), Dessine-moi un soulier s&rsquo;engage \u00e0 respecter les donn\u00e9es priv\u00e9es de ses clients et utilisateurs, tels que noms, adresses, num\u00e9ros de t\u00e9l\u00e9phone. Les informations recueillies par Dessine-moi un soulier sur le site quant aux donn\u00e9es nominatives sont confidentielles.&hellip;<\/p>","protected":false},"author":1,"featured_media":0,"parent":0,"menu_order":0,"comment_status":"open","ping_status":"closed","template":"","meta":{"footnotes":""},"class_list":["post-62117","page","type-page","status-publish","hentry","description-off"],"yoast_head":"<!-- This site is optimized with the Yoast SEO Premium plugin v22.1 (Yoast SEO v27.2) - https:\/\/yoast.com\/product\/yoast-seo-premium-wordpress\/ -->\n<title>Donn\u00e9es personnelles | Dessine-moi un soulier<\/title>\n<meta name=\"robots\" content=\"index, follow, max-snippet:-1, max-image-preview:large, max-video-preview:-1\" \/>\n<link rel=\"canonical\" href=\"https:\/\/dessinemoiunsoulier.com\/en\/personal-data\/\" \/>\n<meta property=\"og:locale\" content=\"en_US\" \/>\n<meta property=\"og:type\" content=\"article\" \/>\n<meta property=\"og:title\" content=\"Donn\u00e9es personnelles\" \/>\n<meta property=\"og:description\" content=\"&nbsp; &nbsp; &nbsp; Conform\u00e9ment au r\u00e8glement europ\u00e9en #2016\/679 ou au r\u00e8glement g\u00e9n\u00e9ral sur la protection des donn\u00e9es (RGPD), Dessine-moi un soulier s&rsquo;engage \u00e0 respecter les donn\u00e9es priv\u00e9es de ses clients et utilisateurs, tels que noms, adresses, num\u00e9ros de t\u00e9l\u00e9phone. Les informations recueillies par Dessine-moi un soulier sur le site quant aux donn\u00e9es nominatives sont confidentielles.&hellip;\" \/>\n<meta property=\"og:url\" content=\"https:\/\/dessinemoiunsoulier.com\/en\/personal-data\/\" \/>\n<meta property=\"og:site_name\" content=\"Dessine-moi un soulier\" \/>\n<meta property=\"article:publisher\" content=\"https:\/\/www.facebook.com\/dessinemoiunsoulier\/\" \/>\n<meta property=\"article:modified_time\" content=\"2025-06-11T15:57:03+00:00\" \/>\n<meta name=\"twitter:card\" content=\"summary_large_image\" \/>\n<meta name=\"twitter:label1\" content=\"Est. reading time\" \/>\n\t<meta name=\"twitter:data1\" content=\"4 minutes\" \/>\n<script type=\"application\/ld+json\" class=\"yoast-schema-graph\">{\"@context\":\"https:\/\/schema.org\",\"@graph\":[{\"@type\":\"WebPage\",\"@id\":\"https:\/\/dessinemoiunsoulier.com\/donnees-personnelles\/\",\"url\":\"https:\/\/dessinemoiunsoulier.com\/donnees-personnelles\/\",\"name\":\"Donn\u00e9es personnelles | Dessine-moi un soulier\",\"isPartOf\":{\"@id\":\"https:\/\/dessinemoiunsoulier.com\/#website\"},\"datePublished\":\"2025-05-23T11:03:22+00:00\",\"dateModified\":\"2025-06-11T15:57:03+00:00\",\"breadcrumb\":{\"@id\":\"https:\/\/dessinemoiunsoulier.com\/donnees-personnelles\/#breadcrumb\"},\"inLanguage\":\"en-US\",\"potentialAction\":[{\"@type\":\"ReadAction\",\"target\":[\"https:\/\/dessinemoiunsoulier.com\/donnees-personnelles\/\"]}]},{\"@type\":\"BreadcrumbList\",\"@id\":\"https:\/\/dessinemoiunsoulier.com\/donnees-personnelles\/#breadcrumb\",\"itemListElement\":[{\"@type\":\"ListItem\",\"position\":1,\"name\":\"Accueil\",\"item\":\"https:\/\/dessinemoiunsoulier.com\/\"},{\"@type\":\"ListItem\",\"position\":2,\"name\":\"Donn\u00e9es personnelles\"}]},{\"@type\":\"WebSite\",\"@id\":\"https:\/\/dessinemoiunsoulier.com\/#website\",\"url\":\"https:\/\/dessinemoiunsoulier.com\/\",\"name\":\"Dessine-moi un soulier\",\"description\":\"Dessine-moi un soulier : chaussures personnalis\u00e9es\",\"publisher\":{\"@id\":\"https:\/\/dessinemoiunsoulier.com\/#organization\"},\"potentialAction\":[{\"@type\":\"SearchAction\",\"target\":{\"@type\":\"EntryPoint\",\"urlTemplate\":\"https:\/\/dessinemoiunsoulier.com\/?s={search_term_string}\"},\"query-input\":{\"@type\":\"PropertyValueSpecification\",\"valueRequired\":true,\"valueName\":\"search_term_string\"}}],\"inLanguage\":\"en-US\"},{\"@type\":\"Organization\",\"@id\":\"https:\/\/dessinemoiunsoulier.com\/#organization\",\"name\":\"Dessine-moi un soulier\",\"url\":\"https:\/\/dessinemoiunsoulier.com\/\",\"logo\":{\"@type\":\"ImageObject\",\"inLanguage\":\"en-US\",\"@id\":\"https:\/\/dessinemoiunsoulier.com\/#\/schema\/logo\/image\/\",\"url\":\"https:\/\/dessinemoiunsoulier.com\/wp-content\/uploads\/2025\/07\/Logo-Dessine-moi-un-soulier-GROS-CADRE.png\",\"contentUrl\":\"https:\/\/dessinemoiunsoulier.com\/wp-content\/uploads\/2025\/07\/Logo-Dessine-moi-un-soulier-GROS-CADRE.png\",\"width\":709,\"height\":142,\"caption\":\"Dessine-moi un soulier\"},\"image\":{\"@id\":\"https:\/\/dessinemoiunsoulier.com\/#\/schema\/logo\/image\/\"},\"sameAs\":[\"https:\/\/www.facebook.com\/dessinemoiunsoulier\/\",\"https:\/\/www.instagram.com\/dessinemoiunsoulier\/\",\"https:\/\/fr.pinterest.com\/dessinemoiunsoulier\/\"]}]}<\/script>\n<!-- \/ Yoast SEO Premium plugin. -->","yoast_head_json":{"title":"Personal data | Draw me a shoe","robots":{"index":"index","follow":"follow","max-snippet":"max-snippet:-1","max-image-preview":"max-image-preview:large","max-video-preview":"max-video-preview:-1"},"canonical":"https:\/\/dessinemoiunsoulier.com\/en\/personal-data\/","og_locale":"en_US","og_type":"article","og_title":"Donn\u00e9es personnelles","og_description":"&nbsp; &nbsp; &nbsp; Conform\u00e9ment au r\u00e8glement europ\u00e9en #2016\/679 ou au r\u00e8glement g\u00e9n\u00e9ral sur la protection des donn\u00e9es (RGPD), Dessine-moi un soulier s&rsquo;engage \u00e0 respecter les donn\u00e9es priv\u00e9es de ses clients et utilisateurs, tels que noms, adresses, num\u00e9ros de t\u00e9l\u00e9phone. Les informations recueillies par Dessine-moi un soulier sur le site quant aux donn\u00e9es nominatives sont confidentielles.&hellip;","og_url":"https:\/\/dessinemoiunsoulier.com\/en\/personal-data\/","og_site_name":"Dessine-moi un soulier","article_publisher":"https:\/\/www.facebook.com\/dessinemoiunsoulier\/","article_modified_time":"2025-06-11T15:57:03+00:00","twitter_card":"summary_large_image","twitter_misc":{"Est. reading time":"4 minutes"},"schema":{"@context":"https:\/\/schema.org","@graph":[{"@type":"WebPage","@id":"https:\/\/dessinemoiunsoulier.com\/donnees-personnelles\/","url":"https:\/\/dessinemoiunsoulier.com\/donnees-personnelles\/","name":"Personal data | Draw me a shoe","isPartOf":{"@id":"https:\/\/dessinemoiunsoulier.com\/#website"},"datePublished":"2025-05-23T11:03:22+00:00","dateModified":"2025-06-11T15:57:03+00:00","breadcrumb":{"@id":"https:\/\/dessinemoiunsoulier.com\/donnees-personnelles\/#breadcrumb"},"inLanguage":"en-US","potentialAction":[{"@type":"ReadAction","target":["https:\/\/dessinemoiunsoulier.com\/donnees-personnelles\/"]}]},{"@type":"BreadcrumbList","@id":"https:\/\/dessinemoiunsoulier.com\/donnees-personnelles\/#breadcrumb","itemListElement":[{"@type":"ListItem","position":1,"name":"Accueil","item":"https:\/\/dessinemoiunsoulier.com\/"},{"@type":"ListItem","position":2,"name":"Donn\u00e9es personnelles"}]},{"@type":"WebSite","@id":"https:\/\/dessinemoiunsoulier.com\/#website","url":"https:\/\/dessinemoiunsoulier.com\/","name":"Dessine-moi un soulier","description":"Draw me a shoe: personalized shoes","publisher":{"@id":"https:\/\/dessinemoiunsoulier.com\/#organization"},"potentialAction":[{"@type":"SearchAction","target":{"@type":"EntryPoint","urlTemplate":"https:\/\/dessinemoiunsoulier.com\/?s={search_term_string}"},"query-input":{"@type":"PropertyValueSpecification","valueRequired":true,"valueName":"search_term_string"}}],"inLanguage":"en-US"},{"@type":"Organization","@id":"https:\/\/dessinemoiunsoulier.com\/#organization","name":"Dessine-moi un soulier","url":"https:\/\/dessinemoiunsoulier.com\/","logo":{"@type":"ImageObject","inLanguage":"en-US","@id":"https:\/\/dessinemoiunsoulier.com\/#\/schema\/logo\/image\/","url":"https:\/\/dessinemoiunsoulier.com\/wp-content\/uploads\/2025\/07\/Logo-Dessine-moi-un-soulier-GROS-CADRE.png","contentUrl":"https:\/\/dessinemoiunsoulier.com\/wp-content\/uploads\/2025\/07\/Logo-Dessine-moi-un-soulier-GROS-CADRE.png","width":709,"height":142,"caption":"Dessine-moi un soulier"},"image":{"@id":"https:\/\/dessinemoiunsoulier.com\/#\/schema\/logo\/image\/"},"sameAs":["https:\/\/www.facebook.com\/dessinemoiunsoulier\/","https:\/\/www.instagram.com\/dessinemoiunsoulier\/","https:\/\/fr.pinterest.com\/dessinemoiunsoulier\/"]}]}},"_links":{"self":[{"href":"https:\/\/dessinemoiunsoulier.com\/en\/wp-json\/wp\/v2\/pages\/62117","targetHints":{"allow":["GET"]}}],"collection":[{"href":"https:\/\/dessinemoiunsoulier.com\/en\/wp-json\/wp\/v2\/pages"}],"about":[{"href":"https:\/\/dessinemoiunsoulier.com\/en\/wp-json\/wp\/v2\/types\/page"}],"author":[{"embeddable":true,"href":"https:\/\/dessinemoiunsoulier.com\/en\/wp-json\/wp\/v2\/users\/1"}],"replies":[{"embeddable":true,"href":"https:\/\/dessinemoiunsoulier.com\/en\/wp-json\/wp\/v2\/comments?post=62117"}],"version-history":[{"count":2,"href":"https:\/\/dessinemoiunsoulier.com\/en\/wp-json\/wp\/v2\/pages\/62117\/revisions"}],"predecessor-version":[{"id":67334,"href":"https:\/\/dessinemoiunsoulier.com\/en\/wp-json\/wp\/v2\/pages\/62117\/revisions\/67334"}],"wp:attachment":[{"href":"https:\/\/dessinemoiunsoulier.com\/en\/wp-json\/wp\/v2\/media?parent=62117"}],"curies":[{"name":"wp","href":"https:\/\/api.w.org\/{rel}","templated":true}]}}