{"id":62115,"date":"2025-05-23T11:03:22","date_gmt":"2025-05-23T11:03:22","guid":{"rendered":"https:\/\/dessinemoiunsoulier.com\/?page_id=62115"},"modified":"2025-07-25T09:24:02","modified_gmt":"2025-07-25T09:24:02","slug":"design-your-show-shoes","status":"publish","type":"page","link":"https:\/\/dessinemoiunsoulier.com\/en\/pour-les-pro\/creez-vos-chaussures-de-spectacle\/","title":{"rendered":"Design your show shoes"},"content":{"rendered":"<div class=\"wpb-content-wrapper\"><div data-vc-full-width=\"true\" data-vc-full-width-temp=\"true\" data-vc-full-width-init=\"false\" class=\"vc_row wpb_row vc_row-fluid vc_custom_1749645480832 vc_row-has-fill vc_row-o-full-height vc_row-o-columns-stretch vc_row-o-equal-height vc_row-flex\"><div class=\"wpb_column vc_column_container vc_col-sm-3\"><div class=\"vc_column-inner\"><div class=\"wpb_wrapper\"><div class=\"vc_empty_space\"   style=\"height: 32px\"><span class=\"vc_empty_space_inner\"><\/span><\/div><div id=\"ultimate-heading-323369dab0853c607\" class=\"uvc-heading ult-adjust-bottom-margin ultimate-heading-323369dab0853c607 uvc-477  uvc-heading-default-font-sizes\" data-hspacer=\"no_spacer\"  data-halign=\"left\" style=\"text-align:left\"><div class=\"uvc-heading-spacer no_spacer\" style=\"top\"><\/div><div class=\"uvc-main-heading ult-responsive\"  data-ultimate-target='.uvc-heading.ultimate-heading-323369dab0853c607 h2'  data-responsive-json-new='{\"font-size\":\"\",\"line-height\":\"\"}' ><h2 style=\"--font-weight:theme;color:#FFFFFF;\">Create your own cabaret shoes<\/h2><\/div><\/div><div class=\"vc_empty_space\"   style=\"height: 32px\"><span class=\"vc_empty_space_inner\"><\/span><\/div>\n\t<div class=\"wpb_text_column wpb_content_element\" >\n\t\t<div class=\"wpb_wrapper\">\n\t\t\t<h2 class=\"text-align-center\" style=\"text-align: left;\"><\/h2>\n<p style=\"text-align: left;\" data-pm-slice=\"1 1 &#091;&#093;\"><span style=\"color: #ffffff;\">At Dessine-moi un soulier, design is our language. <\/span><\/p>\n<p style=\"text-align: left;\" data-pm-slice=\"1 1 &#091;&#093;\"><span style=\"color: #ffffff;\">And the stage, a playground where every detail counts. <\/span><\/p>\n<p style=\"text-align: left;\" data-pm-slice=\"1 1 &#091;&#093;\"><span style=\"color: #ffffff;\">That's why we support artistic productions, costume designers, dance companies and stage directors in the creation of totally customized show shoes. <\/span><\/p>\n<p style=\"text-align: left;\" data-pm-slice=\"1 1 &#091;&#093;\"><span style=\"color: #ffffff;\">We put our craftsmanship and aesthetic sensitivity at the service of your technical, scenic and creative needs.<\/span><\/p>\n\n\t\t<\/div>\n\t<\/div>\n<\/div><\/div><\/div><div class=\"wpb_column vc_column_container vc_col-sm-9\"><div class=\"vc_column-inner\"><div class=\"wpb_wrapper\"><\/div><\/div><\/div><\/div><div class=\"vc_row-full-width vc_clearfix\"><\/div><div class=\"vc_row wpb_row vc_row-fluid dt-default\" style=\"margin-top: 0px;margin-bottom: 0px\"><div class=\"wpb_column vc_column_container vc_col-sm-12\"><div class=\"vc_column-inner\"><div class=\"wpb_wrapper\"><div class=\"vc_empty_space\"   style=\"height: 32px\"><span class=\"vc_empty_space_inner\"><\/span><\/div><\/div><\/div><\/div><\/div><div class=\"vc_row wpb_row vc_row-fluid dt-default\" style=\"margin-top: 0px;margin-bottom: 0px\"><div class=\"wpb_column vc_column_container vc_col-sm-12\"><div class=\"vc_column-inner\"><div class=\"wpb_wrapper\">\n\t<div class=\"wpb_text_column wpb_content_element\" >\n\t\t<div class=\"wpb_wrapper\">\n\t\t\t<p class=\"text-align-center\" style=\"text-align: center;\">Whether you're a cabaret or dance troupe, a costume designer for film or theater, or a professional in the world of events and entertainment, you must have been looking for the perfect shoes to complement your outfits and dress your dancers.<\/p>\n<p class=\"text-align-center\" style=\"text-align: center;\">With 10 years' experience in the manufacture of customized shoes and the development of new models, Dessine-moi un soulier has perfected the art of creating exceptional shoes, ceremonial shoes and show shoes.<\/p>\n<p class=\"text-align-center\" style=\"text-align: center;\">Whether you're an artist or a costume designer, we're here to help you customize the perfect shoes for your stage costumes.<\/p>\n<p style=\"text-align: center;\" data-pm-slice=\"1 1 &#091;&#093;\"><strong>Dancers: be well-shod, but never compromise<\/strong><\/p>\n<p style=\"text-align: center;\">A dance troupe is all about moving bodies, precise gestures and fast sequences. A good pair of shoes becomes a real partner in the game. With us, every shoe is designed to fit the constraints of the stage:<\/p>\n<ul style=\"text-align: center;\" data-spread=\"false\">\n<li>flexible sole,<\/li>\n<li>heel stability,<\/li>\n<li>grip on the ground,<\/li>\n<li>comfort over time,<\/li>\n<li>lightness and support,<\/li>\n<li>aesthetic in harmony with the costumes.<\/li>\n<\/ul>\n<p style=\"text-align: center;\">We work closely with your teams - choreographers, costume designers, stage managers - to create tailor-made shoes that respect your artistic direction while ensuring safety and durability. From the first rehearsals to touring, your dancers need to be able to rely on their feet.<\/p>\n\n\t\t<\/div>\n\t<\/div>\n<\/div><\/div><\/div><\/div><div class=\"vc_row wpb_row vc_row-fluid dt-default\" style=\"margin-top: 0px;margin-bottom: 0px\"><div class=\"wpb_column vc_column_container vc_col-sm-12\"><div class=\"vc_column-inner\"><div class=\"wpb_wrapper\"><div class=\"vc_empty_space\"   style=\"height: 32px\"><span class=\"vc_empty_space_inner\"><\/span><\/div><\/div><\/div><\/div><\/div><div class=\"vc_row wpb_row vc_row-fluid vc_row-o-equal-height vc_row-o-content-middle vc_row-flex\"><div class=\"wpb_column vc_column_container vc_col-sm-6\"><div class=\"vc_column-inner\"><div class=\"wpb_wrapper\">\n\t<div  class=\"wpb_single_image wpb_content_element vc_align_center\">\n\t\t\n\t\t<figure class=\"wpb_wrapper vc_figure\">\n\t\t\t<div class=\"vc_single_image-wrapper   vc_box_border_grey\"><img loading=\"lazy\" decoding=\"async\" width=\"500\" height=\"500\" src=\"https:\/\/dessinemoiunsoulier.com\/wp-content\/uploads\/2025\/06\/dmus_oct_24-106_0.jpg\" class=\"vc_single_image-img attachment-full\" alt=\"Charlotte in old rose suede and leopard fur\" title=\"Charlotte in old pink velvet and leopard hair\" srcset=\"https:\/\/dessinemoiunsoulier.com\/wp-content\/uploads\/2025\/06\/dmus_oct_24-106_0.jpg 500w, https:\/\/dessinemoiunsoulier.com\/wp-content\/uploads\/2025\/06\/dmus_oct_24-106_0-200x200.jpg 200w, https:\/\/dessinemoiunsoulier.com\/wp-content\/uploads\/2025\/06\/dmus_oct_24-106_0-300x300.jpg 300w, https:\/\/dessinemoiunsoulier.com\/wp-content\/uploads\/2025\/06\/dmus_oct_24-106_0-150x150.jpg 150w\" sizes=\"auto, (max-width: 500px) 100vw, 500px\"  data-dt-location=\"https:\/\/dessinemoiunsoulier.com\/en\/pour-les-pro\/creez-vos-chaussures-de-spectacle\/dmus_oct_24-106_0\/\" \/><\/div>\n\t\t<\/figure>\n\t<\/div>\n<\/div><\/div><\/div><div class=\"wpb_column vc_column_container vc_col-sm-6\"><div class=\"vc_column-inner\"><div class=\"wpb_wrapper\"><div id=\"ultimate-heading-857369dab0853de72\" class=\"uvc-heading ult-adjust-bottom-margin ultimate-heading-857369dab0853de72 uvc-9372  uvc-heading-default-font-sizes\" data-hspacer=\"no_spacer\"  data-halign=\"center\" style=\"text-align:center\"><div class=\"uvc-heading-spacer no_spacer\" style=\"top\"><\/div><div class=\"uvc-main-heading ult-responsive\"  data-ultimate-target='.uvc-heading.ultimate-heading-857369dab0853de72 h3'  data-responsive-json-new='{\"font-size\":\"\",\"line-height\":\"\"}' ><h3 style=\"--font-weight:theme;\">Style and technique for every discipline<\/h3><\/div><\/div><div class=\"vc_empty_space\"   style=\"height: 32px\"><span class=\"vc_empty_space_inner\"><\/span><\/div>\n\t<div class=\"wpb_text_column wpb_content_element\" >\n\t\t<div class=\"wpb_wrapper\">\n\t\t\t<h3 style=\"text-align: center;\" data-pm-slice=\"1 1 &#091;&#093;\"><\/h3>\n<p style=\"text-align: center;\">Classical, contemporary, cabaret, musical comedy, hip-hop or tango: each dance style has its own requirements. We adapt our models and finishes to your needs:<\/p>\n<ul style=\"text-align: center;\" data-spread=\"false\">\n<li>Reinforced heels for lateral support,<\/li>\n<li>flexible or rigid materials depending on movements,<\/li>\n<li>specific shapes for safe dancing,<\/li>\n<li>resistant sewing and technical stitching,<\/li>\n<li>optimal balance between aesthetics and functionality.<\/li>\n<\/ul>\n<p style=\"text-align: center;\">We can also create shoes designed to be seen from afar (TV sets, deep scenes), or on the contrary, designed for close-ups (cinema, shoots, music videos).<\/p>\n\n\t\t<\/div>\n\t<\/div>\n<\/div><\/div><\/div><\/div><div class=\"vc_row wpb_row vc_row-fluid dt-default\" style=\"margin-top: 0px;margin-bottom: 0px\"><div class=\"wpb_column vc_column_container vc_col-sm-12\"><div class=\"vc_column-inner\"><div class=\"wpb_wrapper\"><div class=\"vc_empty_space\"   style=\"height: 32px\"><span class=\"vc_empty_space_inner\"><\/span><\/div><\/div><\/div><\/div><\/div><div class=\"vc_row wpb_row vc_row-fluid vc_row-o-equal-height vc_row-o-content-middle vc_row-flex\"><div class=\"wpb_column vc_column_container vc_col-sm-6\"><div class=\"vc_column-inner\"><div class=\"wpb_wrapper\"><div id=\"ultimate-heading-868469dab0853e552\" class=\"uvc-heading ult-adjust-bottom-margin ultimate-heading-868469dab0853e552 uvc-9029  uvc-heading-default-font-sizes\" data-hspacer=\"no_spacer\"  data-halign=\"center\" style=\"text-align:center\"><div class=\"uvc-heading-spacer no_spacer\" style=\"top\"><\/div><div class=\"uvc-main-heading ult-responsive\"  data-ultimate-target='.uvc-heading.ultimate-heading-868469dab0853e552 h3'  data-responsive-json-new='{\"font-size\":\"\",\"line-height\":\"\"}' ><h3 style=\"--font-weight:theme;\">Infinite customization possibilities<\/h3><\/div><\/div><div class=\"vc_empty_space\"   style=\"height: 32px\"><span class=\"vc_empty_space_inner\"><\/span><\/div>\n\t<div class=\"wpb_text_column wpb_content_element\" >\n\t\t<div class=\"wpb_wrapper\">\n\t\t\t<p style=\"text-align: center;\">With over 80 materials available in our workshop, and hundreds of combinations of colors, shapes, cuts and heel heights, each troupe can create its own unique visual identity.<\/p>\n<p style=\"text-align: center;\">Would you like a model inspired by the 1920s?<\/p>\n<p style=\"text-align: center;\">A futuristic silver shoe?<\/p>\n<p style=\"text-align: center;\">A high sandal in cracked leather?<\/p>\n<p style=\"text-align: center;\">Anything is possible.<\/p>\n<p style=\"text-align: center;\">You can :<\/p>\n<ul style=\"text-align: center;\" data-spread=\"false\">\n<li>choose each component (upper, lining, sole, straps, buckles),<\/li>\n<li>include your logo or show name,<\/li>\n<li>offer the model in several sizes and versions (men's\/women's\/unisex),<\/li>\n<li>design a pre-launch test prototype,<\/li>\n<li>adjust production deadlines to the creation schedule.<\/li>\n<\/ul>\n\n\t\t<\/div>\n\t<\/div>\n<div class=\"vc_empty_space\"   style=\"height: 32px\"><span class=\"vc_empty_space_inner\"><\/span><\/div><\/div><\/div><\/div><div class=\"wpb_column vc_column_container vc_col-sm-6\"><div class=\"vc_column-inner\"><div class=\"wpb_wrapper\">\n\t<div  class=\"wpb_single_image wpb_content_element vc_align_center\">\n\t\t\n\t\t<figure class=\"wpb_wrapper vc_figure\">\n\t\t\t<div class=\"vc_single_image-wrapper   vc_box_border_grey\"><img loading=\"lazy\" decoding=\"async\" width=\"819\" height=\"1024\" src=\"https:\/\/dessinemoiunsoulier.com\/wp-content\/uploads\/2025\/06\/DMUSJan24-092-2.jpg\" class=\"vc_single_image-img attachment-full\" alt=\"Salom\u00e9 in ballerina pink suede leather and blond gold.2\" title=\"Salom\u00e9 in ballerina pink suede leather and blond gold.2\" srcset=\"https:\/\/dessinemoiunsoulier.com\/wp-content\/uploads\/2025\/06\/DMUSJan24-092-2.jpg 819w, https:\/\/dessinemoiunsoulier.com\/wp-content\/uploads\/2025\/06\/DMUSJan24-092-2-240x300.jpg 240w, https:\/\/dessinemoiunsoulier.com\/wp-content\/uploads\/2025\/06\/DMUSJan24-092-2-768x960.jpg 768w\" sizes=\"auto, (max-width: 819px) 100vw, 819px\"  data-dt-location=\"https:\/\/dessinemoiunsoulier.com\/en\/?attachment_id=66894\" \/><\/div>\n\t\t<\/figure>\n\t<\/div>\n<\/div><\/div><\/div><\/div><div class=\"vc_row wpb_row vc_row-fluid dt-default\" style=\"margin-top: 0px;margin-bottom: 0px\"><div class=\"wpb_column vc_column_container vc_col-sm-12\"><div class=\"vc_column-inner\"><div class=\"wpb_wrapper\"><div class=\"vc_empty_space\"   style=\"height: 32px\"><span class=\"vc_empty_space_inner\"><\/span><\/div><section class=\"vc_cta3-container\"><div class=\"vc_general vc_do_cta3 vc_cta3 vc_cta3-style-classic vc_cta3-shape-rounded vc_cta3-align-left vc_cta3-color-classic vc_cta3-icon-size-md\"><div class=\"vc_cta3_content-container\"><div class=\"vc_cta3-content\"><header class=\"vc_cta3-content-header\"><h2>They put their trust in us<\/h2><\/header><p style=\"text-align: center;\">\u00a0Since our creation, we've had the pleasure of collaborating with numerous companies and artistic structures: costume designers for theater and opera, contemporary dance companies, performing arts schools, musicals and film projects. Each project is unique. Each pair is a piece of creation.<\/p>\n<\/div><\/div><\/div><\/section><\/div><\/div><\/div><\/div><div class=\"vc_row wpb_row vc_row-fluid dt-default\" style=\"margin-top: 0px;margin-bottom: 0px\"><div class=\"wpb_column vc_column_container vc_col-sm-12\"><div class=\"vc_column-inner\"><div class=\"wpb_wrapper\">\n\t<div class=\"wpb_text_column wpb_content_element\" >\n\t\t<div class=\"wpb_wrapper\">\n\t\t\t<div class=\"wrapper-block-intro para-id-2776 width-center left text text-alone text-left\">\n<div class=\"body\">\n<p style=\"text-align: center;\"><strong>How does it work in practice?<\/strong><\/p>\n<ol style=\"text-align: center;\" start=\"1\" data-spread=\"false\">\n<li>You contact us with your requirements or technical brief.<\/li>\n<li>We discuss your constraints, your wishes and your budget.<\/li>\n<li>We co-construct a model: sketch, prototype, choice of materials.<\/li>\n<li>Once validated, we launch production.<\/li>\n<li>You'll receive your pairs by the agreed deadline.<\/li>\n<\/ol>\n<p style=\"text-align: center;\">Our team remains available throughout the process: we know that artistic creations evolve along the way, and we're flexible.<\/p>\n<p style=\"text-align: center;\"><a href=\"mailto:contact@dmus.fr\"><strong>Contact us to fit your next show<\/strong><\/a><\/p>\n<p style=\"text-align: center;\">Do you have a dance, live performance or audiovisual creation project?<\/p>\n<p style=\"text-align: center;\">Are you looking for a reliable, responsive and creative partner?<\/p>\n<p style=\"text-align: center;\">Our team accompanies you from idea to stage.<\/p>\n<p style=\"text-align: center;\">Let's create together the shoes that will give movement and presence to your artists.<\/p>\n<\/div>\n<\/div>\n\n\t\t<\/div>\n\t<\/div>\n<div class=\"vc_empty_space\"   style=\"height: 32px\"><span class=\"vc_empty_space_inner\"><\/span><\/div><\/div><\/div><\/div><\/div><div class=\"vc_row wpb_row vc_row-fluid dt-default\" style=\"margin-top: 0px;margin-bottom: 0px\"><div class=\"wpb_column vc_column_container vc_col-sm-12\"><div class=\"vc_column-inner\"><div class=\"wpb_wrapper\">\n\t<div class=\"wpb_text_column wpb_content_element\" >\n\t\t<div class=\"wpb_wrapper\">\n\t\t\t<p style=\"text-align: center;\">To discover <a href=\"https:\/\/dessinemoiunsoulier.com\/en\/for-pro\/\">all our offers for professionals, it's here.<\/a><\/p>\n<p style=\"text-align: center;\">For <a href=\"https:\/\/dessinemoiunsoulier.com\/en\/for-pro\/uniform-shoes\/\">to find out more about our uniform shoes, click here.<\/a><\/p>\n<p style=\"text-align: center;\">To discover <a href=\"https:\/\/dessinemoiunsoulier.com\/en\/dmus-studio-support-your-professional-projects\/\">our white-label design workshop is here.<\/a><\/p>\n\n\t\t<\/div>\n\t<\/div>\n<\/div><\/div><\/div><\/div>\n<\/div>","protected":false},"excerpt":{"rendered":"<p>Cr\u00e9ez vos chaussures de cabaret Chez Dessine-moi un soulier, la cr\u00e9ation est notre langage. Et la sc\u00e8ne, un terrain de jeu o\u00f9 chaque d\u00e9tail compte. C\u2019est pourquoi nous accompagnons les productions artistiques, les costumiers, les compagnies de danse et les metteurs en sc\u00e8ne dans la cr\u00e9ation de chaussures de spectacle totalement personnalis\u00e9es. Nous mettons notre&hellip;<\/p>","protected":false},"author":1,"featured_media":0,"parent":67263,"menu_order":0,"comment_status":"open","ping_status":"closed","template":"","meta":{"inline_featured_image":false,"footnotes":""},"class_list":["post-62115","page","type-page","status-publish","hentry","description-off"],"yoast_head":"<!-- This site is optimized with the Yoast SEO Premium plugin v22.1 (Yoast SEO v27.2) - https:\/\/yoast.com\/product\/yoast-seo-premium-wordpress\/ -->\n<title>Cr\u00e9ez vos chaussures de spectacle | Dessine-moi un soulier<\/title>\n<meta name=\"description\" content=\"Artistes, costumiers, nous sommes \u00e0 votre \u00e9coute pour personnaliser vos chaussures de spectacle sur mesure, parfaites pour vos costumes de sc\u00e8ne.\" \/>\n<meta name=\"robots\" content=\"index, follow, max-snippet:-1, max-image-preview:large, max-video-preview:-1\" \/>\n<link rel=\"canonical\" href=\"https:\/\/dessinemoiunsoulier.com\/en\/for-pro\/design-your-show-shoes\/\" \/>\n<meta property=\"og:locale\" content=\"en_US\" \/>\n<meta property=\"og:type\" content=\"article\" \/>\n<meta property=\"og:title\" content=\"Cr\u00e9ez vos chaussures de spectacle\" \/>\n<meta property=\"og:description\" content=\"Artistes, costumiers, nous sommes \u00e0 votre \u00e9coute pour personnaliser vos chaussures de spectacle sur mesure, parfaites pour vos costumes de sc\u00e8ne.\" \/>\n<meta property=\"og:url\" content=\"https:\/\/dessinemoiunsoulier.com\/en\/for-pro\/design-your-show-shoes\/\" \/>\n<meta property=\"og:site_name\" content=\"Dessine-moi un soulier\" \/>\n<meta property=\"article:publisher\" content=\"https:\/\/www.facebook.com\/dessinemoiunsoulier\/\" \/>\n<meta property=\"article:modified_time\" content=\"2025-07-25T09:24:02+00:00\" \/>\n<meta name=\"twitter:card\" content=\"summary_large_image\" \/>\n<meta name=\"twitter:label1\" content=\"Est. reading time\" \/>\n\t<meta name=\"twitter:data1\" content=\"5 minutes\" \/>\n<script type=\"application\/ld+json\" class=\"yoast-schema-graph\">{\"@context\":\"https:\/\/schema.org\",\"@graph\":[{\"@type\":\"WebPage\",\"@id\":\"https:\/\/dessinemoiunsoulier.com\/pour-les-pro\/creez-vos-chaussures-de-spectacle\/\",\"url\":\"https:\/\/dessinemoiunsoulier.com\/pour-les-pro\/creez-vos-chaussures-de-spectacle\/\",\"name\":\"Cr\u00e9ez vos chaussures de spectacle | Dessine-moi un soulier\",\"isPartOf\":{\"@id\":\"https:\/\/dessinemoiunsoulier.com\/#website\"},\"datePublished\":\"2025-05-23T11:03:22+00:00\",\"dateModified\":\"2025-07-25T09:24:02+00:00\",\"description\":\"Artistes, costumiers, nous sommes \u00e0 votre \u00e9coute pour personnaliser vos chaussures de spectacle sur mesure, parfaites pour vos costumes de sc\u00e8ne.\",\"breadcrumb\":{\"@id\":\"https:\/\/dessinemoiunsoulier.com\/pour-les-pro\/creez-vos-chaussures-de-spectacle\/#breadcrumb\"},\"inLanguage\":\"en-US\",\"potentialAction\":[{\"@type\":\"ReadAction\",\"target\":[\"https:\/\/dessinemoiunsoulier.com\/pour-les-pro\/creez-vos-chaussures-de-spectacle\/\"]}]},{\"@type\":\"BreadcrumbList\",\"@id\":\"https:\/\/dessinemoiunsoulier.com\/pour-les-pro\/creez-vos-chaussures-de-spectacle\/#breadcrumb\",\"itemListElement\":[{\"@type\":\"ListItem\",\"position\":1,\"name\":\"Accueil\",\"item\":\"https:\/\/dessinemoiunsoulier.com\/\"},{\"@type\":\"ListItem\",\"position\":2,\"name\":\"Pour les pro\",\"item\":\"https:\/\/dessinemoiunsoulier.com\/pour-les-pro\/\"},{\"@type\":\"ListItem\",\"position\":3,\"name\":\"Cr\u00e9ez vos chaussures de spectacle\"}]},{\"@type\":\"WebSite\",\"@id\":\"https:\/\/dessinemoiunsoulier.com\/#website\",\"url\":\"https:\/\/dessinemoiunsoulier.com\/\",\"name\":\"Dessine-moi un soulier\",\"description\":\"Dessine-moi un soulier : chaussures personnalis\u00e9es\",\"publisher\":{\"@id\":\"https:\/\/dessinemoiunsoulier.com\/#organization\"},\"potentialAction\":[{\"@type\":\"SearchAction\",\"target\":{\"@type\":\"EntryPoint\",\"urlTemplate\":\"https:\/\/dessinemoiunsoulier.com\/?s={search_term_string}\"},\"query-input\":{\"@type\":\"PropertyValueSpecification\",\"valueRequired\":true,\"valueName\":\"search_term_string\"}}],\"inLanguage\":\"en-US\"},{\"@type\":\"Organization\",\"@id\":\"https:\/\/dessinemoiunsoulier.com\/#organization\",\"name\":\"Dessine-moi un soulier\",\"url\":\"https:\/\/dessinemoiunsoulier.com\/\",\"logo\":{\"@type\":\"ImageObject\",\"inLanguage\":\"en-US\",\"@id\":\"https:\/\/dessinemoiunsoulier.com\/#\/schema\/logo\/image\/\",\"url\":\"https:\/\/dessinemoiunsoulier.com\/wp-content\/uploads\/2025\/07\/Logo-Dessine-moi-un-soulier-GROS-CADRE.png\",\"contentUrl\":\"https:\/\/dessinemoiunsoulier.com\/wp-content\/uploads\/2025\/07\/Logo-Dessine-moi-un-soulier-GROS-CADRE.png\",\"width\":709,\"height\":142,\"caption\":\"Dessine-moi un soulier\"},\"image\":{\"@id\":\"https:\/\/dessinemoiunsoulier.com\/#\/schema\/logo\/image\/\"},\"sameAs\":[\"https:\/\/www.facebook.com\/dessinemoiunsoulier\/\",\"https:\/\/www.instagram.com\/dessinemoiunsoulier\/\",\"https:\/\/fr.pinterest.com\/dessinemoiunsoulier\/\"]}]}<\/script>\n<!-- \/ Yoast SEO Premium plugin. -->","yoast_head_json":{"title":"Design your show shoes | Draw me a shoe","description":"Artists, costume designers, we're here to customize your show shoes, perfect for your stage costumes.","robots":{"index":"index","follow":"follow","max-snippet":"max-snippet:-1","max-image-preview":"max-image-preview:large","max-video-preview":"max-video-preview:-1"},"canonical":"https:\/\/dessinemoiunsoulier.com\/en\/for-pro\/design-your-show-shoes\/","og_locale":"en_US","og_type":"article","og_title":"Cr\u00e9ez vos chaussures de spectacle","og_description":"Artistes, costumiers, nous sommes \u00e0 votre \u00e9coute pour personnaliser vos chaussures de spectacle sur mesure, parfaites pour vos costumes de sc\u00e8ne.","og_url":"https:\/\/dessinemoiunsoulier.com\/en\/for-pro\/design-your-show-shoes\/","og_site_name":"Dessine-moi un soulier","article_publisher":"https:\/\/www.facebook.com\/dessinemoiunsoulier\/","article_modified_time":"2025-07-25T09:24:02+00:00","twitter_card":"summary_large_image","twitter_misc":{"Est. reading time":"5 minutes"},"schema":{"@context":"https:\/\/schema.org","@graph":[{"@type":"WebPage","@id":"https:\/\/dessinemoiunsoulier.com\/pour-les-pro\/creez-vos-chaussures-de-spectacle\/","url":"https:\/\/dessinemoiunsoulier.com\/pour-les-pro\/creez-vos-chaussures-de-spectacle\/","name":"Design your show shoes | Draw me a shoe","isPartOf":{"@id":"https:\/\/dessinemoiunsoulier.com\/#website"},"datePublished":"2025-05-23T11:03:22+00:00","dateModified":"2025-07-25T09:24:02+00:00","description":"Artists, costume designers, we're here to customize your show shoes, perfect for your stage costumes.","breadcrumb":{"@id":"https:\/\/dessinemoiunsoulier.com\/pour-les-pro\/creez-vos-chaussures-de-spectacle\/#breadcrumb"},"inLanguage":"en-US","potentialAction":[{"@type":"ReadAction","target":["https:\/\/dessinemoiunsoulier.com\/pour-les-pro\/creez-vos-chaussures-de-spectacle\/"]}]},{"@type":"BreadcrumbList","@id":"https:\/\/dessinemoiunsoulier.com\/pour-les-pro\/creez-vos-chaussures-de-spectacle\/#breadcrumb","itemListElement":[{"@type":"ListItem","position":1,"name":"Accueil","item":"https:\/\/dessinemoiunsoulier.com\/"},{"@type":"ListItem","position":2,"name":"Pour les pro","item":"https:\/\/dessinemoiunsoulier.com\/pour-les-pro\/"},{"@type":"ListItem","position":3,"name":"Cr\u00e9ez vos chaussures de spectacle"}]},{"@type":"WebSite","@id":"https:\/\/dessinemoiunsoulier.com\/#website","url":"https:\/\/dessinemoiunsoulier.com\/","name":"Dessine-moi un soulier","description":"Draw me a shoe: personalized shoes","publisher":{"@id":"https:\/\/dessinemoiunsoulier.com\/#organization"},"potentialAction":[{"@type":"SearchAction","target":{"@type":"EntryPoint","urlTemplate":"https:\/\/dessinemoiunsoulier.com\/?s={search_term_string}"},"query-input":{"@type":"PropertyValueSpecification","valueRequired":true,"valueName":"search_term_string"}}],"inLanguage":"en-US"},{"@type":"Organization","@id":"https:\/\/dessinemoiunsoulier.com\/#organization","name":"Dessine-moi un soulier","url":"https:\/\/dessinemoiunsoulier.com\/","logo":{"@type":"ImageObject","inLanguage":"en-US","@id":"https:\/\/dessinemoiunsoulier.com\/#\/schema\/logo\/image\/","url":"https:\/\/dessinemoiunsoulier.com\/wp-content\/uploads\/2025\/07\/Logo-Dessine-moi-un-soulier-GROS-CADRE.png","contentUrl":"https:\/\/dessinemoiunsoulier.com\/wp-content\/uploads\/2025\/07\/Logo-Dessine-moi-un-soulier-GROS-CADRE.png","width":709,"height":142,"caption":"Dessine-moi un soulier"},"image":{"@id":"https:\/\/dessinemoiunsoulier.com\/#\/schema\/logo\/image\/"},"sameAs":["https:\/\/www.facebook.com\/dessinemoiunsoulier\/","https:\/\/www.instagram.com\/dessinemoiunsoulier\/","https:\/\/fr.pinterest.com\/dessinemoiunsoulier\/"]}]}},"_links":{"self":[{"href":"https:\/\/dessinemoiunsoulier.com\/en\/wp-json\/wp\/v2\/pages\/62115","targetHints":{"allow":["GET"]}}],"collection":[{"href":"https:\/\/dessinemoiunsoulier.com\/en\/wp-json\/wp\/v2\/pages"}],"about":[{"href":"https:\/\/dessinemoiunsoulier.com\/en\/wp-json\/wp\/v2\/types\/page"}],"author":[{"embeddable":true,"href":"https:\/\/dessinemoiunsoulier.com\/en\/wp-json\/wp\/v2\/users\/1"}],"replies":[{"embeddable":true,"href":"https:\/\/dessinemoiunsoulier.com\/en\/wp-json\/wp\/v2\/comments?post=62115"}],"version-history":[{"count":9,"href":"https:\/\/dessinemoiunsoulier.com\/en\/wp-json\/wp\/v2\/pages\/62115\/revisions"}],"predecessor-version":[{"id":91382,"href":"https:\/\/dessinemoiunsoulier.com\/en\/wp-json\/wp\/v2\/pages\/62115\/revisions\/91382"}],"up":[{"embeddable":true,"href":"https:\/\/dessinemoiunsoulier.com\/en\/wp-json\/wp\/v2\/pages\/67263"}],"wp:attachment":[{"href":"https:\/\/dessinemoiunsoulier.com\/en\/wp-json\/wp\/v2\/media?parent=62115"}],"curies":[{"name":"wp","href":"https:\/\/api.w.org\/{rel}","templated":true}]}}