{"id":62114,"date":"2025-05-23T11:03:22","date_gmt":"2025-05-23T11:03:22","guid":{"rendered":"https:\/\/dessinemoiunsoulier.com\/?page_id=62114"},"modified":"2025-07-22T09:39:23","modified_gmt":"2025-07-22T09:39:23","slug":"design-your-own-low-heeled-shoes","status":"publish","type":"page","link":"https:\/\/dessinemoiunsoulier.com\/en\/creez-vos-chaussures-personnalisables\/creez-vos-chaussure-petit-talon\/","title":{"rendered":"Design your own low-heeled shoes"},"content":{"rendered":"<div class=\"wpb-content-wrapper\"><div data-vc-full-width=\"true\" data-vc-full-width-temp=\"true\" data-vc-full-width-init=\"false\" class=\"vc_row wpb_row vc_row-fluid vc_custom_1749715779449 vc_row-has-fill\"><div class=\"wpb_column vc_column_container vc_col-sm-12\"><div class=\"vc_column-inner\"><div class=\"wpb_wrapper\">\n\t<div class=\"wpb_text_column wpb_content_element\" >\n\t\t<div class=\"wpb_wrapper\">\n\t\t\t<h2 class=\"text-align-center\" style=\"text-align: center;\">Looking for shoes with small heels?<\/h2>\n<p class=\"text-align-center\" style=\"text-align: center;\">At Dessine-moi un soulier, you can create beautiful kitten heels.<\/p>\n<p class=\"text-align-center\" style=\"text-align: center;\">In fact, our range includes pretty heels measuring 6 cm at the back - i.e. 4.5 cm in arch (i.e. the actual height supported by your foot), in different thicknesses.<\/p>\n<p class=\"text-align-center\" style=\"text-align: center;\">Here you will find <a href=\"\/en\/heel-guide\/\">our heel guide<\/a>So that you can see them all, here are their specific features, advantages and disadvantages.<\/p>\n<p class=\"text-align-center\" style=\"text-align: center;\">Our shoes with small heels, or trotter heels, are available in stiletto, chunky, square or wedge.<\/p>\n\n\t\t<\/div>\n\t<\/div>\n<\/div><\/div><\/div><\/div><div class=\"vc_row-full-width vc_clearfix\"><\/div><div class=\"vc_row wpb_row vc_row-fluid dt-default\" style=\"margin-top: 0px;margin-bottom: 0px\"><div class=\"wpb_column vc_column_container vc_col-sm-12\"><div class=\"vc_column-inner\"><div class=\"wpb_wrapper\"><div class=\"vc_empty_space\"   style=\"height: 32px\"><span class=\"vc_empty_space_inner\"><\/span><\/div><\/div><\/div><\/div><\/div><div class=\"vc_row wpb_row vc_row-fluid vc_row-o-equal-height vc_row-o-content-middle vc_row-flex\"><div class=\"wpb_column vc_column_container vc_col-sm-6\"><div class=\"vc_column-inner\"><div class=\"wpb_wrapper\">\n\t<div  class=\"wpb_single_image wpb_content_element vc_align_center\">\n\t\t\n\t\t<figure class=\"wpb_wrapper vc_figure\">\n\t\t\t<div class=\"vc_single_image-wrapper   vc_box_border_grey\"><img decoding=\"async\" width=\"500\" height=\"500\" data-src=\"https:\/\/dessinemoiunsoulier.com\/wp-content\/uploads\/2025\/06\/salome-en-paillettes-champagne_1.jpg\" class=\"vc_single_image-img attachment-full lazyload\" alt=\"Open slingback in champagne sequinned leather\" title=\"Open Salom\u00e9 in fine champagne sequins\" data-srcset=\"https:\/\/dessinemoiunsoulier.com\/wp-content\/uploads\/2025\/06\/salome-en-paillettes-champagne_1.jpg 500w, https:\/\/dessinemoiunsoulier.com\/wp-content\/uploads\/2025\/06\/salome-en-paillettes-champagne_1-200x200.jpg 200w, https:\/\/dessinemoiunsoulier.com\/wp-content\/uploads\/2025\/06\/salome-en-paillettes-champagne_1-300x300.jpg 300w, https:\/\/dessinemoiunsoulier.com\/wp-content\/uploads\/2025\/06\/salome-en-paillettes-champagne_1-150x150.jpg 150w\" data-sizes=\"(max-width: 500px) 100vw, 500px\"  data-dt-location=\"https:\/\/dessinemoiunsoulier.com\/en\/creez-vos-chaussures-personnalisables\/creez-vos-chaussure-petit-talon\/salome-en-paillettes-champagne_1\/\" src=\"data:image\/svg+xml;base64,PHN2ZyB3aWR0aD0iMSIgaGVpZ2h0PSIxIiB4bWxucz0iaHR0cDovL3d3dy53My5vcmcvMjAwMC9zdmciPjwvc3ZnPg==\" style=\"--smush-placeholder-width: 500px; --smush-placeholder-aspect-ratio: 500\/500;\" \/><\/div>\n\t\t<\/figure>\n\t<\/div>\n<\/div><\/div><\/div><div class=\"wpb_column vc_column_container vc_col-sm-6\"><div class=\"vc_column-inner\"><div class=\"wpb_wrapper\">\n\t<div class=\"wpb_text_column wpb_content_element\" >\n\t\t<div class=\"wpb_wrapper\">\n\t\t\t<div class=\"wrapper-block-intro para-id-2711 width-center left img text text-left\">\n<div class=\"body\">\n<h3 class=\"title\" style=\"text-align: center;\">Our different low heels<\/h3>\n<p style=\"text-align: center;\"><strong>Our stiletto heel: <\/strong>this is the most retro of our heels, with its coil shape. It's sure to seduce you with its stability (thanks to a wide base at heel level) and its vintage look, which we love!<\/p>\n<p style=\"text-align: center;\"><strong>Our thick heels:<\/strong> is the \"good compromise\". Rather straight in shape, it offers a more modern curve than the stiletto heel, yet remains quite slim. It's the perfect choice for heeled pumps or elegant wedding pumps. Perfect with a mermaid dress.<\/p>\n<p style=\"text-align: center;\"><strong>Our chunky square heel:<\/strong> is our best-selling bridal shoe. In fact, it offers unfailing comfort (you'd think you were flat on your back), as well as gorgeous baby styling on pumps and sandals, as well as salom\u00e9s... In short, it's the unanimous choice!<\/p>\n<p style=\"text-align: center;\"><strong>Our wedge heel:<\/strong> offers a cooler, more relaxed look, perfect for beach weddings, for example! Also ultra-comfortable, it's a favorite on open models like salom\u00e9s or sandals, and goes wonderfully with bohemian or loose dresses, for romantic seaside brides.<\/p>\n<h5 class=\"link\" style=\"text-align: center;\"><a href=\"\/en\/heel-guide\/\">Discover our heel guide<\/a><\/h5>\n<\/div>\n<\/div>\n\n\t\t<\/div>\n\t<\/div>\n<\/div><\/div><\/div><\/div><div class=\"vc_row wpb_row vc_row-fluid dt-default\" style=\"margin-top: 0px;margin-bottom: 0px\"><div class=\"wpb_column vc_column_container vc_col-sm-12\"><div class=\"vc_column-inner\"><div class=\"wpb_wrapper\"><div class=\"vc_empty_space\"   style=\"height: 32px\"><span class=\"vc_empty_space_inner\"><\/span><\/div><\/div><\/div><\/div><\/div><div class=\"vc_row wpb_row vc_row-fluid vc_row-o-equal-height vc_row-o-content-middle vc_row-flex\"><div class=\"wpb_column vc_column_container vc_col-sm-6\"><div class=\"vc_column-inner\"><div class=\"wpb_wrapper\">\n\t<div class=\"wpb_text_column wpb_content_element\" >\n\t\t<div class=\"wpb_wrapper\">\n\t\t\t<h3 class=\"title\" style=\"text-align: center;\">Our new feature: the illusionist!<\/h3>\n<p style=\"text-align: center;\">The latest addition to our range, our 8 cm platform heel offers the comfort of a 6 cm arch, thanks to its 1.5 cm front pad.<\/p>\n<p style=\"text-align: center;\">On the other hand, it does measure 8 cm, so you can gain height without suffering the consequences!<\/p>\n<p style=\"text-align: center;\">You can create with this heel on all our \"platform\" models: <a href=\"https:\/\/dessinemoiunsoulier.com\/en\/e-shop\/personalized-platform-pump\/\">platform pump<\/a>, <a href=\"\/en\/eshop\/product\/custom\/salome-plateforme-ouverte\/\">salom\u00e9 open platform<\/a>, <a href=\"\/en\/eshop\/product\/custom\/salome-plateforme\/\">salom\u00e9 closed platform<\/a>, <a href=\"\/en\/eshop\/product\/custom\/bottine-plateforme\/\">platform boot<\/a>, <a href=\"\/en\/eshop\/product\/custom\/richelieu-plateforme\/\">richelieu platform<\/a>, <a href=\"\/en\/eshop\/product\/custom\/charlotte-plateforme\/\">Charlotte platform<\/a>, <a href=\"\/en\/eshop\/product\/custom\/sandale-emma-plateforme\/\">Emma platform<\/a>...<\/p>\n<p style=\"text-align: center;\">It will dress up any style of wedding dress, without sacrificing comfort or aesthetics. It's perfect for brides who want a high heel but aren't used to wearing them!<\/p>\n<p style=\"text-align: center;\"><em><strong>A word of advice:<\/strong><\/em> the models on this heel fit rather large, so if you have a slim foot, we recommend that you take a half size smaller than our model recommendation.<\/p>\n<p style=\"text-align: center;\">Here is our range of small heels, whether stiletto or stiletto. <a href=\"https:\/\/dessinemoiunsoulier.com\/en\/eshop\/personalization\/personalized-platform-pump\/\">platform pump<\/a> But as you know, at Dessine-moi un soulier you'll find all heights, so discover here <a href=\"\/en\/chaussure-talon-haut\/\">our range of high-heeled shoes<\/a>.<\/p>\n<p style=\"text-align: center;\">To find all our tips for <a href=\"https:\/\/dessinemoiunsoulier.com\/en\/collection-mariee\/\">wedding shoes it's here<\/a>.<\/p>\n<p style=\"text-align: center;\">To access <a href=\"\/en\/eshop\/create\/shoes\/\">our creative studio is this way<\/a>.<\/p>\n\n\t\t<\/div>\n\t<\/div>\n<\/div><\/div><\/div><div class=\"wpb_column vc_column_container vc_col-sm-6\"><div class=\"vc_column-inner\"><div class=\"wpb_wrapper\">\n\t<div  class=\"wpb_single_image wpb_content_element vc_align_center\">\n\t\t\n\t\t<figure class=\"wpb_wrapper vc_figure\">\n\t\t\t<div class=\"vc_single_image-wrapper   vc_box_border_grey\"><img decoding=\"async\" width=\"500\" height=\"500\" data-src=\"https:\/\/dessinemoiunsoulier.com\/wp-content\/uploads\/2025\/06\/dmus_oct_24-063_0.jpg\" class=\"vc_single_image-img attachment-full lazyload\" alt=\"Platform slingback in leather with fine blond gold sequins\" title=\"Platform Salom\u00e9 in fine blond gold sequins\" data-srcset=\"https:\/\/dessinemoiunsoulier.com\/wp-content\/uploads\/2025\/06\/dmus_oct_24-063_0.jpg 500w, https:\/\/dessinemoiunsoulier.com\/wp-content\/uploads\/2025\/06\/dmus_oct_24-063_0-200x200.jpg 200w, https:\/\/dessinemoiunsoulier.com\/wp-content\/uploads\/2025\/06\/dmus_oct_24-063_0-300x300.jpg 300w, https:\/\/dessinemoiunsoulier.com\/wp-content\/uploads\/2025\/06\/dmus_oct_24-063_0-150x150.jpg 150w\" data-sizes=\"(max-width: 500px) 100vw, 500px\"  data-dt-location=\"https:\/\/dessinemoiunsoulier.com\/en\/creez-vos-chaussures-personnalisables\/creez-vos-chaussure-petit-talon\/dmus_oct_24-063_0\/\" src=\"data:image\/svg+xml;base64,PHN2ZyB3aWR0aD0iMSIgaGVpZ2h0PSIxIiB4bWxucz0iaHR0cDovL3d3dy53My5vcmcvMjAwMC9zdmciPjwvc3ZnPg==\" style=\"--smush-placeholder-width: 500px; --smush-placeholder-aspect-ratio: 500\/500;\" \/><\/div>\n\t\t<\/figure>\n\t<\/div>\n<\/div><\/div><\/div><\/div><div class=\"vc_row wpb_row vc_row-fluid dt-default\" style=\"margin-top: 0px;margin-bottom: 0px\"><div class=\"wpb_column vc_column_container vc_col-sm-12\"><div class=\"vc_column-inner\"><div class=\"wpb_wrapper\"><div class=\"vc_empty_space\"   style=\"height: 32px\"><span class=\"vc_empty_space_inner\"><\/span><\/div><\/div><\/div><\/div><\/div>\n<\/div>","protected":false},"excerpt":{"rendered":"<p>\u00c0 la recherche de chaussures \u00e0 petits talons ? Chez Dessine-moi un soulier, vous pouvez cr\u00e9er de superbes chaussures \u00e0 petits talons, des \u00ab\u00a0kitten heels\u00a0\u00bb. En effet, nous proposons dans notre gamme de tr\u00e8s jolis talons de 6 cm mesur\u00e9s \u00e0 l\u2019arri\u00e8re \u2013 soit 4,5 cm en cambrure (donc la hauteur r\u00e9elle support\u00e9e par votre&hellip;<\/p>","protected":false},"author":1,"featured_media":0,"parent":62116,"menu_order":0,"comment_status":"open","ping_status":"closed","template":"","meta":{"footnotes":""},"class_list":["post-62114","page","type-page","status-publish","hentry","description-off"],"yoast_head":"<!-- This site is optimized with the Yoast SEO Premium plugin v22.1 (Yoast SEO v27.2) - https:\/\/yoast.com\/product\/yoast-seo-premium-wordpress\/ -->\n<title>Cr\u00e9ez vos chaussure petit talon | Dessine-moi un soulier<\/title>\n<meta name=\"description\" content=\"Chez Dessine-moi un soulier, vous pouvez cr\u00e9er de superbes chaussures \u00e0 petits talons, des &quot;kitten heels&quot;.\" \/>\n<meta name=\"robots\" content=\"index, follow, max-snippet:-1, max-image-preview:large, max-video-preview:-1\" \/>\n<link rel=\"canonical\" href=\"https:\/\/dessinemoiunsoulier.com\/en\/create-your-own-customized-shoes\/design-your-own-low-heeled-shoes\/\" \/>\n<meta property=\"og:locale\" content=\"en_US\" \/>\n<meta property=\"og:type\" content=\"article\" \/>\n<meta property=\"og:title\" content=\"Cr\u00e9ez vos chaussure petit talon\" \/>\n<meta property=\"og:description\" content=\"Chez Dessine-moi un soulier, vous pouvez cr\u00e9er de superbes chaussures \u00e0 petits talons, des &quot;kitten heels&quot;.\" \/>\n<meta property=\"og:url\" content=\"https:\/\/dessinemoiunsoulier.com\/en\/create-your-own-customized-shoes\/design-your-own-low-heeled-shoes\/\" \/>\n<meta property=\"og:site_name\" content=\"Dessine-moi un soulier\" \/>\n<meta property=\"article:publisher\" content=\"https:\/\/www.facebook.com\/dessinemoiunsoulier\/\" \/>\n<meta property=\"article:modified_time\" content=\"2025-07-22T09:39:23+00:00\" \/>\n<meta name=\"twitter:card\" content=\"summary_large_image\" \/>\n<meta name=\"twitter:label1\" content=\"Est. reading time\" \/>\n\t<meta name=\"twitter:data1\" content=\"4 minutes\" \/>\n<script type=\"application\/ld+json\" class=\"yoast-schema-graph\">{\"@context\":\"https:\/\/schema.org\",\"@graph\":[{\"@type\":\"WebPage\",\"@id\":\"https:\/\/dessinemoiunsoulier.com\/creez-vos-chaussures-personnalisables\/creez-vos-chaussure-petit-talon\/\",\"url\":\"https:\/\/dessinemoiunsoulier.com\/creez-vos-chaussures-personnalisables\/creez-vos-chaussure-petit-talon\/\",\"name\":\"Cr\u00e9ez vos chaussure petit talon | Dessine-moi un soulier\",\"isPartOf\":{\"@id\":\"https:\/\/dessinemoiunsoulier.com\/#website\"},\"datePublished\":\"2025-05-23T11:03:22+00:00\",\"dateModified\":\"2025-07-22T09:39:23+00:00\",\"description\":\"Chez Dessine-moi un soulier, vous pouvez cr\u00e9er de superbes chaussures \u00e0 petits talons, des \\\"kitten heels\\\".\",\"breadcrumb\":{\"@id\":\"https:\/\/dessinemoiunsoulier.com\/creez-vos-chaussures-personnalisables\/creez-vos-chaussure-petit-talon\/#breadcrumb\"},\"inLanguage\":\"en-US\",\"potentialAction\":[{\"@type\":\"ReadAction\",\"target\":[\"https:\/\/dessinemoiunsoulier.com\/creez-vos-chaussures-personnalisables\/creez-vos-chaussure-petit-talon\/\"]}]},{\"@type\":\"BreadcrumbList\",\"@id\":\"https:\/\/dessinemoiunsoulier.com\/creez-vos-chaussures-personnalisables\/creez-vos-chaussure-petit-talon\/#breadcrumb\",\"itemListElement\":[{\"@type\":\"ListItem\",\"position\":1,\"name\":\"Accueil\",\"item\":\"https:\/\/dessinemoiunsoulier.com\/\"},{\"@type\":\"ListItem\",\"position\":2,\"name\":\"Cr\u00e9ez vos chaussures personnalisables\",\"item\":\"https:\/\/dessinemoiunsoulier.com\/creez-vos-chaussures-personnalisables\/\"},{\"@type\":\"ListItem\",\"position\":3,\"name\":\"Cr\u00e9ez vos chaussure petit talon\"}]},{\"@type\":\"WebSite\",\"@id\":\"https:\/\/dessinemoiunsoulier.com\/#website\",\"url\":\"https:\/\/dessinemoiunsoulier.com\/\",\"name\":\"Dessine-moi un soulier\",\"description\":\"Dessine-moi un soulier : chaussures personnalis\u00e9es\",\"publisher\":{\"@id\":\"https:\/\/dessinemoiunsoulier.com\/#organization\"},\"potentialAction\":[{\"@type\":\"SearchAction\",\"target\":{\"@type\":\"EntryPoint\",\"urlTemplate\":\"https:\/\/dessinemoiunsoulier.com\/?s={search_term_string}\"},\"query-input\":{\"@type\":\"PropertyValueSpecification\",\"valueRequired\":true,\"valueName\":\"search_term_string\"}}],\"inLanguage\":\"en-US\"},{\"@type\":\"Organization\",\"@id\":\"https:\/\/dessinemoiunsoulier.com\/#organization\",\"name\":\"Dessine-moi un soulier\",\"url\":\"https:\/\/dessinemoiunsoulier.com\/\",\"logo\":{\"@type\":\"ImageObject\",\"inLanguage\":\"en-US\",\"@id\":\"https:\/\/dessinemoiunsoulier.com\/#\/schema\/logo\/image\/\",\"url\":\"https:\/\/dessinemoiunsoulier.com\/wp-content\/uploads\/2025\/07\/Logo-Dessine-moi-un-soulier-GROS-CADRE.png\",\"contentUrl\":\"https:\/\/dessinemoiunsoulier.com\/wp-content\/uploads\/2025\/07\/Logo-Dessine-moi-un-soulier-GROS-CADRE.png\",\"width\":709,\"height\":142,\"caption\":\"Dessine-moi un soulier\"},\"image\":{\"@id\":\"https:\/\/dessinemoiunsoulier.com\/#\/schema\/logo\/image\/\"},\"sameAs\":[\"https:\/\/www.facebook.com\/dessinemoiunsoulier\/\",\"https:\/\/www.instagram.com\/dessinemoiunsoulier\/\",\"https:\/\/fr.pinterest.com\/dessinemoiunsoulier\/\"]}]}<\/script>\n<!-- \/ Yoast SEO Premium plugin. -->","yoast_head_json":{"title":"Design your own low-heeled shoes | Draw me a shoe","description":"At Dessine-moi un soulier, you can create beautiful kitten heels.","robots":{"index":"index","follow":"follow","max-snippet":"max-snippet:-1","max-image-preview":"max-image-preview:large","max-video-preview":"max-video-preview:-1"},"canonical":"https:\/\/dessinemoiunsoulier.com\/en\/create-your-own-customized-shoes\/design-your-own-low-heeled-shoes\/","og_locale":"en_US","og_type":"article","og_title":"Cr\u00e9ez vos chaussure petit talon","og_description":"Chez Dessine-moi un soulier, vous pouvez cr\u00e9er de superbes chaussures \u00e0 petits talons, des \"kitten heels\".","og_url":"https:\/\/dessinemoiunsoulier.com\/en\/create-your-own-customized-shoes\/design-your-own-low-heeled-shoes\/","og_site_name":"Dessine-moi un soulier","article_publisher":"https:\/\/www.facebook.com\/dessinemoiunsoulier\/","article_modified_time":"2025-07-22T09:39:23+00:00","twitter_card":"summary_large_image","twitter_misc":{"Est. reading time":"4 minutes"},"schema":{"@context":"https:\/\/schema.org","@graph":[{"@type":"WebPage","@id":"https:\/\/dessinemoiunsoulier.com\/creez-vos-chaussures-personnalisables\/creez-vos-chaussure-petit-talon\/","url":"https:\/\/dessinemoiunsoulier.com\/creez-vos-chaussures-personnalisables\/creez-vos-chaussure-petit-talon\/","name":"Design your own low-heeled shoes | Draw me a shoe","isPartOf":{"@id":"https:\/\/dessinemoiunsoulier.com\/#website"},"datePublished":"2025-05-23T11:03:22+00:00","dateModified":"2025-07-22T09:39:23+00:00","description":"At Dessine-moi un soulier, you can create beautiful kitten heels.","breadcrumb":{"@id":"https:\/\/dessinemoiunsoulier.com\/creez-vos-chaussures-personnalisables\/creez-vos-chaussure-petit-talon\/#breadcrumb"},"inLanguage":"en-US","potentialAction":[{"@type":"ReadAction","target":["https:\/\/dessinemoiunsoulier.com\/creez-vos-chaussures-personnalisables\/creez-vos-chaussure-petit-talon\/"]}]},{"@type":"BreadcrumbList","@id":"https:\/\/dessinemoiunsoulier.com\/creez-vos-chaussures-personnalisables\/creez-vos-chaussure-petit-talon\/#breadcrumb","itemListElement":[{"@type":"ListItem","position":1,"name":"Accueil","item":"https:\/\/dessinemoiunsoulier.com\/"},{"@type":"ListItem","position":2,"name":"Cr\u00e9ez vos chaussures personnalisables","item":"https:\/\/dessinemoiunsoulier.com\/creez-vos-chaussures-personnalisables\/"},{"@type":"ListItem","position":3,"name":"Cr\u00e9ez vos chaussure petit talon"}]},{"@type":"WebSite","@id":"https:\/\/dessinemoiunsoulier.com\/#website","url":"https:\/\/dessinemoiunsoulier.com\/","name":"Dessine-moi un soulier","description":"Draw me a shoe: personalized shoes","publisher":{"@id":"https:\/\/dessinemoiunsoulier.com\/#organization"},"potentialAction":[{"@type":"SearchAction","target":{"@type":"EntryPoint","urlTemplate":"https:\/\/dessinemoiunsoulier.com\/?s={search_term_string}"},"query-input":{"@type":"PropertyValueSpecification","valueRequired":true,"valueName":"search_term_string"}}],"inLanguage":"en-US"},{"@type":"Organization","@id":"https:\/\/dessinemoiunsoulier.com\/#organization","name":"Dessine-moi un soulier","url":"https:\/\/dessinemoiunsoulier.com\/","logo":{"@type":"ImageObject","inLanguage":"en-US","@id":"https:\/\/dessinemoiunsoulier.com\/#\/schema\/logo\/image\/","url":"https:\/\/dessinemoiunsoulier.com\/wp-content\/uploads\/2025\/07\/Logo-Dessine-moi-un-soulier-GROS-CADRE.png","contentUrl":"https:\/\/dessinemoiunsoulier.com\/wp-content\/uploads\/2025\/07\/Logo-Dessine-moi-un-soulier-GROS-CADRE.png","width":709,"height":142,"caption":"Dessine-moi un soulier"},"image":{"@id":"https:\/\/dessinemoiunsoulier.com\/#\/schema\/logo\/image\/"},"sameAs":["https:\/\/www.facebook.com\/dessinemoiunsoulier\/","https:\/\/www.instagram.com\/dessinemoiunsoulier\/","https:\/\/fr.pinterest.com\/dessinemoiunsoulier\/"]}]}},"_links":{"self":[{"href":"https:\/\/dessinemoiunsoulier.com\/en\/wp-json\/wp\/v2\/pages\/62114","targetHints":{"allow":["GET"]}}],"collection":[{"href":"https:\/\/dessinemoiunsoulier.com\/en\/wp-json\/wp\/v2\/pages"}],"about":[{"href":"https:\/\/dessinemoiunsoulier.com\/en\/wp-json\/wp\/v2\/types\/page"}],"author":[{"embeddable":true,"href":"https:\/\/dessinemoiunsoulier.com\/en\/wp-json\/wp\/v2\/users\/1"}],"replies":[{"embeddable":true,"href":"https:\/\/dessinemoiunsoulier.com\/en\/wp-json\/wp\/v2\/comments?post=62114"}],"version-history":[{"count":5,"href":"https:\/\/dessinemoiunsoulier.com\/en\/wp-json\/wp\/v2\/pages\/62114\/revisions"}],"predecessor-version":[{"id":90744,"href":"https:\/\/dessinemoiunsoulier.com\/en\/wp-json\/wp\/v2\/pages\/62114\/revisions\/90744"}],"up":[{"embeddable":true,"href":"https:\/\/dessinemoiunsoulier.com\/en\/wp-json\/wp\/v2\/pages\/62116"}],"wp:attachment":[{"href":"https:\/\/dessinemoiunsoulier.com\/en\/wp-json\/wp\/v2\/media?parent=62114"}],"curies":[{"name":"wp","href":"https:\/\/api.w.org\/{rel}","templated":true}]}}