{"id":62107,"date":"2025-05-23T11:03:22","date_gmt":"2025-05-23T11:03:22","guid":{"rendered":"https:\/\/dessinemoiunsoulier.com\/?page_id=62107"},"modified":"2025-07-07T14:30:35","modified_gmt":"2025-07-07T14:30:35","slug":"de-slipping-shoe","status":"publish","type":"page","link":"https:\/\/dessinemoiunsoulier.com\/en\/pour-les-pro\/chaussure-dessayage\/","title":{"rendered":"Fitting shoe"},"content":{"rendered":"<div class=\"wpb-content-wrapper\"><div class=\"vc_row wpb_row vc_row-fluid vc_row-o-equal-height vc_row-o-content-middle vc_row-flex\"><div class=\"wpb_column vc_column_container vc_col-sm-6\"><div class=\"vc_column-inner\"><div class=\"wpb_wrapper\">\n\t<div  class=\"wpb_single_image wpb_content_element vc_align_center\">\n\t\t\n\t\t<figure class=\"wpb_wrapper vc_figure\">\n\t\t\t<div class=\"vc_single_image-wrapper   vc_box_border_grey\"><img loading=\"lazy\" decoding=\"async\" width=\"500\" height=\"500\" src=\"https:\/\/dessinemoiunsoulier.com\/wp-content\/uploads\/2025\/06\/dessine-moi-en-soulier-naturel-57_0.jpg\" class=\"vc_single_image-img attachment-full\" alt=\"Lilac iridescent leather pump\" title=\"Iridescent lilac pump\" srcset=\"https:\/\/dessinemoiunsoulier.com\/wp-content\/uploads\/2025\/06\/dessine-moi-en-soulier-naturel-57_0.jpg 500w, https:\/\/dessinemoiunsoulier.com\/wp-content\/uploads\/2025\/06\/dessine-moi-en-soulier-naturel-57_0-200x200.jpg 200w, https:\/\/dessinemoiunsoulier.com\/wp-content\/uploads\/2025\/06\/dessine-moi-en-soulier-naturel-57_0-300x300.jpg 300w, https:\/\/dessinemoiunsoulier.com\/wp-content\/uploads\/2025\/06\/dessine-moi-en-soulier-naturel-57_0-150x150.jpg 150w\" sizes=\"auto, (max-width: 500px) 100vw, 500px\"  data-dt-location=\"https:\/\/dessinemoiunsoulier.com\/en\/pour-les-pro\/chaussure-dessayage\/dessine-moi-en-soulier-naturel-57_0\/\" \/><\/div>\n\t\t<\/figure>\n\t<\/div>\n<\/div><\/div><\/div><div class=\"wpb_column vc_column_container vc_col-sm-6\"><div class=\"vc_column-inner\"><div class=\"wpb_wrapper\">\n\t<div class=\"wpb_text_column wpb_content_element\" >\n\t\t<div class=\"wpb_wrapper\">\n\t\t\t<div class=\"wrapper-block-intro para-id-2659 width-center left img text text-left\">\n<div class=\"body\">\n<h3 class=\"title\" style=\"text-align: center;\">Personalized 100% shoes<\/h3>\n<p class=\"text-align-center\" style=\"text-align: center;\">Dessine-moi un soulier is a brand of customizable shoes with a website and showroom in Lyon.<\/p>\n<p class=\"text-align-center\" style=\"text-align: center;\">The core value in which we deeply believe is personalized advice! We create shoes full of character and inventiveness that are like the women who wear them. Shoeing those who prefer sobriety as much as those who love eccentricity - that's our strength today. We have a very wide range of possible combinations, confirmed by the more than 2,000 unique shoes in all shapes and colors that leave our workshops every year.<\/p>\n<p class=\"text-align-center\" style=\"text-align: center;\">Because we know that your customers need to be able to try on shoes, and that it's not easy to find THE right pair to show off your products, Dessine-moi un soulier offers small quantities (from 1 pair) of personalized fitting shoes for sale to professionals.<\/p>\n<p class=\"text-align-center\" style=\"text-align: center;\">This status is possible for all partners: bridal, ready-to-wear, accessories, creative concept-stores and many other activities! We want to create a network of <strong>boutique partners<\/strong>.<\/p>\n<p class=\"text-align-center\" style=\"text-align: center;\">To create your own pair of<strong> Dessine-moi un soulier<\/strong>Send us your application including your project, your website, your inspirations and your target audience.<\/p>\n<\/div>\n<\/div>\n\n\t\t<\/div>\n\t<\/div>\n<\/div><\/div><\/div><\/div><div class=\"vc_row wpb_row vc_row-fluid dt-default\" style=\"margin-top: 0px;margin-bottom: 0px\"><div class=\"wpb_column vc_column_container vc_col-sm-12\"><div class=\"vc_column-inner\"><div class=\"wpb_wrapper\"><div class=\"vc_empty_space\"   style=\"height: 32px\"><span class=\"vc_empty_space_inner\"><\/span><\/div><\/div><\/div><\/div><\/div><div data-vc-full-width=\"true\" data-vc-full-width-temp=\"true\" data-vc-full-width-init=\"false\" class=\"vc_row wpb_row vc_row-fluid vc_custom_1749717110592 vc_row-has-fill\"><div class=\"wpb_column vc_column_container vc_col-sm-12\"><div class=\"vc_column-inner\"><div class=\"wpb_wrapper\">\n\t<div class=\"wpb_text_column wpb_content_element\" >\n\t\t<div class=\"wpb_wrapper\">\n\t\t\t<h3 class=\"title\" style=\"text-align: center;\">Why choose us?<\/h3>\n<p class=\"text-align-center\" style=\"text-align: center;\"><strong>Our core business: making shoes to order, for both private and professional customers.<\/strong><\/p>\n<p class=\"text-align-center\" style=\"text-align: center;\">Over the years, we've honed our skills to deliver quality shoes, on time and at the right price.<\/p>\n<p class=\"text-align-center\" style=\"text-align: center;\">We know how difficult it is to obtain quality shoes for mini-series fittings, or even 1 pair only, which is why we offer you our services!<\/p>\n<p class=\"text-align-center\" style=\"text-align: center;\">Whether you'd like to customize a model from our range, or why not invent a special model or color for your identity, don't hesitate to contact us.<\/p>\n<p class=\"text-align-center\" style=\"text-align: center;\">Would you like to develop an entire product range? Our team is at your disposal to advise you and help you create the shoes of your dreams.<\/p>\n<h5 class=\"link\" style=\"text-align: center;\"><a href=\"mailto:%20contact@dmus.fr\">I send my project<\/a><\/h5>\n\n\t\t<\/div>\n\t<\/div>\n<\/div><\/div><\/div><\/div><div class=\"vc_row-full-width vc_clearfix\"><\/div><div class=\"vc_row wpb_row vc_row-fluid dt-default\" style=\"margin-top: 0px;margin-bottom: 0px\"><div class=\"wpb_column vc_column_container vc_col-sm-12\"><div class=\"vc_column-inner\"><div class=\"wpb_wrapper\"><div class=\"vc_empty_space\"   style=\"height: 32px\"><span class=\"vc_empty_space_inner\"><\/span><\/div><\/div><\/div><\/div><\/div><div class=\"vc_row wpb_row vc_row-fluid vc_row-o-equal-height vc_row-o-content-middle vc_row-flex\"><div class=\"wpb_column vc_column_container vc_col-sm-6\"><div class=\"vc_column-inner\"><div class=\"wpb_wrapper\">\n\t<div class=\"wpb_text_column wpb_content_element\" >\n\t\t<div class=\"wpb_wrapper\">\n\t\t\t<div class=\"wrapper-block-intro para-id-2661 width-center left img text text-left\">\n<div class=\"body\">\n<h3 class=\"title\" style=\"text-align: center;\">How it works<\/h3>\n<p style=\"text-align: center;\">When you ride <strong>creative consultancy<\/strong>We advise you to have 3 or 4 models in your showroom, boutique or concept store. These<strong> fitting shoes <\/strong>will allow your customers to touch, try on and create their ideal shoe, with a maximum number of references under their eyes and feet!<\/p>\n<p style=\"text-align: center;\">Your <strong>fitting shoes<\/strong> belong to you. You'll be free to use them for fittings, shoots and even to sell them to renew them. The aim is to be able to change your<strong> fitting shoes<\/strong> to make sure you always have beautiful shoes that reflect the brand's image.<\/p>\n<p style=\"text-align: center;\">If you prefer to sell your pairs directly, which will therefore not be <strong>fitting shoes<\/strong> but<strong> sales shoes, <\/strong>it's entirely possible to imagine this type of partnership. All you have to do is create your own collection of shoes and then sell them on demand. Direct shoe sales enable you to make individual purchases and offer them directly for sale to your customers. We liken it to our archive sales.<\/p>\n<\/div>\n<\/div>\n\n\t\t<\/div>\n\t<\/div>\n<\/div><\/div><\/div><div class=\"wpb_column vc_column_container vc_col-sm-6\"><div class=\"vc_column-inner\"><div class=\"wpb_wrapper\">\n\t<div  class=\"wpb_single_image wpb_content_element vc_align_center\">\n\t\t\n\t\t<figure class=\"wpb_wrapper vc_figure\">\n\t\t\t<div class=\"vc_single_image-wrapper   vc_box_border_grey\"><img loading=\"lazy\" decoding=\"async\" width=\"500\" height=\"500\" src=\"https:\/\/dessinemoiunsoulier.com\/wp-content\/uploads\/2025\/06\/dmus_oct_24-058.jpg\" class=\"vc_single_image-img attachment-full\" alt=\"Platform slingback in leather with fine blond gold sequins\" title=\"Platform Salom\u00e9 in fine blond gold sequins\" srcset=\"https:\/\/dessinemoiunsoulier.com\/wp-content\/uploads\/2025\/06\/dmus_oct_24-058.jpg 500w, https:\/\/dessinemoiunsoulier.com\/wp-content\/uploads\/2025\/06\/dmus_oct_24-058-200x200.jpg 200w, https:\/\/dessinemoiunsoulier.com\/wp-content\/uploads\/2025\/06\/dmus_oct_24-058-300x300.jpg 300w, https:\/\/dessinemoiunsoulier.com\/wp-content\/uploads\/2025\/06\/dmus_oct_24-058-150x150.jpg 150w\" sizes=\"auto, (max-width: 500px) 100vw, 500px\"  data-dt-location=\"https:\/\/dessinemoiunsoulier.com\/en\/pour-les-pro\/chaussure-dessayage\/dmus_oct_24-058\/\" \/><\/div>\n\t\t<\/figure>\n\t<\/div>\n<\/div><\/div><\/div><\/div><div class=\"vc_row wpb_row vc_row-fluid dt-default\" style=\"margin-top: 0px;margin-bottom: 0px\"><div class=\"wpb_column vc_column_container vc_col-sm-12\"><div class=\"vc_column-inner\"><div class=\"wpb_wrapper\"><div class=\"vc_empty_space\"   style=\"height: 32px\"><span class=\"vc_empty_space_inner\"><\/span><\/div><\/div><\/div><\/div><\/div><div class=\"vc_row wpb_row vc_row-fluid dt-default\" style=\"margin-top: 0px;margin-bottom: 0px\"><div class=\"wpb_column vc_column_container vc_col-sm-12\"><div class=\"vc_column-inner\"><div class=\"wpb_wrapper\">\n\t<div class=\"wpb_text_column wpb_content_element\" >\n\t\t<div class=\"wpb_wrapper\">\n\t\t\t<div class=\"wrapper-block-intro para-id-2662 width-center left text text-alone text-left\">\n<div class=\"body\">\n<h3 class=\"title\" style=\"text-align: center;\">Convinced?<\/h3>\n<p style=\"text-align: center;\">Send us your application directly by e-mail to <a href=\"mailto:contact@dmus.fr\">contact@dmus.fr<\/a> . Our team will get back to you as soon as possible.<\/p>\n<p style=\"text-align: center;\">If you have any specific questions, doubts or queries, or if you simply need advice on how to create your distribution shoes, send us an e-mail on <a href=\"mailto:contact@dmus.fr\">contact@dmus.fr<\/a> and we'll be happy to help you in your search and answer any questions you may have.<\/p>\n<p style=\"text-align: center;\">We look forward to working with you!<\/p>\n<h5 class=\"link\" style=\"text-align: center;\"><a href=\"mailto:contact@dmus.fr\">I send my project <\/a><\/h5>\n<\/div>\n<\/div>\n\n\t\t<\/div>\n\t<\/div>\n<\/div><\/div><\/div><\/div><div class=\"vc_row wpb_row vc_row-fluid dt-default\" style=\"margin-top: 0px;margin-bottom: 0px\"><div class=\"wpb_column vc_column_container vc_col-sm-12\"><div class=\"vc_column-inner\"><div class=\"wpb_wrapper\"><div class=\"vc_empty_space\"   style=\"height: 32px\"><span class=\"vc_empty_space_inner\"><\/span><\/div><\/div><\/div><\/div><\/div>\n<\/div>","protected":false},"excerpt":{"rendered":"<p>Des chaussures 100% personnalis\u00e9es Dessine-moi un soulier est une marque de chaussures personnalisables forte d\u2019un site internet et d\u2019un showroom \u00e0 Lyon. La valeur centrale en laquelle nous croyons profond\u00e9ment est le conseil personnalis\u00e9 ! Nous cr\u00e9ons des chaussures pleines de caract\u00e8re et d\u2019inventivit\u00e9 qui ressemblent aux femmes qui les portent. Chausser celles qui pr\u00e9f\u00e8rent&hellip;<\/p>","protected":false},"author":1,"featured_media":0,"parent":67263,"menu_order":0,"comment_status":"open","ping_status":"closed","template":"","meta":{"inline_featured_image":false,"footnotes":""},"class_list":["post-62107","page","type-page","status-publish","hentry","description-off"],"yoast_head":"<!-- This site is optimized with the Yoast SEO Premium plugin v22.1 (Yoast SEO v27.2) - https:\/\/yoast.com\/product\/yoast-seo-premium-wordpress\/ -->\n<title>Chaussure d&#039;essayage | Dessine-moi un soulier<\/title>\n<meta name=\"description\" content=\"Notre c\u0153ur de m\u00e9tier\u00a0: savoir fabriquer des chaussures \u00e0 l\u2019unit\u00e9, que ce soit pour les particuliers ou les professionnels.\" \/>\n<meta name=\"robots\" content=\"index, follow, max-snippet:-1, max-image-preview:large, max-video-preview:-1\" \/>\n<link rel=\"canonical\" href=\"https:\/\/dessinemoiunsoulier.com\/en\/for-pro\/de-slipping-shoe\/\" \/>\n<meta property=\"og:locale\" content=\"en_US\" \/>\n<meta property=\"og:type\" content=\"article\" \/>\n<meta property=\"og:title\" content=\"Chaussure d&#039;essayage\" \/>\n<meta property=\"og:description\" content=\"Notre c\u0153ur de m\u00e9tier\u00a0: savoir fabriquer des chaussures \u00e0 l\u2019unit\u00e9, que ce soit pour les particuliers ou les professionnels.\" \/>\n<meta property=\"og:url\" content=\"https:\/\/dessinemoiunsoulier.com\/en\/for-pro\/de-slipping-shoe\/\" \/>\n<meta property=\"og:site_name\" content=\"Dessine-moi un soulier\" \/>\n<meta property=\"article:publisher\" content=\"https:\/\/www.facebook.com\/dessinemoiunsoulier\/\" \/>\n<meta property=\"article:modified_time\" content=\"2025-07-07T14:30:35+00:00\" \/>\n<meta name=\"twitter:card\" content=\"summary_large_image\" \/>\n<meta name=\"twitter:label1\" content=\"Est. reading time\" \/>\n\t<meta name=\"twitter:data1\" content=\"4 minutes\" \/>\n<script type=\"application\/ld+json\" class=\"yoast-schema-graph\">{\"@context\":\"https:\/\/schema.org\",\"@graph\":[{\"@type\":\"WebPage\",\"@id\":\"https:\/\/dessinemoiunsoulier.com\/pour-les-pro\/chaussure-dessayage\/\",\"url\":\"https:\/\/dessinemoiunsoulier.com\/pour-les-pro\/chaussure-dessayage\/\",\"name\":\"Chaussure d'essayage | Dessine-moi un soulier\",\"isPartOf\":{\"@id\":\"https:\/\/dessinemoiunsoulier.com\/#website\"},\"datePublished\":\"2025-05-23T11:03:22+00:00\",\"dateModified\":\"2025-07-07T14:30:35+00:00\",\"description\":\"Notre c\u0153ur de m\u00e9tier\u00a0: savoir fabriquer des chaussures \u00e0 l\u2019unit\u00e9, que ce soit pour les particuliers ou les professionnels.\",\"breadcrumb\":{\"@id\":\"https:\/\/dessinemoiunsoulier.com\/pour-les-pro\/chaussure-dessayage\/#breadcrumb\"},\"inLanguage\":\"en-US\",\"potentialAction\":[{\"@type\":\"ReadAction\",\"target\":[\"https:\/\/dessinemoiunsoulier.com\/pour-les-pro\/chaussure-dessayage\/\"]}]},{\"@type\":\"BreadcrumbList\",\"@id\":\"https:\/\/dessinemoiunsoulier.com\/pour-les-pro\/chaussure-dessayage\/#breadcrumb\",\"itemListElement\":[{\"@type\":\"ListItem\",\"position\":1,\"name\":\"Accueil\",\"item\":\"https:\/\/dessinemoiunsoulier.com\/\"},{\"@type\":\"ListItem\",\"position\":2,\"name\":\"Pour les pro\",\"item\":\"https:\/\/dessinemoiunsoulier.com\/pour-les-pro\/\"},{\"@type\":\"ListItem\",\"position\":3,\"name\":\"Chaussure d&rsquo;essayage\"}]},{\"@type\":\"WebSite\",\"@id\":\"https:\/\/dessinemoiunsoulier.com\/#website\",\"url\":\"https:\/\/dessinemoiunsoulier.com\/\",\"name\":\"Dessine-moi un soulier\",\"description\":\"Dessine-moi un soulier : chaussures personnalis\u00e9es\",\"publisher\":{\"@id\":\"https:\/\/dessinemoiunsoulier.com\/#organization\"},\"potentialAction\":[{\"@type\":\"SearchAction\",\"target\":{\"@type\":\"EntryPoint\",\"urlTemplate\":\"https:\/\/dessinemoiunsoulier.com\/?s={search_term_string}\"},\"query-input\":{\"@type\":\"PropertyValueSpecification\",\"valueRequired\":true,\"valueName\":\"search_term_string\"}}],\"inLanguage\":\"en-US\"},{\"@type\":\"Organization\",\"@id\":\"https:\/\/dessinemoiunsoulier.com\/#organization\",\"name\":\"Dessine-moi un soulier\",\"url\":\"https:\/\/dessinemoiunsoulier.com\/\",\"logo\":{\"@type\":\"ImageObject\",\"inLanguage\":\"en-US\",\"@id\":\"https:\/\/dessinemoiunsoulier.com\/#\/schema\/logo\/image\/\",\"url\":\"https:\/\/dessinemoiunsoulier.com\/wp-content\/uploads\/2025\/07\/Logo-Dessine-moi-un-soulier-GROS-CADRE.png\",\"contentUrl\":\"https:\/\/dessinemoiunsoulier.com\/wp-content\/uploads\/2025\/07\/Logo-Dessine-moi-un-soulier-GROS-CADRE.png\",\"width\":709,\"height\":142,\"caption\":\"Dessine-moi un soulier\"},\"image\":{\"@id\":\"https:\/\/dessinemoiunsoulier.com\/#\/schema\/logo\/image\/\"},\"sameAs\":[\"https:\/\/www.facebook.com\/dessinemoiunsoulier\/\",\"https:\/\/www.instagram.com\/dessinemoiunsoulier\/\",\"https:\/\/fr.pinterest.com\/dessinemoiunsoulier\/\"]}]}<\/script>\n<!-- \/ Yoast SEO Premium plugin. -->","yoast_head_json":{"title":"Shoe fitting | Draw me a shoe","description":"Our core business: making shoes to order, for both private and professional customers.","robots":{"index":"index","follow":"follow","max-snippet":"max-snippet:-1","max-image-preview":"max-image-preview:large","max-video-preview":"max-video-preview:-1"},"canonical":"https:\/\/dessinemoiunsoulier.com\/en\/for-pro\/de-slipping-shoe\/","og_locale":"en_US","og_type":"article","og_title":"Chaussure d'essayage","og_description":"Notre c\u0153ur de m\u00e9tier\u00a0: savoir fabriquer des chaussures \u00e0 l\u2019unit\u00e9, que ce soit pour les particuliers ou les professionnels.","og_url":"https:\/\/dessinemoiunsoulier.com\/en\/for-pro\/de-slipping-shoe\/","og_site_name":"Dessine-moi un soulier","article_publisher":"https:\/\/www.facebook.com\/dessinemoiunsoulier\/","article_modified_time":"2025-07-07T14:30:35+00:00","twitter_card":"summary_large_image","twitter_misc":{"Est. reading time":"4 minutes"},"schema":{"@context":"https:\/\/schema.org","@graph":[{"@type":"WebPage","@id":"https:\/\/dessinemoiunsoulier.com\/pour-les-pro\/chaussure-dessayage\/","url":"https:\/\/dessinemoiunsoulier.com\/pour-les-pro\/chaussure-dessayage\/","name":"Shoe fitting | Draw me a shoe","isPartOf":{"@id":"https:\/\/dessinemoiunsoulier.com\/#website"},"datePublished":"2025-05-23T11:03:22+00:00","dateModified":"2025-07-07T14:30:35+00:00","description":"Our core business: making shoes to order, for both private and professional customers.","breadcrumb":{"@id":"https:\/\/dessinemoiunsoulier.com\/pour-les-pro\/chaussure-dessayage\/#breadcrumb"},"inLanguage":"en-US","potentialAction":[{"@type":"ReadAction","target":["https:\/\/dessinemoiunsoulier.com\/pour-les-pro\/chaussure-dessayage\/"]}]},{"@type":"BreadcrumbList","@id":"https:\/\/dessinemoiunsoulier.com\/pour-les-pro\/chaussure-dessayage\/#breadcrumb","itemListElement":[{"@type":"ListItem","position":1,"name":"Accueil","item":"https:\/\/dessinemoiunsoulier.com\/"},{"@type":"ListItem","position":2,"name":"Pour les pro","item":"https:\/\/dessinemoiunsoulier.com\/pour-les-pro\/"},{"@type":"ListItem","position":3,"name":"Chaussure d&rsquo;essayage"}]},{"@type":"WebSite","@id":"https:\/\/dessinemoiunsoulier.com\/#website","url":"https:\/\/dessinemoiunsoulier.com\/","name":"Dessine-moi un soulier","description":"Draw me a shoe: personalized shoes","publisher":{"@id":"https:\/\/dessinemoiunsoulier.com\/#organization"},"potentialAction":[{"@type":"SearchAction","target":{"@type":"EntryPoint","urlTemplate":"https:\/\/dessinemoiunsoulier.com\/?s={search_term_string}"},"query-input":{"@type":"PropertyValueSpecification","valueRequired":true,"valueName":"search_term_string"}}],"inLanguage":"en-US"},{"@type":"Organization","@id":"https:\/\/dessinemoiunsoulier.com\/#organization","name":"Dessine-moi un soulier","url":"https:\/\/dessinemoiunsoulier.com\/","logo":{"@type":"ImageObject","inLanguage":"en-US","@id":"https:\/\/dessinemoiunsoulier.com\/#\/schema\/logo\/image\/","url":"https:\/\/dessinemoiunsoulier.com\/wp-content\/uploads\/2025\/07\/Logo-Dessine-moi-un-soulier-GROS-CADRE.png","contentUrl":"https:\/\/dessinemoiunsoulier.com\/wp-content\/uploads\/2025\/07\/Logo-Dessine-moi-un-soulier-GROS-CADRE.png","width":709,"height":142,"caption":"Dessine-moi un soulier"},"image":{"@id":"https:\/\/dessinemoiunsoulier.com\/#\/schema\/logo\/image\/"},"sameAs":["https:\/\/www.facebook.com\/dessinemoiunsoulier\/","https:\/\/www.instagram.com\/dessinemoiunsoulier\/","https:\/\/fr.pinterest.com\/dessinemoiunsoulier\/"]}]}},"_links":{"self":[{"href":"https:\/\/dessinemoiunsoulier.com\/en\/wp-json\/wp\/v2\/pages\/62107","targetHints":{"allow":["GET"]}}],"collection":[{"href":"https:\/\/dessinemoiunsoulier.com\/en\/wp-json\/wp\/v2\/pages"}],"about":[{"href":"https:\/\/dessinemoiunsoulier.com\/en\/wp-json\/wp\/v2\/types\/page"}],"author":[{"embeddable":true,"href":"https:\/\/dessinemoiunsoulier.com\/en\/wp-json\/wp\/v2\/users\/1"}],"replies":[{"embeddable":true,"href":"https:\/\/dessinemoiunsoulier.com\/en\/wp-json\/wp\/v2\/comments?post=62107"}],"version-history":[{"count":3,"href":"https:\/\/dessinemoiunsoulier.com\/en\/wp-json\/wp\/v2\/pages\/62107\/revisions"}],"predecessor-version":[{"id":67354,"href":"https:\/\/dessinemoiunsoulier.com\/en\/wp-json\/wp\/v2\/pages\/62107\/revisions\/67354"}],"up":[{"embeddable":true,"href":"https:\/\/dessinemoiunsoulier.com\/en\/wp-json\/wp\/v2\/pages\/67263"}],"wp:attachment":[{"href":"https:\/\/dessinemoiunsoulier.com\/en\/wp-json\/wp\/v2\/media?parent=62107"}],"curies":[{"name":"wp","href":"https:\/\/api.w.org\/{rel}","templated":true}]}}