{"id":61649,"date":"2025-05-22T12:37:27","date_gmt":"2025-05-22T12:37:27","guid":{"rendered":"https:\/\/dessinemoiunsoulier.com\/?page_id=61649"},"modified":"2025-11-18T13:28:32","modified_gmt":"2025-11-18T12:28:32","slug":"flat-boots","status":"publish","type":"page","link":"https:\/\/dessinemoiunsoulier.com\/en\/nos-guides-pour-la-personnalisation\/guide-des-modeles\/les-bottines-plates\/","title":{"rendered":"Flat boots"},"content":{"rendered":"<div class=\"wpb-content-wrapper\"><div class=\"vc_row wpb_row vc_row-fluid dt-default\" style=\"margin-top: 0px;margin-bottom: 0px\"><div class=\"wpb_column vc_column_container vc_col-sm-12\"><div class=\"vc_column-inner\"><div class=\"wpb_wrapper\">\n\t<div class=\"wpb_text_column wpb_content_element\" >\n\t\t<div class=\"wpb_wrapper\">\n\t\t\t<p class=\"text-align-center\" style=\"text-align: center;\">Carla, Billie and Santiags, our three flat booties, have quickly become must-haves in our shoes.<\/p>\n<p class=\"text-align-center\" style=\"text-align: center;\">Incomparably comfortable, they lend themselves to every whim thanks to their classic, timeless basic shapes.<\/p>\n<p class=\"text-align-center\" style=\"text-align: center;\">With or without laces, we like them glittering or sober, in velvet or smooth leather.<\/p>\n<p class=\"text-align-center\" style=\"text-align: center;\">All colors are permitted for these must-haves!<\/p>\n<p class=\"text-align-center\" style=\"text-align: center;\">Please note: While Agathe's shoe size is very small (we recommend that you take a full size above your usual shoe size), Billie and Carla fit perfectly normally!<\/p>\n<p class=\"text-align-center\" style=\"text-align: center;\">If you're not sure, refer to <a title=\"Our flat boots\" href=\"https:\/\/dessinemoiunsoulier.com\/en\/our-guides-to-customization\/sizing-guide\/\">our size guide here<\/a>.<\/p>\n\n\t\t<\/div>\n\t<\/div>\n<div class=\"vc_empty_space\"   style=\"height: 32px\"><span class=\"vc_empty_space_inner\"><\/span><\/div><\/div><\/div><\/div><\/div><div class=\"vc_row wpb_row vc_row-fluid vc_row-o-equal-height vc_row-o-content-middle vc_row-flex\"><div class=\"wpb_column vc_column_container vc_col-sm-6\"><div class=\"vc_column-inner\"><div class=\"wpb_wrapper\">\n\t<div class=\"wpb_text_column wpb_content_element\" >\n\t\t<div class=\"wpb_wrapper\">\n\t\t\t<h3 class=\"title\" style=\"text-align: center;\">Our Carla boot<\/h3>\n<p class=\"text-align-center\" style=\"text-align: center;\">The Carla boot: inspired by Chelsea boots, it joins our shoebox for an ultra-simple everyday model.<\/p>\n<p class=\"text-align-center\" style=\"text-align: center;\">Less high than Billie, its upper also covers the ankle - and you can customize: the front - the back and the rolled-up leather band.<\/p>\n<p class=\"text-align-center\" style=\"text-align: center;\"><em><strong>Useful dimensions\u00a0<\/strong><\/em>For a size 38 - the ankle diameter is 26 cm and the zip size (from top to bottom, gives the height of the shaft) is 14 cm.<\/p>\n<h1 class=\"text-align-center title80px\" style=\"text-align: center;\">\u2764\ufe0f\u00a0<sub><sup>THEIR LITTLE SECRET:<\/sup><\/sub><\/h1>\n<p class=\"text-align-center title80px\" style=\"text-align: center;\">They're incredibly comfortable, thanks to our ultra-soft insoles...<\/p>\n<p class=\"text-align-center title80px\" style=\"text-align: center;\">Add a thick neolith sole to protect you from the elements, and you're ready for winter...<\/p>\n\n\t\t<\/div>\n\t<\/div>\n<style type=\"text\/css\" data-type=\"the7_shortcodes-inline-css\">#default-btn-cdbf7d5d484db64feb3b695f50f9a09f.ico-right-side > i {\n  margin-right: 0px;\n  margin-left: 8px;\n}\n#default-btn-cdbf7d5d484db64feb3b695f50f9a09f > i {\n  margin-right: 8px;\n}<\/style><div class=\"btn-align-center\"><a href=\"https:\/\/dessinemoiunsoulier.com\/en\/eshop\/create\/shoes\/carla-boots-customize\/\" class=\"default-btn-shortcode dt-btn dt-btn-m link-hover-off\" id=\"default-btn-cdbf7d5d484db64feb3b695f50f9a09f\" title=\"Carla boot\"><span>I design my Carla boot<\/span><\/a><\/div><\/div><\/div><\/div><div class=\"wpb_column vc_column_container vc_col-sm-6\"><div class=\"vc_column-inner\"><div class=\"wpb_wrapper\">\n\t<div  class=\"wpb_single_image wpb_content_element vc_align_center\">\n\t\t\n\t\t<figure class=\"wpb_wrapper vc_figure\">\n\t\t\t<div class=\"vc_single_image-wrapper   vc_box_border_grey\"><img loading=\"lazy\" decoding=\"async\" width=\"500\" height=\"500\" src=\"https:\/\/dessinemoiunsoulier.com\/wp-content\/uploads\/2025\/05\/recadrer-photos-site-19.png\" class=\"vc_single_image-img attachment-full\" alt=\"Blond gold sequin leather and leopard fur ankle boot\" title=\"Leopard fur ankle boot with fine blond gold sequins\" srcset=\"https:\/\/dessinemoiunsoulier.com\/wp-content\/uploads\/2025\/05\/recadrer-photos-site-19.png 500w, https:\/\/dessinemoiunsoulier.com\/wp-content\/uploads\/2025\/05\/recadrer-photos-site-19-200x200.png 200w, https:\/\/dessinemoiunsoulier.com\/wp-content\/uploads\/2025\/05\/recadrer-photos-site-19-300x300.png 300w, https:\/\/dessinemoiunsoulier.com\/wp-content\/uploads\/2025\/05\/recadrer-photos-site-19-150x150.png 150w\" sizes=\"auto, (max-width: 500px) 100vw, 500px\"  data-dt-location=\"https:\/\/dessinemoiunsoulier.com\/en\/nos-guides-pour-la-personnalisation\/guide-des-modeles\/les-bottines-plates\/recadrer-photos-site-19\/\" \/><\/div>\n\t\t<\/figure>\n\t<\/div>\n<\/div><\/div><\/div><\/div><div class=\"vc_row wpb_row vc_row-fluid dt-default\" style=\"margin-top: 0px;margin-bottom: 0px\"><div class=\"wpb_column vc_column_container vc_col-sm-12\"><div class=\"vc_column-inner\"><div class=\"wpb_wrapper\"><div class=\"vc_empty_space\"   style=\"height: 32px\"><span class=\"vc_empty_space_inner\"><\/span><\/div><\/div><\/div><\/div><\/div><div class=\"vc_row wpb_row vc_row-fluid dt-default\" style=\"margin-top: 0px;margin-bottom: 0px\"><div class=\"wpb_column vc_column_container vc_col-sm-12\"><div class=\"vc_column-inner\"><div class=\"wpb_wrapper\">\n\t<div class=\"wpb_text_column wpb_content_element\" >\n\t\t<div class=\"wpb_wrapper\">\n\t\t\t<h3 class=\"title\" style=\"text-align: center;\">Our lace-up boots<\/h3>\n<p class=\"text-align-center\" style=\"text-align: center;\">We offer a wide selection of flat and lace-up boots.<\/p>\n<p class=\"text-align-center\" style=\"text-align: center;\">Discover the timeless charm of our pretty lace-up boots for women. And to help you find THE bootie you've been looking for for seasons, we offer millions of possible combinations so you can create your own!<\/p>\n<p class=\"text-align-center\" style=\"text-align: center;\">Want to match your flat boots to your outfit? Whether black, leopard or metallic, you've come to the perfect place.<\/p>\n<p class=\"text-align-center\" style=\"text-align: center;\">For a classic bootie, opt for velvet or smooth leather in neutral colors.<\/p>\n<p class=\"text-align-center\" style=\"text-align: center;\">For a little more originality and exuberance, choose from our many glitter, fur and iridescent products.<\/p>\n\n\t\t<\/div>\n\t<\/div>\n<\/div><\/div><\/div><\/div><div class=\"vc_row wpb_row vc_row-fluid dt-default\" style=\"margin-top: 0px;margin-bottom: 0px\"><div class=\"wpb_column vc_column_container vc_col-sm-12\"><div class=\"vc_column-inner\"><div class=\"wpb_wrapper\"><div class=\"vc_empty_space\"   style=\"height: 32px\"><span class=\"vc_empty_space_inner\"><\/span><\/div><\/div><\/div><\/div><\/div><div class=\"vc_row wpb_row vc_row-fluid vc_row-o-equal-height vc_row-o-content-middle vc_row-flex\"><div class=\"wpb_column vc_column_container vc_col-sm-6\"><div class=\"vc_column-inner\"><div class=\"wpb_wrapper\">\n\t<div  class=\"wpb_single_image wpb_content_element vc_align_center\">\n\t\t\n\t\t<figure class=\"wpb_wrapper vc_figure\">\n\t\t\t<div class=\"vc_single_image-wrapper   vc_box_border_grey\"><img loading=\"lazy\" decoding=\"async\" width=\"500\" height=\"500\" src=\"https:\/\/dessinemoiunsoulier.com\/wp-content\/uploads\/2025\/05\/recadrer-photos-site-18.png\" class=\"vc_single_image-img attachment-full\" alt=\"Billie boot in black suede leather\" title=\"Black suede boot\" srcset=\"https:\/\/dessinemoiunsoulier.com\/wp-content\/uploads\/2025\/05\/recadrer-photos-site-18.png 500w, https:\/\/dessinemoiunsoulier.com\/wp-content\/uploads\/2025\/05\/recadrer-photos-site-18-200x200.png 200w, https:\/\/dessinemoiunsoulier.com\/wp-content\/uploads\/2025\/05\/recadrer-photos-site-18-300x300.png 300w, https:\/\/dessinemoiunsoulier.com\/wp-content\/uploads\/2025\/05\/recadrer-photos-site-18-150x150.png 150w\" sizes=\"auto, (max-width: 500px) 100vw, 500px\"  data-dt-location=\"https:\/\/dessinemoiunsoulier.com\/en\/nos-guides-pour-la-personnalisation\/guide-des-modeles\/les-bottines-plates\/recadrer-photos-site-18\/\" \/><\/div>\n\t\t<\/figure>\n\t<\/div>\n<\/div><\/div><\/div><div class=\"wpb_column vc_column_container vc_col-sm-6\"><div class=\"vc_column-inner\"><div class=\"wpb_wrapper\">\n\t<div class=\"wpb_text_column wpb_content_element\" >\n\t\t<div class=\"wpb_wrapper\">\n\t\t\t<h3 class=\"title\" style=\"text-align: center;\">Our Billie boot<\/h3>\n<p class=\"text-align-center\" style=\"text-align: center;\">The Billie boot, inspired by combat boots, completes our collection of flat ankle boots.<\/p>\n<p class=\"text-align-center\" style=\"text-align: center;\">The upper is high: it covers the ankle well, and comes in 3 materials and colors: front (with tongue), body and back.<\/p>\n<p class=\"text-align-center\" style=\"text-align: center;\">With their thick neolithic soles, they'll stand up to all weathers and be your autumn-winter ally!<\/p>\n<p class=\"text-align-center\" style=\"text-align: center;\"><em><strong>Useful dimensions :\u00a0<\/strong><\/em>For a size 38, the upper height is 14 cm.<\/p>\n<p class=\"text-align-center\" style=\"text-align: center;\">These comfortable booties allow you to customize them by combining three different materials.<\/p>\n<p class=\"text-align-center\" style=\"text-align: center;\">Indeed, many of our customers opt for a velvet body (one of our most comfortable materials, as it relaxes very easily), a smooth leather front generally matching the color of the shoe's body, and a punchier back.<\/p>\n<p class=\"text-align-center\" style=\"text-align: center;\">Don't hesitate to try glitter or fine sequins on the back of your Billie boots.<\/p>\n<p class=\"text-align-center\" style=\"text-align: center;\">We guarantee a one-of-a-kind boot!<\/p>\n\n\t\t<\/div>\n\t<\/div>\n<style type=\"text\/css\" data-type=\"the7_shortcodes-inline-css\">#default-btn-ae752cf69633fb77ba79e705366b62c8.ico-right-side > i {\n  margin-right: 0px;\n  margin-left: 8px;\n}\n#default-btn-ae752cf69633fb77ba79e705366b62c8 > i {\n  margin-right: 8px;\n}<\/style><div class=\"btn-align-center\"><a href=\"https:\/\/dessinemoiunsoulier.com\/en\/eshop\/create\/shoes\/billie-boots-customize\/\" class=\"default-btn-shortcode dt-btn dt-btn-m link-hover-off\" id=\"default-btn-ae752cf69633fb77ba79e705366b62c8\" title=\"Billie flat boot - Personalize\"><span>I create my billie<\/span><\/a><\/div><\/div><\/div><\/div><\/div><div class=\"vc_row wpb_row vc_row-fluid dt-default\" style=\"margin-top: 0px;margin-bottom: 0px\"><div class=\"wpb_column vc_column_container vc_col-sm-12\"><div class=\"vc_column-inner\"><div class=\"wpb_wrapper\"><div class=\"vc_empty_space\"   style=\"height: 32px\"><span class=\"vc_empty_space_inner\"><\/span><\/div><\/div><\/div><\/div><\/div><div class=\"vc_row wpb_row vc_row-fluid vc_row-o-equal-height vc_row-o-content-middle vc_row-flex\"><div class=\"wpb_column vc_column_container vc_col-sm-6\"><div class=\"vc_column-inner\"><div class=\"wpb_wrapper\">\n\t<div class=\"wpb_text_column wpb_content_element\" >\n\t\t<div class=\"wpb_wrapper\">\n\t\t\t<h3 class=\"title\" style=\"text-align: center;\">Our santiag<\/h3>\n<div style=\"text-align: center;\">\n<div>\n<div>\n<div>\n<div class=\"text-align-center\"><\/div>\n<\/div>\n<\/div>\n<\/div>\n<\/div>\n<div>\n<div>\n<div>\n<div dir=\"auto\" data-message-author-role=\"assistant\" data-message-id=\"20c4e1da-a72d-45bd-ace4-849de47b3a87\" data-message-model-slug=\"gpt-4o\">\n<div>\n<div>\n<p class=\"text-align-center\" style=\"text-align: center;\">Our customized santiags are the perfect blend of authentic western style and modern lines.<\/p>\n<p class=\"text-align-center\" style=\"text-align: center;\">Handcrafted in our workshops in Portugal, each pair of santiags is designed with unrivalled craftsmanship, guaranteeing exceptional quality and optimum durability. Thanks to our customization service, you can create unique santiags that reflect your personality and taste for fashion.<\/p>\n<p class=\"text-align-center\" style=\"text-align: center;\">At <em>Dessine-moi un soulier<\/em>You can choose from over 100 different leathers and materials to create your very own custom-made santiag. Whether you prefer smooth leather, iridescent leather or even velvet details, our santiags can be tailored to your preferences for a truly unique style.<\/p>\n<p class=\"text-align-center\" style=\"text-align: center;\">As well as being aesthetically pleasing, our santiags are designed to offer incomparable comfort, thanks to a cushioned insole and ergonomic design. Whether you want to wear them every day or for special occasions, these personalized santiags combine elegance and practicality.<\/p>\n<p class=\"text-align-center\" style=\"text-align: center;\">Rely on <em>Dessine-moi un soulier<\/em> to create your own personalized santiag, a unique model that reflects your style and accompanies you everywhere with class and comfort.<\/p>\n<\/div>\n<\/div>\n<\/div>\n<\/div>\n<\/div>\n<\/div>\n\n\t\t<\/div>\n\t<\/div>\n<style type=\"text\/css\" data-type=\"the7_shortcodes-inline-css\">#default-btn-b092a8b2e0afb0d25702790512ccca6d.ico-right-side > i {\n  margin-right: 0px;\n  margin-left: 8px;\n}\n#default-btn-b092a8b2e0afb0d25702790512ccca6d > i {\n  margin-right: 8px;\n}<\/style><div class=\"btn-align-center\"><a href=\"https:\/\/dessinemoiunsoulier.com\/en\/e-shop\/santiag-customize\/\" class=\"default-btn-shortcode dt-btn dt-btn-m link-hover-off\" id=\"default-btn-b092a8b2e0afb0d25702790512ccca6d\" title=\"Santiag - Customize\"><span>I create my Santiag<\/span><\/a><\/div><\/div><\/div><\/div><div class=\"wpb_column vc_column_container vc_col-sm-6\"><div class=\"vc_column-inner\"><div class=\"wpb_wrapper\">\n\t<div  class=\"wpb_single_image wpb_content_element vc_align_center\">\n\t\t\n\t\t<figure class=\"wpb_wrapper vc_figure\">\n\t\t\t<div class=\"vc_single_image-wrapper   vc_box_border_grey\"><img loading=\"lazy\" decoding=\"async\" width=\"500\" height=\"500\" src=\"https:\/\/dessinemoiunsoulier.com\/wp-content\/uploads\/2025\/05\/dmus_oct_24-202.jpg\" class=\"vc_single_image-img attachment-full\" alt=\"Santiag in iridescent garnet leather\" title=\"Santiag in iridescent garnet\" srcset=\"https:\/\/dessinemoiunsoulier.com\/wp-content\/uploads\/2025\/05\/dmus_oct_24-202.jpg 500w, https:\/\/dessinemoiunsoulier.com\/wp-content\/uploads\/2025\/05\/dmus_oct_24-202-200x200.jpg 200w, https:\/\/dessinemoiunsoulier.com\/wp-content\/uploads\/2025\/05\/dmus_oct_24-202-300x300.jpg 300w, https:\/\/dessinemoiunsoulier.com\/wp-content\/uploads\/2025\/05\/dmus_oct_24-202-150x150.jpg 150w\" sizes=\"auto, (max-width: 500px) 100vw, 500px\"  data-dt-location=\"https:\/\/dessinemoiunsoulier.com\/en\/nos-guides-pour-la-personnalisation\/guide-des-modeles\/les-bottines-plates\/dmus_oct_24-202\/\" \/><\/div>\n\t\t<\/figure>\n\t<\/div>\n<\/div><\/div><\/div><\/div><div class=\"vc_row wpb_row vc_row-fluid dt-default\" style=\"margin-top: 0px;margin-bottom: 0px\"><div class=\"wpb_column vc_column_container vc_col-sm-12\"><div class=\"vc_column-inner\"><div class=\"wpb_wrapper\"><div class=\"vc_empty_space\"   style=\"height: 32px\"><span class=\"vc_empty_space_inner\"><\/span><\/div><\/div><\/div><\/div><\/div>\n<\/div>","protected":false},"excerpt":{"rendered":"<p>Carla, Billie et les Santiags, nos trois bottines plates, sont devenues en peu de temps des incontournables de notre shoesing. D&rsquo;un confort incomparable, elles se pr\u00eatent \u00e0 toutes les fantaisies gr\u00e2ce \u00e0 leurs formes de base classiques et intemporelles. Avec ou sans lacets, on les aime scintillantes ou sobres, en velours ou en cuir lisse.&hellip;<\/p>","protected":false},"author":2,"featured_media":0,"parent":61254,"menu_order":0,"comment_status":"closed","ping_status":"closed","template":"","meta":{"inline_featured_image":false,"footnotes":""},"class_list":["post-61649","page","type-page","status-publish","hentry","description-off"],"yoast_head":"<!-- This site is optimized with the Yoast SEO Premium plugin v22.1 (Yoast SEO v27.2) - https:\/\/yoast.com\/product\/yoast-seo-premium-wordpress\/ -->\n<title>Les bottines plates | Dessine-moi un soulier<\/title>\n<meta name=\"description\" content=\"Trouver les bottines parfaite est mission impossible ? Cr\u00e9ez le ! Bottine plate en cuirs lisse, velours, glitter...\" \/>\n<meta name=\"robots\" content=\"index, follow, max-snippet:-1, max-image-preview:large, max-video-preview:-1\" \/>\n<link rel=\"canonical\" href=\"https:\/\/dessinemoiunsoulier.com\/en\/our-guides-to-customization\/model-guide\/flat-boots\/\" \/>\n<meta property=\"og:locale\" content=\"en_US\" \/>\n<meta property=\"og:type\" content=\"article\" \/>\n<meta property=\"og:title\" content=\"Les bottines plates\" \/>\n<meta property=\"og:description\" content=\"Trouver les bottines parfaite est mission impossible ? Cr\u00e9ez le ! Bottine plate en cuirs lisse, velours, glitter...\" \/>\n<meta property=\"og:url\" content=\"https:\/\/dessinemoiunsoulier.com\/en\/our-guides-to-customization\/model-guide\/flat-boots\/\" \/>\n<meta property=\"og:site_name\" content=\"Dessine-moi un soulier\" \/>\n<meta property=\"article:publisher\" content=\"https:\/\/www.facebook.com\/dessinemoiunsoulier\/\" \/>\n<meta property=\"article:modified_time\" content=\"2025-11-18T12:28:32+00:00\" \/>\n<meta name=\"twitter:card\" content=\"summary_large_image\" \/>\n<meta name=\"twitter:label1\" content=\"Est. reading time\" \/>\n\t<meta name=\"twitter:data1\" content=\"5 minutes\" \/>\n<script type=\"application\/ld+json\" class=\"yoast-schema-graph\">{\"@context\":\"https:\/\/schema.org\",\"@graph\":[{\"@type\":\"WebPage\",\"@id\":\"https:\/\/dessinemoiunsoulier.com\/nos-guides-pour-la-personnalisation\/guide-des-modeles\/les-bottines-plates\/\",\"url\":\"https:\/\/dessinemoiunsoulier.com\/nos-guides-pour-la-personnalisation\/guide-des-modeles\/les-bottines-plates\/\",\"name\":\"Les bottines plates | Dessine-moi un soulier\",\"isPartOf\":{\"@id\":\"https:\/\/dessinemoiunsoulier.com\/#website\"},\"datePublished\":\"2025-05-22T12:37:27+00:00\",\"dateModified\":\"2025-11-18T12:28:32+00:00\",\"description\":\"Trouver les bottines parfaite est mission impossible ? Cr\u00e9ez le ! Bottine plate en cuirs lisse, velours, glitter...\",\"breadcrumb\":{\"@id\":\"https:\/\/dessinemoiunsoulier.com\/nos-guides-pour-la-personnalisation\/guide-des-modeles\/les-bottines-plates\/#breadcrumb\"},\"inLanguage\":\"en-US\",\"potentialAction\":[{\"@type\":\"ReadAction\",\"target\":[\"https:\/\/dessinemoiunsoulier.com\/nos-guides-pour-la-personnalisation\/guide-des-modeles\/les-bottines-plates\/\"]}]},{\"@type\":\"BreadcrumbList\",\"@id\":\"https:\/\/dessinemoiunsoulier.com\/nos-guides-pour-la-personnalisation\/guide-des-modeles\/les-bottines-plates\/#breadcrumb\",\"itemListElement\":[{\"@type\":\"ListItem\",\"position\":1,\"name\":\"Accueil\",\"item\":\"https:\/\/dessinemoiunsoulier.com\/\"},{\"@type\":\"ListItem\",\"position\":2,\"name\":\"Nos guides pour la personnalisation\",\"item\":\"https:\/\/dessinemoiunsoulier.com\/nos-guides-pour-la-personnalisation\/\"},{\"@type\":\"ListItem\",\"position\":3,\"name\":\"Guide des mod\u00e8les\",\"item\":\"https:\/\/dessinemoiunsoulier.com\/nos-guides-pour-la-personnalisation\/guide-des-modeles\/\"},{\"@type\":\"ListItem\",\"position\":4,\"name\":\"Les bottines plates\"}]},{\"@type\":\"WebSite\",\"@id\":\"https:\/\/dessinemoiunsoulier.com\/#website\",\"url\":\"https:\/\/dessinemoiunsoulier.com\/\",\"name\":\"Dessine-moi un soulier\",\"description\":\"Dessine-moi un soulier : chaussures personnalis\u00e9es\",\"publisher\":{\"@id\":\"https:\/\/dessinemoiunsoulier.com\/#organization\"},\"potentialAction\":[{\"@type\":\"SearchAction\",\"target\":{\"@type\":\"EntryPoint\",\"urlTemplate\":\"https:\/\/dessinemoiunsoulier.com\/?s={search_term_string}\"},\"query-input\":{\"@type\":\"PropertyValueSpecification\",\"valueRequired\":true,\"valueName\":\"search_term_string\"}}],\"inLanguage\":\"en-US\"},{\"@type\":\"Organization\",\"@id\":\"https:\/\/dessinemoiunsoulier.com\/#organization\",\"name\":\"Dessine-moi un soulier\",\"url\":\"https:\/\/dessinemoiunsoulier.com\/\",\"logo\":{\"@type\":\"ImageObject\",\"inLanguage\":\"en-US\",\"@id\":\"https:\/\/dessinemoiunsoulier.com\/#\/schema\/logo\/image\/\",\"url\":\"https:\/\/dessinemoiunsoulier.com\/wp-content\/uploads\/2025\/07\/Logo-Dessine-moi-un-soulier-GROS-CADRE.png\",\"contentUrl\":\"https:\/\/dessinemoiunsoulier.com\/wp-content\/uploads\/2025\/07\/Logo-Dessine-moi-un-soulier-GROS-CADRE.png\",\"width\":709,\"height\":142,\"caption\":\"Dessine-moi un soulier\"},\"image\":{\"@id\":\"https:\/\/dessinemoiunsoulier.com\/#\/schema\/logo\/image\/\"},\"sameAs\":[\"https:\/\/www.facebook.com\/dessinemoiunsoulier\/\",\"https:\/\/www.instagram.com\/dessinemoiunsoulier\/\",\"https:\/\/fr.pinterest.com\/dessinemoiunsoulier\/\"]}]}<\/script>\n<!-- \/ Yoast SEO Premium plugin. -->","yoast_head_json":{"title":"Flat boots | Draw me a shoe","description":"Finding the perfect boots is mission impossible? Create your own! Flat boots in smooth, velvet or glitter leathers...","robots":{"index":"index","follow":"follow","max-snippet":"max-snippet:-1","max-image-preview":"max-image-preview:large","max-video-preview":"max-video-preview:-1"},"canonical":"https:\/\/dessinemoiunsoulier.com\/en\/our-guides-to-customization\/model-guide\/flat-boots\/","og_locale":"en_US","og_type":"article","og_title":"Les bottines plates","og_description":"Trouver les bottines parfaite est mission impossible ? Cr\u00e9ez le ! Bottine plate en cuirs lisse, velours, glitter...","og_url":"https:\/\/dessinemoiunsoulier.com\/en\/our-guides-to-customization\/model-guide\/flat-boots\/","og_site_name":"Dessine-moi un soulier","article_publisher":"https:\/\/www.facebook.com\/dessinemoiunsoulier\/","article_modified_time":"2025-11-18T12:28:32+00:00","twitter_card":"summary_large_image","twitter_misc":{"Est. reading time":"5 minutes"},"schema":{"@context":"https:\/\/schema.org","@graph":[{"@type":"WebPage","@id":"https:\/\/dessinemoiunsoulier.com\/nos-guides-pour-la-personnalisation\/guide-des-modeles\/les-bottines-plates\/","url":"https:\/\/dessinemoiunsoulier.com\/nos-guides-pour-la-personnalisation\/guide-des-modeles\/les-bottines-plates\/","name":"Flat boots | Draw me a shoe","isPartOf":{"@id":"https:\/\/dessinemoiunsoulier.com\/#website"},"datePublished":"2025-05-22T12:37:27+00:00","dateModified":"2025-11-18T12:28:32+00:00","description":"Finding the perfect boots is mission impossible? Create your own! Flat boots in smooth, velvet or glitter leathers...","breadcrumb":{"@id":"https:\/\/dessinemoiunsoulier.com\/nos-guides-pour-la-personnalisation\/guide-des-modeles\/les-bottines-plates\/#breadcrumb"},"inLanguage":"en-US","potentialAction":[{"@type":"ReadAction","target":["https:\/\/dessinemoiunsoulier.com\/nos-guides-pour-la-personnalisation\/guide-des-modeles\/les-bottines-plates\/"]}]},{"@type":"BreadcrumbList","@id":"https:\/\/dessinemoiunsoulier.com\/nos-guides-pour-la-personnalisation\/guide-des-modeles\/les-bottines-plates\/#breadcrumb","itemListElement":[{"@type":"ListItem","position":1,"name":"Accueil","item":"https:\/\/dessinemoiunsoulier.com\/"},{"@type":"ListItem","position":2,"name":"Nos guides pour la personnalisation","item":"https:\/\/dessinemoiunsoulier.com\/nos-guides-pour-la-personnalisation\/"},{"@type":"ListItem","position":3,"name":"Guide des mod\u00e8les","item":"https:\/\/dessinemoiunsoulier.com\/nos-guides-pour-la-personnalisation\/guide-des-modeles\/"},{"@type":"ListItem","position":4,"name":"Les bottines plates"}]},{"@type":"WebSite","@id":"https:\/\/dessinemoiunsoulier.com\/#website","url":"https:\/\/dessinemoiunsoulier.com\/","name":"Dessine-moi un soulier","description":"Draw me a shoe: personalized shoes","publisher":{"@id":"https:\/\/dessinemoiunsoulier.com\/#organization"},"potentialAction":[{"@type":"SearchAction","target":{"@type":"EntryPoint","urlTemplate":"https:\/\/dessinemoiunsoulier.com\/?s={search_term_string}"},"query-input":{"@type":"PropertyValueSpecification","valueRequired":true,"valueName":"search_term_string"}}],"inLanguage":"en-US"},{"@type":"Organization","@id":"https:\/\/dessinemoiunsoulier.com\/#organization","name":"Dessine-moi un soulier","url":"https:\/\/dessinemoiunsoulier.com\/","logo":{"@type":"ImageObject","inLanguage":"en-US","@id":"https:\/\/dessinemoiunsoulier.com\/#\/schema\/logo\/image\/","url":"https:\/\/dessinemoiunsoulier.com\/wp-content\/uploads\/2025\/07\/Logo-Dessine-moi-un-soulier-GROS-CADRE.png","contentUrl":"https:\/\/dessinemoiunsoulier.com\/wp-content\/uploads\/2025\/07\/Logo-Dessine-moi-un-soulier-GROS-CADRE.png","width":709,"height":142,"caption":"Dessine-moi un soulier"},"image":{"@id":"https:\/\/dessinemoiunsoulier.com\/#\/schema\/logo\/image\/"},"sameAs":["https:\/\/www.facebook.com\/dessinemoiunsoulier\/","https:\/\/www.instagram.com\/dessinemoiunsoulier\/","https:\/\/fr.pinterest.com\/dessinemoiunsoulier\/"]}]}},"_links":{"self":[{"href":"https:\/\/dessinemoiunsoulier.com\/en\/wp-json\/wp\/v2\/pages\/61649","targetHints":{"allow":["GET"]}}],"collection":[{"href":"https:\/\/dessinemoiunsoulier.com\/en\/wp-json\/wp\/v2\/pages"}],"about":[{"href":"https:\/\/dessinemoiunsoulier.com\/en\/wp-json\/wp\/v2\/types\/page"}],"author":[{"embeddable":true,"href":"https:\/\/dessinemoiunsoulier.com\/en\/wp-json\/wp\/v2\/users\/2"}],"replies":[{"embeddable":true,"href":"https:\/\/dessinemoiunsoulier.com\/en\/wp-json\/wp\/v2\/comments?post=61649"}],"version-history":[{"count":6,"href":"https:\/\/dessinemoiunsoulier.com\/en\/wp-json\/wp\/v2\/pages\/61649\/revisions"}],"predecessor-version":[{"id":118525,"href":"https:\/\/dessinemoiunsoulier.com\/en\/wp-json\/wp\/v2\/pages\/61649\/revisions\/118525"}],"up":[{"embeddable":true,"href":"https:\/\/dessinemoiunsoulier.com\/en\/wp-json\/wp\/v2\/pages\/61254"}],"wp:attachment":[{"href":"https:\/\/dessinemoiunsoulier.com\/en\/wp-json\/wp\/v2\/media?parent=61649"}],"curies":[{"name":"wp","href":"https:\/\/api.w.org\/{rel}","templated":true}]}}