{"id":61631,"date":"2025-05-22T12:13:00","date_gmt":"2025-05-22T12:13:00","guid":{"rendered":"https:\/\/dessinemoiunsoulier.com\/?page_id=61631"},"modified":"2025-11-18T13:24:57","modified_gmt":"2025-11-18T12:24:57","slug":"personalized-moccasins","status":"publish","type":"page","link":"https:\/\/dessinemoiunsoulier.com\/en\/nos-guides-pour-la-personnalisation\/guide-des-modeles\/les-mocassins-personnalises\/","title":{"rendered":"Our personalized moccasins"},"content":{"rendered":"<div class=\"wpb-content-wrapper\"><div class=\"vc_row wpb_row vc_row-fluid dt-default\" style=\"margin-top: 0px;margin-bottom: 0px\"><div class=\"wpb_column vc_column_container vc_col-sm-12\"><div class=\"vc_column-inner\"><div class=\"wpb_wrapper\">\n\t<div class=\"wpb_text_column wpb_content_element\" >\n\t\t<div class=\"wpb_wrapper\">\n\t\t\t<h2 class=\"text-align-center\" style=\"text-align: center;\">Create your own personalized moccasins!<\/h2>\n\n\t\t<\/div>\n\t<\/div>\n<div class=\"vc_empty_space\"   style=\"height: 32px\"><span class=\"vc_empty_space_inner\"><\/span><\/div><\/div><\/div><\/div><\/div><div class=\"vc_row wpb_row vc_row-fluid vc_row-o-equal-height vc_row-o-content-middle vc_row-flex\"><div class=\"wpb_column vc_column_container vc_col-sm-6\"><div class=\"vc_column-inner\"><div class=\"wpb_wrapper\">\n\t<div class=\"wpb_text_column wpb_content_element\" >\n\t\t<div class=\"wpb_wrapper\">\n\t\t\t<p class=\"text-align-center\" style=\"text-align: center;\">At Dessine-moi un soulier, our personalized moccasins are the perfect solution for those looking for elegance and comfort.<\/p>\n<p class=\"text-align-center\" style=\"text-align: center;\">Handcrafted in our workshops in Portugal, each pair of moccasins is designed with expert craftsmanship, guaranteeing exceptional quality and durability. Thanks to our customization offer, you can create moccasins that exactly match your style and preferences.<\/p>\n<p class=\"text-align-center\" style=\"text-align: center;\">Choose from over 100 different leathers and materials, and opt for colors and finishes that reflect your personality. Whether you prefer smooth leather, suede or fabric details, our personalized moccasins can be adapted to your every whim. Little extra: you can put on or take off the loop to turn the moccasin into a slipper!<\/p>\n<p class=\"text-align-center\" style=\"text-align: center;\">Our custom moccasins aren't just stylish, they're also designed to offer unrivalled comfort. The cushioned insole and ergonomic design make walking a breeze.<\/p>\n<p class=\"text-align-center\" style=\"text-align: center;\"><em>Dessine-moi un soulier<\/em> distinguishes itself by its ability to transform ideas into unique designs, created exclusively for you. Embrace style and comfort with our custom moccasins, and stand out from the crowd with a pair that's uniquely yours.<\/p>\n\n\t\t<\/div>\n\t<\/div>\n<style type=\"text\/css\" data-type=\"the7_shortcodes-inline-css\">#default-btn-19b2ca9221e87e231ba9f3652d039d91.ico-right-side > i {\n  margin-right: 0px;\n  margin-left: 8px;\n}\n#default-btn-19b2ca9221e87e231ba9f3652d039d91 > i {\n  margin-right: 8px;\n}<\/style><div class=\"btn-align-center\"><a href=\"https:\/\/dessinemoiunsoulier.com\/en\/eshop\/create\/shoes\/romy-moccasin-customize\/\" class=\"default-btn-shortcode dt-btn dt-btn-s link-hover-off\" id=\"default-btn-19b2ca9221e87e231ba9f3652d039d91\" title=\"Our personalized moccasins\"><span>Create your own moccasins<\/span><\/a><\/div><\/div><\/div><\/div><div class=\"wpb_column vc_column_container vc_col-sm-6\"><div class=\"vc_column-inner\"><div class=\"wpb_wrapper\">\n\t<div  class=\"wpb_single_image wpb_content_element vc_align_center\">\n\t\t\n\t\t<figure class=\"wpb_wrapper vc_figure\">\n\t\t\t<div class=\"vc_single_image-wrapper   vc_box_border_grey\"><img loading=\"lazy\" decoding=\"async\" width=\"500\" height=\"500\" src=\"https:\/\/dessinemoiunsoulier.com\/wp-content\/uploads\/2025\/05\/dessine-moi-en-soulier-naturel-78.jpg\" class=\"vc_single_image-img attachment-full\" alt=\"Moccasin in silver glitter and iridescent silver\" title=\"Moccasin in iridescent and glitter silver\" srcset=\"https:\/\/dessinemoiunsoulier.com\/wp-content\/uploads\/2025\/05\/dessine-moi-en-soulier-naturel-78.jpg 500w, https:\/\/dessinemoiunsoulier.com\/wp-content\/uploads\/2025\/05\/dessine-moi-en-soulier-naturel-78-200x200.jpg 200w, https:\/\/dessinemoiunsoulier.com\/wp-content\/uploads\/2025\/05\/dessine-moi-en-soulier-naturel-78-300x300.jpg 300w, https:\/\/dessinemoiunsoulier.com\/wp-content\/uploads\/2025\/05\/dessine-moi-en-soulier-naturel-78-150x150.jpg 150w\" sizes=\"auto, (max-width: 500px) 100vw, 500px\"  data-dt-location=\"https:\/\/dessinemoiunsoulier.com\/en\/nos-guides-pour-la-personnalisation\/guide-des-modeles\/les-mocassins-personnalises\/dessine-moi-en-soulier-naturel-78-3\/\" \/><\/div>\n\t\t<\/figure>\n\t<\/div>\n<\/div><\/div><\/div><\/div><div class=\"vc_row wpb_row vc_row-fluid dt-default\" style=\"margin-top: 0px;margin-bottom: 0px\"><div class=\"wpb_column vc_column_container vc_col-sm-12\"><div class=\"vc_column-inner\"><div class=\"wpb_wrapper\"><div class=\"vc_empty_space\"   style=\"height: 32px\"><span class=\"vc_empty_space_inner\"><\/span><\/div><\/div><\/div><\/div><\/div><div class=\"vc_row wpb_row vc_row-fluid dt-default\" style=\"margin-top: 0px;margin-bottom: 0px\"><div class=\"wpb_column vc_column_container vc_col-sm-12\"><div class=\"vc_column-inner\"><div class=\"wpb_wrapper\"><div class=\"vc_empty_space\"   style=\"height: 32px\"><span class=\"vc_empty_space_inner\"><\/span><\/div><\/div><\/div><\/div><\/div><div class=\"vc_row wpb_row vc_row-fluid dt-default\" style=\"margin-top: 0px;margin-bottom: 0px\"><div class=\"wpb_column vc_column_container vc_col-sm-4\"><div class=\"vc_column-inner\"><div class=\"wpb_wrapper\">\n\t<div  class=\"wpb_single_image wpb_content_element vc_align_center\">\n\t\t\n\t\t<figure class=\"wpb_wrapper vc_figure\">\n\t\t\t<div class=\"vc_single_image-wrapper vc_box_circle  vc_box_border_grey\"><img loading=\"lazy\" decoding=\"async\" width=\"1024\" height=\"1024\" src=\"https:\/\/dessinemoiunsoulier.com\/wp-content\/uploads\/2025\/05\/dmus_fev-039.jpg\" class=\"vc_single_image-img attachment-full\" alt=\"Moccasin in black velvet, leopard fur and champagne iridescence\" title=\"Black velvet and leopard print loafer\" srcset=\"https:\/\/dessinemoiunsoulier.com\/wp-content\/uploads\/2025\/05\/dmus_fev-039.jpg 1024w, https:\/\/dessinemoiunsoulier.com\/wp-content\/uploads\/2025\/05\/dmus_fev-039-200x200.jpg 200w, https:\/\/dessinemoiunsoulier.com\/wp-content\/uploads\/2025\/05\/dmus_fev-039-819x819.jpg 819w, https:\/\/dessinemoiunsoulier.com\/wp-content\/uploads\/2025\/05\/dmus_fev-039-300x300.jpg 300w, https:\/\/dessinemoiunsoulier.com\/wp-content\/uploads\/2025\/05\/dmus_fev-039-150x150.jpg 150w, https:\/\/dessinemoiunsoulier.com\/wp-content\/uploads\/2025\/05\/dmus_fev-039-768x768.jpg 768w\" sizes=\"auto, (max-width: 1024px) 100vw, 1024px\"  data-dt-location=\"https:\/\/dessinemoiunsoulier.com\/en\/nos-guides-pour-la-personnalisation\/guide-des-modeles\/les-mocassins-personnalises\/dmus_fev-039\/\" \/><\/div>\n\t\t<\/figure>\n\t<\/div>\n<\/div><\/div><\/div><div class=\"wpb_column vc_column_container vc_col-sm-4\"><div class=\"vc_column-inner\"><div class=\"wpb_wrapper\">\n\t<div  class=\"wpb_single_image wpb_content_element vc_align_center\">\n\t\t\n\t\t<figure class=\"wpb_wrapper vc_figure\">\n\t\t\t<div class=\"vc_single_image-wrapper vc_box_circle  vc_box_border_grey\"><img loading=\"lazy\" decoding=\"async\" width=\"1024\" height=\"1024\" src=\"https:\/\/dessinemoiunsoulier.com\/wp-content\/uploads\/2025\/05\/dmus_fev-043.jpg\" class=\"vc_single_image-img attachment-full\" alt=\"Moccasin in smooth black and red leather with fine silver sequins\" title=\"Moccasin in black and red patent leather\" srcset=\"https:\/\/dessinemoiunsoulier.com\/wp-content\/uploads\/2025\/05\/dmus_fev-043.jpg 1024w, https:\/\/dessinemoiunsoulier.com\/wp-content\/uploads\/2025\/05\/dmus_fev-043-200x200.jpg 200w, https:\/\/dessinemoiunsoulier.com\/wp-content\/uploads\/2025\/05\/dmus_fev-043-819x819.jpg 819w, https:\/\/dessinemoiunsoulier.com\/wp-content\/uploads\/2025\/05\/dmus_fev-043-300x300.jpg 300w, https:\/\/dessinemoiunsoulier.com\/wp-content\/uploads\/2025\/05\/dmus_fev-043-150x150.jpg 150w, https:\/\/dessinemoiunsoulier.com\/wp-content\/uploads\/2025\/05\/dmus_fev-043-768x768.jpg 768w\" sizes=\"auto, (max-width: 1024px) 100vw, 1024px\"  data-dt-location=\"https:\/\/dessinemoiunsoulier.com\/en\/nos-guides-pour-la-personnalisation\/guide-des-modeles\/les-mocassins-personnalises\/dmus_fev-043\/\" \/><\/div>\n\t\t<\/figure>\n\t<\/div>\n<\/div><\/div><\/div><div class=\"wpb_column vc_column_container vc_col-sm-4\"><div class=\"vc_column-inner\"><div class=\"wpb_wrapper\">\n\t<div  class=\"wpb_single_image wpb_content_element vc_align_center\">\n\t\t\n\t\t<figure class=\"wpb_wrapper vc_figure\">\n\t\t\t<div class=\"vc_single_image-wrapper vc_box_circle  vc_box_border_grey\"><img loading=\"lazy\" decoding=\"async\" width=\"1024\" height=\"1024\" src=\"https:\/\/dessinemoiunsoulier.com\/wp-content\/uploads\/2025\/05\/dmus_fev-107.jpg\" class=\"vc_single_image-img attachment-full\" alt=\"Rosewood velvet moccasin with fine champagne and blond gold sequins\" title=\"Rosewood velvet loafer\" srcset=\"https:\/\/dessinemoiunsoulier.com\/wp-content\/uploads\/2025\/05\/dmus_fev-107.jpg 1024w, https:\/\/dessinemoiunsoulier.com\/wp-content\/uploads\/2025\/05\/dmus_fev-107-200x200.jpg 200w, https:\/\/dessinemoiunsoulier.com\/wp-content\/uploads\/2025\/05\/dmus_fev-107-819x819.jpg 819w, https:\/\/dessinemoiunsoulier.com\/wp-content\/uploads\/2025\/05\/dmus_fev-107-300x300.jpg 300w, https:\/\/dessinemoiunsoulier.com\/wp-content\/uploads\/2025\/05\/dmus_fev-107-150x150.jpg 150w, https:\/\/dessinemoiunsoulier.com\/wp-content\/uploads\/2025\/05\/dmus_fev-107-768x768.jpg 768w\" sizes=\"auto, (max-width: 1024px) 100vw, 1024px\"  data-dt-location=\"https:\/\/dessinemoiunsoulier.com\/en\/nos-guides-pour-la-personnalisation\/guide-des-modeles\/les-mocassins-personnalises\/dmus_fev-107\/\" \/><\/div>\n\t\t<\/figure>\n\t<\/div>\n<\/div><\/div><\/div><\/div><div class=\"vc_row wpb_row vc_row-fluid dt-default\" style=\"margin-top: 0px;margin-bottom: 0px\"><div class=\"wpb_column vc_column_container vc_col-sm-4\"><div class=\"vc_column-inner\"><div class=\"wpb_wrapper\">\n\t<div  class=\"wpb_single_image wpb_content_element vc_align_center\">\n\t\t\n\t\t<figure class=\"wpb_wrapper vc_figure\">\n\t\t\t<div class=\"vc_single_image-wrapper vc_box_circle  vc_box_border_grey\"><img loading=\"lazy\" decoding=\"async\" width=\"2048\" height=\"2048\" src=\"https:\/\/dessinemoiunsoulier.com\/wp-content\/uploads\/2025\/05\/dmus-067.jpg\" class=\"vc_single_image-img attachment-full\" alt=\"Black velvet and silver iridescent loafer\" title=\"Black velvet loafer\" srcset=\"https:\/\/dessinemoiunsoulier.com\/wp-content\/uploads\/2025\/05\/dmus-067.jpg 2048w, https:\/\/dessinemoiunsoulier.com\/wp-content\/uploads\/2025\/05\/dmus-067-200x200.jpg 200w, https:\/\/dessinemoiunsoulier.com\/wp-content\/uploads\/2025\/05\/dmus-067-819x819.jpg 819w, https:\/\/dessinemoiunsoulier.com\/wp-content\/uploads\/2025\/05\/dmus-067-300x300.jpg 300w, https:\/\/dessinemoiunsoulier.com\/wp-content\/uploads\/2025\/05\/dmus-067-1024x1024.jpg 1024w, https:\/\/dessinemoiunsoulier.com\/wp-content\/uploads\/2025\/05\/dmus-067-150x150.jpg 150w, https:\/\/dessinemoiunsoulier.com\/wp-content\/uploads\/2025\/05\/dmus-067-768x768.jpg 768w, https:\/\/dessinemoiunsoulier.com\/wp-content\/uploads\/2025\/05\/dmus-067-1536x1536.jpg 1536w\" sizes=\"auto, (max-width: 2048px) 100vw, 2048px\"  data-dt-location=\"https:\/\/dessinemoiunsoulier.com\/en\/nos-guides-pour-la-personnalisation\/guide-des-modeles\/les-mocassins-personnalises\/dmus-067\/\" \/><\/div>\n\t\t<\/figure>\n\t<\/div>\n<\/div><\/div><\/div><div class=\"wpb_column vc_column_container vc_col-sm-4\"><div class=\"vc_column-inner\"><div class=\"wpb_wrapper\">\n\t<div  class=\"wpb_single_image wpb_content_element vc_align_center\">\n\t\t\n\t\t<figure class=\"wpb_wrapper vc_figure\">\n\t\t\t<div class=\"vc_single_image-wrapper vc_box_circle  vc_box_border_grey\"><img loading=\"lazy\" decoding=\"async\" width=\"1024\" height=\"1024\" src=\"https:\/\/dessinemoiunsoulier.com\/wp-content\/uploads\/2025\/05\/dms-120.jpg\" class=\"vc_single_image-img attachment-full\" alt=\"Moccasin in glitter champagne leather\" title=\"Champagne glitter loafer\" srcset=\"https:\/\/dessinemoiunsoulier.com\/wp-content\/uploads\/2025\/05\/dms-120.jpg 1024w, https:\/\/dessinemoiunsoulier.com\/wp-content\/uploads\/2025\/05\/dms-120-200x200.jpg 200w, https:\/\/dessinemoiunsoulier.com\/wp-content\/uploads\/2025\/05\/dms-120-819x819.jpg 819w, https:\/\/dessinemoiunsoulier.com\/wp-content\/uploads\/2025\/05\/dms-120-300x300.jpg 300w, https:\/\/dessinemoiunsoulier.com\/wp-content\/uploads\/2025\/05\/dms-120-150x150.jpg 150w, https:\/\/dessinemoiunsoulier.com\/wp-content\/uploads\/2025\/05\/dms-120-768x768.jpg 768w\" sizes=\"auto, (max-width: 1024px) 100vw, 1024px\"  data-dt-location=\"https:\/\/dessinemoiunsoulier.com\/en\/nos-guides-pour-la-personnalisation\/guide-des-modeles\/les-mocassins-personnalises\/dms-120\/\" \/><\/div>\n\t\t<\/figure>\n\t<\/div>\n<\/div><\/div><\/div><div class=\"wpb_column vc_column_container vc_col-sm-4\"><div class=\"vc_column-inner\"><div class=\"wpb_wrapper\">\n\t<div  class=\"wpb_single_image wpb_content_element vc_align_center\">\n\t\t\n\t\t<figure class=\"wpb_wrapper vc_figure\">\n\t\t\t<div class=\"vc_single_image-wrapper vc_box_circle  vc_box_border_grey\"><img decoding=\"async\" class=\"vc_single_image-img\" src=\"https:\/\/dessinemoiunsoulier.com\/wp-content\/uploads\/2025\/05\/IMG_6776-HD-1391x1391.jpg\" width=\"1391\" height=\"1391\" alt=\"Leather Leopard Hair loafer\" title=\"Leopard Hair Moccasin\" loading=\"lazy\"  data-dt-location=\"https:\/\/dessinemoiunsoulier.com\/en\/nos-guides-pour-la-personnalisation\/guide-des-modeles\/les-mocassins-personnalises\/img_6776-hd\/\" \/><\/div>\n\t\t<\/figure>\n\t<\/div>\n<\/div><\/div><\/div><\/div><div class=\"vc_row wpb_row vc_row-fluid dt-default\" style=\"margin-top: 0px;margin-bottom: 0px\"><div class=\"wpb_column vc_column_container vc_col-sm-12\"><div class=\"vc_column-inner\"><div class=\"wpb_wrapper\"><div class=\"vc_empty_space\"   style=\"height: 32px\"><span class=\"vc_empty_space_inner\"><\/span><\/div><\/div><\/div><\/div><\/div><div class=\"vc_row wpb_row vc_row-fluid dt-default\" style=\"margin-top: 0px;margin-bottom: 0px\"><div class=\"wpb_column vc_column_container vc_col-sm-12\"><div class=\"vc_column-inner\"><div class=\"wpb_wrapper\">\n\t<div class=\"wpb_text_column wpb_content_element\" >\n\t\t<div class=\"wpb_wrapper\">\n\t\t\t<p style=\"text-align: center;\"><em>\u00a0Size recommendation: <\/em>this model fits all feet - ultra-comfortable slippers!<\/p>\n\n\t\t<\/div>\n\t<\/div>\n<\/div><\/div><\/div><\/div><div class=\"vc_row wpb_row vc_row-fluid dt-default\" style=\"margin-top: 0px;margin-bottom: 0px\"><div class=\"wpb_column vc_column_container vc_col-sm-12\"><div class=\"vc_column-inner\"><div class=\"wpb_wrapper\"><div class=\"vc_empty_space\"   style=\"height: 32px\"><span class=\"vc_empty_space_inner\"><\/span><\/div><\/div><\/div><\/div><\/div>\n<\/div>","protected":false},"excerpt":{"rendered":"<p>Cr\u00e9ez vos mocassins personnalis\u00e9s ! Chez Dessine-moi un soulier, nos mocassins personnalis\u00e9s sont la solution parfaite pour celles qui recherchent l&rsquo;\u00e9l\u00e9gance et le confort. Fabriqu\u00e9s \u00e0 la main dans nos ateliers au Portugal, chaque paire de mocassins est con\u00e7ue avec un savoir-faire artisanal, garantissant une qualit\u00e9 et une durabilit\u00e9 exceptionnelles. Gr\u00e2ce \u00e0 notre offre de&hellip;<\/p>","protected":false},"author":2,"featured_media":0,"parent":61254,"menu_order":0,"comment_status":"closed","ping_status":"closed","template":"","meta":{"inline_featured_image":false,"footnotes":""},"class_list":["post-61631","page","type-page","status-publish","hentry","description-off"],"yoast_head":"<!-- This site is optimized with the Yoast SEO Premium plugin v22.1 (Yoast SEO v27.2) - https:\/\/yoast.com\/product\/yoast-seo-premium-wordpress\/ -->\n<title>Nos mocassins personnalis\u00e9s | Dessine-moi un soulier<\/title>\n<meta name=\"description\" content=\"Trouver les mocassins parfait est mission impossible ? Cr\u00e9ez vos mocassins personnalis\u00e9s. Choisissez tout, on les fabrique au Portugal.\" \/>\n<meta name=\"robots\" content=\"index, follow, max-snippet:-1, max-image-preview:large, max-video-preview:-1\" \/>\n<link rel=\"canonical\" href=\"https:\/\/dessinemoiunsoulier.com\/en\/our-guides-to-customization\/model-guide\/personalized-moccasins\/\" \/>\n<meta property=\"og:locale\" content=\"en_US\" \/>\n<meta property=\"og:type\" content=\"article\" \/>\n<meta property=\"og:title\" content=\"Nos mocassins personnalis\u00e9s\" \/>\n<meta property=\"og:description\" content=\"Trouver les mocassins parfait est mission impossible ? Cr\u00e9ez vos mocassins personnalis\u00e9s. Choisissez tout, on les fabrique au Portugal.\" \/>\n<meta property=\"og:url\" content=\"https:\/\/dessinemoiunsoulier.com\/en\/our-guides-to-customization\/model-guide\/personalized-moccasins\/\" \/>\n<meta property=\"og:site_name\" content=\"Dessine-moi un soulier\" \/>\n<meta property=\"article:publisher\" content=\"https:\/\/www.facebook.com\/dessinemoiunsoulier\/\" \/>\n<meta property=\"article:modified_time\" content=\"2025-11-18T12:24:57+00:00\" \/>\n<meta name=\"twitter:card\" content=\"summary_large_image\" \/>\n<meta name=\"twitter:label1\" content=\"Est. reading time\" \/>\n\t<meta name=\"twitter:data1\" content=\"3 minutes\" \/>\n<script type=\"application\/ld+json\" class=\"yoast-schema-graph\">{\"@context\":\"https:\/\/schema.org\",\"@graph\":[{\"@type\":\"WebPage\",\"@id\":\"https:\/\/dessinemoiunsoulier.com\/nos-guides-pour-la-personnalisation\/guide-des-modeles\/les-mocassins-personnalises\/\",\"url\":\"https:\/\/dessinemoiunsoulier.com\/nos-guides-pour-la-personnalisation\/guide-des-modeles\/les-mocassins-personnalises\/\",\"name\":\"Nos mocassins personnalis\u00e9s | Dessine-moi un soulier\",\"isPartOf\":{\"@id\":\"https:\/\/dessinemoiunsoulier.com\/#website\"},\"datePublished\":\"2025-05-22T12:13:00+00:00\",\"dateModified\":\"2025-11-18T12:24:57+00:00\",\"description\":\"Trouver les mocassins parfait est mission impossible ? Cr\u00e9ez vos mocassins personnalis\u00e9s. Choisissez tout, on les fabrique au Portugal.\",\"breadcrumb\":{\"@id\":\"https:\/\/dessinemoiunsoulier.com\/nos-guides-pour-la-personnalisation\/guide-des-modeles\/les-mocassins-personnalises\/#breadcrumb\"},\"inLanguage\":\"en-US\",\"potentialAction\":[{\"@type\":\"ReadAction\",\"target\":[\"https:\/\/dessinemoiunsoulier.com\/nos-guides-pour-la-personnalisation\/guide-des-modeles\/les-mocassins-personnalises\/\"]}]},{\"@type\":\"BreadcrumbList\",\"@id\":\"https:\/\/dessinemoiunsoulier.com\/nos-guides-pour-la-personnalisation\/guide-des-modeles\/les-mocassins-personnalises\/#breadcrumb\",\"itemListElement\":[{\"@type\":\"ListItem\",\"position\":1,\"name\":\"Accueil\",\"item\":\"https:\/\/dessinemoiunsoulier.com\/\"},{\"@type\":\"ListItem\",\"position\":2,\"name\":\"Nos guides pour la personnalisation\",\"item\":\"https:\/\/dessinemoiunsoulier.com\/nos-guides-pour-la-personnalisation\/\"},{\"@type\":\"ListItem\",\"position\":3,\"name\":\"Guide des mod\u00e8les\",\"item\":\"https:\/\/dessinemoiunsoulier.com\/nos-guides-pour-la-personnalisation\/guide-des-modeles\/\"},{\"@type\":\"ListItem\",\"position\":4,\"name\":\"Nos mocassins personnalis\u00e9s\"}]},{\"@type\":\"WebSite\",\"@id\":\"https:\/\/dessinemoiunsoulier.com\/#website\",\"url\":\"https:\/\/dessinemoiunsoulier.com\/\",\"name\":\"Dessine-moi un soulier\",\"description\":\"Dessine-moi un soulier : chaussures personnalis\u00e9es\",\"publisher\":{\"@id\":\"https:\/\/dessinemoiunsoulier.com\/#organization\"},\"potentialAction\":[{\"@type\":\"SearchAction\",\"target\":{\"@type\":\"EntryPoint\",\"urlTemplate\":\"https:\/\/dessinemoiunsoulier.com\/?s={search_term_string}\"},\"query-input\":{\"@type\":\"PropertyValueSpecification\",\"valueRequired\":true,\"valueName\":\"search_term_string\"}}],\"inLanguage\":\"en-US\"},{\"@type\":\"Organization\",\"@id\":\"https:\/\/dessinemoiunsoulier.com\/#organization\",\"name\":\"Dessine-moi un soulier\",\"url\":\"https:\/\/dessinemoiunsoulier.com\/\",\"logo\":{\"@type\":\"ImageObject\",\"inLanguage\":\"en-US\",\"@id\":\"https:\/\/dessinemoiunsoulier.com\/#\/schema\/logo\/image\/\",\"url\":\"https:\/\/dessinemoiunsoulier.com\/wp-content\/uploads\/2025\/07\/Logo-Dessine-moi-un-soulier-GROS-CADRE.png\",\"contentUrl\":\"https:\/\/dessinemoiunsoulier.com\/wp-content\/uploads\/2025\/07\/Logo-Dessine-moi-un-soulier-GROS-CADRE.png\",\"width\":709,\"height\":142,\"caption\":\"Dessine-moi un soulier\"},\"image\":{\"@id\":\"https:\/\/dessinemoiunsoulier.com\/#\/schema\/logo\/image\/\"},\"sameAs\":[\"https:\/\/www.facebook.com\/dessinemoiunsoulier\/\",\"https:\/\/www.instagram.com\/dessinemoiunsoulier\/\",\"https:\/\/fr.pinterest.com\/dessinemoiunsoulier\/\"]}]}<\/script>\n<!-- \/ Yoast SEO Premium plugin. -->","yoast_head_json":{"title":"Our personalized moccasins | Draw me a shoe","description":"Finding the perfect moccasin is mission impossible? Create your own personalized moccasins. Choose everything, we make them in Portugal.","robots":{"index":"index","follow":"follow","max-snippet":"max-snippet:-1","max-image-preview":"max-image-preview:large","max-video-preview":"max-video-preview:-1"},"canonical":"https:\/\/dessinemoiunsoulier.com\/en\/our-guides-to-customization\/model-guide\/personalized-moccasins\/","og_locale":"en_US","og_type":"article","og_title":"Nos mocassins personnalis\u00e9s","og_description":"Trouver les mocassins parfait est mission impossible ? Cr\u00e9ez vos mocassins personnalis\u00e9s. Choisissez tout, on les fabrique au Portugal.","og_url":"https:\/\/dessinemoiunsoulier.com\/en\/our-guides-to-customization\/model-guide\/personalized-moccasins\/","og_site_name":"Dessine-moi un soulier","article_publisher":"https:\/\/www.facebook.com\/dessinemoiunsoulier\/","article_modified_time":"2025-11-18T12:24:57+00:00","twitter_card":"summary_large_image","twitter_misc":{"Est. reading time":"3 minutes"},"schema":{"@context":"https:\/\/schema.org","@graph":[{"@type":"WebPage","@id":"https:\/\/dessinemoiunsoulier.com\/nos-guides-pour-la-personnalisation\/guide-des-modeles\/les-mocassins-personnalises\/","url":"https:\/\/dessinemoiunsoulier.com\/nos-guides-pour-la-personnalisation\/guide-des-modeles\/les-mocassins-personnalises\/","name":"Our personalized moccasins | Draw me a shoe","isPartOf":{"@id":"https:\/\/dessinemoiunsoulier.com\/#website"},"datePublished":"2025-05-22T12:13:00+00:00","dateModified":"2025-11-18T12:24:57+00:00","description":"Finding the perfect moccasin is mission impossible? Create your own personalized moccasins. Choose everything, we make them in Portugal.","breadcrumb":{"@id":"https:\/\/dessinemoiunsoulier.com\/nos-guides-pour-la-personnalisation\/guide-des-modeles\/les-mocassins-personnalises\/#breadcrumb"},"inLanguage":"en-US","potentialAction":[{"@type":"ReadAction","target":["https:\/\/dessinemoiunsoulier.com\/nos-guides-pour-la-personnalisation\/guide-des-modeles\/les-mocassins-personnalises\/"]}]},{"@type":"BreadcrumbList","@id":"https:\/\/dessinemoiunsoulier.com\/nos-guides-pour-la-personnalisation\/guide-des-modeles\/les-mocassins-personnalises\/#breadcrumb","itemListElement":[{"@type":"ListItem","position":1,"name":"Accueil","item":"https:\/\/dessinemoiunsoulier.com\/"},{"@type":"ListItem","position":2,"name":"Nos guides pour la personnalisation","item":"https:\/\/dessinemoiunsoulier.com\/nos-guides-pour-la-personnalisation\/"},{"@type":"ListItem","position":3,"name":"Guide des mod\u00e8les","item":"https:\/\/dessinemoiunsoulier.com\/nos-guides-pour-la-personnalisation\/guide-des-modeles\/"},{"@type":"ListItem","position":4,"name":"Nos mocassins personnalis\u00e9s"}]},{"@type":"WebSite","@id":"https:\/\/dessinemoiunsoulier.com\/#website","url":"https:\/\/dessinemoiunsoulier.com\/","name":"Dessine-moi un soulier","description":"Draw me a shoe: personalized shoes","publisher":{"@id":"https:\/\/dessinemoiunsoulier.com\/#organization"},"potentialAction":[{"@type":"SearchAction","target":{"@type":"EntryPoint","urlTemplate":"https:\/\/dessinemoiunsoulier.com\/?s={search_term_string}"},"query-input":{"@type":"PropertyValueSpecification","valueRequired":true,"valueName":"search_term_string"}}],"inLanguage":"en-US"},{"@type":"Organization","@id":"https:\/\/dessinemoiunsoulier.com\/#organization","name":"Dessine-moi un soulier","url":"https:\/\/dessinemoiunsoulier.com\/","logo":{"@type":"ImageObject","inLanguage":"en-US","@id":"https:\/\/dessinemoiunsoulier.com\/#\/schema\/logo\/image\/","url":"https:\/\/dessinemoiunsoulier.com\/wp-content\/uploads\/2025\/07\/Logo-Dessine-moi-un-soulier-GROS-CADRE.png","contentUrl":"https:\/\/dessinemoiunsoulier.com\/wp-content\/uploads\/2025\/07\/Logo-Dessine-moi-un-soulier-GROS-CADRE.png","width":709,"height":142,"caption":"Dessine-moi un soulier"},"image":{"@id":"https:\/\/dessinemoiunsoulier.com\/#\/schema\/logo\/image\/"},"sameAs":["https:\/\/www.facebook.com\/dessinemoiunsoulier\/","https:\/\/www.instagram.com\/dessinemoiunsoulier\/","https:\/\/fr.pinterest.com\/dessinemoiunsoulier\/"]}]}},"_links":{"self":[{"href":"https:\/\/dessinemoiunsoulier.com\/en\/wp-json\/wp\/v2\/pages\/61631","targetHints":{"allow":["GET"]}}],"collection":[{"href":"https:\/\/dessinemoiunsoulier.com\/en\/wp-json\/wp\/v2\/pages"}],"about":[{"href":"https:\/\/dessinemoiunsoulier.com\/en\/wp-json\/wp\/v2\/types\/page"}],"author":[{"embeddable":true,"href":"https:\/\/dessinemoiunsoulier.com\/en\/wp-json\/wp\/v2\/users\/2"}],"replies":[{"embeddable":true,"href":"https:\/\/dessinemoiunsoulier.com\/en\/wp-json\/wp\/v2\/comments?post=61631"}],"version-history":[{"count":9,"href":"https:\/\/dessinemoiunsoulier.com\/en\/wp-json\/wp\/v2\/pages\/61631\/revisions"}],"predecessor-version":[{"id":118520,"href":"https:\/\/dessinemoiunsoulier.com\/en\/wp-json\/wp\/v2\/pages\/61631\/revisions\/118520"}],"up":[{"embeddable":true,"href":"https:\/\/dessinemoiunsoulier.com\/en\/wp-json\/wp\/v2\/pages\/61254"}],"wp:attachment":[{"href":"https:\/\/dessinemoiunsoulier.com\/en\/wp-json\/wp\/v2\/media?parent=61631"}],"curies":[{"name":"wp","href":"https:\/\/api.w.org\/{rel}","templated":true}]}}