{"id":58414,"date":"2025-04-16T14:38:43","date_gmt":"2025-04-16T14:38:43","guid":{"rendered":"https:\/\/dessinemoiunsoulier.com\/?page_id=58414"},"modified":"2025-04-18T14:28:39","modified_gmt":"2025-04-18T14:28:39","slug":"cathy","status":"publish","type":"page","link":"https:\/\/dessinemoiunsoulier.com\/en\/mariage\/carnet-de-mariees\/cathy\/","title":{"rendered":"CATHY"},"content":{"rendered":"<div class=\"wpb-content-wrapper\"><div class=\"vc_row wpb_row vc_row-fluid dt-default\" style=\"margin-top: 0px;margin-bottom: 0px\"><div class=\"wpb_column vc_column_container vc_col-sm-12\"><div class=\"vc_column-inner\"><div class=\"wpb_wrapper\">\n\t<div class=\"wpb_text_column wpb_content_element\" >\n\t\t<div class=\"wpb_wrapper\">\n\t\t\t<p class=\"text-align-center\" style=\"text-align: center;\">Our bubbly bride Cathy tells us the story of her Pretty Day...<\/p>\n<p class=\"text-align-center\" style=\"text-align: center;\"><strong>Photo credit: <\/strong>Aur\u00e9lia Cordiez.<\/p>\n\n\t\t<\/div>\n\t<\/div>\n<\/div><\/div><\/div><\/div><div data-vc-full-width=\"true\" data-vc-full-width-temp=\"true\" data-vc-full-width-init=\"false\" class=\"vc_row wpb_row vc_row-fluid vc_custom_1744720699642 vc_row-has-fill vc_column-gap-35 vc_row-o-full-height vc_row-o-columns-stretch vc_row-o-equal-height vc_row-o-content-middle vc_row-flex\"><div class=\"wpb_column vc_column_container vc_col-sm-6\"><div class=\"vc_column-inner vc_custom_1490271565380\"><div class=\"wpb_wrapper\">\n\t<div  class=\"wpb_single_image wpb_content_element vc_align_center\">\n\t\t\n\t\t<figure class=\"wpb_wrapper vc_figure\">\n\t\t\t<div class=\"vc_single_image-wrapper   vc_box_border_grey\"><img decoding=\"async\" width=\"650\" height=\"434\" data-src=\"https:\/\/dessinemoiunsoulier.com\/wp-content\/uploads\/2025\/04\/mairie_couleurs_26.jpeg\" class=\"vc_single_image-img attachment-full lazyload\" alt=\"bridal shoes advice\" title=\"Wedding Draw me a shoe\" data-srcset=\"https:\/\/dessinemoiunsoulier.com\/wp-content\/uploads\/2025\/04\/mairie_couleurs_26.jpeg 650w, https:\/\/dessinemoiunsoulier.com\/wp-content\/uploads\/2025\/04\/mairie_couleurs_26-300x200.jpeg 300w\" data-sizes=\"(max-width: 650px) 100vw, 650px\"  data-dt-location=\"https:\/\/dessinemoiunsoulier.com\/en\/mariage\/carnet-de-mariees\/cathy\/mairie_couleurs_26\/\" src=\"data:image\/svg+xml;base64,PHN2ZyB3aWR0aD0iMSIgaGVpZ2h0PSIxIiB4bWxucz0iaHR0cDovL3d3dy53My5vcmcvMjAwMC9zdmciPjwvc3ZnPg==\" style=\"--smush-placeholder-width: 650px; --smush-placeholder-aspect-ratio: 650\/434;\" \/><\/div>\n\t\t<\/figure>\n\t<\/div>\n<\/div><\/div><\/div><div class=\"wpb_column vc_column_container vc_col-sm-6 vc_col-has-fill\"><div class=\"vc_column-inner vc_custom_1744720671165\"><div class=\"wpb_wrapper\"><h3 style=\"font-size: 60px;color: #000000;text-align: center;font-family:Montserrat;font-weight:400;font-style:normal\" class=\"vc_custom_heading vc_do_custom_heading\" >The meeting<\/h3>\n\t<div class=\"wpb_text_column wpb_content_element\" >\n\t\t<div class=\"wpb_wrapper\">\n\t\t\t<p style=\"text-align: center;\"><strong>\"\u00a0<\/strong>We met more than 13 years ago, in high school. I got a lovely proposal for our 10th anniversary, and it was the perfect way to make our love real.\"<\/p>\n<p style=\"text-align: center;\"><strong>\"\u00a0<\/strong>It's not one particular memory that has marked me, because there are many, it's more a feeling. The day of the wedding we had an overflow of love from all our loved ones, it was overwhelming! The heart overflows with feeling on the big day! I didn't sleep a wink for several nights after the wedding, just long enough to get over it, me being very sensitive, I was particularly touched!\"<\/p>\n\n\t\t<\/div>\n\t<\/div>\n<\/div><\/div><\/div><\/div><div class=\"vc_row-full-width vc_clearfix\"><\/div><div class=\"vc_row wpb_row vc_row-fluid vc_row-o-equal-height vc_row-o-content-middle vc_row-flex\"><div class=\"wpb_column vc_column_container vc_col-sm-6\"><div class=\"vc_column-inner\"><div class=\"wpb_wrapper\">\n\t<div class=\"wpb_text_column wpb_content_element\" >\n\t\t<div class=\"wpb_wrapper\">\n\t\t\t<h3 class=\"title\" style=\"text-align: center;\">Location and inspiration:<\/h3>\n<p style=\"text-align: center;\"><strong>\"\u00a0<\/strong>We wanted to hold our wedding in a pretty barn in the V\u00e9xin region, for a natural, country atmosphere. The dominant colors of our wedding were pastel tones, for a powdery, springtime ambiance.\"<\/p>\n<p style=\"text-align: center;\">\"To begin with, I was very lucky: my husband gave me carte blanche for the decoration, even if he did validate my choices ;). I already had a very precise idea of what I wanted, but for an extra helping hand I got a lot of help from\u00a0<strong>Pinterest<\/strong>\u00a0which for me is a \"Bible\" of trends and good ideas! I got a lot of inspiration from this site, and then adapted it to suit us at 200%.<\/p>\n<p style=\"text-align: center;\">Then there are lots of cool sites on the net, such as Etsy,\u00a0<a href=\"http:\/\/decorerlebonheur.com\/\">decorerlebonheur.com<\/a>,\u00a0<a href=\"http:\/\/lesbricolesdenolou.com\/\">lesbricolesdenolou.com<\/a>Ik\u00e9a and so on.\"<\/p>\n\n\t\t<\/div>\n\t<\/div>\n<\/div><\/div><\/div><div class=\"wpb_column vc_column_container vc_col-sm-6\"><div class=\"vc_column-inner\"><div class=\"wpb_wrapper\">\n\t<div  class=\"wpb_single_image wpb_content_element vc_align_right\">\n\t\t\n\t\t<figure class=\"wpb_wrapper vc_figure\">\n\t\t\t<div class=\"vc_single_image-wrapper   vc_box_border_grey\"><img decoding=\"async\" width=\"650\" height=\"434\" data-src=\"https:\/\/dessinemoiunsoulier.com\/wp-content\/uploads\/2025\/04\/cathy_4.jpeg\" class=\"vc_single_image-img attachment-full lazyload\" alt=\"bridal shoes advice\" title=\"Wedding Draw me a shoe\" data-srcset=\"https:\/\/dessinemoiunsoulier.com\/wp-content\/uploads\/2025\/04\/cathy_4.jpeg 650w, https:\/\/dessinemoiunsoulier.com\/wp-content\/uploads\/2025\/04\/cathy_4-300x200.jpeg 300w\" data-sizes=\"(max-width: 650px) 100vw, 650px\"  data-dt-location=\"https:\/\/dessinemoiunsoulier.com\/en\/mariage\/carnet-de-mariees\/cathy\/cathy_4\/\" src=\"data:image\/svg+xml;base64,PHN2ZyB3aWR0aD0iMSIgaGVpZ2h0PSIxIiB4bWxucz0iaHR0cDovL3d3dy53My5vcmcvMjAwMC9zdmciPjwvc3ZnPg==\" style=\"--smush-placeholder-width: 650px; --smush-placeholder-aspect-ratio: 650\/434;\" \/><\/div>\n\t\t<\/figure>\n\t<\/div>\n<\/div><\/div><\/div><\/div><div class=\"vc_row wpb_row vc_row-fluid vc_row-o-equal-height vc_row-o-content-middle vc_row-flex\"><div class=\"wpb_column vc_column_container vc_col-sm-6\"><div class=\"vc_column-inner\"><div class=\"wpb_wrapper\">\n\t<div  class=\"wpb_single_image wpb_content_element vc_align_left\">\n\t\t\n\t\t<figure class=\"wpb_wrapper vc_figure\">\n\t\t\t<div class=\"vc_single_image-wrapper   vc_box_border_grey\"><img decoding=\"async\" width=\"500\" height=\"500\" data-src=\"https:\/\/dessinemoiunsoulier.com\/wp-content\/uploads\/2025\/04\/chaussures_cathy_1.jpeg\" class=\"vc_single_image-img attachment-full lazyload\" alt=\"bridal shoes advice\" title=\"Wedding Draw me a shoe\" data-srcset=\"https:\/\/dessinemoiunsoulier.com\/wp-content\/uploads\/2025\/04\/chaussures_cathy_1.jpeg 500w, https:\/\/dessinemoiunsoulier.com\/wp-content\/uploads\/2025\/04\/chaussures_cathy_1-200x200.jpeg 200w, https:\/\/dessinemoiunsoulier.com\/wp-content\/uploads\/2025\/04\/chaussures_cathy_1-300x300.jpeg 300w, https:\/\/dessinemoiunsoulier.com\/wp-content\/uploads\/2025\/04\/chaussures_cathy_1-150x150.jpeg 150w\" data-sizes=\"(max-width: 500px) 100vw, 500px\"  data-dt-location=\"https:\/\/dessinemoiunsoulier.com\/en\/mariage\/carnet-de-mariees\/cathy\/chaussures_cathy_1\/\" src=\"data:image\/svg+xml;base64,PHN2ZyB3aWR0aD0iMSIgaGVpZ2h0PSIxIiB4bWxucz0iaHR0cDovL3d3dy53My5vcmcvMjAwMC9zdmciPjwvc3ZnPg==\" style=\"--smush-placeholder-width: 500px; --smush-placeholder-aspect-ratio: 500\/500;\" \/><\/div>\n\t\t<\/figure>\n\t<\/div>\n<\/div><\/div><\/div><div class=\"wpb_column vc_column_container vc_col-sm-6\"><div class=\"vc_column-inner\"><div class=\"wpb_wrapper\">\n\t<div class=\"wpb_text_column wpb_content_element\" >\n\t\t<div class=\"wpb_wrapper\">\n\t\t\t<h3 class=\"title\" style=\"text-align: center;\">Shoe design:<\/h3>\n<p class=\"text-align-center\" style=\"text-align: center;\"><em><strong>\"\u00a0<\/strong><\/em>As for me, I went straight to the showroom, as I'm from the Paris region, it was easy to get around and I really wanted to get in touch with an advisor.<\/p>\n<p class=\"text-align-center\" style=\"text-align: center;\">I already had a very precise idea of the model I had in mind, a platform shoe (I'm short, so to try and have a few extra centimeters was perfect), powder pink color with a little gold... The creation was quite quick, especially as I had already tried several creations online. Unfortunately, I can't remember the name of the girl who gave me the advice, but I remember being made to feel very welcome, the person was patient and gave me good advice. The consultant really reassured me on this point and advised me to wear my shoes at home, just to get my feet used to them and to familiarize myself with the height of the heel. I wore my shoes for 1 or 2 hours at home every day 6 months before the wedding, and on the big day I felt like a pair of slippers!<\/p>\n<p class=\"text-align-center\" style=\"text-align: center;\">To all those who can, I advise them to come and visit the showroom at least once - it's a shoe paradise and well worth a visit!<\/p>\n\n\t\t<\/div>\n\t<\/div>\n<\/div><\/div><\/div><\/div><div class=\"vc_row wpb_row vc_row-fluid dt-default\" style=\"margin-top: 0px;margin-bottom: 0px\"><div class=\"wpb_column vc_column_container vc_col-sm-12\"><div class=\"vc_column-inner\"><div class=\"wpb_wrapper\">\n\t<div  class=\"wpb_single_image wpb_content_element vc_align_center\">\n\t\t\n\t\t<figure class=\"wpb_wrapper vc_figure\">\n\t\t\t<div class=\"vc_single_image-wrapper   vc_box_border_grey\"><img decoding=\"async\" width=\"1024\" height=\"683\" data-src=\"https:\/\/dessinemoiunsoulier.com\/wp-content\/uploads\/2025\/04\/prepa_mariee_couleurs_115.jpeg\" class=\"vc_single_image-img attachment-full lazyload\" alt=\"bridal shoes advice\" title=\"Wedding Draw me a shoe\" data-srcset=\"https:\/\/dessinemoiunsoulier.com\/wp-content\/uploads\/2025\/04\/prepa_mariee_couleurs_115.jpeg 1024w, https:\/\/dessinemoiunsoulier.com\/wp-content\/uploads\/2025\/04\/prepa_mariee_couleurs_115-819x546.jpeg 819w, https:\/\/dessinemoiunsoulier.com\/wp-content\/uploads\/2025\/04\/prepa_mariee_couleurs_115-300x200.jpeg 300w, https:\/\/dessinemoiunsoulier.com\/wp-content\/uploads\/2025\/04\/prepa_mariee_couleurs_115-768x512.jpeg 768w\" data-sizes=\"(max-width: 1024px) 100vw, 1024px\"  data-dt-location=\"https:\/\/dessinemoiunsoulier.com\/en\/mariage\/carnet-de-mariees\/cathy\/prepa_mariee_couleurs_115\/\" src=\"data:image\/svg+xml;base64,PHN2ZyB3aWR0aD0iMSIgaGVpZ2h0PSIxIiB4bWxucz0iaHR0cDovL3d3dy53My5vcmcvMjAwMC9zdmciPjwvc3ZnPg==\" style=\"--smush-placeholder-width: 1024px; --smush-placeholder-aspect-ratio: 1024\/683;\" \/><\/div>\n\t\t<\/figure>\n\t<\/div>\n<\/div><\/div><\/div><\/div><div class=\"vc_row wpb_row vc_row-fluid vc_row-o-equal-height vc_row-o-content-middle vc_row-flex\"><div class=\"wpb_column vc_column_container vc_col-sm-6\"><div class=\"vc_column-inner\"><div class=\"wpb_wrapper\">\n\t<div  class=\"wpb_single_image wpb_content_element vc_align_left\">\n\t\t\n\t\t<figure class=\"wpb_wrapper vc_figure\">\n\t\t\t<div class=\"vc_single_image-wrapper   vc_box_border_grey\"><img decoding=\"async\" width=\"1024\" height=\"683\" data-src=\"https:\/\/dessinemoiunsoulier.com\/wp-content\/uploads\/2025\/04\/photos_des_maries_couleurs_25_0.jpeg\" class=\"vc_single_image-img attachment-full lazyload\" alt=\"bridal shoes advice\" title=\"Wedding Draw me a shoe\" data-srcset=\"https:\/\/dessinemoiunsoulier.com\/wp-content\/uploads\/2025\/04\/photos_des_maries_couleurs_25_0.jpeg 1024w, https:\/\/dessinemoiunsoulier.com\/wp-content\/uploads\/2025\/04\/photos_des_maries_couleurs_25_0-819x546.jpeg 819w, https:\/\/dessinemoiunsoulier.com\/wp-content\/uploads\/2025\/04\/photos_des_maries_couleurs_25_0-300x200.jpeg 300w, https:\/\/dessinemoiunsoulier.com\/wp-content\/uploads\/2025\/04\/photos_des_maries_couleurs_25_0-768x512.jpeg 768w\" data-sizes=\"(max-width: 1024px) 100vw, 1024px\"  data-dt-location=\"https:\/\/dessinemoiunsoulier.com\/en\/mariage\/carnet-de-mariees\/cathy\/photos_des_maries_couleurs_25_0\/\" src=\"data:image\/svg+xml;base64,PHN2ZyB3aWR0aD0iMSIgaGVpZ2h0PSIxIiB4bWxucz0iaHR0cDovL3d3dy53My5vcmcvMjAwMC9zdmciPjwvc3ZnPg==\" style=\"--smush-placeholder-width: 1024px; --smush-placeholder-aspect-ratio: 1024\/683;\" \/><\/div>\n\t\t<\/figure>\n\t<\/div>\n<\/div><\/div><\/div><div class=\"wpb_column vc_column_container vc_col-sm-6\"><div class=\"vc_column-inner\"><div class=\"wpb_wrapper\">\n\t<div class=\"wpb_text_column wpb_content_element\" >\n\t\t<div class=\"wpb_wrapper\">\n\t\t\t<h3 class=\"title\" style=\"text-align: center;\">Cathy's advice<\/h3>\n<p class=\"text-align-center\" style=\"text-align: center;\">I did all the decorating myself, so I planned a year and a half in advance. For those of you like me, I'd advise you to spread out the workload a little so as not to find yourself overwhelmed 3 months before the wedding. Then you have to delegate. I had a hard time doing this because I really like to \"control everything\", but it's hard to keep on top of everything - between your professional life, your personal life and wedding preparations, you quickly become overwhelmed and stressed.<\/p>\n<p class=\"text-align-center\" style=\"text-align: center;\">Then take the time to choose your suppliers carefully. They're going to share this day with you, so you might as well be well surrounded! It's all a bit hit or miss. Take, for example, the photographer who's going to enter your intimate space. You're going to find yourself having to pose, even though it's not your job, so you need someone who's a good listener, patient and on the same wavelength as you!<\/p>\n\n\t\t<\/div>\n\t<\/div>\n<\/div><\/div><\/div><\/div><div class=\"vc_row wpb_row vc_row-fluid vc_row-o-equal-height vc_row-o-content-middle vc_row-flex\"><div class=\"wpb_column vc_column_container vc_col-sm-6 vc_col-has-fill\"><div class=\"vc_column-inner vc_custom_1744720775930\"><div class=\"wpb_wrapper\">\n\t<div class=\"wpb_text_column wpb_content_element\" >\n\t\t<div class=\"wpb_wrapper\">\n\t\t\t<h3 class=\"title\" style=\"text-align: center;\">Her favorite service providers:<\/h3>\n<p class=\"text-align-center\" style=\"text-align: center;\">\"First of all, I'd like to highlight my photographer, Aur\u00e9lia Cordiez, who has done an exceptional job:\u00a0<a href=\"http:\/\/mesplusbeauxsouvenirs.com\/\">mesplusbeauxsouvenirs.com<\/a>. She's a little lady with great sensitivity and creativity! We wanted lively, modern photos, and she met our expectations perfectly.<\/p>\n<p class=\"text-align-center\" style=\"text-align: center;\">Then there's our videographer, Alexis, who made a sumptuous video of our big day:\u00a0<a href=\"http:\/\/pepe-mariage.com\/\">pepe-mariage.com<\/a>. He blended into the crowd, went unnoticed on the big day and yet was always at our side to film the most beautiful moments. He was patient, a good listener and met our expectations perfectly!<\/p>\n<p class=\"text-align-center\" style=\"text-align: center;\">Last but not least, our wedding venue, the Grange des Aulnaies in the Vexin. Catherine, the owner, is an exceptional person, who worked with us for 1 year to prepare the wedding. She owns a magnificent venue and is a very friendly person!\"<\/p>\n\n\t\t<\/div>\n\t<\/div>\n<\/div><\/div><\/div><div class=\"wpb_column vc_column_container vc_col-sm-6 vc_col-has-fill\"><div class=\"vc_column-inner vc_custom_1744720799818\"><div class=\"wpb_wrapper\">\n\t<div  class=\"wpb_single_image wpb_content_element vc_align_right\">\n\t\t\n\t\t<figure class=\"wpb_wrapper vc_figure\">\n\t\t\t<div class=\"vc_single_image-wrapper   vc_box_border_grey\"><img decoding=\"async\" width=\"500\" height=\"500\" data-src=\"https:\/\/dessinemoiunsoulier.com\/wp-content\/uploads\/2025\/04\/cathy_1_1.jpeg\" class=\"vc_single_image-img attachment-full lazyload\" alt=\"Bridal shoes opinion\" title=\"Wedding Draw me a shoe\" data-srcset=\"https:\/\/dessinemoiunsoulier.com\/wp-content\/uploads\/2025\/04\/cathy_1_1.jpeg 500w, https:\/\/dessinemoiunsoulier.com\/wp-content\/uploads\/2025\/04\/cathy_1_1-200x200.jpeg 200w, https:\/\/dessinemoiunsoulier.com\/wp-content\/uploads\/2025\/04\/cathy_1_1-300x300.jpeg 300w, https:\/\/dessinemoiunsoulier.com\/wp-content\/uploads\/2025\/04\/cathy_1_1-150x150.jpeg 150w\" data-sizes=\"(max-width: 500px) 100vw, 500px\"  data-dt-location=\"https:\/\/dessinemoiunsoulier.com\/en\/mariage\/carnet-de-mariees\/cathy\/cathy_1_1\/\" src=\"data:image\/svg+xml;base64,PHN2ZyB3aWR0aD0iMSIgaGVpZ2h0PSIxIiB4bWxucz0iaHR0cDovL3d3dy53My5vcmcvMjAwMC9zdmciPjwvc3ZnPg==\" style=\"--smush-placeholder-width: 500px; --smush-placeholder-aspect-ratio: 500\/500;\" \/><\/div>\n\t\t<\/figure>\n\t<\/div>\n<\/div><\/div><\/div><\/div>\n<\/div>","protected":false},"excerpt":{"rendered":"<p>Notre p\u00e9tillante mari\u00e9e Cathy nous raconte l&rsquo;histoire de son Joli jour&#8230; Cr\u00e9dit photo: Aur\u00e9lia Cordiez. La rencontre \u00ab\u00a0La rencontre a\u00a0eu lieu il y a maintenant plus de 13 ans, sur les bancs du lyc\u00e9e. J&rsquo;ai eu droit \u00e0 une jolie demande en mariage pour nos 10 ans, c&rsquo;\u00e9tait une belle fa\u00e7on de concr\u00e9tiser notre amour.\u00a0\u00bb&hellip;<\/p>","protected":false},"author":2,"featured_media":0,"parent":57153,"menu_order":0,"comment_status":"closed","ping_status":"closed","template":"","meta":{"footnotes":""},"class_list":["post-58414","page","type-page","status-publish","hentry","description-off"],"yoast_head":"<!-- This site is optimized with the Yoast SEO Premium plugin v22.1 (Yoast SEO v27.2) - https:\/\/yoast.com\/product\/yoast-seo-premium-wordpress\/ -->\n<title>CATHY | Dessine-moi un soulier<\/title>\n<meta name=\"description\" content=\"D\u00e9couvrez l&#039;avis cliente de Cathy, qui s&#039;est mari\u00e9e avec les chaussures Dessine-moi un soulier. Retrouvez son reportage de Jour J.\" \/>\n<meta name=\"robots\" content=\"index, follow, max-snippet:-1, max-image-preview:large, max-video-preview:-1\" \/>\n<link rel=\"canonical\" href=\"https:\/\/dessinemoiunsoulier.com\/en\/wedding\/carnet-de-mariees\/cathy\/\" \/>\n<meta property=\"og:locale\" content=\"en_US\" \/>\n<meta property=\"og:type\" content=\"article\" \/>\n<meta property=\"og:title\" content=\"CATHY\" \/>\n<meta property=\"og:description\" content=\"D\u00e9couvrez l&#039;avis cliente de Cathy, qui s&#039;est mari\u00e9e avec les chaussures Dessine-moi un soulier. Retrouvez son reportage de Jour J.\" \/>\n<meta property=\"og:url\" content=\"https:\/\/dessinemoiunsoulier.com\/en\/wedding\/carnet-de-mariees\/cathy\/\" \/>\n<meta property=\"og:site_name\" content=\"Dessine-moi un soulier\" \/>\n<meta property=\"article:publisher\" content=\"https:\/\/www.facebook.com\/dessinemoiunsoulier\/\" \/>\n<meta property=\"article:modified_time\" content=\"2025-04-18T14:28:39+00:00\" \/>\n<meta name=\"twitter:card\" content=\"summary_large_image\" \/>\n<meta name=\"twitter:label1\" content=\"Est. reading time\" \/>\n\t<meta name=\"twitter:data1\" content=\"7 minutes\" \/>\n<script type=\"application\/ld+json\" class=\"yoast-schema-graph\">{\"@context\":\"https:\/\/schema.org\",\"@graph\":[{\"@type\":\"WebPage\",\"@id\":\"https:\/\/dessinemoiunsoulier.com\/mariage\/carnet-de-mariees\/cathy\/\",\"url\":\"https:\/\/dessinemoiunsoulier.com\/mariage\/carnet-de-mariees\/cathy\/\",\"name\":\"CATHY | Dessine-moi un soulier\",\"isPartOf\":{\"@id\":\"https:\/\/dessinemoiunsoulier.com\/#website\"},\"datePublished\":\"2025-04-16T14:38:43+00:00\",\"dateModified\":\"2025-04-18T14:28:39+00:00\",\"description\":\"D\u00e9couvrez l'avis cliente de Cathy, qui s'est mari\u00e9e avec les chaussures Dessine-moi un soulier. Retrouvez son reportage de Jour J.\",\"breadcrumb\":{\"@id\":\"https:\/\/dessinemoiunsoulier.com\/mariage\/carnet-de-mariees\/cathy\/#breadcrumb\"},\"inLanguage\":\"en-US\",\"potentialAction\":[{\"@type\":\"ReadAction\",\"target\":[\"https:\/\/dessinemoiunsoulier.com\/mariage\/carnet-de-mariees\/cathy\/\"]}]},{\"@type\":\"BreadcrumbList\",\"@id\":\"https:\/\/dessinemoiunsoulier.com\/mariage\/carnet-de-mariees\/cathy\/#breadcrumb\",\"itemListElement\":[{\"@type\":\"ListItem\",\"position\":1,\"name\":\"Accueil\",\"item\":\"https:\/\/dessinemoiunsoulier.com\/\"},{\"@type\":\"ListItem\",\"position\":2,\"name\":\"Choisir ses chaussures de mariage\",\"item\":\"https:\/\/dessinemoiunsoulier.com\/mariage\/\"},{\"@type\":\"ListItem\",\"position\":3,\"name\":\"CARNET DE MARI\u00c9ES\",\"item\":\"https:\/\/dessinemoiunsoulier.com\/mariage\/carnet-de-mariees\/\"},{\"@type\":\"ListItem\",\"position\":4,\"name\":\"CATHY\"}]},{\"@type\":\"WebSite\",\"@id\":\"https:\/\/dessinemoiunsoulier.com\/#website\",\"url\":\"https:\/\/dessinemoiunsoulier.com\/\",\"name\":\"Dessine-moi un soulier\",\"description\":\"Dessine-moi un soulier : chaussures personnalis\u00e9es\",\"publisher\":{\"@id\":\"https:\/\/dessinemoiunsoulier.com\/#organization\"},\"potentialAction\":[{\"@type\":\"SearchAction\",\"target\":{\"@type\":\"EntryPoint\",\"urlTemplate\":\"https:\/\/dessinemoiunsoulier.com\/?s={search_term_string}\"},\"query-input\":{\"@type\":\"PropertyValueSpecification\",\"valueRequired\":true,\"valueName\":\"search_term_string\"}}],\"inLanguage\":\"en-US\"},{\"@type\":\"Organization\",\"@id\":\"https:\/\/dessinemoiunsoulier.com\/#organization\",\"name\":\"Dessine-moi un soulier\",\"url\":\"https:\/\/dessinemoiunsoulier.com\/\",\"logo\":{\"@type\":\"ImageObject\",\"inLanguage\":\"en-US\",\"@id\":\"https:\/\/dessinemoiunsoulier.com\/#\/schema\/logo\/image\/\",\"url\":\"https:\/\/dessinemoiunsoulier.com\/wp-content\/uploads\/2025\/07\/Logo-Dessine-moi-un-soulier-GROS-CADRE.png\",\"contentUrl\":\"https:\/\/dessinemoiunsoulier.com\/wp-content\/uploads\/2025\/07\/Logo-Dessine-moi-un-soulier-GROS-CADRE.png\",\"width\":709,\"height\":142,\"caption\":\"Dessine-moi un soulier\"},\"image\":{\"@id\":\"https:\/\/dessinemoiunsoulier.com\/#\/schema\/logo\/image\/\"},\"sameAs\":[\"https:\/\/www.facebook.com\/dessinemoiunsoulier\/\",\"https:\/\/www.instagram.com\/dessinemoiunsoulier\/\",\"https:\/\/fr.pinterest.com\/dessinemoiunsoulier\/\"]}]}<\/script>\n<!-- \/ Yoast SEO Premium plugin. -->","yoast_head_json":{"title":"CATHY | Draw me a shoe","description":"Read the customer opinion of Cathy, who got married with Dessine-moi un soulier shoes. Read her D-Day report.","robots":{"index":"index","follow":"follow","max-snippet":"max-snippet:-1","max-image-preview":"max-image-preview:large","max-video-preview":"max-video-preview:-1"},"canonical":"https:\/\/dessinemoiunsoulier.com\/en\/wedding\/carnet-de-mariees\/cathy\/","og_locale":"en_US","og_type":"article","og_title":"CATHY","og_description":"D\u00e9couvrez l'avis cliente de Cathy, qui s'est mari\u00e9e avec les chaussures Dessine-moi un soulier. Retrouvez son reportage de Jour J.","og_url":"https:\/\/dessinemoiunsoulier.com\/en\/wedding\/carnet-de-mariees\/cathy\/","og_site_name":"Dessine-moi un soulier","article_publisher":"https:\/\/www.facebook.com\/dessinemoiunsoulier\/","article_modified_time":"2025-04-18T14:28:39+00:00","twitter_card":"summary_large_image","twitter_misc":{"Est. reading time":"7 minutes"},"schema":{"@context":"https:\/\/schema.org","@graph":[{"@type":"WebPage","@id":"https:\/\/dessinemoiunsoulier.com\/mariage\/carnet-de-mariees\/cathy\/","url":"https:\/\/dessinemoiunsoulier.com\/mariage\/carnet-de-mariees\/cathy\/","name":"CATHY | Draw me a shoe","isPartOf":{"@id":"https:\/\/dessinemoiunsoulier.com\/#website"},"datePublished":"2025-04-16T14:38:43+00:00","dateModified":"2025-04-18T14:28:39+00:00","description":"Read the customer opinion of Cathy, who got married with Dessine-moi un soulier shoes. Read her D-Day report.","breadcrumb":{"@id":"https:\/\/dessinemoiunsoulier.com\/mariage\/carnet-de-mariees\/cathy\/#breadcrumb"},"inLanguage":"en-US","potentialAction":[{"@type":"ReadAction","target":["https:\/\/dessinemoiunsoulier.com\/mariage\/carnet-de-mariees\/cathy\/"]}]},{"@type":"BreadcrumbList","@id":"https:\/\/dessinemoiunsoulier.com\/mariage\/carnet-de-mariees\/cathy\/#breadcrumb","itemListElement":[{"@type":"ListItem","position":1,"name":"Accueil","item":"https:\/\/dessinemoiunsoulier.com\/"},{"@type":"ListItem","position":2,"name":"Choisir ses chaussures de mariage","item":"https:\/\/dessinemoiunsoulier.com\/mariage\/"},{"@type":"ListItem","position":3,"name":"CARNET DE MARI\u00c9ES","item":"https:\/\/dessinemoiunsoulier.com\/mariage\/carnet-de-mariees\/"},{"@type":"ListItem","position":4,"name":"CATHY"}]},{"@type":"WebSite","@id":"https:\/\/dessinemoiunsoulier.com\/#website","url":"https:\/\/dessinemoiunsoulier.com\/","name":"Dessine-moi un soulier","description":"Draw me a shoe: personalized shoes","publisher":{"@id":"https:\/\/dessinemoiunsoulier.com\/#organization"},"potentialAction":[{"@type":"SearchAction","target":{"@type":"EntryPoint","urlTemplate":"https:\/\/dessinemoiunsoulier.com\/?s={search_term_string}"},"query-input":{"@type":"PropertyValueSpecification","valueRequired":true,"valueName":"search_term_string"}}],"inLanguage":"en-US"},{"@type":"Organization","@id":"https:\/\/dessinemoiunsoulier.com\/#organization","name":"Dessine-moi un soulier","url":"https:\/\/dessinemoiunsoulier.com\/","logo":{"@type":"ImageObject","inLanguage":"en-US","@id":"https:\/\/dessinemoiunsoulier.com\/#\/schema\/logo\/image\/","url":"https:\/\/dessinemoiunsoulier.com\/wp-content\/uploads\/2025\/07\/Logo-Dessine-moi-un-soulier-GROS-CADRE.png","contentUrl":"https:\/\/dessinemoiunsoulier.com\/wp-content\/uploads\/2025\/07\/Logo-Dessine-moi-un-soulier-GROS-CADRE.png","width":709,"height":142,"caption":"Dessine-moi un soulier"},"image":{"@id":"https:\/\/dessinemoiunsoulier.com\/#\/schema\/logo\/image\/"},"sameAs":["https:\/\/www.facebook.com\/dessinemoiunsoulier\/","https:\/\/www.instagram.com\/dessinemoiunsoulier\/","https:\/\/fr.pinterest.com\/dessinemoiunsoulier\/"]}]}},"_links":{"self":[{"href":"https:\/\/dessinemoiunsoulier.com\/en\/wp-json\/wp\/v2\/pages\/58414","targetHints":{"allow":["GET"]}}],"collection":[{"href":"https:\/\/dessinemoiunsoulier.com\/en\/wp-json\/wp\/v2\/pages"}],"about":[{"href":"https:\/\/dessinemoiunsoulier.com\/en\/wp-json\/wp\/v2\/types\/page"}],"author":[{"embeddable":true,"href":"https:\/\/dessinemoiunsoulier.com\/en\/wp-json\/wp\/v2\/users\/2"}],"replies":[{"embeddable":true,"href":"https:\/\/dessinemoiunsoulier.com\/en\/wp-json\/wp\/v2\/comments?post=58414"}],"version-history":[{"count":2,"href":"https:\/\/dessinemoiunsoulier.com\/en\/wp-json\/wp\/v2\/pages\/58414\/revisions"}],"predecessor-version":[{"id":67391,"href":"https:\/\/dessinemoiunsoulier.com\/en\/wp-json\/wp\/v2\/pages\/58414\/revisions\/67391"}],"up":[{"embeddable":true,"href":"https:\/\/dessinemoiunsoulier.com\/en\/wp-json\/wp\/v2\/pages\/57153"}],"wp:attachment":[{"href":"https:\/\/dessinemoiunsoulier.com\/en\/wp-json\/wp\/v2\/media?parent=58414"}],"curies":[{"name":"wp","href":"https:\/\/api.w.org\/{rel}","templated":true}]}}