{"id":57890,"date":"2025-04-15T12:36:12","date_gmt":"2025-04-15T12:36:12","guid":{"rendered":"https:\/\/dessinemoiunsoulier.com\/?page_id=57890"},"modified":"2025-04-18T14:34:23","modified_gmt":"2025-04-18T14:34:23","slug":"coraline","status":"publish","type":"page","link":"https:\/\/dessinemoiunsoulier.com\/en\/mariage\/carnet-de-mariees\/coraline\/","title":{"rendered":"CORALINE"},"content":{"rendered":"<div class=\"wpb-content-wrapper\"><div class=\"vc_row wpb_row vc_row-fluid dt-default\" style=\"margin-top: 0px;margin-bottom: 0px\"><div class=\"wpb_column vc_column_container vc_col-sm-12\"><div class=\"vc_column-inner\"><div class=\"wpb_wrapper\">\n\t<div class=\"wpb_text_column wpb_content_element\" >\n\t\t<div class=\"wpb_wrapper\">\n\t\t\t<div id=\"block-views-block-node-node-subtitle\" class=\"views-element-container\">\n<div>\n<div class=\"js-view-dom-id-895410d1028acbe7125c56d70ca47a8ca474dbcef091ce3b0fc84a00152f9917\">\n<div class=\"views-row\">\n<div class=\"views-field views-field-field-node-subtitle\">\n<div class=\"field-content\">\n<p style=\"text-align: center;\">Meet Coraline and her boyfriend, who said yes after 9 years together. Her choice of DMUS pumps was an obvious choice after testing the concept with her bootie! She prioritized comfort to keep her beautiful shoes on all day and night, so will you follow her advice? \ud83d\ude09<\/p>\n<h5 style=\"text-align: center;\">Credit :\u00a0<a href=\"https:\/\/www.jim-winter.com\/\">Jim Winter<\/a><\/h5>\n<\/div>\n<\/div>\n<\/div>\n<\/div>\n<\/div>\n<\/div>\n\n\t\t<\/div>\n\t<\/div>\n<\/div><\/div><\/div><\/div><div data-vc-full-width=\"true\" data-vc-full-width-temp=\"true\" data-vc-full-width-init=\"false\" class=\"vc_row wpb_row vc_row-fluid vc_custom_1744713358487 vc_row-has-fill vc_column-gap-35 vc_row-o-full-height vc_row-o-columns-stretch vc_row-o-equal-height vc_row-o-content-middle vc_row-flex\"><div class=\"wpb_column vc_column_container vc_col-sm-6\"><div class=\"vc_column-inner vc_custom_1490271565380\"><div class=\"wpb_wrapper\">\n\t<div  class=\"wpb_single_image wpb_content_element vc_align_center\">\n\t\t\n\t\t<figure class=\"wpb_wrapper vc_figure\">\n\t\t\t<div class=\"vc_single_image-wrapper   vc_box_border_grey\"><img loading=\"lazy\" decoding=\"async\" width=\"650\" height=\"434\" src=\"https:\/\/dessinemoiunsoulier.com\/wp-content\/uploads\/2025\/04\/2-min_0.jpeg\" class=\"vc_single_image-img attachment-full\" alt=\"bridal shoes advice\" title=\"Wedding Draw me a shoe\" srcset=\"https:\/\/dessinemoiunsoulier.com\/wp-content\/uploads\/2025\/04\/2-min_0.jpeg 650w, https:\/\/dessinemoiunsoulier.com\/wp-content\/uploads\/2025\/04\/2-min_0-300x200.jpeg 300w\" sizes=\"auto, (max-width: 650px) 100vw, 650px\"  data-dt-location=\"https:\/\/dessinemoiunsoulier.com\/en\/mariage\/carnet-de-mariees\/coraline\/2-min_0\/\" \/><\/div>\n\t\t<\/figure>\n\t<\/div>\n<\/div><\/div><\/div><div class=\"wpb_column vc_column_container vc_col-sm-6 vc_col-has-fill\"><div class=\"vc_column-inner vc_custom_1744713370761\"><div class=\"wpb_wrapper\"><h3 style=\"font-size: 60px;color: #000000;text-align: center;font-family:Montserrat;font-weight:400;font-style:normal\" class=\"vc_custom_heading vc_do_custom_heading\" >The meeting<\/h3>\n\t<div class=\"wpb_text_column wpb_content_element\" >\n\t\t<div class=\"wpb_wrapper\">\n\t\t\t<h3 class=\"title\" style=\"text-align: center;\"><\/h3>\n<p style=\"text-align: center;\">After 9 and a half years together and a baby, my beloved decided to ask for my hand in marriage last summer, on Wednesday August 22. Taking advantage of our son's nap to take a dip in the pool, he brought us 2 beers and asked me if I wanted to become his wife, beer in hand and in the pool!<\/p>\n\n\t\t<\/div>\n\t<\/div>\n<\/div><\/div><\/div><\/div><div class=\"vc_row-full-width vc_clearfix\"><\/div><div class=\"vc_row wpb_row vc_row-fluid vc_row-o-equal-height vc_row-o-content-middle vc_row-flex\"><div class=\"wpb_column vc_column_container vc_col-sm-6\"><div class=\"vc_column-inner\"><div class=\"wpb_wrapper\">\n\t<div class=\"wpb_text_column wpb_content_element\" >\n\t\t<div class=\"wpb_wrapper\">\n\t\t\t<h3 class=\"title\" style=\"text-align: center;\">Most vivid memory:<\/h3>\n<p style=\"text-align: center;\">There were two really memorable moments on our wedding day: the secular ceremony, where all our nearest and dearest gave us moving testimonials, and the fireworks display we were lucky enough to have, which kicked off the evening.<\/p>\n\n\t\t<\/div>\n\t<\/div>\n<\/div><\/div><\/div><div class=\"wpb_column vc_column_container vc_col-sm-6\"><div class=\"vc_column-inner\"><div class=\"wpb_wrapper\">\n\t<div  class=\"wpb_single_image wpb_content_element vc_align_right\">\n\t\t\n\t\t<figure class=\"wpb_wrapper vc_figure\">\n\t\t\t<div class=\"vc_single_image-wrapper   vc_box_border_grey\"><img loading=\"lazy\" decoding=\"async\" width=\"500\" height=\"500\" src=\"https:\/\/dessinemoiunsoulier.com\/wp-content\/uploads\/2025\/04\/3-min.jpeg\" class=\"vc_single_image-img attachment-full\" alt=\"bridal shoes advice\" title=\"Wedding Draw me a shoe\" srcset=\"https:\/\/dessinemoiunsoulier.com\/wp-content\/uploads\/2025\/04\/3-min.jpeg 500w, https:\/\/dessinemoiunsoulier.com\/wp-content\/uploads\/2025\/04\/3-min-200x200.jpeg 200w, https:\/\/dessinemoiunsoulier.com\/wp-content\/uploads\/2025\/04\/3-min-300x300.jpeg 300w, https:\/\/dessinemoiunsoulier.com\/wp-content\/uploads\/2025\/04\/3-min-150x150.jpeg 150w\" sizes=\"auto, (max-width: 500px) 100vw, 500px\"  data-dt-location=\"https:\/\/dessinemoiunsoulier.com\/en\/mariage\/carnet-de-mariees\/coraline\/3-min\/\" \/><\/div>\n\t\t<\/figure>\n\t<\/div>\n<\/div><\/div><\/div><\/div><div class=\"vc_row wpb_row vc_row-fluid vc_row-o-equal-height vc_row-o-content-middle vc_row-flex\"><div class=\"wpb_column vc_column_container vc_col-sm-6\"><div class=\"vc_column-inner\"><div class=\"wpb_wrapper\">\n\t<div  class=\"wpb_single_image wpb_content_element vc_align_left\">\n\t\t\n\t\t<figure class=\"wpb_wrapper vc_figure\">\n\t\t\t<div class=\"vc_single_image-wrapper   vc_box_border_grey\"><img loading=\"lazy\" decoding=\"async\" width=\"650\" height=\"434\" src=\"https:\/\/dessinemoiunsoulier.com\/wp-content\/uploads\/2025\/04\/4-min-min.jpeg\" class=\"vc_single_image-img attachment-full\" alt=\"bridal shoes advice\" title=\"Wedding Draw me a shoe\" srcset=\"https:\/\/dessinemoiunsoulier.com\/wp-content\/uploads\/2025\/04\/4-min-min.jpeg 650w, https:\/\/dessinemoiunsoulier.com\/wp-content\/uploads\/2025\/04\/4-min-min-300x200.jpeg 300w\" sizes=\"auto, (max-width: 650px) 100vw, 650px\"  data-dt-location=\"https:\/\/dessinemoiunsoulier.com\/en\/mariage\/carnet-de-mariees\/coraline\/4-min-min\/\" \/><\/div>\n\t\t<\/figure>\n\t<\/div>\n<\/div><\/div><\/div><div class=\"wpb_column vc_column_container vc_col-sm-6\"><div class=\"vc_column-inner\"><div class=\"wpb_wrapper\">\n\t<div class=\"wpb_text_column wpb_content_element\" >\n\t\t<div class=\"wpb_wrapper\">\n\t\t\t<h3 class=\"title\" style=\"text-align: center;\">Location:<\/h3>\n<p style=\"text-align: center;\">We got married at La grange de Bourgoult in the Vexin, a former 13th-century Templar commandery surrounded by fields and greenery. We wanted a wedding that reflected our image: rustic and sophisticated, with a mix of humor and emotion.<\/p>\n\n\t\t<\/div>\n\t<\/div>\n<\/div><\/div><\/div><\/div><div class=\"vc_row wpb_row vc_row-fluid vc_row-o-equal-height vc_row-o-content-middle vc_row-flex\"><div class=\"wpb_column vc_column_container vc_col-sm-6\"><div class=\"vc_column-inner\"><div class=\"wpb_wrapper\">\n\t<div class=\"wpb_text_column wpb_content_element\" >\n\t\t<div class=\"wpb_wrapper\">\n\t\t\t<h3 class=\"title\" style=\"text-align: center;\">Inspiration:<\/h3>\n<p style=\"text-align: center;\">We used Pinsterest and Amazon, not very original! Pinterest for decorating inspiration and Amazon to buy as cheaply as possible. We tried to do as much DIY as possible. There were lots of flowers in our decor, so naturally we trusted a local florist (Mimosa) who is used to decorating the place.<\/p>\n<p style=\"text-align: center;\">For my witnesses' outfits, I went through\u00a0<a href=\"https:\/\/lespetitesjupesdeprune.com\/collections\/les-mariees-de-prune-1\">Prune's brides<\/a>They were all wearing pleated skirts and white tops.<\/p>\n\n\t\t<\/div>\n\t<\/div>\n<\/div><\/div><\/div><div class=\"wpb_column vc_column_container vc_col-sm-6\"><div class=\"vc_column-inner\"><div class=\"wpb_wrapper\">\n\t<div  class=\"wpb_single_image wpb_content_element vc_align_right\">\n\t\t\n\t\t<figure class=\"wpb_wrapper vc_figure\">\n\t\t\t<div class=\"vc_single_image-wrapper   vc_box_border_grey\"><img loading=\"lazy\" decoding=\"async\" width=\"650\" height=\"434\" src=\"https:\/\/dessinemoiunsoulier.com\/wp-content\/uploads\/2025\/04\/7-min.jpeg\" class=\"vc_single_image-img attachment-full\" alt=\"bridal shoes advice\" title=\"Wedding Draw me a shoe\" srcset=\"https:\/\/dessinemoiunsoulier.com\/wp-content\/uploads\/2025\/04\/7-min.jpeg 650w, https:\/\/dessinemoiunsoulier.com\/wp-content\/uploads\/2025\/04\/7-min-300x200.jpeg 300w\" sizes=\"auto, (max-width: 650px) 100vw, 650px\"  data-dt-location=\"https:\/\/dessinemoiunsoulier.com\/en\/mariage\/carnet-de-mariees\/coraline\/7-min\/\" \/><\/div>\n\t\t<\/figure>\n\t<\/div>\n<\/div><\/div><\/div><\/div><div class=\"vc_row wpb_row vc_row-fluid vc_row-o-equal-height vc_row-o-content-middle vc_row-flex\"><div class=\"wpb_column vc_column_container vc_col-sm-6\"><div class=\"vc_column-inner\"><div class=\"wpb_wrapper\">\n\t<div  class=\"wpb_single_image wpb_content_element vc_align_left\">\n\t\t\n\t\t<figure class=\"wpb_wrapper vc_figure\">\n\t\t\t<div class=\"vc_single_image-wrapper   vc_box_border_grey\"><img loading=\"lazy\" decoding=\"async\" width=\"650\" height=\"434\" src=\"https:\/\/dessinemoiunsoulier.com\/wp-content\/uploads\/2025\/04\/8-min.jpeg\" class=\"vc_single_image-img attachment-full\" alt=\"bridal shoes advice\" title=\"Wedding Draw me a shoe\" srcset=\"https:\/\/dessinemoiunsoulier.com\/wp-content\/uploads\/2025\/04\/8-min.jpeg 650w, https:\/\/dessinemoiunsoulier.com\/wp-content\/uploads\/2025\/04\/8-min-300x200.jpeg 300w\" sizes=\"auto, (max-width: 650px) 100vw, 650px\"  data-dt-location=\"https:\/\/dessinemoiunsoulier.com\/en\/mariage\/carnet-de-mariees\/coraline\/8-min\/\" \/><\/div>\n\t\t<\/figure>\n\t<\/div>\n<\/div><\/div><\/div><div class=\"wpb_column vc_column_container vc_col-sm-6\"><div class=\"vc_column-inner\"><div class=\"wpb_wrapper\">\n\t<div class=\"wpb_text_column wpb_content_element\" >\n\t\t<div class=\"wpb_wrapper\">\n\t\t\t<h3 class=\"title\" style=\"text-align: center;\">Shoe design:<\/h3>\n<p style=\"text-align: center;\">The choice was obvious! I went directly to the website to create my shoes. I've known DMUS for several years and I already have a pair of boots!<\/p>\n<p style=\"text-align: center;\">My advice: don't wear too high a heel to avoid foot pain, and opt for a square heel to keep your feet stable and enjoy the night! As for the rest, ENJOY YOURSELF! You only get married once, so don't have any regrets!<\/p>\n\n\t\t<\/div>\n\t<\/div>\n<\/div><\/div><\/div><\/div><div class=\"vc_row wpb_row vc_row-fluid vc_row-o-equal-height vc_row-o-content-middle vc_row-flex\"><div class=\"wpb_column vc_column_container vc_col-sm-6\"><div class=\"vc_column-inner\"><div class=\"wpb_wrapper\">\n\t<div class=\"wpb_text_column wpb_content_element\" >\n\t\t<div class=\"wpb_wrapper\">\n\t\t\t<h3 class=\"title\" style=\"text-align: center;\">Bride's advice:<\/h3>\n<p style=\"text-align: center;\">Excel was our best friend for all the organization. We had a spreadsheet in which we summarized what we needed: budget by expense item, guest list and responses, ideas, to-do list etc. It was a great help in managing the timing of each task.<\/p>\n<p style=\"text-align: center;\">For the big day, we delegated a lot of tasks to our witnesses, so that we'd have as little to think about as possible and could make the most of it!<\/p>\n\n\t\t<\/div>\n\t<\/div>\n<\/div><\/div><\/div><div class=\"wpb_column vc_column_container vc_col-sm-6\"><div class=\"vc_column-inner\"><div class=\"wpb_wrapper\">\n\t<div  class=\"wpb_single_image wpb_content_element vc_align_center\">\n\t\t\n\t\t<figure class=\"wpb_wrapper vc_figure\">\n\t\t\t<div class=\"vc_single_image-wrapper   vc_box_border_grey\"><img loading=\"lazy\" decoding=\"async\" width=\"650\" height=\"434\" src=\"https:\/\/dessinemoiunsoulier.com\/wp-content\/uploads\/2025\/04\/12-min.jpeg\" class=\"vc_single_image-img attachment-full\" alt=\"bridal shoes advice\" title=\"Wedding Draw me a shoe\" srcset=\"https:\/\/dessinemoiunsoulier.com\/wp-content\/uploads\/2025\/04\/12-min.jpeg 650w, https:\/\/dessinemoiunsoulier.com\/wp-content\/uploads\/2025\/04\/12-min-300x200.jpeg 300w\" sizes=\"auto, (max-width: 650px) 100vw, 650px\"  data-dt-location=\"https:\/\/dessinemoiunsoulier.com\/en\/mariage\/carnet-de-mariees\/coraline\/12-min\/\" \/><\/div>\n\t\t<\/figure>\n\t<\/div>\n<\/div><\/div><\/div><\/div><div class=\"vc_row wpb_row vc_row-fluid vc_row-o-equal-height vc_row-o-content-middle vc_row-flex\"><div class=\"wpb_column vc_column_container vc_col-sm-6 vc_col-has-fill\"><div class=\"vc_column-inner vc_custom_1744713494459\"><div class=\"wpb_wrapper\">\n\t<div  class=\"wpb_single_image wpb_content_element vc_align_right\">\n\t\t\n\t\t<figure class=\"wpb_wrapper vc_figure\">\n\t\t\t<div class=\"vc_single_image-wrapper   vc_box_border_grey\"><img loading=\"lazy\" decoding=\"async\" width=\"650\" height=\"434\" src=\"https:\/\/dessinemoiunsoulier.com\/wp-content\/uploads\/2025\/04\/6-min.jpeg\" class=\"vc_single_image-img attachment-full\" alt=\"bridal shoes advice\" title=\"Wedding Draw me a shoe\" srcset=\"https:\/\/dessinemoiunsoulier.com\/wp-content\/uploads\/2025\/04\/6-min.jpeg 650w, https:\/\/dessinemoiunsoulier.com\/wp-content\/uploads\/2025\/04\/6-min-300x200.jpeg 300w\" sizes=\"auto, (max-width: 650px) 100vw, 650px\"  data-dt-location=\"https:\/\/dessinemoiunsoulier.com\/en\/mariage\/carnet-de-mariees\/coraline\/6-min\/\" \/><\/div>\n\t\t<\/figure>\n\t<\/div>\n<\/div><\/div><\/div><div class=\"wpb_column vc_column_container vc_col-sm-6 vc_col-has-fill\"><div class=\"vc_column-inner vc_custom_1744713475941\"><div class=\"wpb_wrapper\">\n\t<div class=\"wpb_text_column wpb_content_element\" >\n\t\t<div class=\"wpb_wrapper\">\n\t\t\t<h3 class=\"title\" style=\"text-align: center;\">Our favorite wedding planners :<\/h3>\n<p style=\"text-align: center;\">Location:\u00a0<a href=\"https:\/\/www.lagrangedebourgoult.com\/\">The Bourgoult barn<\/a><\/p>\n<p style=\"text-align: center;\">Photographer:<a href=\"https:\/\/www.jim-winter.com\/\">\u00a0Jim Winter<\/a>\u00a0(instagram @jimwinter.paris)<\/p>\n<p style=\"text-align: center;\">The wedding dress:\u00a0<a href=\"https:\/\/elsagary.fr\/\">Elsa Gary\u00a0<\/a><\/p>\n<p style=\"text-align: center;\">The caterer :\u00a0<a href=\"http:\/\/www.henri-morel-receptions.com\/web\/index.php\">Henri Morel\u00a0<\/a><\/p>\n<p style=\"text-align: center;\">Styling:\u00a0<a href=\"https:\/\/www.carolecoiffure.fr\/\">Carole Coiffure<\/a>\u00a0in Les Andelys<\/p>\n<p style=\"text-align: center;\">Makeup: Elsa Morra (instagram\u00a0<a href=\"https:\/\/www.instagram.com\/elsamorra_mua\/?hl=fr\">@elsamorra_mua<\/a>)<\/p>\n<p style=\"text-align: center;\">Flowers:\u00a0<a href=\"https:\/\/www.mimosalesandelys.com\/\">Mimosa<\/a>\u00a0in Les Andelys<\/p>\n\n\t\t<\/div>\n\t<\/div>\n<\/div><\/div><\/div><\/div>\n<\/div>","protected":false},"excerpt":{"rendered":"<p>Retrouver aujourd&rsquo;hui Coraline et son amoureux qui se sont dit oui apr\u00e8s 9 ans de vie commune. Son choix d&rsquo;escarpin chez DMUS a \u00e9t\u00e9 une r\u00e9elle \u00e9vidence apr\u00e8s avoir test\u00e9 le concept avec sa bottine ! Elle a privil\u00e9gi\u00e9 le confort pour garder ses beaux souliers toute la journ\u00e9e et la nuit, allez-vous suivre ses&hellip;<\/p>","protected":false},"author":2,"featured_media":0,"parent":57153,"menu_order":0,"comment_status":"closed","ping_status":"closed","template":"","meta":{"inline_featured_image":false,"footnotes":""},"class_list":["post-57890","page","type-page","status-publish","hentry","description-off"],"yoast_head":"<!-- This site is optimized with the Yoast SEO Premium plugin v22.1 (Yoast SEO v27.2) - https:\/\/yoast.com\/product\/yoast-seo-premium-wordpress\/ -->\n<title>CORALINE | Dessine-moi un soulier<\/title>\n<meta name=\"description\" content=\"D\u00e9couvrez l&#039;avis cliente de Coraline, qui s&#039;est mari\u00e9e avec les chaussures Dessine-moi un soulier. Retrouvez son reportage de Jour J.\" \/>\n<meta name=\"robots\" content=\"index, follow, max-snippet:-1, max-image-preview:large, max-video-preview:-1\" \/>\n<link rel=\"canonical\" href=\"https:\/\/dessinemoiunsoulier.com\/en\/wedding\/carnet-de-mariees\/coraline\/\" \/>\n<meta property=\"og:locale\" content=\"en_US\" \/>\n<meta property=\"og:type\" content=\"article\" \/>\n<meta property=\"og:title\" content=\"CORALINE\" \/>\n<meta property=\"og:description\" content=\"D\u00e9couvrez l&#039;avis cliente de Coraline, qui s&#039;est mari\u00e9e avec les chaussures Dessine-moi un soulier. Retrouvez son reportage de Jour J.\" \/>\n<meta property=\"og:url\" content=\"https:\/\/dessinemoiunsoulier.com\/en\/wedding\/carnet-de-mariees\/coraline\/\" \/>\n<meta property=\"og:site_name\" content=\"Dessine-moi un soulier\" \/>\n<meta property=\"article:publisher\" content=\"https:\/\/www.facebook.com\/dessinemoiunsoulier\/\" \/>\n<meta property=\"article:modified_time\" content=\"2025-04-18T14:34:23+00:00\" \/>\n<meta name=\"twitter:card\" content=\"summary_large_image\" \/>\n<meta name=\"twitter:label1\" content=\"Est. reading time\" \/>\n\t<meta name=\"twitter:data1\" content=\"5 minutes\" \/>\n<script type=\"application\/ld+json\" class=\"yoast-schema-graph\">{\"@context\":\"https:\/\/schema.org\",\"@graph\":[{\"@type\":\"WebPage\",\"@id\":\"https:\/\/dessinemoiunsoulier.com\/mariage\/carnet-de-mariees\/coraline\/\",\"url\":\"https:\/\/dessinemoiunsoulier.com\/mariage\/carnet-de-mariees\/coraline\/\",\"name\":\"CORALINE | Dessine-moi un soulier\",\"isPartOf\":{\"@id\":\"https:\/\/dessinemoiunsoulier.com\/#website\"},\"datePublished\":\"2025-04-15T12:36:12+00:00\",\"dateModified\":\"2025-04-18T14:34:23+00:00\",\"description\":\"D\u00e9couvrez l'avis cliente de Coraline, qui s'est mari\u00e9e avec les chaussures Dessine-moi un soulier. Retrouvez son reportage de Jour J.\",\"breadcrumb\":{\"@id\":\"https:\/\/dessinemoiunsoulier.com\/mariage\/carnet-de-mariees\/coraline\/#breadcrumb\"},\"inLanguage\":\"en-US\",\"potentialAction\":[{\"@type\":\"ReadAction\",\"target\":[\"https:\/\/dessinemoiunsoulier.com\/mariage\/carnet-de-mariees\/coraline\/\"]}]},{\"@type\":\"BreadcrumbList\",\"@id\":\"https:\/\/dessinemoiunsoulier.com\/mariage\/carnet-de-mariees\/coraline\/#breadcrumb\",\"itemListElement\":[{\"@type\":\"ListItem\",\"position\":1,\"name\":\"Accueil\",\"item\":\"https:\/\/dessinemoiunsoulier.com\/\"},{\"@type\":\"ListItem\",\"position\":2,\"name\":\"Choisir ses chaussures de mariage\",\"item\":\"https:\/\/dessinemoiunsoulier.com\/mariage\/\"},{\"@type\":\"ListItem\",\"position\":3,\"name\":\"CARNET DE MARI\u00c9ES\",\"item\":\"https:\/\/dessinemoiunsoulier.com\/mariage\/carnet-de-mariees\/\"},{\"@type\":\"ListItem\",\"position\":4,\"name\":\"CORALINE\"}]},{\"@type\":\"WebSite\",\"@id\":\"https:\/\/dessinemoiunsoulier.com\/#website\",\"url\":\"https:\/\/dessinemoiunsoulier.com\/\",\"name\":\"Dessine-moi un soulier\",\"description\":\"Dessine-moi un soulier : chaussures personnalis\u00e9es\",\"publisher\":{\"@id\":\"https:\/\/dessinemoiunsoulier.com\/#organization\"},\"potentialAction\":[{\"@type\":\"SearchAction\",\"target\":{\"@type\":\"EntryPoint\",\"urlTemplate\":\"https:\/\/dessinemoiunsoulier.com\/?s={search_term_string}\"},\"query-input\":{\"@type\":\"PropertyValueSpecification\",\"valueRequired\":true,\"valueName\":\"search_term_string\"}}],\"inLanguage\":\"en-US\"},{\"@type\":\"Organization\",\"@id\":\"https:\/\/dessinemoiunsoulier.com\/#organization\",\"name\":\"Dessine-moi un soulier\",\"url\":\"https:\/\/dessinemoiunsoulier.com\/\",\"logo\":{\"@type\":\"ImageObject\",\"inLanguage\":\"en-US\",\"@id\":\"https:\/\/dessinemoiunsoulier.com\/#\/schema\/logo\/image\/\",\"url\":\"https:\/\/dessinemoiunsoulier.com\/wp-content\/uploads\/2025\/07\/Logo-Dessine-moi-un-soulier-GROS-CADRE.png\",\"contentUrl\":\"https:\/\/dessinemoiunsoulier.com\/wp-content\/uploads\/2025\/07\/Logo-Dessine-moi-un-soulier-GROS-CADRE.png\",\"width\":709,\"height\":142,\"caption\":\"Dessine-moi un soulier\"},\"image\":{\"@id\":\"https:\/\/dessinemoiunsoulier.com\/#\/schema\/logo\/image\/\"},\"sameAs\":[\"https:\/\/www.facebook.com\/dessinemoiunsoulier\/\",\"https:\/\/www.instagram.com\/dessinemoiunsoulier\/\",\"https:\/\/fr.pinterest.com\/dessinemoiunsoulier\/\"]}]}<\/script>\n<!-- \/ Yoast SEO Premium plugin. -->","yoast_head_json":{"title":"CORALINE | Draw me a shoe","description":"Discover Coraline's customer opinion, who got married with Dessine-moi un soulier shoes. Read her D-Day report.","robots":{"index":"index","follow":"follow","max-snippet":"max-snippet:-1","max-image-preview":"max-image-preview:large","max-video-preview":"max-video-preview:-1"},"canonical":"https:\/\/dessinemoiunsoulier.com\/en\/wedding\/carnet-de-mariees\/coraline\/","og_locale":"en_US","og_type":"article","og_title":"CORALINE","og_description":"D\u00e9couvrez l'avis cliente de Coraline, qui s'est mari\u00e9e avec les chaussures Dessine-moi un soulier. Retrouvez son reportage de Jour J.","og_url":"https:\/\/dessinemoiunsoulier.com\/en\/wedding\/carnet-de-mariees\/coraline\/","og_site_name":"Dessine-moi un soulier","article_publisher":"https:\/\/www.facebook.com\/dessinemoiunsoulier\/","article_modified_time":"2025-04-18T14:34:23+00:00","twitter_card":"summary_large_image","twitter_misc":{"Est. reading time":"5 minutes"},"schema":{"@context":"https:\/\/schema.org","@graph":[{"@type":"WebPage","@id":"https:\/\/dessinemoiunsoulier.com\/mariage\/carnet-de-mariees\/coraline\/","url":"https:\/\/dessinemoiunsoulier.com\/mariage\/carnet-de-mariees\/coraline\/","name":"CORALINE | Draw me a shoe","isPartOf":{"@id":"https:\/\/dessinemoiunsoulier.com\/#website"},"datePublished":"2025-04-15T12:36:12+00:00","dateModified":"2025-04-18T14:34:23+00:00","description":"Discover Coraline's customer opinion, who got married with Dessine-moi un soulier shoes. Read her D-Day report.","breadcrumb":{"@id":"https:\/\/dessinemoiunsoulier.com\/mariage\/carnet-de-mariees\/coraline\/#breadcrumb"},"inLanguage":"en-US","potentialAction":[{"@type":"ReadAction","target":["https:\/\/dessinemoiunsoulier.com\/mariage\/carnet-de-mariees\/coraline\/"]}]},{"@type":"BreadcrumbList","@id":"https:\/\/dessinemoiunsoulier.com\/mariage\/carnet-de-mariees\/coraline\/#breadcrumb","itemListElement":[{"@type":"ListItem","position":1,"name":"Accueil","item":"https:\/\/dessinemoiunsoulier.com\/"},{"@type":"ListItem","position":2,"name":"Choisir ses chaussures de mariage","item":"https:\/\/dessinemoiunsoulier.com\/mariage\/"},{"@type":"ListItem","position":3,"name":"CARNET DE MARI\u00c9ES","item":"https:\/\/dessinemoiunsoulier.com\/mariage\/carnet-de-mariees\/"},{"@type":"ListItem","position":4,"name":"CORALINE"}]},{"@type":"WebSite","@id":"https:\/\/dessinemoiunsoulier.com\/#website","url":"https:\/\/dessinemoiunsoulier.com\/","name":"Dessine-moi un soulier","description":"Draw me a shoe: personalized shoes","publisher":{"@id":"https:\/\/dessinemoiunsoulier.com\/#organization"},"potentialAction":[{"@type":"SearchAction","target":{"@type":"EntryPoint","urlTemplate":"https:\/\/dessinemoiunsoulier.com\/?s={search_term_string}"},"query-input":{"@type":"PropertyValueSpecification","valueRequired":true,"valueName":"search_term_string"}}],"inLanguage":"en-US"},{"@type":"Organization","@id":"https:\/\/dessinemoiunsoulier.com\/#organization","name":"Dessine-moi un soulier","url":"https:\/\/dessinemoiunsoulier.com\/","logo":{"@type":"ImageObject","inLanguage":"en-US","@id":"https:\/\/dessinemoiunsoulier.com\/#\/schema\/logo\/image\/","url":"https:\/\/dessinemoiunsoulier.com\/wp-content\/uploads\/2025\/07\/Logo-Dessine-moi-un-soulier-GROS-CADRE.png","contentUrl":"https:\/\/dessinemoiunsoulier.com\/wp-content\/uploads\/2025\/07\/Logo-Dessine-moi-un-soulier-GROS-CADRE.png","width":709,"height":142,"caption":"Dessine-moi un soulier"},"image":{"@id":"https:\/\/dessinemoiunsoulier.com\/#\/schema\/logo\/image\/"},"sameAs":["https:\/\/www.facebook.com\/dessinemoiunsoulier\/","https:\/\/www.instagram.com\/dessinemoiunsoulier\/","https:\/\/fr.pinterest.com\/dessinemoiunsoulier\/"]}]}},"_links":{"self":[{"href":"https:\/\/dessinemoiunsoulier.com\/en\/wp-json\/wp\/v2\/pages\/57890","targetHints":{"allow":["GET"]}}],"collection":[{"href":"https:\/\/dessinemoiunsoulier.com\/en\/wp-json\/wp\/v2\/pages"}],"about":[{"href":"https:\/\/dessinemoiunsoulier.com\/en\/wp-json\/wp\/v2\/types\/page"}],"author":[{"embeddable":true,"href":"https:\/\/dessinemoiunsoulier.com\/en\/wp-json\/wp\/v2\/users\/2"}],"replies":[{"embeddable":true,"href":"https:\/\/dessinemoiunsoulier.com\/en\/wp-json\/wp\/v2\/comments?post=57890"}],"version-history":[{"count":4,"href":"https:\/\/dessinemoiunsoulier.com\/en\/wp-json\/wp\/v2\/pages\/57890\/revisions"}],"predecessor-version":[{"id":57963,"href":"https:\/\/dessinemoiunsoulier.com\/en\/wp-json\/wp\/v2\/pages\/57890\/revisions\/57963"}],"up":[{"embeddable":true,"href":"https:\/\/dessinemoiunsoulier.com\/en\/wp-json\/wp\/v2\/pages\/57153"}],"wp:attachment":[{"href":"https:\/\/dessinemoiunsoulier.com\/en\/wp-json\/wp\/v2\/media?parent=57890"}],"curies":[{"name":"wp","href":"https:\/\/api.w.org\/{rel}","templated":true}]}}