{"id":57792,"date":"2025-04-15T11:08:21","date_gmt":"2025-04-15T11:08:21","guid":{"rendered":"https:\/\/dessinemoiunsoulier.com\/?page_id=57792"},"modified":"2025-08-03T13:06:33","modified_gmt":"2025-08-03T13:06:33","slug":"mathilde-and-cyrils-wedding","status":"publish","type":"page","link":"https:\/\/dessinemoiunsoulier.com\/en\/mariage\/carnet-de-mariees\/le-mariage-de-mathilde-et-cyril\/","title":{"rendered":"MATHILDE AND CYRIL'S WEDDING"},"content":{"rendered":"<div class=\"wpb-content-wrapper\"><div class=\"vc_row wpb_row vc_row-fluid dt-default\" style=\"margin-top: 0px;margin-bottom: 0px\"><div class=\"wpb_column vc_column_container vc_col-sm-12\"><div class=\"vc_column-inner\"><div class=\"wpb_wrapper\">\n\t<div class=\"wpb_text_column wpb_content_element\" >\n\t\t<div class=\"wpb_wrapper\">\n\t\t\t<p style=\"text-align: center;\">Today we follow the story of Mathilde, a great love story and a beautiful wedding!<\/p>\n\n\t\t<\/div>\n\t<\/div>\n<\/div><\/div><\/div><\/div><div data-vc-full-width=\"true\" data-vc-full-width-temp=\"true\" data-vc-full-width-init=\"false\" class=\"vc_row wpb_row vc_row-fluid vc_custom_1744715169225 vc_row-has-fill vc_column-gap-35 vc_row-o-full-height vc_row-o-columns-stretch vc_row-o-equal-height vc_row-o-content-middle vc_row-flex\"><div class=\"wpb_column vc_column_container vc_col-sm-6\"><div class=\"vc_column-inner vc_custom_1490271565380\"><div class=\"wpb_wrapper\">\n\t<div  class=\"wpb_single_image wpb_content_element vc_align_center\">\n\t\t\n\t\t<figure class=\"wpb_wrapper vc_figure\">\n\t\t\t<div class=\"vc_single_image-wrapper   vc_box_border_grey\"><img decoding=\"async\" width=\"500\" height=\"500\" data-src=\"https:\/\/dessinemoiunsoulier.com\/wp-content\/uploads\/2025\/04\/ds403598.jpeg\" class=\"vc_single_image-img attachment-full lazyload\" alt=\"bridal shoes advice\" title=\"Wedding Draw me a shoe\" data-srcset=\"https:\/\/dessinemoiunsoulier.com\/wp-content\/uploads\/2025\/04\/ds403598.jpeg 500w, https:\/\/dessinemoiunsoulier.com\/wp-content\/uploads\/2025\/04\/ds403598-200x200.jpeg 200w, https:\/\/dessinemoiunsoulier.com\/wp-content\/uploads\/2025\/04\/ds403598-300x300.jpeg 300w, https:\/\/dessinemoiunsoulier.com\/wp-content\/uploads\/2025\/04\/ds403598-150x150.jpeg 150w\" data-sizes=\"(max-width: 500px) 100vw, 500px\"  data-dt-location=\"https:\/\/dessinemoiunsoulier.com\/en\/mariage\/carnet-de-mariees\/le-mariage-de-mathilde-et-cyril\/ds403598\/\" src=\"data:image\/svg+xml;base64,PHN2ZyB3aWR0aD0iMSIgaGVpZ2h0PSIxIiB4bWxucz0iaHR0cDovL3d3dy53My5vcmcvMjAwMC9zdmciPjwvc3ZnPg==\" style=\"--smush-placeholder-width: 500px; --smush-placeholder-aspect-ratio: 500\/500;\" \/><\/div>\n\t\t<\/figure>\n\t<\/div>\n<\/div><\/div><\/div><div class=\"wpb_column vc_column_container vc_col-sm-6 vc_col-has-fill\"><div class=\"vc_column-inner vc_custom_1744715145357\"><div class=\"wpb_wrapper\"><h3 style=\"font-size: 60px;color: #000000;text-align: center;font-family:Montserrat;font-weight:400;font-style:normal\" class=\"vc_custom_heading vc_do_custom_heading\" >Encounter and demand<\/h3>\n\t<div class=\"wpb_text_column wpb_content_element\" >\n\t\t<div class=\"wpb_wrapper\">\n\t\t\t<p style=\"text-align: center;\">We met in 2017, at a back-to-school student gala, and immediately fell in love!<\/p>\n<p style=\"text-align: center;\">The proposal took place on the shores of Lake Como during a trip to Milan in April 2022. Everything was magical! Funny enough, my custom-made ring didn't arrive in time for the trip, so the jewelry store lent her a fake ring with fake diamonds (of course, I didn't know until after the fact!!).<\/p>\n<p style=\"text-align: center;\">A rather funny anecdote is that our respective parents were each looking for an apartment in Paris in 2016 (without knowing each other) (mine wanted to buy bigger, his returning from New York to live in Paris) after our meeting, when Cyril came to the house we realized that it was on the apartment that my parents had bought that his parents had made an offer that had been declined in favor of my parents! We almost lived in the same apartment!<\/p>\n\n\t\t<\/div>\n\t<\/div>\n<\/div><\/div><\/div><\/div><div class=\"vc_row-full-width vc_clearfix\"><\/div><div class=\"vc_row wpb_row vc_row-fluid vc_row-o-equal-height vc_row-o-content-middle vc_row-flex\"><div class=\"wpb_column vc_column_container vc_col-sm-6\"><div class=\"vc_column-inner\"><div class=\"wpb_wrapper\">\n\t<div class=\"wpb_text_column wpb_content_element\" >\n\t\t<div class=\"wpb_wrapper\">\n\t\t\t<h3 class=\"title\" style=\"text-align: center;\">A vivid memory of the day<\/h3>\n<p style=\"text-align: center;\">Perhaps the most vivid memory is entering the church on my dad's arm.<\/p>\n\n\t\t<\/div>\n\t<\/div>\n<\/div><\/div><\/div><div class=\"wpb_column vc_column_container vc_col-sm-6\"><div class=\"vc_column-inner\"><div class=\"wpb_wrapper\">\n\t<div  class=\"wpb_single_image wpb_content_element vc_align_right\">\n\t\t\n\t\t<figure class=\"wpb_wrapper vc_figure\">\n\t\t\t<div class=\"vc_single_image-wrapper   vc_box_border_grey\"><img decoding=\"async\" width=\"500\" height=\"500\" data-src=\"https:\/\/dessinemoiunsoulier.com\/wp-content\/uploads\/2025\/04\/ds404019.jpeg\" class=\"vc_single_image-img attachment-full lazyload\" alt=\"bridal shoes advice\" title=\"Wedding Draw me a shoe\" data-srcset=\"https:\/\/dessinemoiunsoulier.com\/wp-content\/uploads\/2025\/04\/ds404019.jpeg 500w, https:\/\/dessinemoiunsoulier.com\/wp-content\/uploads\/2025\/04\/ds404019-200x200.jpeg 200w, https:\/\/dessinemoiunsoulier.com\/wp-content\/uploads\/2025\/04\/ds404019-300x300.jpeg 300w, https:\/\/dessinemoiunsoulier.com\/wp-content\/uploads\/2025\/04\/ds404019-150x150.jpeg 150w\" data-sizes=\"(max-width: 500px) 100vw, 500px\"  data-dt-location=\"https:\/\/dessinemoiunsoulier.com\/en\/mariage\/carnet-de-mariees\/le-mariage-de-mathilde-et-cyril\/ds404019\/\" src=\"data:image\/svg+xml;base64,PHN2ZyB3aWR0aD0iMSIgaGVpZ2h0PSIxIiB4bWxucz0iaHR0cDovL3d3dy53My5vcmcvMjAwMC9zdmciPjwvc3ZnPg==\" style=\"--smush-placeholder-width: 500px; --smush-placeholder-aspect-ratio: 500\/500;\" \/><\/div>\n\t\t<\/figure>\n\t<\/div>\n<\/div><\/div><\/div><\/div><div class=\"vc_row wpb_row vc_row-fluid vc_row-o-equal-height vc_row-o-content-middle vc_row-flex\"><div class=\"wpb_column vc_column_container vc_col-sm-6\"><div class=\"vc_column-inner\"><div class=\"wpb_wrapper\">\n\t<div  class=\"wpb_single_image wpb_content_element vc_align_left\">\n\t\t\n\t\t<figure class=\"wpb_wrapper vc_figure\">\n\t\t\t<div class=\"vc_single_image-wrapper   vc_box_border_grey\"><img decoding=\"async\" width=\"500\" height=\"500\" data-src=\"https:\/\/dessinemoiunsoulier.com\/wp-content\/uploads\/2025\/04\/l1071190.jpeg\" class=\"vc_single_image-img attachment-full lazyload\" alt=\"bridal shoes advice\" title=\"Wedding Draw me a shoe\" data-srcset=\"https:\/\/dessinemoiunsoulier.com\/wp-content\/uploads\/2025\/04\/l1071190.jpeg 500w, https:\/\/dessinemoiunsoulier.com\/wp-content\/uploads\/2025\/04\/l1071190-200x200.jpeg 200w, https:\/\/dessinemoiunsoulier.com\/wp-content\/uploads\/2025\/04\/l1071190-300x300.jpeg 300w, https:\/\/dessinemoiunsoulier.com\/wp-content\/uploads\/2025\/04\/l1071190-150x150.jpeg 150w\" data-sizes=\"(max-width: 500px) 100vw, 500px\"  data-dt-location=\"https:\/\/dessinemoiunsoulier.com\/en\/mariage\/carnet-de-mariees\/le-mariage-de-mathilde-et-cyril\/l1071190\/\" src=\"data:image\/svg+xml;base64,PHN2ZyB3aWR0aD0iMSIgaGVpZ2h0PSIxIiB4bWxucz0iaHR0cDovL3d3dy53My5vcmcvMjAwMC9zdmciPjwvc3ZnPg==\" style=\"--smush-placeholder-width: 500px; --smush-placeholder-aspect-ratio: 500\/500;\" \/><\/div>\n\t\t<\/figure>\n\t<\/div>\n<\/div><\/div><\/div><div class=\"wpb_column vc_column_container vc_col-sm-6\"><div class=\"vc_column-inner\"><div class=\"wpb_wrapper\">\n\t<div class=\"wpb_text_column wpb_content_element\" >\n\t\t<div class=\"wpb_wrapper\">\n\t\t\t<h3 class=\"title\" style=\"text-align: center;\">The dream location<\/h3>\n<p style=\"text-align: center;\">We got married in the magnificent Ch\u00e2teau de Robernier (Var)! We fell in love with the Ch\u00e2teau when we visited in 2022! It's a real princess's ch\u00e2teau, and the ch\u00e2teau's inner courtyard is perfect for outdoor dining!<\/p>\n<p style=\"text-align: center;\">The atmosphere was a magical one, a bit like a fairy tale, we didn't have a theme to our wedding, it was a classic wedding, just like us!!!!<\/p>\n\n\t\t<\/div>\n\t<\/div>\n<\/div><\/div><\/div><\/div><div class=\"vc_row wpb_row vc_row-fluid vc_row-o-equal-height vc_row-o-content-middle vc_row-flex\"><div class=\"wpb_column vc_column_container vc_col-sm-6\"><div class=\"vc_column-inner\"><div class=\"wpb_wrapper\">\n\t<div class=\"wpb_text_column wpb_content_element\" >\n\t\t<div class=\"wpb_wrapper\">\n\t\t\t<h3 class=\"title\" style=\"text-align: center;\">Dress inspiration<\/h3>\n<p style=\"text-align: center;\">Choosing my dresses was pretty straightforward! I had one idea in mind: a boat-neck princess dress, so when I came across the Hope model from pronovias, I knew it was the one for me (it's the only one I've ever tried on).<\/p>\n<p style=\"text-align: center;\">For the civil ceremony, I wanted a long dress that I could wear again for the church wedding dinner. I wanted a more contemporary dress with lace on the top and fluid on the bottom, and I fell in love with the Delon model from Chez Laure de Sagazan - it's also the only model I tried on!<\/p>\n\n\t\t<\/div>\n\t<\/div>\n<\/div><\/div><\/div><div class=\"wpb_column vc_column_container vc_col-sm-6\"><div class=\"vc_column-inner\"><div class=\"wpb_wrapper\">\n\t<div  class=\"wpb_single_image wpb_content_element vc_align_right\">\n\t\t\n\t\t<figure class=\"wpb_wrapper vc_figure\">\n\t\t\t<div class=\"vc_single_image-wrapper   vc_box_border_grey\"><img decoding=\"async\" width=\"500\" height=\"500\" data-src=\"https:\/\/dessinemoiunsoulier.com\/wp-content\/uploads\/2025\/04\/ds404393-enhanced-nr.jpeg\" class=\"vc_single_image-img attachment-full lazyload\" alt=\"bridal shoes advice\" title=\"Wedding Draw me a shoe\" data-srcset=\"https:\/\/dessinemoiunsoulier.com\/wp-content\/uploads\/2025\/04\/ds404393-enhanced-nr.jpeg 500w, https:\/\/dessinemoiunsoulier.com\/wp-content\/uploads\/2025\/04\/ds404393-enhanced-nr-200x200.jpeg 200w, https:\/\/dessinemoiunsoulier.com\/wp-content\/uploads\/2025\/04\/ds404393-enhanced-nr-300x300.jpeg 300w, https:\/\/dessinemoiunsoulier.com\/wp-content\/uploads\/2025\/04\/ds404393-enhanced-nr-150x150.jpeg 150w\" data-sizes=\"(max-width: 500px) 100vw, 500px\"  data-dt-location=\"https:\/\/dessinemoiunsoulier.com\/en\/mariage\/carnet-de-mariees\/le-mariage-de-mathilde-et-cyril\/ds404393-enhanced-nr\/\" src=\"data:image\/svg+xml;base64,PHN2ZyB3aWR0aD0iMSIgaGVpZ2h0PSIxIiB4bWxucz0iaHR0cDovL3d3dy53My5vcmcvMjAwMC9zdmciPjwvc3ZnPg==\" style=\"--smush-placeholder-width: 500px; --smush-placeholder-aspect-ratio: 500\/500;\" \/><\/div>\n\t\t<\/figure>\n\t<\/div>\n<\/div><\/div><\/div><\/div><div class=\"vc_row wpb_row vc_row-fluid vc_row-o-equal-height vc_row-o-content-middle vc_row-flex\"><div class=\"wpb_column vc_column_container vc_col-sm-6\"><div class=\"vc_column-inner\"><div class=\"wpb_wrapper\">\n\t<div  class=\"wpb_single_image wpb_content_element vc_align_left\">\n\t\t\n\t\t<figure class=\"wpb_wrapper vc_figure\">\n\t\t\t<div class=\"vc_single_image-wrapper   vc_box_border_grey\"><img decoding=\"async\" width=\"500\" height=\"500\" data-src=\"https:\/\/dessinemoiunsoulier.com\/wp-content\/uploads\/2025\/04\/ds403404.jpeg\" class=\"vc_single_image-img attachment-full lazyload\" alt=\"bridal shoes advice\" title=\"Wedding Draw me a shoe\" data-srcset=\"https:\/\/dessinemoiunsoulier.com\/wp-content\/uploads\/2025\/04\/ds403404.jpeg 500w, https:\/\/dessinemoiunsoulier.com\/wp-content\/uploads\/2025\/04\/ds403404-200x200.jpeg 200w, https:\/\/dessinemoiunsoulier.com\/wp-content\/uploads\/2025\/04\/ds403404-300x300.jpeg 300w, https:\/\/dessinemoiunsoulier.com\/wp-content\/uploads\/2025\/04\/ds403404-150x150.jpeg 150w\" data-sizes=\"(max-width: 500px) 100vw, 500px\"  data-dt-location=\"https:\/\/dessinemoiunsoulier.com\/en\/mariage\/carnet-de-mariees\/le-mariage-de-mathilde-et-cyril\/ds403404\/\" src=\"data:image\/svg+xml;base64,PHN2ZyB3aWR0aD0iMSIgaGVpZ2h0PSIxIiB4bWxucz0iaHR0cDovL3d3dy53My5vcmcvMjAwMC9zdmciPjwvc3ZnPg==\" style=\"--smush-placeholder-width: 500px; --smush-placeholder-aspect-ratio: 500\/500;\" \/><\/div>\n\t\t<\/figure>\n\t<\/div>\n<\/div><\/div><\/div><div class=\"wpb_column vc_column_container vc_col-sm-6\"><div class=\"vc_column-inner\"><div class=\"wpb_wrapper\">\n\t<div class=\"wpb_text_column wpb_content_element\" >\n\t\t<div class=\"wpb_wrapper\">\n\t\t\t<h3 class=\"title\" style=\"text-align: center;\">Shoe design inspirations<\/h3>\n<p style=\"text-align: center;\">When designing the shoes, I wanted comfortable but high shoes!!! Being only 1m60 tall and my husband 1m80 tall, I wanted a 10cm heel! So I opted for the Salom\u00e9 10cm square heel!<\/p>\n<p style=\"text-align: center;\">For the color I wanted golden princess shoes so I went with glitter champagne and iridescent champagne! It was sublime! Thank you so much, draw me a shoe!<\/p>\n\n\t\t<\/div>\n\t<\/div>\n<\/div><\/div><\/div><\/div><div class=\"vc_row wpb_row vc_row-fluid vc_row-o-equal-height vc_row-o-content-middle vc_row-flex\"><div class=\"wpb_column vc_column_container vc_col-sm-6 vc_col-has-fill\"><div class=\"vc_column-inner vc_custom_1744715225846\"><div class=\"wpb_wrapper\">\n\t<div class=\"wpb_text_column wpb_content_element\" >\n\t\t<div class=\"wpb_wrapper\">\n\t\t\t<h3 class=\"title\" style=\"text-align: center;\">Consulting and service providers<\/h3>\n<p style=\"text-align: center;\">My advice to brides is to choose your service providers carefully, to trust each other and to go with your gut feeling! My wedding wouldn't have been the same without my make-up artist, photographer or caterer! Their patience, attentiveness and kindness kept me stress-free! Knowing that everything was perfectly managed was a real relief!<\/p>\n<p style=\"text-align: center;\">Here is the list of providers:<\/p>\n<p style=\"text-align: center;\">MUA: Madame la Marquise<\/p>\n<p style=\"text-align: center;\">Photos \/ videos: Delahaye Studio<\/p>\n<p style=\"text-align: center;\">Location: Ch\u00e2teau de Robernier<\/p>\n<p style=\"text-align: center;\">Flowers: a natural influence<\/p>\n<p style=\"text-align: center;\">DJ: Mr Seven<\/p>\n<p style=\"text-align: center;\">Dress: pronovias<\/p>\n<p style=\"text-align: center;\">Catering : Gaudefroy<\/p>\n\n\t\t<\/div>\n\t<\/div>\n<\/div><\/div><\/div><div class=\"wpb_column vc_column_container vc_col-sm-6 vc_col-has-fill\"><div class=\"vc_column-inner vc_custom_1744715253359\"><div class=\"wpb_wrapper\">\n\t<div  class=\"wpb_single_image wpb_content_element vc_align_right\">\n\t\t\n\t\t<figure class=\"wpb_wrapper vc_figure\">\n\t\t\t<div class=\"vc_single_image-wrapper   vc_box_border_grey\"><img decoding=\"async\" width=\"500\" height=\"500\" data-src=\"https:\/\/dessinemoiunsoulier.com\/wp-content\/uploads\/2025\/04\/ds404285_0.jpeg\" class=\"vc_single_image-img attachment-full lazyload\" alt=\"bridal shoes advice\" title=\"Wedding Draw me a shoe\" data-srcset=\"https:\/\/dessinemoiunsoulier.com\/wp-content\/uploads\/2025\/04\/ds404285_0.jpeg 500w, https:\/\/dessinemoiunsoulier.com\/wp-content\/uploads\/2025\/04\/ds404285_0-200x200.jpeg 200w, https:\/\/dessinemoiunsoulier.com\/wp-content\/uploads\/2025\/04\/ds404285_0-300x300.jpeg 300w, https:\/\/dessinemoiunsoulier.com\/wp-content\/uploads\/2025\/04\/ds404285_0-150x150.jpeg 150w\" data-sizes=\"(max-width: 500px) 100vw, 500px\"  data-dt-location=\"https:\/\/dessinemoiunsoulier.com\/en\/mariage\/carnet-de-mariees\/le-mariage-de-mathilde-et-cyril\/ds404285_0\/\" src=\"data:image\/svg+xml;base64,PHN2ZyB3aWR0aD0iMSIgaGVpZ2h0PSIxIiB4bWxucz0iaHR0cDovL3d3dy53My5vcmcvMjAwMC9zdmciPjwvc3ZnPg==\" style=\"--smush-placeholder-width: 500px; --smush-placeholder-aspect-ratio: 500\/500;\" \/><\/div>\n\t\t<\/figure>\n\t<\/div>\n<\/div><\/div><\/div><\/div>\n<\/div>","protected":false},"excerpt":{"rendered":"<p>Aujourd&rsquo;hui on suit le r\u00e9cit de Mathilde, une grande histoire d&rsquo;amour et un tr\u00e8s beau mariage ! La rencontre et la demande Nous nous sommes rencontr\u00e9s en 2017, lors d\u2019un gala \u00e9tudiant de rentr\u00e9e et nous sommes tout de suite tomb\u00e9s amoureux ! La demande a eu lieu sur les berges du lac de C\u00f4me&hellip;<\/p>","protected":false},"author":2,"featured_media":0,"parent":57153,"menu_order":0,"comment_status":"closed","ping_status":"closed","template":"","meta":{"footnotes":""},"class_list":["post-57792","page","type-page","status-publish","hentry","description-off"],"yoast_head":"<!-- This site is optimized with the Yoast SEO Premium plugin v22.1 (Yoast SEO v27.2) - https:\/\/yoast.com\/product\/yoast-seo-premium-wordpress\/ -->\n<title>LE MARIAGE DE MATHILDE ET CYRIL | Dessine-moi un soulier<\/title>\n<meta name=\"description\" content=\"D\u00e9couvrez l&#039;avis cliente de Mathilde, qui s&#039;est mari\u00e9e avec les chaussures Dessine-moi un soulier. Retrouvez son reportage de Jour J.\" \/>\n<meta name=\"robots\" content=\"index, follow, max-snippet:-1, max-image-preview:large, max-video-preview:-1\" \/>\n<link rel=\"canonical\" href=\"https:\/\/dessinemoiunsoulier.com\/en\/wedding\/carnet-de-mariees\/mathilde-and-cyrils-wedding\/\" \/>\n<meta property=\"og:locale\" content=\"en_US\" \/>\n<meta property=\"og:type\" content=\"article\" \/>\n<meta property=\"og:title\" content=\"LE MARIAGE DE MATHILDE ET CYRIL\" \/>\n<meta property=\"og:description\" content=\"D\u00e9couvrez l&#039;avis cliente de Mathilde, qui s&#039;est mari\u00e9e avec les chaussures Dessine-moi un soulier. Retrouvez son reportage de Jour J.\" \/>\n<meta property=\"og:url\" content=\"https:\/\/dessinemoiunsoulier.com\/en\/wedding\/carnet-de-mariees\/mathilde-and-cyrils-wedding\/\" \/>\n<meta property=\"og:site_name\" content=\"Dessine-moi un soulier\" \/>\n<meta property=\"article:publisher\" content=\"https:\/\/www.facebook.com\/dessinemoiunsoulier\/\" \/>\n<meta property=\"article:modified_time\" content=\"2025-08-03T13:06:33+00:00\" \/>\n<meta name=\"twitter:card\" content=\"summary_large_image\" \/>\n<meta name=\"twitter:label1\" content=\"Est. reading time\" \/>\n\t<meta name=\"twitter:data1\" content=\"5 minutes\" \/>\n<script type=\"application\/ld+json\" class=\"yoast-schema-graph\">{\"@context\":\"https:\/\/schema.org\",\"@graph\":[{\"@type\":\"WebPage\",\"@id\":\"https:\/\/dessinemoiunsoulier.com\/mariage\/carnet-de-mariees\/le-mariage-de-mathilde-et-cyril\/\",\"url\":\"https:\/\/dessinemoiunsoulier.com\/mariage\/carnet-de-mariees\/le-mariage-de-mathilde-et-cyril\/\",\"name\":\"LE MARIAGE DE MATHILDE ET CYRIL | Dessine-moi un soulier\",\"isPartOf\":{\"@id\":\"https:\/\/dessinemoiunsoulier.com\/#website\"},\"datePublished\":\"2025-04-15T11:08:21+00:00\",\"dateModified\":\"2025-08-03T13:06:33+00:00\",\"description\":\"D\u00e9couvrez l'avis cliente de Mathilde, qui s'est mari\u00e9e avec les chaussures Dessine-moi un soulier. Retrouvez son reportage de Jour J.\",\"breadcrumb\":{\"@id\":\"https:\/\/dessinemoiunsoulier.com\/mariage\/carnet-de-mariees\/le-mariage-de-mathilde-et-cyril\/#breadcrumb\"},\"inLanguage\":\"en-US\",\"potentialAction\":[{\"@type\":\"ReadAction\",\"target\":[\"https:\/\/dessinemoiunsoulier.com\/mariage\/carnet-de-mariees\/le-mariage-de-mathilde-et-cyril\/\"]}]},{\"@type\":\"BreadcrumbList\",\"@id\":\"https:\/\/dessinemoiunsoulier.com\/mariage\/carnet-de-mariees\/le-mariage-de-mathilde-et-cyril\/#breadcrumb\",\"itemListElement\":[{\"@type\":\"ListItem\",\"position\":1,\"name\":\"Accueil\",\"item\":\"https:\/\/dessinemoiunsoulier.com\/\"},{\"@type\":\"ListItem\",\"position\":2,\"name\":\"Choisir ses chaussures de mariage\",\"item\":\"https:\/\/dessinemoiunsoulier.com\/mariage\/\"},{\"@type\":\"ListItem\",\"position\":3,\"name\":\"CARNET DE MARI\u00c9ES\",\"item\":\"https:\/\/dessinemoiunsoulier.com\/mariage\/carnet-de-mariees\/\"},{\"@type\":\"ListItem\",\"position\":4,\"name\":\"LE MARIAGE DE MATHILDE ET CYRIL\"}]},{\"@type\":\"WebSite\",\"@id\":\"https:\/\/dessinemoiunsoulier.com\/#website\",\"url\":\"https:\/\/dessinemoiunsoulier.com\/\",\"name\":\"Dessine-moi un soulier\",\"description\":\"Dessine-moi un soulier : chaussures personnalis\u00e9es\",\"publisher\":{\"@id\":\"https:\/\/dessinemoiunsoulier.com\/#organization\"},\"potentialAction\":[{\"@type\":\"SearchAction\",\"target\":{\"@type\":\"EntryPoint\",\"urlTemplate\":\"https:\/\/dessinemoiunsoulier.com\/?s={search_term_string}\"},\"query-input\":{\"@type\":\"PropertyValueSpecification\",\"valueRequired\":true,\"valueName\":\"search_term_string\"}}],\"inLanguage\":\"en-US\"},{\"@type\":\"Organization\",\"@id\":\"https:\/\/dessinemoiunsoulier.com\/#organization\",\"name\":\"Dessine-moi un soulier\",\"url\":\"https:\/\/dessinemoiunsoulier.com\/\",\"logo\":{\"@type\":\"ImageObject\",\"inLanguage\":\"en-US\",\"@id\":\"https:\/\/dessinemoiunsoulier.com\/#\/schema\/logo\/image\/\",\"url\":\"https:\/\/dessinemoiunsoulier.com\/wp-content\/uploads\/2025\/07\/Logo-Dessine-moi-un-soulier-GROS-CADRE.png\",\"contentUrl\":\"https:\/\/dessinemoiunsoulier.com\/wp-content\/uploads\/2025\/07\/Logo-Dessine-moi-un-soulier-GROS-CADRE.png\",\"width\":709,\"height\":142,\"caption\":\"Dessine-moi un soulier\"},\"image\":{\"@id\":\"https:\/\/dessinemoiunsoulier.com\/#\/schema\/logo\/image\/\"},\"sameAs\":[\"https:\/\/www.facebook.com\/dessinemoiunsoulier\/\",\"https:\/\/www.instagram.com\/dessinemoiunsoulier\/\",\"https:\/\/fr.pinterest.com\/dessinemoiunsoulier\/\"]}]}<\/script>\n<!-- \/ Yoast SEO Premium plugin. -->","yoast_head_json":{"title":"THE WEDDING OF MATHILDE AND CYRIL | Draw me a shoe","description":"Discover Mathilde's customer opinion, who got married with Dessine-moi un soulier shoes. Read her D-Day report.","robots":{"index":"index","follow":"follow","max-snippet":"max-snippet:-1","max-image-preview":"max-image-preview:large","max-video-preview":"max-video-preview:-1"},"canonical":"https:\/\/dessinemoiunsoulier.com\/en\/wedding\/carnet-de-mariees\/mathilde-and-cyrils-wedding\/","og_locale":"en_US","og_type":"article","og_title":"LE MARIAGE DE MATHILDE ET CYRIL","og_description":"D\u00e9couvrez l'avis cliente de Mathilde, qui s'est mari\u00e9e avec les chaussures Dessine-moi un soulier. Retrouvez son reportage de Jour J.","og_url":"https:\/\/dessinemoiunsoulier.com\/en\/wedding\/carnet-de-mariees\/mathilde-and-cyrils-wedding\/","og_site_name":"Dessine-moi un soulier","article_publisher":"https:\/\/www.facebook.com\/dessinemoiunsoulier\/","article_modified_time":"2025-08-03T13:06:33+00:00","twitter_card":"summary_large_image","twitter_misc":{"Est. reading time":"5 minutes"},"schema":{"@context":"https:\/\/schema.org","@graph":[{"@type":"WebPage","@id":"https:\/\/dessinemoiunsoulier.com\/mariage\/carnet-de-mariees\/le-mariage-de-mathilde-et-cyril\/","url":"https:\/\/dessinemoiunsoulier.com\/mariage\/carnet-de-mariees\/le-mariage-de-mathilde-et-cyril\/","name":"THE WEDDING OF MATHILDE AND CYRIL | Draw me a shoe","isPartOf":{"@id":"https:\/\/dessinemoiunsoulier.com\/#website"},"datePublished":"2025-04-15T11:08:21+00:00","dateModified":"2025-08-03T13:06:33+00:00","description":"Discover Mathilde's customer opinion, who got married with Dessine-moi un soulier shoes. Read her D-Day report.","breadcrumb":{"@id":"https:\/\/dessinemoiunsoulier.com\/mariage\/carnet-de-mariees\/le-mariage-de-mathilde-et-cyril\/#breadcrumb"},"inLanguage":"en-US","potentialAction":[{"@type":"ReadAction","target":["https:\/\/dessinemoiunsoulier.com\/mariage\/carnet-de-mariees\/le-mariage-de-mathilde-et-cyril\/"]}]},{"@type":"BreadcrumbList","@id":"https:\/\/dessinemoiunsoulier.com\/mariage\/carnet-de-mariees\/le-mariage-de-mathilde-et-cyril\/#breadcrumb","itemListElement":[{"@type":"ListItem","position":1,"name":"Accueil","item":"https:\/\/dessinemoiunsoulier.com\/"},{"@type":"ListItem","position":2,"name":"Choisir ses chaussures de mariage","item":"https:\/\/dessinemoiunsoulier.com\/mariage\/"},{"@type":"ListItem","position":3,"name":"CARNET DE MARI\u00c9ES","item":"https:\/\/dessinemoiunsoulier.com\/mariage\/carnet-de-mariees\/"},{"@type":"ListItem","position":4,"name":"LE MARIAGE DE MATHILDE ET CYRIL"}]},{"@type":"WebSite","@id":"https:\/\/dessinemoiunsoulier.com\/#website","url":"https:\/\/dessinemoiunsoulier.com\/","name":"Dessine-moi un soulier","description":"Draw me a shoe: personalized shoes","publisher":{"@id":"https:\/\/dessinemoiunsoulier.com\/#organization"},"potentialAction":[{"@type":"SearchAction","target":{"@type":"EntryPoint","urlTemplate":"https:\/\/dessinemoiunsoulier.com\/?s={search_term_string}"},"query-input":{"@type":"PropertyValueSpecification","valueRequired":true,"valueName":"search_term_string"}}],"inLanguage":"en-US"},{"@type":"Organization","@id":"https:\/\/dessinemoiunsoulier.com\/#organization","name":"Dessine-moi un soulier","url":"https:\/\/dessinemoiunsoulier.com\/","logo":{"@type":"ImageObject","inLanguage":"en-US","@id":"https:\/\/dessinemoiunsoulier.com\/#\/schema\/logo\/image\/","url":"https:\/\/dessinemoiunsoulier.com\/wp-content\/uploads\/2025\/07\/Logo-Dessine-moi-un-soulier-GROS-CADRE.png","contentUrl":"https:\/\/dessinemoiunsoulier.com\/wp-content\/uploads\/2025\/07\/Logo-Dessine-moi-un-soulier-GROS-CADRE.png","width":709,"height":142,"caption":"Dessine-moi un soulier"},"image":{"@id":"https:\/\/dessinemoiunsoulier.com\/#\/schema\/logo\/image\/"},"sameAs":["https:\/\/www.facebook.com\/dessinemoiunsoulier\/","https:\/\/www.instagram.com\/dessinemoiunsoulier\/","https:\/\/fr.pinterest.com\/dessinemoiunsoulier\/"]}]}},"_links":{"self":[{"href":"https:\/\/dessinemoiunsoulier.com\/en\/wp-json\/wp\/v2\/pages\/57792","targetHints":{"allow":["GET"]}}],"collection":[{"href":"https:\/\/dessinemoiunsoulier.com\/en\/wp-json\/wp\/v2\/pages"}],"about":[{"href":"https:\/\/dessinemoiunsoulier.com\/en\/wp-json\/wp\/v2\/types\/page"}],"author":[{"embeddable":true,"href":"https:\/\/dessinemoiunsoulier.com\/en\/wp-json\/wp\/v2\/users\/2"}],"replies":[{"embeddable":true,"href":"https:\/\/dessinemoiunsoulier.com\/en\/wp-json\/wp\/v2\/comments?post=57792"}],"version-history":[{"count":4,"href":"https:\/\/dessinemoiunsoulier.com\/en\/wp-json\/wp\/v2\/pages\/57792\/revisions"}],"predecessor-version":[{"id":57976,"href":"https:\/\/dessinemoiunsoulier.com\/en\/wp-json\/wp\/v2\/pages\/57792\/revisions\/57976"}],"up":[{"embeddable":true,"href":"https:\/\/dessinemoiunsoulier.com\/en\/wp-json\/wp\/v2\/pages\/57153"}],"wp:attachment":[{"href":"https:\/\/dessinemoiunsoulier.com\/en\/wp-json\/wp\/v2\/media?parent=57792"}],"curies":[{"name":"wp","href":"https:\/\/api.w.org\/{rel}","templated":true}]}}