{"id":142310,"date":"2026-01-22T13:24:27","date_gmt":"2026-01-22T12:24:27","guid":{"rendered":"https:\/\/dessinemoiunsoulier.com\/?page_id=142310"},"modified":"2026-01-22T13:35:34","modified_gmt":"2026-01-22T12:35:34","slug":"to-be-advised-on-video","status":"publish","type":"page","link":"https:\/\/dessinemoiunsoulier.com\/en\/etre-conseillee-en-visio\/","title":{"rendered":"Video advice &amp; sending of fitting models"},"content":{"rendered":"<div class=\"wpb-content-wrapper\"><div class=\"vc_row wpb_row vc_row-fluid dt-default\" style=\"margin-top: 0px;margin-bottom: 0px\"><div class=\"wpb_column vc_column_container vc_col-sm-12\"><div class=\"vc_column-inner\"><div class=\"wpb_wrapper\"><div id=\"ultimate-heading-779069fbc3922ca12\" class=\"uvc-heading ult-adjust-bottom-margin ultimate-heading-779069fbc3922ca12 uvc-819  uvc-heading-default-font-sizes\" data-hspacer=\"no_spacer\"  data-halign=\"center\" style=\"text-align:center\"><div class=\"uvc-heading-spacer no_spacer\" style=\"top\"><\/div><div class=\"uvc-main-heading ult-responsive\"  data-ultimate-target='.uvc-heading.ultimate-heading-779069fbc3922ca12 h2'  data-responsive-json-new='{\"font-size\":\"\",\"line-height\":\"\"}' ><h2 style=\"--font-weight:theme;color:#000000;\">Your personalized shoes<\/h2><\/div><\/div><div class=\"vc_empty_space\"   style=\"height: 32px\"><span class=\"vc_empty_space_inner\"><\/span><\/div>\n\t<div class=\"wpb_text_column wpb_content_element\" >\n\t\t<div class=\"wpb_wrapper\">\n\t\t\t<div id=\"ultimate-heading-929669720a3490e19\" data-hspacer=\"no_spacer\" data-halign=\"left\">\n<div data-ultimate-target=\".uvc-heading.ultimate-heading-929669720a3490e19 h3\" data-responsive-json-new=\"{&quot;font-size&quot;:&quot;&quot;,&quot;line-height&quot;:&quot;&quot;}\">\n<div id=\"ultimate-heading-929669720a3490e19\" data-hspacer=\"no_spacer\" data-halign=\"left\">\n<div data-ultimate-target=\".uvc-heading.ultimate-heading-929669720a3490e19 h3\" data-responsive-json-new=\"{&quot;font-size&quot;:&quot;&quot;,&quot;line-height&quot;:&quot;&quot;}\">\n<div>\n<p style=\"text-align: center;\">Since the creation of our brand, Dessine-moi un soulier, we've had the pleasure of helping tens of thousands of women create their own personalized shoes.<\/p>\n<p style=\"text-align: center;\">And it's always a pleasure to talk to you about your project, your desires, but also your fears when faced with the blank page, and the stress of not ordering the \"right\" shoes.<\/p>\n<p style=\"text-align: center;\">Those that are too small, too big, too colorful or not colorful enough, in short, to TRUMP you.<\/p>\n<p style=\"text-align: center;\">We have therefore set up a<strong> advice by videoconference,<\/strong> to enable you to benefit from our long experience in sizes, footwear, foot morphologies, materials, colors...<\/p>\n<\/div>\n<\/div>\n<\/div>\n<\/div>\n<\/div>\n<div style=\"text-align: center;\">\n<div>\n<div>\n<div>\n<div>\n<div>\n<p>These appointments last between <strong>15 and 45 minutes depending on your needs<\/strong>, and are <strong>free of charge<\/strong> and <strong>without obligation,<\/strong> and are a prerequisite for <strong>home fitting models.<\/strong><\/p>\n<p>By default, you'll receive a Teams link to carry out the video, but if you prefer whatsapp, note it in the appointment commentary and we'll call you in whatsapp video.<\/p>\n<p>See you soon!<\/p>\n<\/div>\n<\/div>\n<\/div>\n<\/div>\n<\/div>\n<\/div>\n\n\t\t<\/div>\n\t<\/div>\n\n\t<div class=\"wpb_raw_code wpb_raw_html wpb_content_element\" >\n\t\t<div class=\"wpb_wrapper\">\n\t\t\t<!-- D\u00e9but de widget en ligne Calendly -->\n<div class=\"calendly-inline-widget\" data-url=\"https:\/\/calendly.com\/dmus\/visio-dmus\" style=\"min-width:320px;height:700px;\"><\/div>\n<script type=\"text\/javascript\" src=\"https:\/\/assets.calendly.com\/assets\/external\/widget.js\" async><\/script>\n<!-- Fin de widget en ligne Calendly -->\n\t\t<\/div>\n\t<\/div>\n<div class=\"vc_empty_space\"   style=\"height: 32px\"><span class=\"vc_empty_space_inner\"><\/span><\/div><\/div><\/div><\/div><\/div><div class=\"vc_row wpb_row vc_row-fluid vc_row-o-equal-height vc_row-o-content-middle vc_row-flex\"><div class=\"wpb_column vc_column_container vc_col-sm-6\"><div class=\"vc_column-inner\"><div class=\"wpb_wrapper\">\n\t<div  class=\"wpb_single_image wpb_content_element vc_align_center\">\n\t\t\n\t\t<figure class=\"wpb_wrapper vc_figure\">\n\t\t\t<div class=\"vc_single_image-wrapper vc_box_circle  vc_box_border_grey\"><img decoding=\"async\" width=\"1638\" height=\"2048\" data-src=\"https:\/\/dessinemoiunsoulier.com\/wp-content\/uploads\/2026\/01\/DMUS-Decembre-58.jpg\" class=\"vc_single_image-img attachment-full lazyload\" alt=\"\" title=\"\" data-srcset=\"https:\/\/dessinemoiunsoulier.com\/wp-content\/uploads\/2026\/01\/DMUS-Decembre-58.jpg 1638w, https:\/\/dessinemoiunsoulier.com\/wp-content\/uploads\/2026\/01\/DMUS-Decembre-58-819x1024.jpg 819w, https:\/\/dessinemoiunsoulier.com\/wp-content\/uploads\/2026\/01\/DMUS-Decembre-58-240x300.jpg 240w, https:\/\/dessinemoiunsoulier.com\/wp-content\/uploads\/2026\/01\/DMUS-Decembre-58-768x960.jpg 768w, https:\/\/dessinemoiunsoulier.com\/wp-content\/uploads\/2026\/01\/DMUS-Decembre-58-1229x1536.jpg 1229w, https:\/\/dessinemoiunsoulier.com\/wp-content\/uploads\/2026\/01\/DMUS-Decembre-58-10x12.jpg 10w\" data-sizes=\"(max-width: 1638px) 100vw, 1638px\"  data-dt-location=\"https:\/\/dessinemoiunsoulier.com\/en\/etre-conseillee-en-visio\/dmus-decembre-58\/\" src=\"data:image\/svg+xml;base64,PHN2ZyB3aWR0aD0iMSIgaGVpZ2h0PSIxIiB4bWxucz0iaHR0cDovL3d3dy53My5vcmcvMjAwMC9zdmciPjwvc3ZnPg==\" style=\"--smush-placeholder-width: 1638px; --smush-placeholder-aspect-ratio: 1638\/2048;\" \/><\/div>\n\t\t<\/figure>\n\t<\/div>\n<\/div><\/div><\/div><div class=\"wpb_column vc_column_container vc_col-sm-6\"><div class=\"vc_column-inner\"><div class=\"wpb_wrapper\"><div id=\"ultimate-heading-192469fbc3922d8c7\" class=\"uvc-heading ult-adjust-bottom-margin ultimate-heading-192469fbc3922d8c7 uvc-8368  uvc-heading-default-font-sizes\" data-hspacer=\"no_spacer\"  data-halign=\"center\" style=\"text-align:center\"><div class=\"uvc-heading-spacer no_spacer\" style=\"top\"><\/div><div class=\"uvc-main-heading ult-responsive\"  data-ultimate-target='.uvc-heading.ultimate-heading-192469fbc3922d8c7 h2'  data-responsive-json-new='{\"font-size\":\"\",\"line-height\":\"\"}' ><h2 style=\"--font-weight:theme;\">Sending fitting models<\/h2><\/div><\/div><div class=\"vc_empty_space\"   style=\"height: 32px\"><span class=\"vc_empty_space_inner\"><\/span><\/div>\n\t<div class=\"wpb_text_column wpb_content_element\" >\n\t\t<div class=\"wpb_wrapper\">\n\t\t\t<p>It's good to have our advice, but sometimes it's even better to be able to slip your foot into our shoes!<\/p>\n<p>We can send you 1 or 2 pairs of fittings maximum, to help you make your final choice.<\/p>\n<p>It's very simple: together, we'll take stock of your search and your shoe size, and help you select the best fitting model to order.<\/p>\n<p>Then you'll need to order these models on our\u00a0<a href=\"https:\/\/dessinemoiunsoulier.com\/en\/outlet\/\">outlet<\/a>.<\/p>\n<p>We ship them to you within a few days.<\/p>\n<p>On receipt, we can make a call or a video if you have any questions about the size or design, and then send you a return slip to send the shoes back to us.<\/p>\n<p>Once we receive your shoes, we'll either refund your money (minus \u20ac10 postage), or give you a credit note for the final shoes.<\/p>\n<p><strong>Watch out!<\/strong><\/p>\n<blockquote><p>\n<em>It's very important to be able to take stock of your research, so that you don't send \"random\" fitting models.<\/em><\/p>\n<p><em>Even if you have fallen in love with our outlet, the models\u00a0<strong>may not fit all sizes<\/strong>Please contact us in advance.\u00a0<\/em>\n<\/p><\/blockquote>\n\n\t\t<\/div>\n\t<\/div>\n<\/div><\/div><\/div><\/div><div class=\"vc_row wpb_row vc_row-fluid dt-default\" style=\"margin-top: 0px;margin-bottom: 0px\"><div class=\"wpb_column vc_column_container vc_col-sm-12\"><div class=\"vc_column-inner\"><div class=\"wpb_wrapper\"><div class=\"vc_empty_space\"   style=\"height: 32px\"><span class=\"vc_empty_space_inner\"><\/span><\/div><\/div><\/div><\/div><\/div><div class=\"vc_row wpb_row vc_row-fluid dt-default\" style=\"margin-top: 0px;margin-bottom: 0px\"><div class=\"wpb_column vc_column_container vc_col-sm-12\"><div class=\"vc_column-inner\"><div class=\"wpb_wrapper\">\n\t<div class=\"wpb_text_column wpb_content_element\" >\n\t\t<div class=\"wpb_wrapper\">\n\t\t\t<p style=\"text-align: center;\"><a href=\"https:\/\/dessinemoiunsoulier.com\/en\/try-on-shoes-draw-me-a-shoe\/\">Click here for all our addresses and advice options.<\/a><\/p>\n\n\t\t<\/div>\n\t<\/div>\n<\/div><\/div><\/div><\/div>\n<\/div>","protected":false},"excerpt":{"rendered":"<p>Vos chaussures personnalis\u00e9es Depuis la cr\u00e9ation de notre marque, Dessine-moi un soulier,\u00a0nous avons eu le bonheur de conseiller des dizaines de milliers de femmes\u00a0pour la cr\u00e9ation de leurs souliers personnalis\u00e9s. Et c\u2019est toujours avec un grand plaisir que nous \u00e9changeons avec vous sur votre projet, vos envies, mais aussi vos peurs face \u00e0 la page&hellip;<\/p>","protected":false},"author":2,"featured_media":0,"parent":0,"menu_order":0,"comment_status":"closed","ping_status":"closed","template":"","meta":{"footnotes":""},"class_list":["post-142310","page","type-page","status-publish","hentry","description-off"],"yoast_head":"<!-- This site is optimized with the Yoast SEO Premium plugin v22.1 (Yoast SEO v27.2) - https:\/\/yoast.com\/product\/yoast-seo-premium-wordpress\/ -->\n<title>Conseil en visio &amp; envoi de mod\u00e8les d&#039;essayage | Dessine-moi un soulier<\/title>\n<meta name=\"description\" content=\"Cr\u00e9ez vos chaussures de mari\u00e9e, en \u00e9tant conseill\u00e9e par notre \u00e9quipe. Prenez un rdv de 45 minutes pour d\u00e9couvrir.\" \/>\n<meta name=\"robots\" content=\"index, follow, max-snippet:-1, max-image-preview:large, max-video-preview:-1\" \/>\n<link rel=\"canonical\" href=\"https:\/\/dessinemoiunsoulier.com\/en\/to-be-advised-on-video\/\" \/>\n<meta property=\"og:locale\" content=\"en_US\" \/>\n<meta property=\"og:type\" content=\"article\" \/>\n<meta property=\"og:title\" content=\"Conseil en visio &amp; envoi de mod\u00e8les d&#039;essayage\" \/>\n<meta property=\"og:description\" content=\"Cr\u00e9ez vos chaussures de mari\u00e9e, en \u00e9tant conseill\u00e9e par notre \u00e9quipe. Prenez un rdv de 45 minutes pour d\u00e9couvrir.\" \/>\n<meta property=\"og:url\" content=\"https:\/\/dessinemoiunsoulier.com\/en\/to-be-advised-on-video\/\" \/>\n<meta property=\"og:site_name\" content=\"Dessine-moi un soulier\" \/>\n<meta property=\"article:publisher\" content=\"https:\/\/www.facebook.com\/dessinemoiunsoulier\/\" \/>\n<meta property=\"article:modified_time\" content=\"2026-01-22T12:35:34+00:00\" \/>\n<meta name=\"twitter:card\" content=\"summary_large_image\" \/>\n<meta name=\"twitter:label1\" content=\"Est. reading time\" \/>\n\t<meta name=\"twitter:data1\" content=\"2 minutes\" \/>\n<script type=\"application\/ld+json\" class=\"yoast-schema-graph\">{\"@context\":\"https:\/\/schema.org\",\"@graph\":[{\"@type\":\"WebPage\",\"@id\":\"https:\/\/dessinemoiunsoulier.com\/etre-conseillee-en-visio\/\",\"url\":\"https:\/\/dessinemoiunsoulier.com\/etre-conseillee-en-visio\/\",\"name\":\"Conseil en visio & envoi de mod\u00e8les d'essayage | Dessine-moi un soulier\",\"isPartOf\":{\"@id\":\"https:\/\/dessinemoiunsoulier.com\/#website\"},\"datePublished\":\"2026-01-22T12:24:27+00:00\",\"dateModified\":\"2026-01-22T12:35:34+00:00\",\"description\":\"Cr\u00e9ez vos chaussures de mari\u00e9e, en \u00e9tant conseill\u00e9e par notre \u00e9quipe. Prenez un rdv de 45 minutes pour d\u00e9couvrir.\",\"breadcrumb\":{\"@id\":\"https:\/\/dessinemoiunsoulier.com\/etre-conseillee-en-visio\/#breadcrumb\"},\"inLanguage\":\"en-US\",\"potentialAction\":[{\"@type\":\"ReadAction\",\"target\":[\"https:\/\/dessinemoiunsoulier.com\/etre-conseillee-en-visio\/\"]}]},{\"@type\":\"BreadcrumbList\",\"@id\":\"https:\/\/dessinemoiunsoulier.com\/etre-conseillee-en-visio\/#breadcrumb\",\"itemListElement\":[{\"@type\":\"ListItem\",\"position\":1,\"name\":\"Accueil\",\"item\":\"https:\/\/dessinemoiunsoulier.com\/\"},{\"@type\":\"ListItem\",\"position\":2,\"name\":\"Conseil en visio &#038; envoi de mod\u00e8les d&rsquo;essayage\"}]},{\"@type\":\"WebSite\",\"@id\":\"https:\/\/dessinemoiunsoulier.com\/#website\",\"url\":\"https:\/\/dessinemoiunsoulier.com\/\",\"name\":\"Dessine-moi un soulier\",\"description\":\"Dessine-moi un soulier : chaussures personnalis\u00e9es\",\"publisher\":{\"@id\":\"https:\/\/dessinemoiunsoulier.com\/#organization\"},\"potentialAction\":[{\"@type\":\"SearchAction\",\"target\":{\"@type\":\"EntryPoint\",\"urlTemplate\":\"https:\/\/dessinemoiunsoulier.com\/?s={search_term_string}\"},\"query-input\":{\"@type\":\"PropertyValueSpecification\",\"valueRequired\":true,\"valueName\":\"search_term_string\"}}],\"inLanguage\":\"en-US\"},{\"@type\":\"Organization\",\"@id\":\"https:\/\/dessinemoiunsoulier.com\/#organization\",\"name\":\"Dessine-moi un soulier\",\"url\":\"https:\/\/dessinemoiunsoulier.com\/\",\"logo\":{\"@type\":\"ImageObject\",\"inLanguage\":\"en-US\",\"@id\":\"https:\/\/dessinemoiunsoulier.com\/#\/schema\/logo\/image\/\",\"url\":\"https:\/\/dessinemoiunsoulier.com\/wp-content\/uploads\/2025\/07\/Logo-Dessine-moi-un-soulier-GROS-CADRE.png\",\"contentUrl\":\"https:\/\/dessinemoiunsoulier.com\/wp-content\/uploads\/2025\/07\/Logo-Dessine-moi-un-soulier-GROS-CADRE.png\",\"width\":709,\"height\":142,\"caption\":\"Dessine-moi un soulier\"},\"image\":{\"@id\":\"https:\/\/dessinemoiunsoulier.com\/#\/schema\/logo\/image\/\"},\"sameAs\":[\"https:\/\/www.facebook.com\/dessinemoiunsoulier\/\",\"https:\/\/www.instagram.com\/dessinemoiunsoulier\/\",\"https:\/\/fr.pinterest.com\/dessinemoiunsoulier\/\"]}]}<\/script>\n<!-- \/ Yoast SEO Premium plugin. -->","yoast_head_json":{"title":"Video advice &amp; sending of fitting models | Draw me a shoe","description":"Design your bridal shoes, with advice from our team. Book a 45-minute appointment to find out more.","robots":{"index":"index","follow":"follow","max-snippet":"max-snippet:-1","max-image-preview":"max-image-preview:large","max-video-preview":"max-video-preview:-1"},"canonical":"https:\/\/dessinemoiunsoulier.com\/en\/to-be-advised-on-video\/","og_locale":"en_US","og_type":"article","og_title":"Conseil en visio & envoi de mod\u00e8les d'essayage","og_description":"Cr\u00e9ez vos chaussures de mari\u00e9e, en \u00e9tant conseill\u00e9e par notre \u00e9quipe. Prenez un rdv de 45 minutes pour d\u00e9couvrir.","og_url":"https:\/\/dessinemoiunsoulier.com\/en\/to-be-advised-on-video\/","og_site_name":"Dessine-moi un soulier","article_publisher":"https:\/\/www.facebook.com\/dessinemoiunsoulier\/","article_modified_time":"2026-01-22T12:35:34+00:00","twitter_card":"summary_large_image","twitter_misc":{"Est. reading time":"2 minutes"},"schema":{"@context":"https:\/\/schema.org","@graph":[{"@type":"WebPage","@id":"https:\/\/dessinemoiunsoulier.com\/etre-conseillee-en-visio\/","url":"https:\/\/dessinemoiunsoulier.com\/etre-conseillee-en-visio\/","name":"Video advice &amp; sending of fitting models | Draw me a shoe","isPartOf":{"@id":"https:\/\/dessinemoiunsoulier.com\/#website"},"datePublished":"2026-01-22T12:24:27+00:00","dateModified":"2026-01-22T12:35:34+00:00","description":"Design your bridal shoes, with advice from our team. Book a 45-minute appointment to find out more.","breadcrumb":{"@id":"https:\/\/dessinemoiunsoulier.com\/etre-conseillee-en-visio\/#breadcrumb"},"inLanguage":"en-US","potentialAction":[{"@type":"ReadAction","target":["https:\/\/dessinemoiunsoulier.com\/etre-conseillee-en-visio\/"]}]},{"@type":"BreadcrumbList","@id":"https:\/\/dessinemoiunsoulier.com\/etre-conseillee-en-visio\/#breadcrumb","itemListElement":[{"@type":"ListItem","position":1,"name":"Accueil","item":"https:\/\/dessinemoiunsoulier.com\/"},{"@type":"ListItem","position":2,"name":"Conseil en visio &#038; envoi de mod\u00e8les d&rsquo;essayage"}]},{"@type":"WebSite","@id":"https:\/\/dessinemoiunsoulier.com\/#website","url":"https:\/\/dessinemoiunsoulier.com\/","name":"Dessine-moi un soulier","description":"Draw me a shoe: personalized shoes","publisher":{"@id":"https:\/\/dessinemoiunsoulier.com\/#organization"},"potentialAction":[{"@type":"SearchAction","target":{"@type":"EntryPoint","urlTemplate":"https:\/\/dessinemoiunsoulier.com\/?s={search_term_string}"},"query-input":{"@type":"PropertyValueSpecification","valueRequired":true,"valueName":"search_term_string"}}],"inLanguage":"en-US"},{"@type":"Organization","@id":"https:\/\/dessinemoiunsoulier.com\/#organization","name":"Dessine-moi un soulier","url":"https:\/\/dessinemoiunsoulier.com\/","logo":{"@type":"ImageObject","inLanguage":"en-US","@id":"https:\/\/dessinemoiunsoulier.com\/#\/schema\/logo\/image\/","url":"https:\/\/dessinemoiunsoulier.com\/wp-content\/uploads\/2025\/07\/Logo-Dessine-moi-un-soulier-GROS-CADRE.png","contentUrl":"https:\/\/dessinemoiunsoulier.com\/wp-content\/uploads\/2025\/07\/Logo-Dessine-moi-un-soulier-GROS-CADRE.png","width":709,"height":142,"caption":"Dessine-moi un soulier"},"image":{"@id":"https:\/\/dessinemoiunsoulier.com\/#\/schema\/logo\/image\/"},"sameAs":["https:\/\/www.facebook.com\/dessinemoiunsoulier\/","https:\/\/www.instagram.com\/dessinemoiunsoulier\/","https:\/\/fr.pinterest.com\/dessinemoiunsoulier\/"]}]}},"_links":{"self":[{"href":"https:\/\/dessinemoiunsoulier.com\/en\/wp-json\/wp\/v2\/pages\/142310","targetHints":{"allow":["GET"]}}],"collection":[{"href":"https:\/\/dessinemoiunsoulier.com\/en\/wp-json\/wp\/v2\/pages"}],"about":[{"href":"https:\/\/dessinemoiunsoulier.com\/en\/wp-json\/wp\/v2\/types\/page"}],"author":[{"embeddable":true,"href":"https:\/\/dessinemoiunsoulier.com\/en\/wp-json\/wp\/v2\/users\/2"}],"replies":[{"embeddable":true,"href":"https:\/\/dessinemoiunsoulier.com\/en\/wp-json\/wp\/v2\/comments?post=142310"}],"version-history":[{"count":7,"href":"https:\/\/dessinemoiunsoulier.com\/en\/wp-json\/wp\/v2\/pages\/142310\/revisions"}],"predecessor-version":[{"id":142322,"href":"https:\/\/dessinemoiunsoulier.com\/en\/wp-json\/wp\/v2\/pages\/142310\/revisions\/142322"}],"wp:attachment":[{"href":"https:\/\/dessinemoiunsoulier.com\/en\/wp-json\/wp\/v2\/media?parent=142310"}],"curies":[{"name":"wp","href":"https:\/\/api.w.org\/{rel}","templated":true}]}}