{"id":142281,"date":"2026-01-22T12:33:04","date_gmt":"2026-01-22T11:33:04","guid":{"rendered":"https:\/\/dessinemoiunsoulier.com\/?page_id=142281"},"modified":"2026-01-22T13:10:40","modified_gmt":"2026-01-22T12:10:40","slug":"showroom-in-lyon","status":"publish","type":"page","link":"https:\/\/dessinemoiunsoulier.com\/en\/showroom-a-lyon\/","title":{"rendered":"Showroom in Lyon"},"content":{"rendered":"<div class=\"wpb-content-wrapper\"><div class=\"vc_row wpb_row vc_row-fluid dt-default\" style=\"margin-top: 0px;margin-bottom: 0px\"><div class=\"wpb_column vc_column_container vc_col-sm-12\"><div class=\"vc_column-inner\"><div class=\"wpb_wrapper\"><div id=\"ultimate-heading-603069f23229bf17b\" class=\"uvc-heading ult-adjust-bottom-margin ultimate-heading-603069f23229bf17b uvc-8219  uvc-heading-default-font-sizes\" data-hspacer=\"no_spacer\"  data-halign=\"center\" style=\"text-align:center\"><div class=\"uvc-heading-spacer no_spacer\" style=\"top\"><\/div><div class=\"uvc-main-heading ult-responsive\"  data-ultimate-target='.uvc-heading.ultimate-heading-603069f23229bf17b h2'  data-responsive-json-new='{\"font-size\":\"\",\"line-height\":\"\"}' ><h2 style=\"--font-weight:theme;color:#000000;\">Your personalized shoes in Lyon<\/h2><\/div><\/div><div class=\"vc_empty_space\"   style=\"height: 32px\"><span class=\"vc_empty_space_inner\"><\/span><\/div>\n\t<div class=\"wpb_text_column wpb_content_element\" >\n\t\t<div class=\"wpb_wrapper\">\n\t\t\t<div id=\"ultimate-heading-929669720a3490e19\" class=\"uvc-heading ult-adjust-bottom-margin ultimate-heading-929669720a3490e19 uvc-2606 uvc-heading-default-font-sizes\" data-hspacer=\"no_spacer\" data-halign=\"left\">\n<div class=\"uvc-main-heading ult-responsive\" data-ultimate-target=\".uvc-heading.ultimate-heading-929669720a3490e19 h3\" data-responsive-json-new=\"{&quot;font-size&quot;:&quot;&quot;,&quot;line-height&quot;:&quot;&quot;}\">\n<h3 style=\"text-align: center;\"><span style=\"font-size: 14px; font-weight: normal;\">You are welcome to visit us <\/span><strong style=\"font-size: 14px;\">by appointment<\/strong><span style=\"font-size: 14px; font-weight: normal;\"> in our Lyon showroom.<\/span><\/h3>\n<\/div>\n<\/div>\n<div class=\"wpb_text_column wpb_content_element\">\n<div class=\"wpb_wrapper\">\n<p style=\"text-align: center;\">We'll take 45 minutes to try it on with you, let you test the camber, show you the leather samples, and above all, advise you!<\/p>\n<p style=\"text-align: center;\">This is the ideal address for creating your bridal shoes in Lyon. You'll be able to choose heel height, thickness and comfort, and create shoes in the materials and colors of your theme!<\/p>\n<p style=\"text-align: center;\"><strong>Our address :<\/strong><\/p>\n<p style=\"text-align: center;\">34 rue Quivogne - 69002 Lyon - France\u00a0<em>Tramway T1 stop Sainte-Blandine.\u00a0<\/em><\/p>\n<p style=\"text-align: center;\"><strong>Timetable:<\/strong><\/p>\n<p style=\"text-align: center;\">Tuesday to Friday: 11 a.m. to 2 p.m. and 3 p.m. to 6 p.m.\u00a0<a href=\"https:\/\/calendly.com\/dmus\/dmus-a-lyon\">by appointment only<\/a>.<\/p>\n<p style=\"text-align: center;\">Every other Saturday: from 11am to 2pm and from 3pm to 6pm -\u00a0<a href=\"https:\/\/calendly.com\/dmus\/dmus-a-lyon\">by appointment only.<\/a><\/p>\n<p style=\"text-align: center;\"><strong>Contact us :<\/strong><\/p>\n<p style=\"text-align: center;\"><em>Phone :<\/em>\u00a0<a href=\"tel:06 66 54 98 69\">06 66 54 98 69<\/a><\/p>\n<p style=\"text-align: center;\"><em>Email :\u00a0<\/em><a href=\"mailto:contact@dmus.fr\">contact@dmus.fr<\/a><\/p>\n<\/div>\n<\/div>\n\n\t\t<\/div>\n\t<\/div>\n<div class=\"vc_empty_space\"   style=\"height: 32px\"><span class=\"vc_empty_space_inner\"><\/span><\/div>\n\t<div class=\"wpb_raw_code wpb_raw_html wpb_content_element\" >\n\t\t<div class=\"wpb_wrapper\">\n\t\t\t<!-- D\u00e9but de widget en ligne Calendly -->\n<div class=\"calendly-inline-widget\" data-url=\"https:\/\/calendly.com\/dmus\/dmus-a-lyon\" style=\"min-width:320px;height:700px;\"><\/div>\n<script type=\"text\/javascript\" src=\"https:\/\/assets.calendly.com\/assets\/external\/widget.js\" async><\/script>\n<!-- Fin de widget en ligne Calendly -->\n\t\t<\/div>\n\t<\/div>\n<div class=\"vc_empty_space\"   style=\"height: 32px\"><span class=\"vc_empty_space_inner\"><\/span><\/div><\/div><\/div><\/div><\/div><div class=\"vc_row wpb_row vc_row-fluid vc_row-o-equal-height vc_row-o-content-middle vc_row-flex\"><div class=\"wpb_column vc_column_container vc_col-sm-6\"><div class=\"vc_column-inner\"><div class=\"wpb_wrapper\">\n\t<div  class=\"wpb_single_image wpb_content_element vc_align_center\">\n\t\t\n\t\t<figure class=\"wpb_wrapper vc_figure\">\n\t\t\t<div class=\"vc_single_image-wrapper vc_box_circle  vc_box_border_grey\"><img decoding=\"async\" class=\"vc_single_image-img lazyload\" data-src=\"https:\/\/dessinemoiunsoulier.com\/wp-content\/uploads\/2026\/01\/DMUS-Decembre-22-400x500.jpg\" width=\"400\" height=\"500\" alt=\"bridal shoes lyon\" title=\"bridal shoes lyon\"  data-dt-location=\"https:\/\/dessinemoiunsoulier.com\/en\/showroom-a-lyon\/dmus-decembre-22\/\" src=\"data:image\/svg+xml;base64,PHN2ZyB3aWR0aD0iMSIgaGVpZ2h0PSIxIiB4bWxucz0iaHR0cDovL3d3dy53My5vcmcvMjAwMC9zdmciPjwvc3ZnPg==\" style=\"--smush-placeholder-width: 400px; --smush-placeholder-aspect-ratio: 400\/500;\" \/><\/div>\n\t\t<\/figure>\n\t<\/div>\n<\/div><\/div><\/div><div class=\"wpb_column vc_column_container vc_col-sm-6\"><div class=\"vc_column-inner\"><div class=\"wpb_wrapper\"><div id=\"ultimate-heading-405369f23229c035a\" class=\"uvc-heading ult-adjust-bottom-margin ultimate-heading-405369f23229c035a uvc-7559  uvc-heading-default-font-sizes\" data-hspacer=\"no_spacer\"  data-halign=\"center\" style=\"text-align:center\"><div class=\"uvc-heading-spacer no_spacer\" style=\"top\"><\/div><div class=\"uvc-main-heading ult-responsive\"  data-ultimate-target='.uvc-heading.ultimate-heading-405369f23229c035a h2'  data-responsive-json-new='{\"font-size\":\"\",\"line-height\":\"\"}' ><h2 style=\"--font-weight:theme;\">Your wedding shoes in Lyon :<\/h2><\/div><\/div><div class=\"vc_empty_space\"   style=\"height: 32px\"><span class=\"vc_empty_space_inner\"><\/span><\/div>\n\t<div class=\"wpb_text_column wpb_content_element\" >\n\t\t<div class=\"wpb_wrapper\">\n\t\t\t<p>We are the bridal shoe specialists.<\/p>\n<p>Our shoes are renowned for their comfort, and our advice and expertise have helped more than 20,000 brides choose the right shoes for their big day - the ones that will last all day and all night!<\/p>\n<p>To find our <a href=\"\/en\/eshop\/collection\/mariee\/\">Bridal collection, click here.<\/a><\/p>\n<p>To discover the<a href=\"https:\/\/dessinemoiunsoulier.com\/en\/wedding\/carnet-de-mariees\/\"> testimonials from our brides, click here<\/a>.<\/p>\n\n\t\t<\/div>\n\t<\/div>\n<\/div><\/div><\/div><\/div><div class=\"vc_row wpb_row vc_row-fluid dt-default\" style=\"margin-top: 0px;margin-bottom: 0px\"><div class=\"wpb_column vc_column_container vc_col-sm-12\"><div class=\"vc_column-inner\"><div class=\"wpb_wrapper\"><div class=\"vc_empty_space\"   style=\"height: 32px\"><span class=\"vc_empty_space_inner\"><\/span><\/div><\/div><\/div><\/div><\/div><div class=\"vc_row wpb_row vc_row-fluid vc_row-o-equal-height vc_row-o-content-middle vc_row-flex\"><div class=\"wpb_column vc_column_container vc_col-sm-6\"><div class=\"vc_column-inner\"><div class=\"wpb_wrapper\"><div id=\"ultimate-heading-613869f23229c0cc7\" class=\"uvc-heading ult-adjust-bottom-margin ultimate-heading-613869f23229c0cc7 uvc-9142  uvc-heading-default-font-sizes\" data-hspacer=\"no_spacer\"  data-halign=\"left\" style=\"text-align:left\"><div class=\"uvc-heading-spacer no_spacer\" style=\"top\"><\/div><div class=\"uvc-main-heading ult-responsive\"  data-ultimate-target='.uvc-heading.ultimate-heading-613869f23229c0cc7 h2'  data-responsive-json-new='{\"font-size\":\"\",\"line-height\":\"\"}' ><h2 style=\"--font-weight:theme;\">Made-to-measure shoes in Lyon<\/h2><\/div><\/div><div class=\"vc_empty_space\"   style=\"height: 32px\"><span class=\"vc_empty_space_inner\"><\/span><\/div>\n\t<div class=\"wpb_text_column wpb_content_element\" >\n\t\t<div class=\"wpb_wrapper\">\n\t\t\t<p>With us, you can create your own custom-made shoes, combining comfort and aesthetics!<\/p>\n<p>We carry all sizes, from 33 to 44.<\/p>\n<p>We fit all feet: wide and thin, and have models specially adapted for Hallux Valgus.<\/p>\n<p>We dress every calf: thanks to our made-to-measure boots, you can choose the width and height of your boots, for tailored comfort!<\/p>\n<p>Make an appointment in our Lyon showroom and get advice from our team.<\/p>\n\n\t\t<\/div>\n\t<\/div>\n<div class=\"vc_empty_space\"   style=\"height: 32px\"><span class=\"vc_empty_space_inner\"><\/span><\/div><\/div><\/div><\/div><div class=\"wpb_column vc_column_container vc_col-sm-6\"><div class=\"vc_column-inner\"><div class=\"wpb_wrapper\">\n\t<div  class=\"wpb_single_image wpb_content_element vc_align_center\">\n\t\t\n\t\t<figure class=\"wpb_wrapper vc_figure\">\n\t\t\t<div class=\"vc_single_image-wrapper vc_box_circle  vc_box_border_grey\"><img decoding=\"async\" class=\"vc_single_image-img lazyload\" data-src=\"https:\/\/dessinemoiunsoulier.com\/wp-content\/uploads\/2026\/01\/DMUS-Oct-033-400x500.jpg\" width=\"400\" height=\"500\" alt=\"custom-made shoes Lyon\" title=\"custom-made shoes Lyon\"  data-dt-location=\"https:\/\/dessinemoiunsoulier.com\/en\/showroom-a-lyon\/dmus-oct-033-2\/\" src=\"data:image\/svg+xml;base64,PHN2ZyB3aWR0aD0iMSIgaGVpZ2h0PSIxIiB4bWxucz0iaHR0cDovL3d3dy53My5vcmcvMjAwMC9zdmciPjwvc3ZnPg==\" style=\"--smush-placeholder-width: 400px; --smush-placeholder-aspect-ratio: 400\/500;\" \/><\/div>\n\t\t<\/figure>\n\t<\/div>\n<\/div><\/div><\/div><\/div><div class=\"vc_row wpb_row vc_row-fluid dt-default\" style=\"margin-top: 0px;margin-bottom: 0px\"><div class=\"wpb_column vc_column_container vc_col-sm-12\"><div class=\"vc_column-inner\"><div class=\"wpb_wrapper\">\n\t<div class=\"wpb_text_column wpb_content_element\" >\n\t\t<div class=\"wpb_wrapper\">\n\t\t\t<p style=\"text-align: center;\"><strong>Not in Lyon?<\/strong><\/p>\n<p style=\"text-align: center;\"><a href=\"https:\/\/dessinemoiunsoulier.com\/en\/try-on-shoes-draw-me-a-shoe\/\">Click here for all our addresses and advice options.<\/a><\/p>\n\n\t\t<\/div>\n\t<\/div>\n<\/div><\/div><\/div><\/div>\n<\/div>","protected":false},"excerpt":{"rendered":"<p>Vos chaussures personnalis\u00e9es \u00e0 Lyon Vous pouvez venir nous rendre visite sur rendez-vous dans notre showroom lyonnais. Nous prendrons 45 minutes pour essayer avec vous, vous faire tester les cambrures, vous montrer les \u00e9chantillons de cuir, et surtout, vous conseiller ! C&rsquo;est l&rsquo;adresse id\u00e9ale pour cr\u00e9er vos chaussures de mari\u00e9e \u00e0 Lyon. En effet, vous&hellip;<\/p>","protected":false},"author":2,"featured_media":0,"parent":0,"menu_order":0,"comment_status":"closed","ping_status":"closed","template":"","meta":{"footnotes":""},"class_list":["post-142281","page","type-page","status-publish","hentry","description-off"],"yoast_head":"<!-- This site is optimized with the Yoast SEO Premium plugin v22.1 (Yoast SEO v27.2) - https:\/\/yoast.com\/product\/yoast-seo-premium-wordpress\/ -->\n<title>Showroom \u00e0 Lyon | Dessine-moi un soulier<\/title>\n<meta name=\"description\" content=\"Cr\u00e9ez vos chaussures de mari\u00e9e Lyon, en \u00e9tant conseill\u00e9e par notre \u00e9quipe. Prenez un rdv de 45 minutes pour d\u00e9couvrir.\" \/>\n<meta name=\"robots\" content=\"index, follow, max-snippet:-1, max-image-preview:large, max-video-preview:-1\" \/>\n<link rel=\"canonical\" href=\"https:\/\/dessinemoiunsoulier.com\/en\/showroom-in-lyon\/\" \/>\n<meta property=\"og:locale\" content=\"en_US\" \/>\n<meta property=\"og:type\" content=\"article\" \/>\n<meta property=\"og:title\" content=\"Showroom \u00e0 Lyon\" \/>\n<meta property=\"og:description\" content=\"Cr\u00e9ez vos chaussures de mari\u00e9e Lyon, en \u00e9tant conseill\u00e9e par notre \u00e9quipe. Prenez un rdv de 45 minutes pour d\u00e9couvrir.\" \/>\n<meta property=\"og:url\" content=\"https:\/\/dessinemoiunsoulier.com\/en\/showroom-in-lyon\/\" \/>\n<meta property=\"og:site_name\" content=\"Dessine-moi un soulier\" \/>\n<meta property=\"article:publisher\" content=\"https:\/\/www.facebook.com\/dessinemoiunsoulier\/\" \/>\n<meta property=\"article:modified_time\" content=\"2026-01-22T12:10:40+00:00\" \/>\n<meta name=\"twitter:card\" content=\"summary_large_image\" \/>\n<meta name=\"twitter:label1\" content=\"Est. reading time\" \/>\n\t<meta name=\"twitter:data1\" content=\"2 minutes\" \/>\n<script type=\"application\/ld+json\" class=\"yoast-schema-graph\">{\"@context\":\"https:\/\/schema.org\",\"@graph\":[{\"@type\":\"WebPage\",\"@id\":\"https:\/\/dessinemoiunsoulier.com\/showroom-a-lyon\/\",\"url\":\"https:\/\/dessinemoiunsoulier.com\/showroom-a-lyon\/\",\"name\":\"Showroom \u00e0 Lyon | Dessine-moi un soulier\",\"isPartOf\":{\"@id\":\"https:\/\/dessinemoiunsoulier.com\/#website\"},\"datePublished\":\"2026-01-22T11:33:04+00:00\",\"dateModified\":\"2026-01-22T12:10:40+00:00\",\"description\":\"Cr\u00e9ez vos chaussures de mari\u00e9e Lyon, en \u00e9tant conseill\u00e9e par notre \u00e9quipe. Prenez un rdv de 45 minutes pour d\u00e9couvrir.\",\"breadcrumb\":{\"@id\":\"https:\/\/dessinemoiunsoulier.com\/showroom-a-lyon\/#breadcrumb\"},\"inLanguage\":\"en-US\",\"potentialAction\":[{\"@type\":\"ReadAction\",\"target\":[\"https:\/\/dessinemoiunsoulier.com\/showroom-a-lyon\/\"]}]},{\"@type\":\"BreadcrumbList\",\"@id\":\"https:\/\/dessinemoiunsoulier.com\/showroom-a-lyon\/#breadcrumb\",\"itemListElement\":[{\"@type\":\"ListItem\",\"position\":1,\"name\":\"Accueil\",\"item\":\"https:\/\/dessinemoiunsoulier.com\/\"},{\"@type\":\"ListItem\",\"position\":2,\"name\":\"Showroom \u00e0 Lyon\"}]},{\"@type\":\"WebSite\",\"@id\":\"https:\/\/dessinemoiunsoulier.com\/#website\",\"url\":\"https:\/\/dessinemoiunsoulier.com\/\",\"name\":\"Dessine-moi un soulier\",\"description\":\"Dessine-moi un soulier : chaussures personnalis\u00e9es\",\"publisher\":{\"@id\":\"https:\/\/dessinemoiunsoulier.com\/#organization\"},\"potentialAction\":[{\"@type\":\"SearchAction\",\"target\":{\"@type\":\"EntryPoint\",\"urlTemplate\":\"https:\/\/dessinemoiunsoulier.com\/?s={search_term_string}\"},\"query-input\":{\"@type\":\"PropertyValueSpecification\",\"valueRequired\":true,\"valueName\":\"search_term_string\"}}],\"inLanguage\":\"en-US\"},{\"@type\":\"Organization\",\"@id\":\"https:\/\/dessinemoiunsoulier.com\/#organization\",\"name\":\"Dessine-moi un soulier\",\"url\":\"https:\/\/dessinemoiunsoulier.com\/\",\"logo\":{\"@type\":\"ImageObject\",\"inLanguage\":\"en-US\",\"@id\":\"https:\/\/dessinemoiunsoulier.com\/#\/schema\/logo\/image\/\",\"url\":\"https:\/\/dessinemoiunsoulier.com\/wp-content\/uploads\/2025\/07\/Logo-Dessine-moi-un-soulier-GROS-CADRE.png\",\"contentUrl\":\"https:\/\/dessinemoiunsoulier.com\/wp-content\/uploads\/2025\/07\/Logo-Dessine-moi-un-soulier-GROS-CADRE.png\",\"width\":709,\"height\":142,\"caption\":\"Dessine-moi un soulier\"},\"image\":{\"@id\":\"https:\/\/dessinemoiunsoulier.com\/#\/schema\/logo\/image\/\"},\"sameAs\":[\"https:\/\/www.facebook.com\/dessinemoiunsoulier\/\",\"https:\/\/www.instagram.com\/dessinemoiunsoulier\/\",\"https:\/\/fr.pinterest.com\/dessinemoiunsoulier\/\"]}]}<\/script>\n<!-- \/ Yoast SEO Premium plugin. -->","yoast_head_json":{"title":"Showroom in Lyon | Dessine-moi un soulier","description":"Design your bridal shoes Lyon, with the advice of our team. Book a 45-minute appointment to find out more.","robots":{"index":"index","follow":"follow","max-snippet":"max-snippet:-1","max-image-preview":"max-image-preview:large","max-video-preview":"max-video-preview:-1"},"canonical":"https:\/\/dessinemoiunsoulier.com\/en\/showroom-in-lyon\/","og_locale":"en_US","og_type":"article","og_title":"Showroom \u00e0 Lyon","og_description":"Cr\u00e9ez vos chaussures de mari\u00e9e Lyon, en \u00e9tant conseill\u00e9e par notre \u00e9quipe. Prenez un rdv de 45 minutes pour d\u00e9couvrir.","og_url":"https:\/\/dessinemoiunsoulier.com\/en\/showroom-in-lyon\/","og_site_name":"Dessine-moi un soulier","article_publisher":"https:\/\/www.facebook.com\/dessinemoiunsoulier\/","article_modified_time":"2026-01-22T12:10:40+00:00","twitter_card":"summary_large_image","twitter_misc":{"Est. reading time":"2 minutes"},"schema":{"@context":"https:\/\/schema.org","@graph":[{"@type":"WebPage","@id":"https:\/\/dessinemoiunsoulier.com\/showroom-a-lyon\/","url":"https:\/\/dessinemoiunsoulier.com\/showroom-a-lyon\/","name":"Showroom in Lyon | Dessine-moi un soulier","isPartOf":{"@id":"https:\/\/dessinemoiunsoulier.com\/#website"},"datePublished":"2026-01-22T11:33:04+00:00","dateModified":"2026-01-22T12:10:40+00:00","description":"Design your bridal shoes Lyon, with the advice of our team. Book a 45-minute appointment to find out more.","breadcrumb":{"@id":"https:\/\/dessinemoiunsoulier.com\/showroom-a-lyon\/#breadcrumb"},"inLanguage":"en-US","potentialAction":[{"@type":"ReadAction","target":["https:\/\/dessinemoiunsoulier.com\/showroom-a-lyon\/"]}]},{"@type":"BreadcrumbList","@id":"https:\/\/dessinemoiunsoulier.com\/showroom-a-lyon\/#breadcrumb","itemListElement":[{"@type":"ListItem","position":1,"name":"Accueil","item":"https:\/\/dessinemoiunsoulier.com\/"},{"@type":"ListItem","position":2,"name":"Showroom \u00e0 Lyon"}]},{"@type":"WebSite","@id":"https:\/\/dessinemoiunsoulier.com\/#website","url":"https:\/\/dessinemoiunsoulier.com\/","name":"Dessine-moi un soulier","description":"Draw me a shoe: personalized shoes","publisher":{"@id":"https:\/\/dessinemoiunsoulier.com\/#organization"},"potentialAction":[{"@type":"SearchAction","target":{"@type":"EntryPoint","urlTemplate":"https:\/\/dessinemoiunsoulier.com\/?s={search_term_string}"},"query-input":{"@type":"PropertyValueSpecification","valueRequired":true,"valueName":"search_term_string"}}],"inLanguage":"en-US"},{"@type":"Organization","@id":"https:\/\/dessinemoiunsoulier.com\/#organization","name":"Dessine-moi un soulier","url":"https:\/\/dessinemoiunsoulier.com\/","logo":{"@type":"ImageObject","inLanguage":"en-US","@id":"https:\/\/dessinemoiunsoulier.com\/#\/schema\/logo\/image\/","url":"https:\/\/dessinemoiunsoulier.com\/wp-content\/uploads\/2025\/07\/Logo-Dessine-moi-un-soulier-GROS-CADRE.png","contentUrl":"https:\/\/dessinemoiunsoulier.com\/wp-content\/uploads\/2025\/07\/Logo-Dessine-moi-un-soulier-GROS-CADRE.png","width":709,"height":142,"caption":"Dessine-moi un soulier"},"image":{"@id":"https:\/\/dessinemoiunsoulier.com\/#\/schema\/logo\/image\/"},"sameAs":["https:\/\/www.facebook.com\/dessinemoiunsoulier\/","https:\/\/www.instagram.com\/dessinemoiunsoulier\/","https:\/\/fr.pinterest.com\/dessinemoiunsoulier\/"]}]}},"_links":{"self":[{"href":"https:\/\/dessinemoiunsoulier.com\/en\/wp-json\/wp\/v2\/pages\/142281","targetHints":{"allow":["GET"]}}],"collection":[{"href":"https:\/\/dessinemoiunsoulier.com\/en\/wp-json\/wp\/v2\/pages"}],"about":[{"href":"https:\/\/dessinemoiunsoulier.com\/en\/wp-json\/wp\/v2\/types\/page"}],"author":[{"embeddable":true,"href":"https:\/\/dessinemoiunsoulier.com\/en\/wp-json\/wp\/v2\/users\/2"}],"replies":[{"embeddable":true,"href":"https:\/\/dessinemoiunsoulier.com\/en\/wp-json\/wp\/v2\/comments?post=142281"}],"version-history":[{"count":8,"href":"https:\/\/dessinemoiunsoulier.com\/en\/wp-json\/wp\/v2\/pages\/142281\/revisions"}],"predecessor-version":[{"id":142284,"href":"https:\/\/dessinemoiunsoulier.com\/en\/wp-json\/wp\/v2\/pages\/142281\/revisions\/142284"}],"wp:attachment":[{"href":"https:\/\/dessinemoiunsoulier.com\/en\/wp-json\/wp\/v2\/media?parent=142281"}],"curies":[{"name":"wp","href":"https:\/\/api.w.org\/{rel}","templated":true}]}}